{"id":11271,"date":"2020-08-19T11:31:25","date_gmt":"2020-08-19T15:31:25","guid":{"rendered":"https:\/\/fc2020.staging.baytek.ca\/?page_id=11271"},"modified":"2020-09-24T10:25:08","modified_gmt":"2020-09-24T14:25:08","slug":"codes-de-pratique","status":"publish","type":"page","link":"https:\/\/fertilizercanada.ca\/fr\/notre-priorite\/surete-et-securite\/codes-de-pratique\/","title":{"rendered":"Codes de pratique"},"content":{"rendered":"\n<div class=\"wp-block-group alignfull hero\"><div class=\"wp-block-group__inner-container is-layout-flow wp-block-group-is-layout-flow\">\n<div class=\"wp-block-cover has-black-background-color has-background-dim\" style=\"background-image:url(https:\/\/fertilizercanada.ca\/wp-content\/uploads\/2020\/04\/codes-of-practice.jpg)\"><div class=\"wp-block-cover__inner-container is-layout-flow wp-block-cover-is-layout-flow\">\n\n<span class=\"breadcrumbs\">\n\t\t\t<span class=\"eyebrow crumb has-small-font-size\"><a class=\"has-white-color\" href=\"https:\/\/fertilizercanada.ca\/fr\/notre-priorite\/\">Notre priorit\u00e9<\/a><\/span>\n\t\t\t<span class=\"eyebrow crumb has-small-font-size\"><a class=\"has-white-color\" href=\"https:\/\/fertilizercanada.ca\/fr\/notre-priorite\/surete-et-securite\/\">S\u00fbret\u00e9 et s\u00e9curit\u00e9<\/a><\/span>\n\t<\/span>\n\n\n\n\n<h1 class=\"wp-block-heading\">Codes de pratique<\/h1>\n\n\n\n<p>La s\u00e9curit\u00e9 de l\u2019industrie des fertilisants repose sur les normes \u00e9nonc\u00e9es dans des codes de pratique et sur les efforts coordonn\u00e9s de tous les intervenants de l\u2019industrie.<\/p>\n<\/div><\/div>\n<\/div><\/div>\n\n\n\n<div class=\"wp-block-group alignwide narrow\"><div class=\"wp-block-group__inner-container is-layout-flow wp-block-group-is-layout-flow\">\n<p>L&rsquo;industrie canadienne des engrais se fait le champion des codes de pratiques de classe mondiale, dirig\u00e9s par l&rsquo;industrie, pour g\u00e9rer les risques des engrais tout au long de leur cycle de vie. Ces codes de pratiques sont obligatoires pour les membres de Fertilisants Canada.<\/p>\n\n\n\n<div style=\"height:100px\" aria-hidden=\"true\" class=\"wp-block-spacer\"><\/div>\n\n\n\n<div class=\"wp-block-group media-text-group\"><div class=\"wp-block-group__inner-container is-layout-flow wp-block-group-is-layout-flow\">\n<div class=\"wp-block-media-text alignwide page-excerpt\">\n\t<figure class=\"wp-block-media-text__media\">\n\t\t<img loading=\"lazy\" decoding=\"async\" width=\"800\" height=\"534\" src=\"https:\/\/fertilizercanada.ca\/wp-content\/uploads\/2020\/09\/iStock-845520072-800x534.jpg\" class=\"attachment-archive-thumbnail size-archive-thumbnail wp-post-image\" alt=\"\" itemprop=\"image\" srcset=\"https:\/\/fertilizercanada.ca\/wp-content\/uploads\/2020\/09\/iStock-845520072-800x534.jpg 800w, https:\/\/fertilizercanada.ca\/wp-content\/uploads\/2020\/09\/iStock-845520072-300x199.jpg 300w\" sizes=\"auto, (max-width: 800px) 100vw, 800px\" \/>\t<\/figure>\n\t<div class=\"wp-block-media-text__content\">\n\t\t<h2 class=\"h3\">Ammonitrate de calcium (ANC)<\/h2>\n\t\t\t<p>Fertilisants Canada a \u00e9labor\u00e9 le Code de pratique concernant la s\u00e9curit\u00e9 du Ammonitrate de calcium utilis\u00e9 \u00e0 des fins agricoles\u2026 <\/p>\n<p><div class=\"wp-block-button view-more\"><a class=\"wp-block-button__link has-text-color has-gold-color permalink\" href=\"https:\/\/fertilizercanada.ca\/fr\/notre-priorite\/surete-et-securite\/codes-de-pratique\/ammonitrate-de-calcium-anc\/\">Read More<\/a><\/div><\/p>\n\n\t\t<div class=\"wp-block-button view-more\"><a class=\"wp-block-button__link has-text-color has-gold-color has-background has-white-background-color\" href=\"https:\/\/fertilizercanada.ca\/fr\/notre-priorite\/surete-et-securite\/codes-de-pratique\/ammonitrate-de-calcium-anc\/\">En savoir plus<\/a><\/div>\n\t<\/div>\n<\/div>\n\n\n<div class=\"wp-block-media-text alignwide page-excerpt\">\n\t<figure class=\"wp-block-media-text__media\">\n\t\t<img loading=\"lazy\" decoding=\"async\" width=\"800\" height=\"534\" src=\"https:\/\/fertilizercanada.ca\/wp-content\/uploads\/2020\/09\/iStock-671709146-800x534.jpg\" class=\"attachment-archive-thumbnail size-archive-thumbnail wp-post-image\" alt=\"\" itemprop=\"image\" \/>\t<\/figure>\n\t<div class=\"wp-block-media-text__content\">\n\t\t<h2 class=\"h3\">Nitrate d\u2019ammonium et nitrate d&rsquo;ammonium et de calcium<\/h2>\n\t\t\t<p>Le nitrate d\u2019ammonium est un engrais pr\u00e9cieux qui contribue \u00e0 la production d\u2019aliments sains pour les Canadiens, mais il faut le manipuler de fa\u00e7on responsable.<\/p>\n\n\t\t<div class=\"wp-block-button view-more\"><a class=\"wp-block-button__link has-text-color has-gold-color has-background has-white-background-color\" href=\"https:\/\/fertilizercanada.ca\/fr\/notre-priorite\/surete-et-securite\/codes-de-pratique\/nitrate-dammonium\/\">En savoir plus<\/a><\/div>\n\t<\/div>\n<\/div>\n\n\n<\/div><\/div>\n<\/div><\/div>\n","protected":false},"excerpt":{"rendered":"<p>La s\u00e9curit\u00e9 de l\u2019industrie des fertilisants repose sur les normes \u00e9nonc\u00e9es dans des codes de pratique et sur les efforts coordonn\u00e9s de tous les intervenants de l\u2019industrie.<\/p>\n","protected":false},"author":1,"featured_media":13390,"parent":11269,"menu_order":10,"comment_status":"closed","ping_status":"closed","template":"","meta":{"footnotes":""},"class_list":["post-11271","page","type-page","status-publish","has-post-thumbnail","hentry"],"yoast_head":"<!-- This site is optimized with the Yoast SEO plugin v24.7 - https:\/\/yoast.com\/wordpress\/plugins\/seo\/ -->\n<title>Codes de pratique - Fertilizer Canada<\/title>\n<meta name=\"robots\" content=\"index, follow, max-snippet:-1, max-image-preview:large, max-video-preview:-1\" \/>\n<link rel=\"canonical\" href=\"https:\/\/fertilizercanada.ca\/fr\/notre-priorite\/surete-et-securite\/codes-de-pratique\/\" \/>\n<meta property=\"og:locale\" content=\"fr_FR\" \/>\n<meta property=\"og:type\" content=\"article\" \/>\n<meta property=\"og:title\" content=\"Codes de pratique - Fertilizer Canada\" \/>\n<meta property=\"og:description\" content=\"La s\u00e9curit\u00e9 de l\u2019industrie des fertilisants repose sur les normes \u00e9nonc\u00e9es dans des codes de pratique et sur les efforts coordonn\u00e9s de tous les intervenants de l\u2019industrie.\" \/>\n<meta property=\"og:url\" content=\"https:\/\/fertilizercanada.ca\/fr\/notre-priorite\/surete-et-securite\/codes-de-pratique\/\" \/>\n<meta property=\"og:site_name\" content=\"Fertilizer Canada\" \/>\n<meta property=\"article:modified_time\" content=\"2020-09-24T14:25:08+00:00\" \/>\n<meta property=\"og:image\" content=\"https:\/\/fertilizercanada.ca\/wp-content\/uploads\/2021\/03\/S.jpg\" \/>\n\t<meta property=\"og:image:width\" content=\"327\" \/>\n\t<meta property=\"og:image:height\" content=\"320\" \/>\n\t<meta property=\"og:image:type\" content=\"image\/jpeg\" \/>\n<meta name=\"twitter:card\" content=\"summary_large_image\" \/>\n<meta name=\"twitter:site\" content=\"@FertilizerCA\" \/>\n<script type=\"application\/ld+json\" class=\"yoast-schema-graph\">{\"@context\":\"https:\/\/schema.org\",\"@graph\":[{\"@type\":\"WebPage\",\"@id\":\"https:\/\/fertilizercanada.ca\/fr\/notre-priorite\/surete-et-securite\/codes-de-pratique\/\",\"url\":\"https:\/\/fertilizercanada.ca\/fr\/notre-priorite\/surete-et-securite\/codes-de-pratique\/\",\"name\":\"Codes de pratique - Fertilizer Canada\",\"isPartOf\":{\"@id\":\"https:\/\/fertilizercanada.ca\/#website\"},\"primaryImageOfPage\":{\"@id\":\"https:\/\/fertilizercanada.ca\/fr\/notre-priorite\/surete-et-securite\/codes-de-pratique\/#primaryimage\"},\"image\":{\"@id\":\"https:\/\/fertilizercanada.ca\/fr\/notre-priorite\/surete-et-securite\/codes-de-pratique\/#primaryimage\"},\"thumbnailUrl\":\"https:\/\/fertilizercanada.ca\/wp-content\/uploads\/2021\/03\/S.jpg\",\"datePublished\":\"2020-08-19T15:31:25+00:00\",\"dateModified\":\"2020-09-24T14:25:08+00:00\",\"breadcrumb\":{\"@id\":\"https:\/\/fertilizercanada.ca\/fr\/notre-priorite\/surete-et-securite\/codes-de-pratique\/#breadcrumb\"},\"inLanguage\":\"fr-FR\",\"potentialAction\":[{\"@type\":\"ReadAction\",\"target\":[\"https:\/\/fertilizercanada.ca\/fr\/notre-priorite\/surete-et-securite\/codes-de-pratique\/\"]}]},{\"@type\":\"ImageObject\",\"inLanguage\":\"fr-FR\",\"@id\":\"https:\/\/fertilizercanada.ca\/fr\/notre-priorite\/surete-et-securite\/codes-de-pratique\/#primaryimage\",\"url\":\"https:\/\/fertilizercanada.ca\/wp-content\/uploads\/2021\/03\/S.jpg\",\"contentUrl\":\"https:\/\/fertilizercanada.ca\/wp-content\/uploads\/2021\/03\/S.jpg\",\"width\":327,\"height\":320},{\"@type\":\"BreadcrumbList\",\"@id\":\"https:\/\/fertilizercanada.ca\/fr\/notre-priorite\/surete-et-securite\/codes-de-pratique\/#breadcrumb\",\"itemListElement\":[{\"@type\":\"ListItem\",\"position\":1,\"name\":\"Home\",\"item\":\"https:\/\/fertilizercanada.ca\/fr\/\"},{\"@type\":\"ListItem\",\"position\":2,\"name\":\"Notre priorit\u00e9\",\"item\":\"https:\/\/fertilizercanada.ca\/fr\/notre-priorite\/\"},{\"@type\":\"ListItem\",\"position\":3,\"name\":\"S\u00fbret\u00e9 et s\u00e9curit\u00e9\",\"item\":\"https:\/\/fertilizercanada.ca\/fr\/notre-priorite\/surete-et-securite\/\"},{\"@type\":\"ListItem\",\"position\":4,\"name\":\"Codes de pratique\"}]},{\"@type\":\"WebSite\",\"@id\":\"https:\/\/fertilizercanada.ca\/#website\",\"url\":\"https:\/\/fertilizercanada.ca\/\",\"name\":\"Fertilizer Canada\",\"description\":\"Growing Stronger\",\"potentialAction\":[{\"@type\":\"SearchAction\",\"target\":{\"@type\":\"EntryPoint\",\"urlTemplate\":\"https:\/\/fertilizercanada.ca\/?s={search_term_string}\"},\"query-input\":{\"@type\":\"PropertyValueSpecification\",\"valueRequired\":true,\"valueName\":\"search_term_string\"}}],\"inLanguage\":\"fr-FR\"}]}<\/script>\n<!-- \/ Yoast SEO plugin. -->","yoast_head_json":{"title":"Codes de pratique - Fertilizer Canada","robots":{"index":"index","follow":"follow","max-snippet":"max-snippet:-1","max-image-preview":"max-image-preview:large","max-video-preview":"max-video-preview:-1"},"canonical":"https:\/\/fertilizercanada.ca\/fr\/notre-priorite\/surete-et-securite\/codes-de-pratique\/","og_locale":"fr_FR","og_type":"article","og_title":"Codes de pratique - Fertilizer Canada","og_description":"La s\u00e9curit\u00e9 de l\u2019industrie des fertilisants repose sur les normes \u00e9nonc\u00e9es dans des codes de pratique et sur les efforts coordonn\u00e9s de tous les intervenants de l\u2019industrie.","og_url":"https:\/\/fertilizercanada.ca\/fr\/notre-priorite\/surete-et-securite\/codes-de-pratique\/","og_site_name":"Fertilizer Canada","article_modified_time":"2020-09-24T14:25:08+00:00","og_image":[{"width":327,"height":320,"url":"https:\/\/fertilizercanada.ca\/wp-content\/uploads\/2021\/03\/S.jpg","type":"image\/jpeg"}],"twitter_card":"summary_large_image","twitter_site":"@FertilizerCA","schema":{"@context":"https:\/\/schema.org","@graph":[{"@type":"WebPage","@id":"https:\/\/fertilizercanada.ca\/fr\/notre-priorite\/surete-et-securite\/codes-de-pratique\/","url":"https:\/\/fertilizercanada.ca\/fr\/notre-priorite\/surete-et-securite\/codes-de-pratique\/","name":"Codes de pratique - Fertilizer Canada","isPartOf":{"@id":"https:\/\/fertilizercanada.ca\/#website"},"primaryImageOfPage":{"@id":"https:\/\/fertilizercanada.ca\/fr\/notre-priorite\/surete-et-securite\/codes-de-pratique\/#primaryimage"},"image":{"@id":"https:\/\/fertilizercanada.ca\/fr\/notre-priorite\/surete-et-securite\/codes-de-pratique\/#primaryimage"},"thumbnailUrl":"https:\/\/fertilizercanada.ca\/wp-content\/uploads\/2021\/03\/S.jpg","datePublished":"2020-08-19T15:31:25+00:00","dateModified":"2020-09-24T14:25:08+00:00","breadcrumb":{"@id":"https:\/\/fertilizercanada.ca\/fr\/notre-priorite\/surete-et-securite\/codes-de-pratique\/#breadcrumb"},"inLanguage":"fr-FR","potentialAction":[{"@type":"ReadAction","target":["https:\/\/fertilizercanada.ca\/fr\/notre-priorite\/surete-et-securite\/codes-de-pratique\/"]}]},{"@type":"ImageObject","inLanguage":"fr-FR","@id":"https:\/\/fertilizercanada.ca\/fr\/notre-priorite\/surete-et-securite\/codes-de-pratique\/#primaryimage","url":"https:\/\/fertilizercanada.ca\/wp-content\/uploads\/2021\/03\/S.jpg","contentUrl":"https:\/\/fertilizercanada.ca\/wp-content\/uploads\/2021\/03\/S.jpg","width":327,"height":320},{"@type":"BreadcrumbList","@id":"https:\/\/fertilizercanada.ca\/fr\/notre-priorite\/surete-et-securite\/codes-de-pratique\/#breadcrumb","itemListElement":[{"@type":"ListItem","position":1,"name":"Home","item":"https:\/\/fertilizercanada.ca\/fr\/"},{"@type":"ListItem","position":2,"name":"Notre priorit\u00e9","item":"https:\/\/fertilizercanada.ca\/fr\/notre-priorite\/"},{"@type":"ListItem","position":3,"name":"S\u00fbret\u00e9 et s\u00e9curit\u00e9","item":"https:\/\/fertilizercanada.ca\/fr\/notre-priorite\/surete-et-securite\/"},{"@type":"ListItem","position":4,"name":"Codes de pratique"}]},{"@type":"WebSite","@id":"https:\/\/fertilizercanada.ca\/#website","url":"https:\/\/fertilizercanada.ca\/","name":"Fertilizer Canada","description":"Growing Stronger","potentialAction":[{"@type":"SearchAction","target":{"@type":"EntryPoint","urlTemplate":"https:\/\/fertilizercanada.ca\/?s={search_term_string}"},"query-input":{"@type":"PropertyValueSpecification","valueRequired":true,"valueName":"search_term_string"}}],"inLanguage":"fr-FR"}]}},"_links":{"self":[{"href":"https:\/\/fertilizercanada.ca\/fr\/wp-json\/wp\/v2\/pages\/11271","targetHints":{"allow":["GET"]}}],"collection":[{"href":"https:\/\/fertilizercanada.ca\/fr\/wp-json\/wp\/v2\/pages"}],"about":[{"href":"https:\/\/fertilizercanada.ca\/fr\/wp-json\/wp\/v2\/types\/page"}],"author":[{"embeddable":true,"href":"https:\/\/fertilizercanada.ca\/fr\/wp-json\/wp\/v2\/users\/1"}],"replies":[{"embeddable":true,"href":"https:\/\/fertilizercanada.ca\/fr\/wp-json\/wp\/v2\/comments?post=11271"}],"version-history":[{"count":0,"href":"https:\/\/fertilizercanada.ca\/fr\/wp-json\/wp\/v2\/pages\/11271\/revisions"}],"up":[{"embeddable":true,"href":"https:\/\/fertilizercanada.ca\/fr\/wp-json\/wp\/v2\/pages\/11269"}],"wp:featuredmedia":[{"embeddable":true,"href":"https:\/\/fertilizercanada.ca\/fr\/wp-json\/wp\/v2\/media\/13390"}],"wp:attachment":[{"href":"https:\/\/fertilizercanada.ca\/fr\/wp-json\/wp\/v2\/media?parent=11271"}],"curies":[{"name":"wp","href":"https:\/\/api.w.org\/{rel}","templated":true}]}}