{"id":11273,"date":"2020-08-19T11:33:01","date_gmt":"2020-08-19T15:33:01","guid":{"rendered":"https:\/\/fc2020.staging.baytek.ca\/?page_id=11273"},"modified":"2021-07-14T15:19:14","modified_gmt":"2021-07-14T19:19:14","slug":"ressources-de-formation","status":"publish","type":"page","link":"https:\/\/fertilizercanada.ca\/fr\/notre-priorite\/surete-et-securite\/ressources-de-formation\/","title":{"rendered":"Ressources de formation"},"content":{"rendered":"\n<div class=\"wp-block-group alignfull hero\"><div class=\"wp-block-group__inner-container is-layout-flow wp-block-group-is-layout-flow\">\n<div class=\"wp-block-cover has-black-background-color has-background-dim\"><img loading=\"lazy\" decoding=\"async\" width=\"1920\" height=\"1280\" class=\"wp-block-cover__image-background wp-image-9548\" alt=\"\" src=\"https:\/\/fertilizercanada.ca\/wp-content\/uploads\/2020\/04\/training-resources.jpg\" style=\"object-position:52% 26%\" data-object-fit=\"cover\" data-object-position=\"52% 26%\" srcset=\"https:\/\/fertilizercanada.ca\/wp-content\/uploads\/2020\/04\/training-resources.jpg 1920w, https:\/\/fertilizercanada.ca\/wp-content\/uploads\/2020\/04\/training-resources-300x200.jpg 300w, https:\/\/fertilizercanada.ca\/wp-content\/uploads\/2020\/04\/training-resources-1024x683.jpg 1024w, https:\/\/fertilizercanada.ca\/wp-content\/uploads\/2020\/04\/training-resources-768x512.jpg 768w, https:\/\/fertilizercanada.ca\/wp-content\/uploads\/2020\/04\/training-resources-1536x1024.jpg 1536w, https:\/\/fertilizercanada.ca\/wp-content\/uploads\/2020\/04\/training-resources-800x534.jpg 800w\" sizes=\"auto, (max-width: 1920px) 100vw, 1920px\" \/><div class=\"wp-block-cover__inner-container is-layout-flow wp-block-cover-is-layout-flow\">\n\n<span class=\"breadcrumbs\">\n\t\t\t<span class=\"eyebrow crumb has-small-font-size\"><a class=\"has-white-color\" href=\"https:\/\/fertilizercanada.ca\/fr\/notre-priorite\/\">Notre priorit\u00e9<\/a><\/span>\n\t\t\t<span class=\"eyebrow crumb has-small-font-size\"><a class=\"has-white-color\" href=\"https:\/\/fertilizercanada.ca\/fr\/notre-priorite\/surete-et-securite\/\">S\u00fbret\u00e9 et s\u00e9curit\u00e9<\/a><\/span>\n\t<\/span>\n\n\n\n\n<h1 class=\"wp-block-heading\">Ressources de formation<\/h1>\n\n\n\n<p>Parcourez les ressources de formation pour conna\u00eetre les initiatives de s\u00e9curit\u00e9 en cours et les programmes d\u2019apprentissage en ligne de calibre international de Fertilisants Canada.<\/p>\n<\/div><\/div>\n<\/div><\/div>\n\n\n\n<div class=\"wp-block-group alignwide narrow\"><div class=\"wp-block-group__inner-container is-layout-flow wp-block-group-is-layout-flow\">\n<h2 class=\"wp-block-heading\" id=\"bulk\">Formation sur le transport par vraquier<\/h2>\n\n\n\n<p class=\"has-extra-large-font-size\">Le programme de transport par vraquier offre une formation sp\u00e9cialis\u00e9e dans la manutention et le transport s\u00e9curitaires de l\u2019ammoniac, et remplit les exigences \u00e9nonc\u00e9es par Transports Canada dans le&nbsp;<a rel=\"noreferrer noopener\" href=\"https:\/\/www.tc.gc.ca\/fra\/tmd\/clair-menu-497.htm\" target=\"_blank\">R\u00e8glement sur le transport de marchandises dangereuses (TMD)<\/a>. Le manuel de formation sur le transport par vraquier expose une s\u00e9rie de normes proc\u00e9durales en usage dans l\u2019industrie, ax\u00e9es sur le chargement, le transport et la conformit\u00e9 des r\u00e9servoirs, du personnel et des \u00e9quipements avec les normes r\u00e9glementaires et les meilleures pratiques de l\u2019industrie. Ce manuel vise \u00e0 aider les travailleurs \u00e0 comprendre des exigences et des proc\u00e9dures pr\u00e9cises, dont les suivantes&nbsp;:<\/p>\n\n\n\n<div class=\"wp-block-columns extra-medium-top-margin is-layout-flex wp-container-core-columns-is-layout-1 wp-block-columns-is-layout-flex\">\n<div class=\"wp-block-column is-layout-flow wp-block-column-is-layout-flow\">\n<ul class=\"extra-large-font wp-block-list\"><li>Caract\u00e9ristiques des produits<\/li><li>Exigences et r\u00e8glements du transport<\/li><li>Exigences de signalisation des r\u00e9servoirs d\u2019ammoniac<\/li><li>Exigences du transport par camion ou remorque<\/li><li>Exigences en mati\u00e8re de s\u00e9curit\u00e9<\/li><li>\u00c9quipement de protection individuelle<\/li><li>Proc\u00e9dures d\u2019inspection et de chargement<\/li><li>Mesures d\u2019intervention en cas d\u2019urgence<\/li><li>D\u00e9claration des incidents<\/li><\/ul>\n<\/div>\n\n\n\n<div class=\"wp-block-column is-vertically-aligned-center is-layout-flow wp-block-column-is-layout-flow\">\n<figure class=\"wp-block-image size-large\"><img loading=\"lazy\" decoding=\"async\" width=\"1024\" height=\"682\" src=\"https:\/\/fertilizercanada.ca\/wp-content\/uploads\/2020\/04\/bulk-carrier-training-1024x682.jpg\" alt=\"\" class=\"wp-image-9426\" srcset=\"https:\/\/fertilizercanada.ca\/wp-content\/uploads\/2020\/04\/bulk-carrier-training-1024x682.jpg 1024w, https:\/\/fertilizercanada.ca\/wp-content\/uploads\/2020\/04\/bulk-carrier-training-300x200.jpg 300w, https:\/\/fertilizercanada.ca\/wp-content\/uploads\/2020\/04\/bulk-carrier-training-768x511.jpg 768w, https:\/\/fertilizercanada.ca\/wp-content\/uploads\/2020\/04\/bulk-carrier-training-1536x1022.jpg 1536w, https:\/\/fertilizercanada.ca\/wp-content\/uploads\/2020\/04\/bulk-carrier-training-800x534.jpg 800w, https:\/\/fertilizercanada.ca\/wp-content\/uploads\/2020\/04\/bulk-carrier-training.jpg 1920w\" sizes=\"auto, (max-width: 1024px) 100vw, 1024px\" \/><\/figure>\n<\/div>\n<\/div>\n\n\n\n<h2 class=\"extra-large-top-margin wp-block-heading\" id=\"onguard\">Partenaires : Soyons vigilants! Information sur l\u2019emploi s\u00e9curitaire du nitrate d\u2019ammonium<\/h2>\n\n\n\n<p class=\"has-extra-large-font-size\">Le programme Partenaires&nbsp;: Soyons vigilants! vise \u00e0 informer les agriculteurs sur l\u2019emploi s\u00e9curitaire du nitrate d\u2019ammonium \u00e0 la ferme et sur le r\u00f4le des d\u00e9taillants de produits agricoles dans l\u2019entretien d\u2019installations d\u2019entreposage s\u00fbres et sous contr\u00f4le.<\/p>\n\n\n\n<h4 class=\"wp-block-heading\"><strong>Tout agriculteur qui&nbsp;manipule du nitrate d\u2019ammonium doit&nbsp;:<\/strong><\/h4>\n\n\n\n<ul class=\"extra-large-font wp-block-list\"><li>Comprendre les pr\u00e9cautions \u00e0 prendre pour \u00e9viter le vol et l\u2019alt\u00e9ration du nitrate d\u2019ammonium;<\/li><li>D\u00e9clarer tout incident (y compris tentative de vol) sans d\u00e9lai;<\/li><li>Comprendre que la revente non autoris\u00e9e de nitrate d\u2019ammonium est formellement interdite;<\/li><li>Conna\u00eetre le r\u00f4le de son d\u00e9taillant de produits agricoles pour ce qui est de garantir l\u2019entreposage s\u00e9curitaire du nitrate d\u2019ammonium;<\/li><li>Savoir qu\u2019il incombe \u00e0 son d\u00e9taillant de produits agricoles de s\u2019assurer que la bonne quantit\u00e9 de produit est remise aux bonnes personnes.<\/li><li><\/li><\/ul>\n\n\n\n\n\n\n\n<p class=\"has-extra-large-font-size\">Veuillez rapporter toute activit\u00e9 suspecte au&nbsp;<strong>R\u00e9seau info-s\u00e9curit\u00e9 nationale de la GRC en composant le 1-800-420-5805.<\/strong><\/p>\n\n\n\n<h3 class=\"extra-medium-top-margin wp-block-heading\"><strong>Communiquez cette information d\u00e8s maintenant!&nbsp;T\u00e9l\u00e9chargez, imprimez et distribuez des exemplaires de la brochure Partenaires&nbsp;: Soyons vigilants!&nbsp;:<\/strong><\/h3>\n\n\n\n<div class=\"wp-block-columns is-layout-flex wp-container-core-columns-is-layout-2 wp-block-columns-is-layout-flex\">\n<div class=\"wp-block-column is-layout-flow wp-block-column-is-layout-flow\">\n<div class=\"wp-block-group extra-medium-top-margin\"><div class=\"wp-block-group__inner-container is-layout-flow wp-block-group-is-layout-flow\">\n\n<div class=\"wp-block-group card embedded resource no-image\">\n\t<div class=\"wp-block-group__inner-container\">\n\t\t<h4 class=\"has-green-color has-text-color h5\">Partenaires: Soyons vigilants! (Brochure personnelle)<\/h4>\n\t\t\t\t<div class=\"wp-block-button is-style-outline\">\n\t\t\t<a class=\"wp-block-button__link has-text-color has-green-color\" href=\"https:\/\/fertilizercanada.ca\/wp-content\/uploads\/2015\/07\/onguard_personal_brochure_FR_dec21_2015.pdf\" target=\"__blank\" rel=\"noreferrer noopener\">T\u00e9l\u00e9charger<\/a>\n\t\t<\/div>\n\t<\/div>\n<\/div>\n\n<\/div><\/div>\n<\/div>\n\n\n\n<div class=\"wp-block-column is-layout-flow wp-block-column-is-layout-flow\">\n<div class=\"wp-block-group extra-medium-top-margin\"><div class=\"wp-block-group__inner-container is-layout-flow wp-block-group-is-layout-flow\">\n\n<div class=\"wp-block-group card embedded resource no-image\">\n\t<div class=\"wp-block-group__inner-container\">\n\t\t<h4 class=\"has-green-color has-text-color h5\">Partenaires: Soyons vigilants! (Distribuez)<\/h4>\n\t\t\t\t<div class=\"wp-block-button is-style-outline\">\n\t\t\t<a class=\"wp-block-button__link has-text-color has-green-color\" href=\"https:\/\/fertilizercanada.ca\/wp-content\/uploads\/2015\/07\/onguard_distribution_brochure_FR_dec21_2015_printready.pdf\" target=\"__blank\" rel=\"noreferrer noopener\">T\u00e9l\u00e9charger<\/a>\n\t\t<\/div>\n\t<\/div>\n<\/div>\n\n<\/div><\/div>\n<\/div>\n<\/div>\n<\/div><\/div>\n","protected":false},"excerpt":{"rendered":"<p>Parcourez les ressources de formation pour conna\u00eetre les initiatives de s\u00e9curit\u00e9 en cours et les programmes d\u2019apprentissage en ligne de calibre international de Fertilisants Canada.<\/p>\n","protected":false},"author":1,"featured_media":13920,"parent":11269,"menu_order":20,"comment_status":"closed","ping_status":"closed","template":"","meta":{"footnotes":""},"class_list":["post-11273","page","type-page","status-publish","has-post-thumbnail","hentry"],"yoast_head":"<!-- This site is optimized with the Yoast SEO plugin v24.7 - https:\/\/yoast.com\/wordpress\/plugins\/seo\/ -->\n<title>Ressources de formation - Fertilizer Canada<\/title>\n<meta name=\"robots\" content=\"index, follow, max-snippet:-1, max-image-preview:large, max-video-preview:-1\" \/>\n<link rel=\"canonical\" href=\"https:\/\/fertilizercanada.ca\/fr\/notre-priorite\/surete-et-securite\/ressources-de-formation\/\" \/>\n<meta property=\"og:locale\" content=\"fr_FR\" \/>\n<meta property=\"og:type\" content=\"article\" \/>\n<meta property=\"og:title\" content=\"Ressources de formation - Fertilizer Canada\" \/>\n<meta property=\"og:description\" content=\"Parcourez les ressources de formation pour conna\u00eetre les initiatives de s\u00e9curit\u00e9 en cours et les programmes d\u2019apprentissage en ligne de calibre international de Fertilisants Canada.\" \/>\n<meta property=\"og:url\" content=\"https:\/\/fertilizercanada.ca\/fr\/notre-priorite\/surete-et-securite\/ressources-de-formation\/\" \/>\n<meta property=\"og:site_name\" content=\"Fertilizer Canada\" \/>\n<meta property=\"article:modified_time\" content=\"2021-07-14T19:19:14+00:00\" \/>\n<meta property=\"og:image\" content=\"https:\/\/fertilizercanada.ca\/wp-content\/uploads\/2021\/07\/u.png\" \/>\n\t<meta property=\"og:image:width\" content=\"566\" \/>\n\t<meta property=\"og:image:height\" content=\"681\" \/>\n\t<meta property=\"og:image:type\" content=\"image\/png\" \/>\n<meta name=\"twitter:card\" content=\"summary_large_image\" \/>\n<meta name=\"twitter:site\" content=\"@FertilizerCA\" \/>\n<meta name=\"twitter:label1\" content=\"Dur\u00e9e de lecture estim\u00e9e\" \/>\n\t<meta name=\"twitter:data1\" content=\"2 minutes\" \/>\n<script type=\"application\/ld+json\" class=\"yoast-schema-graph\">{\"@context\":\"https:\/\/schema.org\",\"@graph\":[{\"@type\":\"WebPage\",\"@id\":\"https:\/\/fertilizercanada.ca\/fr\/notre-priorite\/surete-et-securite\/ressources-de-formation\/\",\"url\":\"https:\/\/fertilizercanada.ca\/fr\/notre-priorite\/surete-et-securite\/ressources-de-formation\/\",\"name\":\"Ressources de formation - Fertilizer Canada\",\"isPartOf\":{\"@id\":\"https:\/\/fertilizercanada.ca\/#website\"},\"primaryImageOfPage\":{\"@id\":\"https:\/\/fertilizercanada.ca\/fr\/notre-priorite\/surete-et-securite\/ressources-de-formation\/#primaryimage\"},\"image\":{\"@id\":\"https:\/\/fertilizercanada.ca\/fr\/notre-priorite\/surete-et-securite\/ressources-de-formation\/#primaryimage\"},\"thumbnailUrl\":\"https:\/\/fertilizercanada.ca\/wp-content\/uploads\/2021\/07\/u.png\",\"datePublished\":\"2020-08-19T15:33:01+00:00\",\"dateModified\":\"2021-07-14T19:19:14+00:00\",\"breadcrumb\":{\"@id\":\"https:\/\/fertilizercanada.ca\/fr\/notre-priorite\/surete-et-securite\/ressources-de-formation\/#breadcrumb\"},\"inLanguage\":\"fr-FR\",\"potentialAction\":[{\"@type\":\"ReadAction\",\"target\":[\"https:\/\/fertilizercanada.ca\/fr\/notre-priorite\/surete-et-securite\/ressources-de-formation\/\"]}]},{\"@type\":\"ImageObject\",\"inLanguage\":\"fr-FR\",\"@id\":\"https:\/\/fertilizercanada.ca\/fr\/notre-priorite\/surete-et-securite\/ressources-de-formation\/#primaryimage\",\"url\":\"https:\/\/fertilizercanada.ca\/wp-content\/uploads\/2021\/07\/u.png\",\"contentUrl\":\"https:\/\/fertilizercanada.ca\/wp-content\/uploads\/2021\/07\/u.png\",\"width\":566,\"height\":681},{\"@type\":\"BreadcrumbList\",\"@id\":\"https:\/\/fertilizercanada.ca\/fr\/notre-priorite\/surete-et-securite\/ressources-de-formation\/#breadcrumb\",\"itemListElement\":[{\"@type\":\"ListItem\",\"position\":1,\"name\":\"Home\",\"item\":\"https:\/\/fertilizercanada.ca\/fr\/\"},{\"@type\":\"ListItem\",\"position\":2,\"name\":\"Notre priorit\u00e9\",\"item\":\"https:\/\/fertilizercanada.ca\/fr\/notre-priorite\/\"},{\"@type\":\"ListItem\",\"position\":3,\"name\":\"S\u00fbret\u00e9 et s\u00e9curit\u00e9\",\"item\":\"https:\/\/fertilizercanada.ca\/fr\/notre-priorite\/surete-et-securite\/\"},{\"@type\":\"ListItem\",\"position\":4,\"name\":\"Ressources de formation\"}]},{\"@type\":\"WebSite\",\"@id\":\"https:\/\/fertilizercanada.ca\/#website\",\"url\":\"https:\/\/fertilizercanada.ca\/\",\"name\":\"Fertilizer Canada\",\"description\":\"Growing Stronger\",\"potentialAction\":[{\"@type\":\"SearchAction\",\"target\":{\"@type\":\"EntryPoint\",\"urlTemplate\":\"https:\/\/fertilizercanada.ca\/?s={search_term_string}\"},\"query-input\":{\"@type\":\"PropertyValueSpecification\",\"valueRequired\":true,\"valueName\":\"search_term_string\"}}],\"inLanguage\":\"fr-FR\"}]}<\/script>\n<!-- \/ Yoast SEO plugin. -->","yoast_head_json":{"title":"Ressources de formation - Fertilizer Canada","robots":{"index":"index","follow":"follow","max-snippet":"max-snippet:-1","max-image-preview":"max-image-preview:large","max-video-preview":"max-video-preview:-1"},"canonical":"https:\/\/fertilizercanada.ca\/fr\/notre-priorite\/surete-et-securite\/ressources-de-formation\/","og_locale":"fr_FR","og_type":"article","og_title":"Ressources de formation - Fertilizer Canada","og_description":"Parcourez les ressources de formation pour conna\u00eetre les initiatives de s\u00e9curit\u00e9 en cours et les programmes d\u2019apprentissage en ligne de calibre international de Fertilisants Canada.","og_url":"https:\/\/fertilizercanada.ca\/fr\/notre-priorite\/surete-et-securite\/ressources-de-formation\/","og_site_name":"Fertilizer Canada","article_modified_time":"2021-07-14T19:19:14+00:00","og_image":[{"width":566,"height":681,"url":"https:\/\/fertilizercanada.ca\/wp-content\/uploads\/2021\/07\/u.png","type":"image\/png"}],"twitter_card":"summary_large_image","twitter_site":"@FertilizerCA","twitter_misc":{"Dur\u00e9e de lecture estim\u00e9e":"2 minutes"},"schema":{"@context":"https:\/\/schema.org","@graph":[{"@type":"WebPage","@id":"https:\/\/fertilizercanada.ca\/fr\/notre-priorite\/surete-et-securite\/ressources-de-formation\/","url":"https:\/\/fertilizercanada.ca\/fr\/notre-priorite\/surete-et-securite\/ressources-de-formation\/","name":"Ressources de formation - Fertilizer Canada","isPartOf":{"@id":"https:\/\/fertilizercanada.ca\/#website"},"primaryImageOfPage":{"@id":"https:\/\/fertilizercanada.ca\/fr\/notre-priorite\/surete-et-securite\/ressources-de-formation\/#primaryimage"},"image":{"@id":"https:\/\/fertilizercanada.ca\/fr\/notre-priorite\/surete-et-securite\/ressources-de-formation\/#primaryimage"},"thumbnailUrl":"https:\/\/fertilizercanada.ca\/wp-content\/uploads\/2021\/07\/u.png","datePublished":"2020-08-19T15:33:01+00:00","dateModified":"2021-07-14T19:19:14+00:00","breadcrumb":{"@id":"https:\/\/fertilizercanada.ca\/fr\/notre-priorite\/surete-et-securite\/ressources-de-formation\/#breadcrumb"},"inLanguage":"fr-FR","potentialAction":[{"@type":"ReadAction","target":["https:\/\/fertilizercanada.ca\/fr\/notre-priorite\/surete-et-securite\/ressources-de-formation\/"]}]},{"@type":"ImageObject","inLanguage":"fr-FR","@id":"https:\/\/fertilizercanada.ca\/fr\/notre-priorite\/surete-et-securite\/ressources-de-formation\/#primaryimage","url":"https:\/\/fertilizercanada.ca\/wp-content\/uploads\/2021\/07\/u.png","contentUrl":"https:\/\/fertilizercanada.ca\/wp-content\/uploads\/2021\/07\/u.png","width":566,"height":681},{"@type":"BreadcrumbList","@id":"https:\/\/fertilizercanada.ca\/fr\/notre-priorite\/surete-et-securite\/ressources-de-formation\/#breadcrumb","itemListElement":[{"@type":"ListItem","position":1,"name":"Home","item":"https:\/\/fertilizercanada.ca\/fr\/"},{"@type":"ListItem","position":2,"name":"Notre priorit\u00e9","item":"https:\/\/fertilizercanada.ca\/fr\/notre-priorite\/"},{"@type":"ListItem","position":3,"name":"S\u00fbret\u00e9 et s\u00e9curit\u00e9","item":"https:\/\/fertilizercanada.ca\/fr\/notre-priorite\/surete-et-securite\/"},{"@type":"ListItem","position":4,"name":"Ressources de formation"}]},{"@type":"WebSite","@id":"https:\/\/fertilizercanada.ca\/#website","url":"https:\/\/fertilizercanada.ca\/","name":"Fertilizer Canada","description":"Growing Stronger","potentialAction":[{"@type":"SearchAction","target":{"@type":"EntryPoint","urlTemplate":"https:\/\/fertilizercanada.ca\/?s={search_term_string}"},"query-input":{"@type":"PropertyValueSpecification","valueRequired":true,"valueName":"search_term_string"}}],"inLanguage":"fr-FR"}]}},"_links":{"self":[{"href":"https:\/\/fertilizercanada.ca\/fr\/wp-json\/wp\/v2\/pages\/11273","targetHints":{"allow":["GET"]}}],"collection":[{"href":"https:\/\/fertilizercanada.ca\/fr\/wp-json\/wp\/v2\/pages"}],"about":[{"href":"https:\/\/fertilizercanada.ca\/fr\/wp-json\/wp\/v2\/types\/page"}],"author":[{"embeddable":true,"href":"https:\/\/fertilizercanada.ca\/fr\/wp-json\/wp\/v2\/users\/1"}],"replies":[{"embeddable":true,"href":"https:\/\/fertilizercanada.ca\/fr\/wp-json\/wp\/v2\/comments?post=11273"}],"version-history":[{"count":0,"href":"https:\/\/fertilizercanada.ca\/fr\/wp-json\/wp\/v2\/pages\/11273\/revisions"}],"up":[{"embeddable":true,"href":"https:\/\/fertilizercanada.ca\/fr\/wp-json\/wp\/v2\/pages\/11269"}],"wp:featuredmedia":[{"embeddable":true,"href":"https:\/\/fertilizercanada.ca\/fr\/wp-json\/wp\/v2\/media\/13920"}],"wp:attachment":[{"href":"https:\/\/fertilizercanada.ca\/fr\/wp-json\/wp\/v2\/media?parent=11273"}],"curies":[{"name":"wp","href":"https:\/\/api.w.org\/{rel}","templated":true}]}}