{"id":11275,"date":"2020-08-19T11:34:04","date_gmt":"2020-08-19T15:34:04","guid":{"rendered":"https:\/\/fc2020.staging.baytek.ca\/?page_id=11275"},"modified":"2024-11-27T11:59:34","modified_gmt":"2024-11-27T16:59:34","slug":"apprentissage-en-ligne","status":"publish","type":"page","link":"https:\/\/fertilizercanada.ca\/fr\/notre-priorite\/surete-et-securite\/apprentissage-en-ligne\/","title":{"rendered":"Apprentissage en ligne"},"content":{"rendered":"\n<div class=\"wp-block-group hero alignfull\"><div class=\"wp-block-group__inner-container is-layout-flow wp-block-group-is-layout-flow\"><\/div><\/div>\n\n\n\n<div class=\"wp-block-group alignwide narrow\"><div class=\"wp-block-group__inner-container is-layout-flow wp-block-group-is-layout-flow\">\n<figure class=\"wp-block-image size-large\"><img loading=\"lazy\" decoding=\"async\" width=\"1024\" height=\"862\" src=\"https:\/\/fertilizercanada.ca\/wp-content\/uploads\/2020\/04\/elearning1b@2x-1024x862.png\" alt=\"\" class=\"wp-image-9970\"\/><\/figure>\n\n\n\n<p><strong>Mise \u00e0 jour importante<\/strong> : Le 15 janvier 2025, Fertilisants Canada lancera une nouvelle plateforme d\u2019apprentissage en ligne. Cette version am\u00e9liorera votre exp\u00e9rience d\u2019apprentissage et offrira de nouvelles fonctions pour soutenir votre perfectionnement professionnel. Si vous \u00eates actuellement inscrit \u00e0 un cours, vous devez <strong>le terminer d\u2019ici le 31 d\u00e9cembre 2024. Si vous pr\u00e9voyez vous inscrire \u00e0 un cours, vous devez le faire avant le 30 novembre 2024 et le terminer avant le 31 d\u00e9cembre 2024.<\/strong> Apr\u00e8s le 15 janvier 2025, tous les cours seront offerts et h\u00e9berg\u00e9s sur la nouvelle plateforme. Si vous avez des questions ou avez besoin d\u2019aide, n\u2019h\u00e9sitez pas \u00e0 contacter <a href=\"mailto:sadler@fertilizercanada.ca\">sadler@fertilizercanada.ca<\/a> ou notre \u00e9quipe de soutien \u00e0 <a href=\"mailto:elearning@fertilizercanada.ca\">elearning@fertilizercanada.ca<\/a>.<\/p>\n\n\n\n<p>Fertilisants Canada favorise la fabrication, la manutention, l&rsquo;entreposage, le transport et l&rsquo;application s\u00e9curitaires et s\u00e9curitaires d&rsquo;engrais commerciaux. L&rsquo;industrie canadienne des engrais est largement consid\u00e9r\u00e9e comme un chef de file mondial en mati\u00e8re de s\u00e9curit\u00e9 des engrais, avec des codes de pratiques de classe mondiale de premier plan. Les cours d\u2019apprentissage en ligne de Fertilizer Canada fournissent les outils n\u00e9cessaires pour maintenir la connaissance des normes et des proc\u00e9dures essentielles afin d\u2019assurer la s\u00fbret\u00e9 et la s\u00e9curit\u00e9 dans l\u2019ensemble de l\u2019industrie. Les cours d&rsquo;apprentissage en ligne de Fertilizer Canada sont offerts gratuitement en ligne, fournissant aux professionnels de l&rsquo;industrie des informations fiables et polyvalentes.<\/p>\n\n\n\n<div class=\"wp-block-button is-style-outline extra-top-margin is-style-outline--1\"><a class=\"wp-block-button__link has-gold-color has-text-color wp-element-button\" href=\"https:\/\/elearning.fertilizercanada.ca\/en\/fertilizer-safety-and-security-online-courses\/\" target=\"_blank\" rel=\"noreferrer noopener\">En savoir plus sur notre plateforme eLearning d\u00e9di\u00e9e.<\/a><\/div>\n<\/div><\/div>\n","protected":false},"excerpt":{"rendered":"<p>Parcourez les initiatives de s\u00e9curit\u00e9 en cours et les cours d\u2019apprentissage en ligne de calibre international de Fertilisants Canada.<\/p>\n","protected":false},"author":1,"featured_media":13922,"parent":11269,"menu_order":30,"comment_status":"closed","ping_status":"closed","template":"","meta":{"footnotes":""},"class_list":["post-11275","page","type-page","status-publish","has-post-thumbnail","hentry"],"yoast_head":"<!-- This site is optimized with the Yoast SEO plugin v27.4 - https:\/\/yoast.com\/product\/yoast-seo-wordpress\/ -->\n<title>Apprentissage en ligne - Fertilizer Canada<\/title>\n<meta name=\"robots\" content=\"index, follow, max-snippet:-1, max-image-preview:large, max-video-preview:-1\" \/>\n<link rel=\"canonical\" href=\"https:\/\/fertilizercanada.ca\/fr\/notre-priorite\/surete-et-securite\/apprentissage-en-ligne\/\" \/>\n<meta property=\"og:locale\" content=\"fr_FR\" \/>\n<meta property=\"og:type\" content=\"article\" \/>\n<meta property=\"og:title\" content=\"Apprentissage en ligne - Fertilizer Canada\" \/>\n<meta property=\"og:description\" content=\"Parcourez les initiatives de s\u00e9curit\u00e9 en cours et les cours d\u2019apprentissage en ligne de calibre international de Fertilisants Canada.\" \/>\n<meta property=\"og:url\" content=\"https:\/\/fertilizercanada.ca\/fr\/notre-priorite\/surete-et-securite\/apprentissage-en-ligne\/\" \/>\n<meta property=\"og:site_name\" content=\"Fertilizer Canada\" \/>\n<meta property=\"article:modified_time\" content=\"2024-11-27T16:59:34+00:00\" \/>\n<meta property=\"og:image\" content=\"https:\/\/fertilizercanada.ca\/wp-content\/uploads\/2021\/07\/r.png\" \/>\n\t<meta property=\"og:image:width\" content=\"356\" \/>\n\t<meta property=\"og:image:height\" content=\"371\" \/>\n\t<meta property=\"og:image:type\" content=\"image\/png\" \/>\n<meta name=\"twitter:card\" content=\"summary_large_image\" \/>\n<meta name=\"twitter:site\" content=\"@FertilizerCA\" \/>\n<meta name=\"twitter:label1\" content=\"Dur\u00e9e de lecture estim\u00e9e\" \/>\n\t<meta name=\"twitter:data1\" content=\"2 minutes\" \/>\n<script type=\"application\/ld+json\" class=\"yoast-schema-graph\">{\"@context\":\"https:\\\/\\\/schema.org\",\"@graph\":[{\"@type\":\"WebPage\",\"@id\":\"https:\\\/\\\/fertilizercanada.ca\\\/fr\\\/notre-priorite\\\/surete-et-securite\\\/apprentissage-en-ligne\\\/\",\"url\":\"https:\\\/\\\/fertilizercanada.ca\\\/fr\\\/notre-priorite\\\/surete-et-securite\\\/apprentissage-en-ligne\\\/\",\"name\":\"Apprentissage en ligne - Fertilizer Canada\",\"isPartOf\":{\"@id\":\"https:\\\/\\\/fertilizercanada.ca\\\/#website\"},\"primaryImageOfPage\":{\"@id\":\"https:\\\/\\\/fertilizercanada.ca\\\/fr\\\/notre-priorite\\\/surete-et-securite\\\/apprentissage-en-ligne\\\/#primaryimage\"},\"image\":{\"@id\":\"https:\\\/\\\/fertilizercanada.ca\\\/fr\\\/notre-priorite\\\/surete-et-securite\\\/apprentissage-en-ligne\\\/#primaryimage\"},\"thumbnailUrl\":\"https:\\\/\\\/fertilizercanada.ca\\\/wp-content\\\/uploads\\\/2021\\\/07\\\/r.png\",\"datePublished\":\"2020-08-19T15:34:04+00:00\",\"dateModified\":\"2024-11-27T16:59:34+00:00\",\"breadcrumb\":{\"@id\":\"https:\\\/\\\/fertilizercanada.ca\\\/fr\\\/notre-priorite\\\/surete-et-securite\\\/apprentissage-en-ligne\\\/#breadcrumb\"},\"inLanguage\":\"fr-FR\",\"potentialAction\":[{\"@type\":\"ReadAction\",\"target\":[\"https:\\\/\\\/fertilizercanada.ca\\\/fr\\\/notre-priorite\\\/surete-et-securite\\\/apprentissage-en-ligne\\\/\"]}]},{\"@type\":\"ImageObject\",\"inLanguage\":\"fr-FR\",\"@id\":\"https:\\\/\\\/fertilizercanada.ca\\\/fr\\\/notre-priorite\\\/surete-et-securite\\\/apprentissage-en-ligne\\\/#primaryimage\",\"url\":\"https:\\\/\\\/fertilizercanada.ca\\\/wp-content\\\/uploads\\\/2021\\\/07\\\/r.png\",\"contentUrl\":\"https:\\\/\\\/fertilizercanada.ca\\\/wp-content\\\/uploads\\\/2021\\\/07\\\/r.png\",\"width\":356,\"height\":371},{\"@type\":\"BreadcrumbList\",\"@id\":\"https:\\\/\\\/fertilizercanada.ca\\\/fr\\\/notre-priorite\\\/surete-et-securite\\\/apprentissage-en-ligne\\\/#breadcrumb\",\"itemListElement\":[{\"@type\":\"ListItem\",\"position\":1,\"name\":\"Home\",\"item\":\"https:\\\/\\\/fertilizercanada.ca\\\/fr\\\/\"},{\"@type\":\"ListItem\",\"position\":2,\"name\":\"Notre priorit\u00e9\",\"item\":\"https:\\\/\\\/fertilizercanada.ca\\\/fr\\\/notre-priorite\\\/\"},{\"@type\":\"ListItem\",\"position\":3,\"name\":\"S\u00fbret\u00e9 et s\u00e9curit\u00e9\",\"item\":\"https:\\\/\\\/fertilizercanada.ca\\\/fr\\\/notre-priorite\\\/surete-et-securite\\\/\"},{\"@type\":\"ListItem\",\"position\":4,\"name\":\"Apprentissage en ligne\"}]},{\"@type\":\"WebSite\",\"@id\":\"https:\\\/\\\/fertilizercanada.ca\\\/#website\",\"url\":\"https:\\\/\\\/fertilizercanada.ca\\\/\",\"name\":\"Fertilizer Canada\",\"description\":\"Growing Stronger\",\"potentialAction\":[{\"@type\":\"SearchAction\",\"target\":{\"@type\":\"EntryPoint\",\"urlTemplate\":\"https:\\\/\\\/fertilizercanada.ca\\\/?s={search_term_string}\"},\"query-input\":{\"@type\":\"PropertyValueSpecification\",\"valueRequired\":true,\"valueName\":\"search_term_string\"}}],\"inLanguage\":\"fr-FR\"}]}<\/script>\n<!-- \/ Yoast SEO plugin. -->","yoast_head_json":{"title":"Apprentissage en ligne - Fertilizer Canada","robots":{"index":"index","follow":"follow","max-snippet":"max-snippet:-1","max-image-preview":"max-image-preview:large","max-video-preview":"max-video-preview:-1"},"canonical":"https:\/\/fertilizercanada.ca\/fr\/notre-priorite\/surete-et-securite\/apprentissage-en-ligne\/","og_locale":"fr_FR","og_type":"article","og_title":"Apprentissage en ligne - Fertilizer Canada","og_description":"Parcourez les initiatives de s\u00e9curit\u00e9 en cours et les cours d\u2019apprentissage en ligne de calibre international de Fertilisants Canada.","og_url":"https:\/\/fertilizercanada.ca\/fr\/notre-priorite\/surete-et-securite\/apprentissage-en-ligne\/","og_site_name":"Fertilizer Canada","article_modified_time":"2024-11-27T16:59:34+00:00","og_image":[{"width":356,"height":371,"url":"https:\/\/fertilizercanada.ca\/wp-content\/uploads\/2021\/07\/r.png","type":"image\/png"}],"twitter_card":"summary_large_image","twitter_site":"@FertilizerCA","twitter_misc":{"Dur\u00e9e de lecture estim\u00e9e":"2 minutes"},"schema":{"@context":"https:\/\/schema.org","@graph":[{"@type":"WebPage","@id":"https:\/\/fertilizercanada.ca\/fr\/notre-priorite\/surete-et-securite\/apprentissage-en-ligne\/","url":"https:\/\/fertilizercanada.ca\/fr\/notre-priorite\/surete-et-securite\/apprentissage-en-ligne\/","name":"Apprentissage en ligne - Fertilizer Canada","isPartOf":{"@id":"https:\/\/fertilizercanada.ca\/#website"},"primaryImageOfPage":{"@id":"https:\/\/fertilizercanada.ca\/fr\/notre-priorite\/surete-et-securite\/apprentissage-en-ligne\/#primaryimage"},"image":{"@id":"https:\/\/fertilizercanada.ca\/fr\/notre-priorite\/surete-et-securite\/apprentissage-en-ligne\/#primaryimage"},"thumbnailUrl":"https:\/\/fertilizercanada.ca\/wp-content\/uploads\/2021\/07\/r.png","datePublished":"2020-08-19T15:34:04+00:00","dateModified":"2024-11-27T16:59:34+00:00","breadcrumb":{"@id":"https:\/\/fertilizercanada.ca\/fr\/notre-priorite\/surete-et-securite\/apprentissage-en-ligne\/#breadcrumb"},"inLanguage":"fr-FR","potentialAction":[{"@type":"ReadAction","target":["https:\/\/fertilizercanada.ca\/fr\/notre-priorite\/surete-et-securite\/apprentissage-en-ligne\/"]}]},{"@type":"ImageObject","inLanguage":"fr-FR","@id":"https:\/\/fertilizercanada.ca\/fr\/notre-priorite\/surete-et-securite\/apprentissage-en-ligne\/#primaryimage","url":"https:\/\/fertilizercanada.ca\/wp-content\/uploads\/2021\/07\/r.png","contentUrl":"https:\/\/fertilizercanada.ca\/wp-content\/uploads\/2021\/07\/r.png","width":356,"height":371},{"@type":"BreadcrumbList","@id":"https:\/\/fertilizercanada.ca\/fr\/notre-priorite\/surete-et-securite\/apprentissage-en-ligne\/#breadcrumb","itemListElement":[{"@type":"ListItem","position":1,"name":"Home","item":"https:\/\/fertilizercanada.ca\/fr\/"},{"@type":"ListItem","position":2,"name":"Notre priorit\u00e9","item":"https:\/\/fertilizercanada.ca\/fr\/notre-priorite\/"},{"@type":"ListItem","position":3,"name":"S\u00fbret\u00e9 et s\u00e9curit\u00e9","item":"https:\/\/fertilizercanada.ca\/fr\/notre-priorite\/surete-et-securite\/"},{"@type":"ListItem","position":4,"name":"Apprentissage en ligne"}]},{"@type":"WebSite","@id":"https:\/\/fertilizercanada.ca\/#website","url":"https:\/\/fertilizercanada.ca\/","name":"Fertilizer Canada","description":"Growing Stronger","potentialAction":[{"@type":"SearchAction","target":{"@type":"EntryPoint","urlTemplate":"https:\/\/fertilizercanada.ca\/?s={search_term_string}"},"query-input":{"@type":"PropertyValueSpecification","valueRequired":true,"valueName":"search_term_string"}}],"inLanguage":"fr-FR"}]}},"_links":{"self":[{"href":"https:\/\/fertilizercanada.ca\/fr\/wp-json\/wp\/v2\/pages\/11275","targetHints":{"allow":["GET"]}}],"collection":[{"href":"https:\/\/fertilizercanada.ca\/fr\/wp-json\/wp\/v2\/pages"}],"about":[{"href":"https:\/\/fertilizercanada.ca\/fr\/wp-json\/wp\/v2\/types\/page"}],"author":[{"embeddable":true,"href":"https:\/\/fertilizercanada.ca\/fr\/wp-json\/wp\/v2\/users\/1"}],"replies":[{"embeddable":true,"href":"https:\/\/fertilizercanada.ca\/fr\/wp-json\/wp\/v2\/comments?post=11275"}],"version-history":[{"count":1,"href":"https:\/\/fertilizercanada.ca\/fr\/wp-json\/wp\/v2\/pages\/11275\/revisions"}],"predecessor-version":[{"id":18587,"href":"https:\/\/fertilizercanada.ca\/fr\/wp-json\/wp\/v2\/pages\/11275\/revisions\/18587"}],"up":[{"embeddable":true,"href":"https:\/\/fertilizercanada.ca\/fr\/wp-json\/wp\/v2\/pages\/11269"}],"wp:featuredmedia":[{"embeddable":true,"href":"https:\/\/fertilizercanada.ca\/fr\/wp-json\/wp\/v2\/media\/13922"}],"wp:attachment":[{"href":"https:\/\/fertilizercanada.ca\/fr\/wp-json\/wp\/v2\/media?parent=11275"}],"curies":[{"name":"wp","href":"https:\/\/api.w.org\/{rel}","templated":true}]}}