{"id":11301,"date":"2020-08-19T14:38:23","date_gmt":"2020-08-19T18:38:23","guid":{"rendered":"https:\/\/fc2020.staging.baytek.ca\/?page_id=11301"},"modified":"2020-09-21T19:40:16","modified_gmt":"2020-09-21T23:40:16","slug":"solution-4b","status":"publish","type":"page","link":"https:\/\/fertilizercanada.ca\/fr\/notre-priorite\/gerance\/solution-4b\/","title":{"rendered":"Solution 4B"},"content":{"rendered":"\n<div class=\"wp-block-group alignfull hero\"><div class=\"wp-block-group__inner-container is-layout-flow wp-block-group-is-layout-flow\">\n<div class=\"wp-block-cover has-black-background-color has-background-dim\" style=\"background-image:url(https:\/\/fertilizercanada.ca\/wp-content\/uploads\/2020\/04\/4r-solution.jpg)\"><div class=\"wp-block-cover__inner-container is-layout-flow wp-block-cover-is-layout-flow\">\n\n<span class=\"breadcrumbs\">\n\t\t\t<span class=\"eyebrow crumb has-small-font-size\"><a class=\"has-white-color\" href=\"https:\/\/fertilizercanada.ca\/fr\/notre-priorite\/\">Notre priorit\u00e9<\/a><\/span>\n\t\t\t<span class=\"eyebrow crumb has-small-font-size\"><a class=\"has-white-color\" href=\"https:\/\/fertilizercanada.ca\/fr\/notre-priorite\/gerance\/\">G\u00e9rance<\/a><\/span>\n\t<\/span>\n\n\n\n\n<h1 class=\"wp-block-heading\">Solution 4B<\/h1>\n\n\n\n<p>Une approche canadienne qui am\u00e9liorera le bien-\u00eatre socio\u00e9conomique et la r\u00e9silience de 80 000 petits exploitants agricoles, en particulier des femmes, en \u00c9thiopie, au Ghana et au S\u00e9n\u00e9gal.<\/p>\n<\/div><\/div>\n<\/div><\/div>\n\n\n\n<div class=\"wp-block-group alignwide narrow\"><div class=\"wp-block-group__inner-container is-layout-flow wp-block-group-is-layout-flow\">\n<h2 class=\"wp-block-heading\">Qu\u2019est-ce que le projet de la solution 4B?<\/h2>\n\n\n\n<p class=\"has-extra-large-font-size\">Le projet de la solution 4B financ\u00e9 par Affaires mondiales Canada am\u00e9liorera le bien-\u00eatre socio\u00e9conomique et la r\u00e9silience de 80 000 petits exploitants agricoles, en particulier des femmes, en \u00c9thiopie, au Ghana et au S\u00e9n\u00e9gal, en am\u00e9liorant la productivit\u00e9 agricole et le revenu agricole gr\u00e2ce \u00e0 l\u2019int\u00e9gration de la g\u00e9rance des nutriments 4B (bonne source, bonne dose, bon moment, bon endroitMD) dans la gestion de l\u2019utilisation des engrais tout en int\u00e9grant d\u2019importantes strat\u00e9gies de r\u00e9silience environnementale et de genre.<\/p>\n<\/div><\/div>\n\n\n\n<div class=\"wp-block-cover cover-quote alignfull\" style=\"background-image:url(https:\/\/fertilizercanada.ca\/wp-content\/uploads\/2020\/04\/4r-solution2.jpg);min-height:600px;aspect-ratio:unset;\"><div class=\"wp-block-cover__inner-container is-layout-flow wp-block-cover-is-layout-flow\">\n<p class=\"has-text-align-center has-large-font-size\"><\/p>\n\n\n\n<blockquote class=\"wp-block-quote card is-layout-flow wp-block-quote-is-layout-flow\"><p>En fait, les petits exploitants de l\u2019Afrique sont amplement capables de nourrir le continent \u2014 dans la mesure o\u00f9 ils augmentent leurs rendements en utilisant les derni\u00e8res pratiques agronomiques en combinaison avec des semences et des engrais adapt\u00e9s convenablement.<\/p><cite><strong>Kofi Annan<br \/><\/strong><em>Ancien Secr\u00e9taire g\u00e9n\u00e9ral des Nations Unies<\/em><\/cite><\/blockquote>\n<\/div><\/div>\n\n\n\n<div class=\"wp-block-group alignwide narrow\"><div class=\"wp-block-group__inner-container is-layout-flow wp-block-group-is-layout-flow\">\n<h2 class=\"extra-medium-top-margin wp-block-heading\">Objectifs du projet de la solution 4B<\/h2>\n\n\n\n<ul class=\"extra-large-font wp-block-list\"><li>Am\u00e9lioration de la production durable \u00e0 l\u2019aide de pratiques de gestion optimales adapt\u00e9es au climat en agriculture et am\u00e9lioration de l\u2019acc\u00e8s \u00e0 la cha\u00eene de valeur et de l\u2019int\u00e9gration des femmes et des hommes agriculteurs dans les pays cibl\u00e9s <\/li><li>Repr\u00e9sentation et influence accrues des femmes dans les postes de direction et les organes d\u00e9cisionnels des coop\u00e9ratives agricoles dans les collectivit\u00e9s cibl\u00e9es <\/li><li>Int\u00e9gration accrue des principes 4B tenant compte de l\u2019\u00e9galit\u00e9 entre les sexes dans les normes et les politiques pertinentes \u00e0 l\u2019\u00e9chelle nationale en \u00c9thiopie, au Ghana et au S\u00e9n\u00e9gal, et \u00e0 l\u2019\u00e9chelle mondiale<\/li><\/ul>\n\n\n\n<h2 class=\"extra-medium-top-margin wp-block-heading\">O\u00f9 nous travaillons<\/h2>\n\n\n\n<p class=\"has-extra-large-font-size\">Au <strong>Ghana<\/strong>, nous travaillons dans quatre districts : Kpandia, East Gonja, Nanumba South et Naumba North.<\/p>\n\n\n\n<p class=\"has-extra-large-font-size\">Cultures cibl\u00e9es au Ghana : ma\u00efs, soja, arachides et riz<\/p>\n\n\n\n<p class=\"has-extra-large-font-size\">En <strong>\u00c9thiopie<\/strong>, nous travaillons dans le district de Menjar-Shenkora, dans la zone nord de Shewa, dans l\u2019\u00c9tat r\u00e9gional national d\u2019Amhara.<\/p>\n\n\n\n<p class=\"has-extra-large-font-size\">Cultures cibl\u00e9es en \u00c9thiopie : Bl\u00e9 et teff<\/p>\n\n\n\n<p class=\"has-extra-large-font-size\">Au <strong>S\u00e9n\u00e9gal <\/strong>: le projet d\u00e9butera en 2021.<\/p>\n\n\n\n<h2 class=\"extra-medium-top-margin wp-block-heading\">Avantages potentiels du projet de la solution 4B pour l\u2019Afrique subsaharienne<\/h2>\n\n\n\n<p class=\"has-extra-large-font-size\">L\u2019objectif du projet de la solution 4B est de montrer comment l\u2019adoption de pratiques agricoles plus durables peut accro\u00eetre la r\u00e9silience, les revenus et la s\u00e9curit\u00e9 alimentaire, tout en r\u00e9duisant la pauvret\u00e9 chez les hommes, les femmes et les enfants.<\/p>\n\n\n\n<p class=\"has-extra-large-font-size\"><strong>\u00c9conomie <\/strong>: Aider les petits agriculteurs \u00e0 cultiver des cultures plus nutritives et commercialisables, accro\u00eetre les revenus, la productivit\u00e9 et les marges de profit.<\/p>\n\n\n\n<p class=\"has-extra-large-font-size\"><strong>Environnement&nbsp;<\/strong>: refl\u00e8te un engagement \u00e0 am\u00e9liorer la s\u00e9curit\u00e9 alimentaire, \u00e0 promouvoir une agriculture intelligente face au climat et \u00e0 soutenir les objectifs de d\u00e9veloppement durable des Nations Unies.<\/p>\n\n\n\n<p class=\"has-extra-large-font-size\"><strong>Social<\/strong> : promouvoir l\u2019autonomisation des agricultrices, en mettant un accent particulier sur l\u2019am\u00e9lioration de l\u2019acc\u00e8s aux ressources financi\u00e8res et aux technologies agricoles.<\/p>\n\n\n\n<div class=\"wp-block-group four-social-links extra-medium-top-margin\"><div class=\"wp-block-group__inner-container is-layout-flow wp-block-group-is-layout-flow\">\n<div class=\"wp-block-button is-style-outline is-style-outline--1\"><a class=\"wp-block-button__link has-text-color has-gold-color has-background has-white-background-color\" href=\"https:\/\/4rsolution.org\/fr\/\">Consultez le site Web officiel de la solution 4B ici<\/a><\/div>\n\n\n\n<div class=\"socials four-solutions-social has-small-font-size\">\n<a target=\"_blank\" href=\"https:\/\/twitter.com\/4RSolution\" rel=\"noopener noreferrer\">\n<i class=\"fab fa-twitter\"><\/i>\n<\/a>\n<a target=\"_blank\" href=\"https:\/\/www.linkedin.com\/company\/4r-solution\/\" rel=\"noopener noreferrer\">\n<i class=\"fab fa-linkedin-in\"><\/i>\n<\/a>\n<\/div>\n<\/div><\/div>\n\n\n\n<div class=\"wp-block-columns extra-medium-top-margin is-layout-flex wp-container-core-columns-is-layout-1 wp-block-columns-is-layout-flex\">\n<div class=\"wp-block-column is-layout-flow wp-block-column-is-layout-flow\" style=\"flex-basis:47%\"><\/div>\n\n\n\n<div class=\"wp-block-column is-layout-flow wp-block-column-is-layout-flow\" style=\"flex-basis:23.5%\"><\/div>\n\n\n\n<div class=\"wp-block-column is-layout-flow wp-block-column-is-layout-flow\" style=\"flex-basis:29.5%\"><\/div>\n<\/div>\n<\/div><\/div>\n\n\n\n\n","protected":false},"excerpt":{"rendered":"<p>Une approche canadienne qui am\u00e9liorera le bien-\u00eatre socio\u00e9conomique et la r\u00e9silience de 80 000 petits exploitants agricoles, en particulier des femmes, en \u00c9thiopie, au Ghana et au S\u00e9n\u00e9gal.<\/p>\n","protected":false},"author":1,"featured_media":9384,"parent":11327,"menu_order":5,"comment_status":"closed","ping_status":"closed","template":"","meta":{"footnotes":""},"class_list":["post-11301","page","type-page","status-publish","has-post-thumbnail","hentry"],"yoast_head":"<!-- This site is optimized with the Yoast SEO plugin v24.7 - https:\/\/yoast.com\/wordpress\/plugins\/seo\/ -->\n<title>Solution 4B - Fertilizer Canada<\/title>\n<meta name=\"robots\" content=\"index, follow, max-snippet:-1, max-image-preview:large, max-video-preview:-1\" \/>\n<link rel=\"canonical\" href=\"https:\/\/fertilizercanada.ca\/fr\/notre-priorite\/gerance\/solution-4b\/\" \/>\n<meta property=\"og:locale\" content=\"fr_FR\" \/>\n<meta property=\"og:type\" content=\"article\" \/>\n<meta property=\"og:title\" content=\"Solution 4B - Fertilizer Canada\" \/>\n<meta property=\"og:description\" content=\"Une approche canadienne qui am\u00e9liorera le bien-\u00eatre socio\u00e9conomique et la r\u00e9silience de 80 000 petits exploitants agricoles, en particulier des femmes, en \u00c9thiopie, au Ghana et au S\u00e9n\u00e9gal.\" \/>\n<meta property=\"og:url\" content=\"https:\/\/fertilizercanada.ca\/fr\/notre-priorite\/gerance\/solution-4b\/\" \/>\n<meta property=\"og:site_name\" content=\"Fertilizer Canada\" \/>\n<meta property=\"article:modified_time\" content=\"2020-09-21T23:40:16+00:00\" \/>\n<meta property=\"og:image\" content=\"https:\/\/fertilizercanada.ca\/wp-content\/uploads\/2020\/04\/4r-solution.jpg\" \/>\n\t<meta property=\"og:image:width\" content=\"1920\" \/>\n\t<meta property=\"og:image:height\" content=\"1280\" \/>\n\t<meta property=\"og:image:type\" content=\"image\/jpeg\" \/>\n<meta name=\"twitter:card\" content=\"summary_large_image\" \/>\n<meta name=\"twitter:site\" content=\"@FertilizerCA\" \/>\n<meta name=\"twitter:label1\" content=\"Dur\u00e9e de lecture estim\u00e9e\" \/>\n\t<meta name=\"twitter:data1\" content=\"3 minutes\" \/>\n<script type=\"application\/ld+json\" class=\"yoast-schema-graph\">{\"@context\":\"https:\/\/schema.org\",\"@graph\":[{\"@type\":\"WebPage\",\"@id\":\"https:\/\/fertilizercanada.ca\/fr\/notre-priorite\/gerance\/solution-4b\/\",\"url\":\"https:\/\/fertilizercanada.ca\/fr\/notre-priorite\/gerance\/solution-4b\/\",\"name\":\"Solution 4B - Fertilizer Canada\",\"isPartOf\":{\"@id\":\"https:\/\/fertilizercanada.ca\/#website\"},\"primaryImageOfPage\":{\"@id\":\"https:\/\/fertilizercanada.ca\/fr\/notre-priorite\/gerance\/solution-4b\/#primaryimage\"},\"image\":{\"@id\":\"https:\/\/fertilizercanada.ca\/fr\/notre-priorite\/gerance\/solution-4b\/#primaryimage\"},\"thumbnailUrl\":\"https:\/\/fertilizercanada.ca\/wp-content\/uploads\/2020\/04\/4r-solution.jpg\",\"datePublished\":\"2020-08-19T18:38:23+00:00\",\"dateModified\":\"2020-09-21T23:40:16+00:00\",\"breadcrumb\":{\"@id\":\"https:\/\/fertilizercanada.ca\/fr\/notre-priorite\/gerance\/solution-4b\/#breadcrumb\"},\"inLanguage\":\"fr-FR\",\"potentialAction\":[{\"@type\":\"ReadAction\",\"target\":[\"https:\/\/fertilizercanada.ca\/fr\/notre-priorite\/gerance\/solution-4b\/\"]}]},{\"@type\":\"ImageObject\",\"inLanguage\":\"fr-FR\",\"@id\":\"https:\/\/fertilizercanada.ca\/fr\/notre-priorite\/gerance\/solution-4b\/#primaryimage\",\"url\":\"https:\/\/fertilizercanada.ca\/wp-content\/uploads\/2020\/04\/4r-solution.jpg\",\"contentUrl\":\"https:\/\/fertilizercanada.ca\/wp-content\/uploads\/2020\/04\/4r-solution.jpg\",\"width\":1920,\"height\":1280},{\"@type\":\"BreadcrumbList\",\"@id\":\"https:\/\/fertilizercanada.ca\/fr\/notre-priorite\/gerance\/solution-4b\/#breadcrumb\",\"itemListElement\":[{\"@type\":\"ListItem\",\"position\":1,\"name\":\"Home\",\"item\":\"https:\/\/fertilizercanada.ca\/fr\/\"},{\"@type\":\"ListItem\",\"position\":2,\"name\":\"Notre priorit\u00e9\",\"item\":\"https:\/\/fertilizercanada.ca\/fr\/notre-priorite\/\"},{\"@type\":\"ListItem\",\"position\":3,\"name\":\"G\u00e9rance\",\"item\":\"https:\/\/fertilizercanada.ca\/fr\/notre-priorite\/gerance\/\"},{\"@type\":\"ListItem\",\"position\":4,\"name\":\"Solution 4B\"}]},{\"@type\":\"WebSite\",\"@id\":\"https:\/\/fertilizercanada.ca\/#website\",\"url\":\"https:\/\/fertilizercanada.ca\/\",\"name\":\"Fertilizer Canada\",\"description\":\"Growing Stronger\",\"potentialAction\":[{\"@type\":\"SearchAction\",\"target\":{\"@type\":\"EntryPoint\",\"urlTemplate\":\"https:\/\/fertilizercanada.ca\/?s={search_term_string}\"},\"query-input\":{\"@type\":\"PropertyValueSpecification\",\"valueRequired\":true,\"valueName\":\"search_term_string\"}}],\"inLanguage\":\"fr-FR\"}]}<\/script>\n<!-- \/ Yoast SEO plugin. -->","yoast_head_json":{"title":"Solution 4B - Fertilizer Canada","robots":{"index":"index","follow":"follow","max-snippet":"max-snippet:-1","max-image-preview":"max-image-preview:large","max-video-preview":"max-video-preview:-1"},"canonical":"https:\/\/fertilizercanada.ca\/fr\/notre-priorite\/gerance\/solution-4b\/","og_locale":"fr_FR","og_type":"article","og_title":"Solution 4B - Fertilizer Canada","og_description":"Une approche canadienne qui am\u00e9liorera le bien-\u00eatre socio\u00e9conomique et la r\u00e9silience de 80 000 petits exploitants agricoles, en particulier des femmes, en \u00c9thiopie, au Ghana et au S\u00e9n\u00e9gal.","og_url":"https:\/\/fertilizercanada.ca\/fr\/notre-priorite\/gerance\/solution-4b\/","og_site_name":"Fertilizer Canada","article_modified_time":"2020-09-21T23:40:16+00:00","og_image":[{"width":1920,"height":1280,"url":"https:\/\/fertilizercanada.ca\/wp-content\/uploads\/2020\/04\/4r-solution.jpg","type":"image\/jpeg"}],"twitter_card":"summary_large_image","twitter_site":"@FertilizerCA","twitter_misc":{"Dur\u00e9e de lecture estim\u00e9e":"3 minutes"},"schema":{"@context":"https:\/\/schema.org","@graph":[{"@type":"WebPage","@id":"https:\/\/fertilizercanada.ca\/fr\/notre-priorite\/gerance\/solution-4b\/","url":"https:\/\/fertilizercanada.ca\/fr\/notre-priorite\/gerance\/solution-4b\/","name":"Solution 4B - Fertilizer Canada","isPartOf":{"@id":"https:\/\/fertilizercanada.ca\/#website"},"primaryImageOfPage":{"@id":"https:\/\/fertilizercanada.ca\/fr\/notre-priorite\/gerance\/solution-4b\/#primaryimage"},"image":{"@id":"https:\/\/fertilizercanada.ca\/fr\/notre-priorite\/gerance\/solution-4b\/#primaryimage"},"thumbnailUrl":"https:\/\/fertilizercanada.ca\/wp-content\/uploads\/2020\/04\/4r-solution.jpg","datePublished":"2020-08-19T18:38:23+00:00","dateModified":"2020-09-21T23:40:16+00:00","breadcrumb":{"@id":"https:\/\/fertilizercanada.ca\/fr\/notre-priorite\/gerance\/solution-4b\/#breadcrumb"},"inLanguage":"fr-FR","potentialAction":[{"@type":"ReadAction","target":["https:\/\/fertilizercanada.ca\/fr\/notre-priorite\/gerance\/solution-4b\/"]}]},{"@type":"ImageObject","inLanguage":"fr-FR","@id":"https:\/\/fertilizercanada.ca\/fr\/notre-priorite\/gerance\/solution-4b\/#primaryimage","url":"https:\/\/fertilizercanada.ca\/wp-content\/uploads\/2020\/04\/4r-solution.jpg","contentUrl":"https:\/\/fertilizercanada.ca\/wp-content\/uploads\/2020\/04\/4r-solution.jpg","width":1920,"height":1280},{"@type":"BreadcrumbList","@id":"https:\/\/fertilizercanada.ca\/fr\/notre-priorite\/gerance\/solution-4b\/#breadcrumb","itemListElement":[{"@type":"ListItem","position":1,"name":"Home","item":"https:\/\/fertilizercanada.ca\/fr\/"},{"@type":"ListItem","position":2,"name":"Notre priorit\u00e9","item":"https:\/\/fertilizercanada.ca\/fr\/notre-priorite\/"},{"@type":"ListItem","position":3,"name":"G\u00e9rance","item":"https:\/\/fertilizercanada.ca\/fr\/notre-priorite\/gerance\/"},{"@type":"ListItem","position":4,"name":"Solution 4B"}]},{"@type":"WebSite","@id":"https:\/\/fertilizercanada.ca\/#website","url":"https:\/\/fertilizercanada.ca\/","name":"Fertilizer Canada","description":"Growing Stronger","potentialAction":[{"@type":"SearchAction","target":{"@type":"EntryPoint","urlTemplate":"https:\/\/fertilizercanada.ca\/?s={search_term_string}"},"query-input":{"@type":"PropertyValueSpecification","valueRequired":true,"valueName":"search_term_string"}}],"inLanguage":"fr-FR"}]}},"_links":{"self":[{"href":"https:\/\/fertilizercanada.ca\/fr\/wp-json\/wp\/v2\/pages\/11301","targetHints":{"allow":["GET"]}}],"collection":[{"href":"https:\/\/fertilizercanada.ca\/fr\/wp-json\/wp\/v2\/pages"}],"about":[{"href":"https:\/\/fertilizercanada.ca\/fr\/wp-json\/wp\/v2\/types\/page"}],"author":[{"embeddable":true,"href":"https:\/\/fertilizercanada.ca\/fr\/wp-json\/wp\/v2\/users\/1"}],"replies":[{"embeddable":true,"href":"https:\/\/fertilizercanada.ca\/fr\/wp-json\/wp\/v2\/comments?post=11301"}],"version-history":[{"count":0,"href":"https:\/\/fertilizercanada.ca\/fr\/wp-json\/wp\/v2\/pages\/11301\/revisions"}],"up":[{"embeddable":true,"href":"https:\/\/fertilizercanada.ca\/fr\/wp-json\/wp\/v2\/pages\/11327"}],"wp:featuredmedia":[{"embeddable":true,"href":"https:\/\/fertilizercanada.ca\/fr\/wp-json\/wp\/v2\/media\/9384"}],"wp:attachment":[{"href":"https:\/\/fertilizercanada.ca\/fr\/wp-json\/wp\/v2\/media?parent=11301"}],"curies":[{"name":"wp","href":"https:\/\/api.w.org\/{rel}","templated":true}]}}