{"id":11304,"date":"2020-08-19T14:45:50","date_gmt":"2020-08-19T18:45:50","guid":{"rendered":"https:\/\/fc2020.staging.baytek.ca\/?page_id=11304"},"modified":"2020-09-21T19:36:38","modified_gmt":"2020-09-21T23:36:38","slug":"certification-4b","status":"publish","type":"page","link":"https:\/\/fertilizercanada.ca\/fr\/notre-priorite\/gerance\/certification-4b\/","title":{"rendered":"Certification 4B"},"content":{"rendered":"\n<div class=\"wp-block-group alignfull hero\"><div class=\"wp-block-group__inner-container is-layout-flow wp-block-group-is-layout-flow\">\n<div class=\"wp-block-cover has-black-background-color has-background-dim\" style=\"background-image:url(https:\/\/fertilizercanada.ca\/wp-content\/uploads\/2020\/04\/4r-certification.jpg)\"><div class=\"wp-block-cover__inner-container is-layout-flow wp-block-cover-is-layout-flow\">\n\n<span class=\"breadcrumbs\">\n\t\t\t<span class=\"eyebrow crumb has-small-font-size\"><a class=\"has-white-color\" href=\"https:\/\/fertilizercanada.ca\/fr\/notre-priorite\/\">Notre priorit\u00e9<\/a><\/span>\n\t\t\t<span class=\"eyebrow crumb has-small-font-size\"><a class=\"has-white-color\" href=\"https:\/\/fertilizercanada.ca\/fr\/notre-priorite\/gerance\/\">G\u00e9rance<\/a><\/span>\n\t<\/span>\n\n\n\n\n<h1 class=\"wp-block-heading\">Certification 4B<\/h1>\n\n\n\n<p>Le futur, c\u2019est l\u2019agriculture durable. Dans bien des cas, cet avenir est d\u00e9j\u00e0 en cours. La g\u00e9rance des nutriments 4B (bonne source, bonne dose, bon moment, bon endroitMD) permet d\u2019informer le monde que les aliments ont \u00e9t\u00e9 cultiv\u00e9s de fa\u00e7on durable.<\/p>\n<\/div><\/div>\n<\/div><\/div>\n\n\n\n<div class=\"wp-block-group alignwide narrow\"><div class=\"wp-block-group__inner-container is-layout-flow wp-block-group-is-layout-flow\">\n<h2 class=\"wp-block-heading\">Le futur, c\u2019est l\u2019agriculture durable.<\/h2>\n\n\n\n<figure class=\"wp-block-image size-large extra-medium-bottom-margin extra-medium-top-margin\"><img loading=\"lazy\" decoding=\"async\" width=\"960\" height=\"540\" src=\"https:\/\/fertilizercanada.ca\/wp-content\/uploads\/\/2020\/05\/farming-infograph.svg\" alt=\"\" class=\"wp-image-10578\"\/><\/figure>\n\n\n\n<p class=\"has-extra-large-font-size\">En aidant les d\u00e9taillants agricoles et les conseillers en cultures canadiens \u00e0 obtenir la certification 4B, nous pouvons compter les acres vis\u00e9s par la g\u00e9rance des nutriments 4B pour d\u00e9montrer comment l\u2019industrie agricole canadienne est un chef de file de l\u2019agriculture durable.<\/p>\n\n\n\n<p class=\"has-extra-large-font-size\">Le Programme de certification 4B est un programme volontaire pour les fournisseurs de services de nutriments, qui comprend les d\u00e9taillants agricoles, les fournisseurs de services agricoles et les professionnels agr\u00e9\u00e9s. Le programme de certification 4B traduit la g\u00e9rance des nutriments 4B en un ensemble de crit\u00e8res v\u00e9rifiables. Pour obtenir la certification 4B, un fournisseur de services en \u00e9l\u00e9ments nutritifs doit effectuer une v\u00e9rification par un tiers tous les deux ans pour maintenir la certification. L\u2019Agri-Chemical Warehouse Standards Association (AWSA) est l\u2019organisme de v\u00e9rification tiers qui effectue les v\u00e9rifications du Programme de certification 4B au Canada.<\/p>\n\n\n\n<p class=\"has-extra-large-font-size\">Le programme de certification 4B \u00e9value les pratiques durables de g\u00e9rance des nutriments 4B des d\u00e9taillants dans les domaines de la formation et de l\u2019\u00e9ducation, des recommandations sur nutriments et de l\u2019application des nutriments et de la documentation.<\/p>\n\n\n\n<p class=\"has-extra-large-font-size\">Le programme de certification 4B a d\u2019abord \u00e9t\u00e9 introduit au Canada par la mise en \u0153uvre du programme en Ontario, en \u00e9troite collaboration avec le Nutrient Stewardship Council, l\u2019Ohio Agri-Business Association et le Fertilizer Institute des \u00c9tats-Unis, afin d\u2019assurer l\u2019harmonisation des efforts transfrontaliers.<\/p>\n\n\n\n<p class=\"has-extra-large-font-size\">En plus de l\u2019Ohio et de New York, le programme est maintenant offert et mis en \u0153uvre dans les provinces canadiennes suivantes :<\/p>\n\n\n\n<div class=\"wp-block-columns extra-medium-top-margin is-layout-flex wp-container-core-columns-is-layout-1 wp-block-columns-is-layout-flex\">\n<div class=\"wp-block-column is-layout-flow wp-block-column-is-layout-flow\">\n<div class=\"wp-block-group card linked-card internal\"><div class=\"wp-block-group__inner-container is-layout-flow wp-block-group-is-layout-flow\">\n<h4 class=\"has-green-color has-text-color wp-block-heading\"><a href=\"\/our-focus\/stewardship\/4r-certification\/ontario\/\">Ontario<\/a><\/h4>\n<\/div><\/div>\n<\/div>\n\n\n\n<div class=\"wp-block-column is-layout-flow wp-block-column-is-layout-flow\">\n<div class=\"wp-block-group card linked-card internal\"><div class=\"wp-block-group__inner-container is-layout-flow wp-block-group-is-layout-flow\">\n<h4 class=\"has-green-color has-text-color wp-block-heading\"><a href=\"\/our-focus\/stewardship\/4r-certification\/prince-edward-island\/\">\u00cele\u2011du-Prince-\u00c9douard (\u00ce.-P.-\u00c9.)<\/a><\/h4>\n<\/div><\/div>\n<\/div>\n<\/div>\n<\/div><\/div>\n","protected":false},"excerpt":{"rendered":"<p>Le futur, c\u2019est l\u2019agriculture durable. Dans bien des cas, cet avenir est d\u00e9j\u00e0 en cours. La g\u00e9rance des nutriments 4B (bonne source, bonne dose, bon moment, bon endroitMD) permet d\u2019informer le monde que les aliments ont \u00e9t\u00e9 cultiv\u00e9s de fa\u00e7on durable.<\/p>\n","protected":false},"author":1,"featured_media":9376,"parent":11327,"menu_order":2,"comment_status":"closed","ping_status":"closed","template":"","meta":{"footnotes":""},"class_list":["post-11304","page","type-page","status-publish","has-post-thumbnail","hentry"],"yoast_head":"<!-- This site is optimized with the Yoast SEO plugin v24.7 - https:\/\/yoast.com\/wordpress\/plugins\/seo\/ -->\n<title>Certification 4B - Fertilizer Canada<\/title>\n<meta name=\"robots\" content=\"index, follow, max-snippet:-1, max-image-preview:large, max-video-preview:-1\" \/>\n<link rel=\"canonical\" href=\"https:\/\/fertilizercanada.ca\/fr\/notre-priorite\/gerance\/certification-4b\/\" \/>\n<meta property=\"og:locale\" content=\"fr_FR\" \/>\n<meta property=\"og:type\" content=\"article\" \/>\n<meta property=\"og:title\" content=\"Certification 4B - Fertilizer Canada\" \/>\n<meta property=\"og:description\" content=\"Le futur, c\u2019est l\u2019agriculture durable. Dans bien des cas, cet avenir est d\u00e9j\u00e0 en cours. La g\u00e9rance des nutriments 4B (bonne source, bonne dose, bon moment, bon endroitMD) permet d\u2019informer le monde que les aliments ont \u00e9t\u00e9 cultiv\u00e9s de fa\u00e7on durable.\" \/>\n<meta property=\"og:url\" content=\"https:\/\/fertilizercanada.ca\/fr\/notre-priorite\/gerance\/certification-4b\/\" \/>\n<meta property=\"og:site_name\" content=\"Fertilizer Canada\" \/>\n<meta property=\"article:modified_time\" content=\"2020-09-21T23:36:38+00:00\" \/>\n<meta property=\"og:image\" content=\"https:\/\/fertilizercanada.ca\/wp-content\/uploads\/2020\/04\/4r-certification.jpg\" \/>\n\t<meta property=\"og:image:width\" content=\"1920\" \/>\n\t<meta property=\"og:image:height\" content=\"1280\" \/>\n\t<meta property=\"og:image:type\" content=\"image\/jpeg\" \/>\n<meta name=\"twitter:card\" content=\"summary_large_image\" \/>\n<meta name=\"twitter:site\" content=\"@FertilizerCA\" \/>\n<meta name=\"twitter:label1\" content=\"Dur\u00e9e de lecture estim\u00e9e\" \/>\n\t<meta name=\"twitter:data1\" content=\"2 minutes\" \/>\n<script type=\"application\/ld+json\" class=\"yoast-schema-graph\">{\"@context\":\"https:\/\/schema.org\",\"@graph\":[{\"@type\":\"WebPage\",\"@id\":\"https:\/\/fertilizercanada.ca\/fr\/notre-priorite\/gerance\/certification-4b\/\",\"url\":\"https:\/\/fertilizercanada.ca\/fr\/notre-priorite\/gerance\/certification-4b\/\",\"name\":\"Certification 4B - Fertilizer Canada\",\"isPartOf\":{\"@id\":\"https:\/\/fertilizercanada.ca\/#website\"},\"primaryImageOfPage\":{\"@id\":\"https:\/\/fertilizercanada.ca\/fr\/notre-priorite\/gerance\/certification-4b\/#primaryimage\"},\"image\":{\"@id\":\"https:\/\/fertilizercanada.ca\/fr\/notre-priorite\/gerance\/certification-4b\/#primaryimage\"},\"thumbnailUrl\":\"https:\/\/fertilizercanada.ca\/wp-content\/uploads\/2020\/04\/4r-certification.jpg\",\"datePublished\":\"2020-08-19T18:45:50+00:00\",\"dateModified\":\"2020-09-21T23:36:38+00:00\",\"breadcrumb\":{\"@id\":\"https:\/\/fertilizercanada.ca\/fr\/notre-priorite\/gerance\/certification-4b\/#breadcrumb\"},\"inLanguage\":\"fr-FR\",\"potentialAction\":[{\"@type\":\"ReadAction\",\"target\":[\"https:\/\/fertilizercanada.ca\/fr\/notre-priorite\/gerance\/certification-4b\/\"]}]},{\"@type\":\"ImageObject\",\"inLanguage\":\"fr-FR\",\"@id\":\"https:\/\/fertilizercanada.ca\/fr\/notre-priorite\/gerance\/certification-4b\/#primaryimage\",\"url\":\"https:\/\/fertilizercanada.ca\/wp-content\/uploads\/2020\/04\/4r-certification.jpg\",\"contentUrl\":\"https:\/\/fertilizercanada.ca\/wp-content\/uploads\/2020\/04\/4r-certification.jpg\",\"width\":1920,\"height\":1280},{\"@type\":\"BreadcrumbList\",\"@id\":\"https:\/\/fertilizercanada.ca\/fr\/notre-priorite\/gerance\/certification-4b\/#breadcrumb\",\"itemListElement\":[{\"@type\":\"ListItem\",\"position\":1,\"name\":\"Home\",\"item\":\"https:\/\/fertilizercanada.ca\/fr\/\"},{\"@type\":\"ListItem\",\"position\":2,\"name\":\"Notre priorit\u00e9\",\"item\":\"https:\/\/fertilizercanada.ca\/fr\/notre-priorite\/\"},{\"@type\":\"ListItem\",\"position\":3,\"name\":\"G\u00e9rance\",\"item\":\"https:\/\/fertilizercanada.ca\/fr\/notre-priorite\/gerance\/\"},{\"@type\":\"ListItem\",\"position\":4,\"name\":\"Certification 4B\"}]},{\"@type\":\"WebSite\",\"@id\":\"https:\/\/fertilizercanada.ca\/#website\",\"url\":\"https:\/\/fertilizercanada.ca\/\",\"name\":\"Fertilizer Canada\",\"description\":\"Growing Stronger\",\"potentialAction\":[{\"@type\":\"SearchAction\",\"target\":{\"@type\":\"EntryPoint\",\"urlTemplate\":\"https:\/\/fertilizercanada.ca\/?s={search_term_string}\"},\"query-input\":{\"@type\":\"PropertyValueSpecification\",\"valueRequired\":true,\"valueName\":\"search_term_string\"}}],\"inLanguage\":\"fr-FR\"}]}<\/script>\n<!-- \/ Yoast SEO plugin. -->","yoast_head_json":{"title":"Certification 4B - Fertilizer Canada","robots":{"index":"index","follow":"follow","max-snippet":"max-snippet:-1","max-image-preview":"max-image-preview:large","max-video-preview":"max-video-preview:-1"},"canonical":"https:\/\/fertilizercanada.ca\/fr\/notre-priorite\/gerance\/certification-4b\/","og_locale":"fr_FR","og_type":"article","og_title":"Certification 4B - Fertilizer Canada","og_description":"Le futur, c\u2019est l\u2019agriculture durable. Dans bien des cas, cet avenir est d\u00e9j\u00e0 en cours. La g\u00e9rance des nutriments 4B (bonne source, bonne dose, bon moment, bon endroitMD) permet d\u2019informer le monde que les aliments ont \u00e9t\u00e9 cultiv\u00e9s de fa\u00e7on durable.","og_url":"https:\/\/fertilizercanada.ca\/fr\/notre-priorite\/gerance\/certification-4b\/","og_site_name":"Fertilizer Canada","article_modified_time":"2020-09-21T23:36:38+00:00","og_image":[{"width":1920,"height":1280,"url":"https:\/\/fertilizercanada.ca\/wp-content\/uploads\/2020\/04\/4r-certification.jpg","type":"image\/jpeg"}],"twitter_card":"summary_large_image","twitter_site":"@FertilizerCA","twitter_misc":{"Dur\u00e9e de lecture estim\u00e9e":"2 minutes"},"schema":{"@context":"https:\/\/schema.org","@graph":[{"@type":"WebPage","@id":"https:\/\/fertilizercanada.ca\/fr\/notre-priorite\/gerance\/certification-4b\/","url":"https:\/\/fertilizercanada.ca\/fr\/notre-priorite\/gerance\/certification-4b\/","name":"Certification 4B - Fertilizer Canada","isPartOf":{"@id":"https:\/\/fertilizercanada.ca\/#website"},"primaryImageOfPage":{"@id":"https:\/\/fertilizercanada.ca\/fr\/notre-priorite\/gerance\/certification-4b\/#primaryimage"},"image":{"@id":"https:\/\/fertilizercanada.ca\/fr\/notre-priorite\/gerance\/certification-4b\/#primaryimage"},"thumbnailUrl":"https:\/\/fertilizercanada.ca\/wp-content\/uploads\/2020\/04\/4r-certification.jpg","datePublished":"2020-08-19T18:45:50+00:00","dateModified":"2020-09-21T23:36:38+00:00","breadcrumb":{"@id":"https:\/\/fertilizercanada.ca\/fr\/notre-priorite\/gerance\/certification-4b\/#breadcrumb"},"inLanguage":"fr-FR","potentialAction":[{"@type":"ReadAction","target":["https:\/\/fertilizercanada.ca\/fr\/notre-priorite\/gerance\/certification-4b\/"]}]},{"@type":"ImageObject","inLanguage":"fr-FR","@id":"https:\/\/fertilizercanada.ca\/fr\/notre-priorite\/gerance\/certification-4b\/#primaryimage","url":"https:\/\/fertilizercanada.ca\/wp-content\/uploads\/2020\/04\/4r-certification.jpg","contentUrl":"https:\/\/fertilizercanada.ca\/wp-content\/uploads\/2020\/04\/4r-certification.jpg","width":1920,"height":1280},{"@type":"BreadcrumbList","@id":"https:\/\/fertilizercanada.ca\/fr\/notre-priorite\/gerance\/certification-4b\/#breadcrumb","itemListElement":[{"@type":"ListItem","position":1,"name":"Home","item":"https:\/\/fertilizercanada.ca\/fr\/"},{"@type":"ListItem","position":2,"name":"Notre priorit\u00e9","item":"https:\/\/fertilizercanada.ca\/fr\/notre-priorite\/"},{"@type":"ListItem","position":3,"name":"G\u00e9rance","item":"https:\/\/fertilizercanada.ca\/fr\/notre-priorite\/gerance\/"},{"@type":"ListItem","position":4,"name":"Certification 4B"}]},{"@type":"WebSite","@id":"https:\/\/fertilizercanada.ca\/#website","url":"https:\/\/fertilizercanada.ca\/","name":"Fertilizer Canada","description":"Growing Stronger","potentialAction":[{"@type":"SearchAction","target":{"@type":"EntryPoint","urlTemplate":"https:\/\/fertilizercanada.ca\/?s={search_term_string}"},"query-input":{"@type":"PropertyValueSpecification","valueRequired":true,"valueName":"search_term_string"}}],"inLanguage":"fr-FR"}]}},"_links":{"self":[{"href":"https:\/\/fertilizercanada.ca\/fr\/wp-json\/wp\/v2\/pages\/11304","targetHints":{"allow":["GET"]}}],"collection":[{"href":"https:\/\/fertilizercanada.ca\/fr\/wp-json\/wp\/v2\/pages"}],"about":[{"href":"https:\/\/fertilizercanada.ca\/fr\/wp-json\/wp\/v2\/types\/page"}],"author":[{"embeddable":true,"href":"https:\/\/fertilizercanada.ca\/fr\/wp-json\/wp\/v2\/users\/1"}],"replies":[{"embeddable":true,"href":"https:\/\/fertilizercanada.ca\/fr\/wp-json\/wp\/v2\/comments?post=11304"}],"version-history":[{"count":0,"href":"https:\/\/fertilizercanada.ca\/fr\/wp-json\/wp\/v2\/pages\/11304\/revisions"}],"up":[{"embeddable":true,"href":"https:\/\/fertilizercanada.ca\/fr\/wp-json\/wp\/v2\/pages\/11327"}],"wp:featuredmedia":[{"embeddable":true,"href":"https:\/\/fertilizercanada.ca\/fr\/wp-json\/wp\/v2\/media\/9376"}],"wp:attachment":[{"href":"https:\/\/fertilizercanada.ca\/fr\/wp-json\/wp\/v2\/media?parent=11304"}],"curies":[{"name":"wp","href":"https:\/\/api.w.org\/{rel}","templated":true}]}}