{"id":11306,"date":"2020-08-19T14:52:15","date_gmt":"2020-08-19T18:52:15","guid":{"rendered":"https:\/\/fc2020.staging.baytek.ca\/?page_id=11306"},"modified":"2024-12-20T14:31:55","modified_gmt":"2024-12-20T19:31:55","slug":"ontario","status":"publish","type":"page","link":"https:\/\/fertilizercanada.ca\/fr\/notre-priorite\/gerance\/certification-4b\/ontario\/","title":{"rendered":"Ontario"},"content":{"rendered":"\n<div class=\"wp-block-group alignfull hero\"><div class=\"wp-block-group__inner-container is-layout-flow wp-block-group-is-layout-flow\">\n<div class=\"wp-block-cover is-light\"><span aria-hidden=\"true\" class=\"wp-block-cover__background has-black-background-color has-background-dim\"><\/span><img loading=\"lazy\" decoding=\"async\" width=\"1920\" height=\"1280\" class=\"wp-block-cover__image-background wp-image-9375\" src=\"https:\/\/fertilizercanada.ca\/wp-content\/uploads\/2020\/04\/4r-certification.jpg\" data-object-fit=\"cover\" srcset=\"https:\/\/fertilizercanada.ca\/wp-content\/uploads\/2020\/04\/4r-certification.jpg 1920w, https:\/\/fertilizercanada.ca\/wp-content\/uploads\/2020\/04\/4r-certification-300x200.jpg 300w, https:\/\/fertilizercanada.ca\/wp-content\/uploads\/2020\/04\/4r-certification-1024x683.jpg 1024w, https:\/\/fertilizercanada.ca\/wp-content\/uploads\/2020\/04\/4r-certification-768x512.jpg 768w, https:\/\/fertilizercanada.ca\/wp-content\/uploads\/2020\/04\/4r-certification-1536x1024.jpg 1536w, https:\/\/fertilizercanada.ca\/wp-content\/uploads\/2020\/04\/4r-certification-800x534.jpg 800w\" sizes=\"auto, (max-width: 1920px) 100vw, 1920px\" \/><div class=\"wp-block-cover__inner-container is-layout-flow wp-block-cover-is-layout-flow\">\n\n<span class=\"breadcrumbs\">\n\t\t\t<span class=\"eyebrow crumb has-small-font-size\"><a class=\"has-white-color\" href=\"https:\/\/fertilizercanada.ca\/fr\/notre-priorite\/\">Notre priorit\u00e9<\/a><\/span>\n\t\t\t<span class=\"eyebrow crumb has-small-font-size\"><a class=\"has-white-color\" href=\"https:\/\/fertilizercanada.ca\/fr\/notre-priorite\/gerance\/\">G\u00e9rance<\/a><\/span>\n\t\t\t<span class=\"eyebrow crumb has-small-font-size\"><a class=\"has-white-color\" href=\"https:\/\/fertilizercanada.ca\/fr\/notre-priorite\/gerance\/certification-4b\/\">Certification 4B<\/a><\/span>\n\t<\/span>\n\n\n\n\n<h1 class=\"wp-block-heading\">Ontario<\/h1>\n\n\n\n\n<\/div><\/div>\n<\/div><\/div>\n\n\n\n<div class=\"wp-block-group alignwide narrow\"><div class=\"wp-block-group__inner-container is-layout-flow wp-block-group-is-layout-flow\">\n<p class=\"has-extra-large-font-size\">Le programme de certification 4B de l\u2019Ontario vient compl\u00e9ter un programme existant du m\u00eame nom dans l\u2019Ohio. Ensemble, les d\u00e9taillants agricoles et les agriculteurs des deux c\u00f4t\u00e9s de la fronti\u00e8re travailleront de concert pour r\u00e9duire les effets de l\u2019agriculture sur l\u2019environnement, tout en augmentant la productivit\u00e9 de leurs cultures. Le but du programme en Ontario est de :<\/p>\n\n\n\n<ul class=\"wp-block-list\">\n<li>optimiser l\u2019absorption des nutriments par les cultures et minimiser les pertes de nutriments;<\/li>\n\n\n\n<li>cr\u00e9er des effets positifs \u00e0 long terme sur les plans d\u2019eau associ\u00e9s aux zones de production agricole, notamment la r\u00e9duction de l\u2019eutrophisation et l\u2019incidence des prolif\u00e9rations d\u2019algues nuisibles, et aider \u00e0 respecter les normes de qualit\u00e9 de l\u2019eau;<\/li>\n\n\n\n<li>encourager le partage de renseignements les plus r\u00e9cents sur la gestion responsable des nutriments avec les fournisseurs de services de nutriments et les producteurs, ainsi qu\u2019avec d\u2019autres groupes int\u00e9ress\u00e9s;<\/li>\n\n\n\n<li>aider le secteur agricole \u00e0 s\u2019adapter aux nouvelles recherches et technologies dans le domaine de la g\u00e9rance des nutriments.<\/li>\n<\/ul>\n\n\n\n<p class=\"has-extra-large-font-size\">L\u2019industrie agricole de l\u2019Ontario s\u2019est engag\u00e9e \u00e0 am\u00e9liorer \u00e0 long terme la qualit\u00e9 de l\u2019eau des Grands Lacs. En r\u00e9affirmant la n\u00e9cessit\u00e9 de prot\u00e9ger et de restaurer la sant\u00e9 \u00e9cologique des Grands Lacs, nous sommes d\u00e9termin\u00e9s \u00e0 faire partie de la solution et veiller \u00e0 ce que l\u2019eau des Grands Lacs demeure \u00ab propre \u00e0 la consommation, \u00e0 la baignade et \u00e0 la p\u00eache \u00bb. L\u2019industrie reconna\u00eet le potentiel de r\u00e9glementation, l\u2019importance de la g\u00e9rance environnementale et son r\u00f4le dans l\u2019utilisation appropri\u00e9e des engrais.<br \/>&nbsp;<\/p>\n\n\n\n<h2 class=\"wp-block-heading extra-medium-top-margin\">Suivez ces \u00e9tapes pour obtenir la certification 4B en Ontario<\/h2>\n\n\n\n<h3 class=\"wp-block-heading\">1. Se renseigner sur la certification 4B :<\/h3>\n\n\n\n<p class=\"has-extra-large-font-size\">La certification 4B est un programme volontaire con\u00e7u pour permettre aux d\u00e9taillants agricoles de l\u2019Ontario d\u2019harmoniser leurs pratiques commerciales avec les principes de durabilit\u00e9 du programme G\u00e9rance des nutriments 4B, selon une v\u00e9rification par une tierce partie de 37 normes v\u00e9rifiables.<\/p>\n\n\n\n<div class=\"wp-block-columns card resource no-image no-excerpt is-layout-flex wp-container-core-columns-is-layout-1 wp-block-columns-is-layout-flex\">\n<div class=\"wp-block-column is-layout-flow wp-block-column-is-layout-flow\" style=\"flex-basis:60%\">\n<h4 class=\"wp-block-heading h5 has-green-color has-text-color\"><a href=\"\/wp-content\/uploads\/2019\/06\/standards-manual-version-1.2_June-2019.pdf\">Guide des normes, version 1.2<\/a><\/h4>\n<\/div>\n\n\n\n<div class=\"wp-block-column is-layout-flow wp-block-column-is-layout-flow\" style=\"flex-basis:40%\"><\/div>\n<\/div>\n\n\n\n<h3 class=\"wp-block-heading\">2.&nbsp;Rassembler les renseignements n\u00e9cessaires \u00e0 la v\u00e9rification<\/h3>\n\n\n\n<p class=\"has-extra-large-font-size\">Les ressources ci-apr\u00e8s vous aideront \u00e0 organiser la v\u00e9rification de la certification 4B et \u00e0 obtenir la certification 4B.<\/p>\n\n\n\n<div class=\"wp-block-columns card resource no-image no-excerpt is-layout-flex wp-container-core-columns-is-layout-2 wp-block-columns-is-layout-flex\">\n<div class=\"wp-block-column is-layout-flow wp-block-column-is-layout-flow\" style=\"flex-basis:60%\">\n<h4 class=\"wp-block-heading h5 has-green-color has-text-color\"><a href=\"\/wp-content\/uploads\/2018\/08\/fc_retailer-guidelines-summary2018_en_vf4-web.pdf\">Sommaire des lignes directrices \u00e0 l\u2019intention des d\u00e9taillants<\/a><\/h4>\n<\/div>\n\n\n\n<div class=\"wp-block-column is-layout-flow wp-block-column-is-layout-flow\" style=\"flex-basis:40%\"><\/div>\n<\/div>\n\n\n\n<p class=\"has-extra-large-font-size\"><em>Les documents \u00e0 l\u2019appui mentionn\u00e9s dans le sommaire seront fournis sur demande.<\/em><\/p>\n\n\n\n<h3 class=\"wp-block-heading\">3.&nbsp;Prendre rendez-vous pour la s\u00e9ance d\u2019encadrement pr\u00e9paratoire<\/h3>\n\n\n\n<p class=\"has-extra-large-font-size\">Offerte par Warriner Ag, la s\u00e9ance d\u2019encadrement pr\u00e9paratoire permet aux d\u00e9taillants agricoles de simuler le processus de v\u00e9rification et d\u2019en apprendre davantage sur les 37 normes.<\/p>\n\n\n\n<div class=\"wp-block-columns card resource no-image no-excerpt is-layout-flex wp-container-core-columns-is-layout-3 wp-block-columns-is-layout-flex\">\n<div class=\"wp-block-column is-layout-flow wp-block-column-is-layout-flow\" style=\"flex-basis:60%\">\n<h4 class=\"wp-block-heading h5 has-green-color has-text-color\"><a href=\"\/wp-content\/uploads\/2018\/06\/fc_postcard2018_coach-cert_vf-web.pdf\">Carte postale de l\u2019encadreur<\/a><\/h4>\n<\/div>\n\n\n\n<div class=\"wp-block-column is-layout-flow wp-block-column-is-layout-flow\" style=\"flex-basis:40%\"><\/div>\n<\/div>\n\n\n\n<p class=\"has-extra-large-font-size\"><a href=\"http:\/\/warrinerag.com\/contact-us\" target=\"_blank\" rel=\"noreferrer noopener\">R\u00e9servez votre pr\u00e9-audit maintenant<\/a><\/p>\n\n\n\n<h3 class=\"wp-block-heading\">4.&nbsp;Prendre rendez-vous pour la v\u00e9rification<\/h3>\n\n\n\n<p class=\"has-extra-large-font-size\">Vous pouvez d\u00e8s aujourd\u2019hui prendre rendez-vous pour votre v\u00e9rification officielle \u2014 la derni\u00e8re \u00e9tape pour obtenir la certification 4B.<\/p>\n\n\n\n<div class=\"wp-block-columns card resource no-image no-excerpt is-layout-flex wp-container-core-columns-is-layout-4 wp-block-columns-is-layout-flex\">\n<div class=\"wp-block-column is-layout-flow wp-block-column-is-layout-flow\" style=\"flex-basis:60%\">\n<h4 class=\"wp-block-heading h5 has-green-color has-text-color\"><a href=\"\/wp-content\/uploads\/2018\/06\/fc_postcard2018_auditor-cert_en_vf-web-2.pdf\">Carte postale du v\u00e9rificateur<\/a><\/h4>\n<\/div>\n\n\n\n<div class=\"wp-block-column is-layout-flow wp-block-column-is-layout-flow\" style=\"flex-basis:40%\"><\/div>\n<\/div>\n\n\n\n<p class=\"has-extra-large-font-size\"><strong>R\u00e9servez votre v\u00e9rification maintenant aupr\u00e8s de l\u2019un de nos v\u00e9rificateurs ci-dessous : <\/strong><\/p>\n\n\n\n<p class=\"has-extra-large-font-size\"><a href=\"mailto:somerset@quadro.net\" target=\"_blank\" rel=\"noreferrer noopener\">Bernie Benoit<\/a><\/p>\n\n\n\n<p class=\"has-extra-large-font-size\"><a href=\"mailto:cheryl@garnissfarms.com\" target=\"_blank\" rel=\"noreferrer noopener\">Cheryl Garniss<\/a><\/p>\n\n\n\n<div class=\"wp-block-group extra-medium-top-margin\"><div class=\"wp-block-group__inner-container is-layout-flow wp-block-group-is-layout-flow\">\n<div class=\"wp-block-columns video-box\">\n\t<div class=\"wp-block-column is-vertically-aligned-top top-border\" style=\"flex-basis:40%\">\n\t\t<h4 class=\"has-text-align-left h5\">Certification 4R &#8211; Offrir des solutions durables en Ontario (anglais seulement)<\/h4>\n\t\t<div class=\"wp-block-button open-popup-link\">\n\t\t\t<a class=\"wp-block-button__link has-text-color has-gold-color has-background has-white-background-color\" href=\"#certification-4r-offrir-des-solutions-durables-en-ontario-anglais-seulement\">Voir la vid\u00e9o<\/a>\n\t\t<\/div>\n\t<\/div>\n\t<div class=\"wp-block-column\" style=\"flex-basis:60%\">\n\t\t<figure class=\"wp-block-image size-large open-popup-link video-wrapper\">\n\t\t\t<a href=\"#certification-4r-offrir-des-solutions-durables-en-ontario-anglais-seulement\"><img decoding=\"async\" src=\"https:\/\/fertilizercanada.ca\/wp-content\/uploads\/2020\/04\/c9085f28e68d6da2f9c854ecf13e6d30@2x-1024x645.png\" \/><\/a>\n\t\t<\/figure>\n\t\t\t\t\t<div class=\"wp-block-group standard-modal video-modal mfp-hide\" id=\"certification-4r-offrir-des-solutions-durables-en-ontario-anglais-seulement\">\n\t\t\t\t<div class=\"wp-block-group__inner-container\">\n\t\t\t\t\t<div class=\"wp-block-group wp-embed-aspect-16-9 wp-has-aspect-ratio\">\n\t\t\t\t\t\t<div class=\"wp-block-group__inner-container\">\n\t\t\t\t\t\t\t<iframe loading=\"lazy\" title=\"4R Certification - Offering Sustainable Solutions in Ontario\" width=\"500\" height=\"281\" src=\"https:\/\/www.youtube.com\/embed\/ECaOjzI7_Xk?start=1&feature=oembed\" frameborder=\"0\" allow=\"accelerometer; autoplay; clipboard-write; encrypted-media; gyroscope; picture-in-picture; web-share\" referrerpolicy=\"strict-origin-when-cross-origin\" allowfullscreen><\/iframe>\t\t\t\t\t\t<\/div>\n\t\t\t\t\t<\/div>\n\t\t\t\t<\/div>\n\t\t\t<\/div>\n\t\t\t<\/div>\n<\/div>\n<\/div><\/div>\n<\/div><\/div>\n","protected":false},"excerpt":{"rendered":"<p>Le programme de certification 4B de l\u2019Ontario vient compl\u00e9ter un programme existant du m\u00eame nom dans l\u2019Ohio. Ensemble, les d\u00e9taillants<\/p>\n","protected":false},"author":1,"featured_media":0,"parent":11304,"menu_order":0,"comment_status":"closed","ping_status":"closed","template":"","meta":{"footnotes":""},"class_list":["post-11306","page","type-page","status-publish","hentry"],"yoast_head":"<!-- This site is optimized with the Yoast SEO plugin v24.7 - https:\/\/yoast.com\/wordpress\/plugins\/seo\/ -->\n<title>Ontario - Fertilizer Canada<\/title>\n<meta name=\"robots\" content=\"index, follow, max-snippet:-1, max-image-preview:large, max-video-preview:-1\" \/>\n<link rel=\"canonical\" href=\"https:\/\/fertilizercanada.ca\/fr\/notre-priorite\/gerance\/certification-4b\/ontario\/\" \/>\n<meta property=\"og:locale\" content=\"fr_FR\" \/>\n<meta property=\"og:type\" content=\"article\" \/>\n<meta property=\"og:title\" content=\"Ontario - Fertilizer Canada\" \/>\n<meta property=\"og:description\" content=\"Le programme de certification 4B de l\u2019Ontario vient compl\u00e9ter un programme existant du m\u00eame nom dans l\u2019Ohio. Ensemble, les d\u00e9taillants\" \/>\n<meta property=\"og:url\" content=\"https:\/\/fertilizercanada.ca\/fr\/notre-priorite\/gerance\/certification-4b\/ontario\/\" \/>\n<meta property=\"og:site_name\" content=\"Fertilizer Canada\" \/>\n<meta property=\"article:modified_time\" content=\"2024-12-20T19:31:55+00:00\" \/>\n<meta property=\"og:image\" content=\"https:\/\/fertilizercanada.ca\/wp-content\/uploads\/2020\/04\/4r-certification.jpg\" \/>\n\t<meta property=\"og:image:width\" content=\"1920\" \/>\n\t<meta property=\"og:image:height\" content=\"1280\" \/>\n\t<meta property=\"og:image:type\" content=\"image\/jpeg\" \/>\n<meta name=\"twitter:card\" content=\"summary_large_image\" \/>\n<meta name=\"twitter:site\" content=\"@FertilizerCA\" \/>\n<meta name=\"twitter:label1\" content=\"Dur\u00e9e de lecture estim\u00e9e\" \/>\n\t<meta name=\"twitter:data1\" content=\"3 minutes\" \/>\n<script type=\"application\/ld+json\" class=\"yoast-schema-graph\">{\"@context\":\"https:\/\/schema.org\",\"@graph\":[{\"@type\":\"WebPage\",\"@id\":\"https:\/\/fertilizercanada.ca\/fr\/notre-priorite\/gerance\/certification-4b\/ontario\/\",\"url\":\"https:\/\/fertilizercanada.ca\/fr\/notre-priorite\/gerance\/certification-4b\/ontario\/\",\"name\":\"Ontario - Fertilizer Canada\",\"isPartOf\":{\"@id\":\"https:\/\/fertilizercanada.ca\/#website\"},\"primaryImageOfPage\":{\"@id\":\"https:\/\/fertilizercanada.ca\/fr\/notre-priorite\/gerance\/certification-4b\/ontario\/#primaryimage\"},\"image\":{\"@id\":\"https:\/\/fertilizercanada.ca\/fr\/notre-priorite\/gerance\/certification-4b\/ontario\/#primaryimage\"},\"thumbnailUrl\":\"https:\/\/fertilizercanada.ca\/wp-content\/uploads\/2020\/04\/4r-certification.jpg\",\"datePublished\":\"2020-08-19T18:52:15+00:00\",\"dateModified\":\"2024-12-20T19:31:55+00:00\",\"breadcrumb\":{\"@id\":\"https:\/\/fertilizercanada.ca\/fr\/notre-priorite\/gerance\/certification-4b\/ontario\/#breadcrumb\"},\"inLanguage\":\"fr-FR\",\"potentialAction\":[{\"@type\":\"ReadAction\",\"target\":[\"https:\/\/fertilizercanada.ca\/fr\/notre-priorite\/gerance\/certification-4b\/ontario\/\"]}]},{\"@type\":\"ImageObject\",\"inLanguage\":\"fr-FR\",\"@id\":\"https:\/\/fertilizercanada.ca\/fr\/notre-priorite\/gerance\/certification-4b\/ontario\/#primaryimage\",\"url\":\"https:\/\/fertilizercanada.ca\/wp-content\/uploads\/2020\/04\/4r-certification.jpg\",\"contentUrl\":\"https:\/\/fertilizercanada.ca\/wp-content\/uploads\/2020\/04\/4r-certification.jpg\"},{\"@type\":\"BreadcrumbList\",\"@id\":\"https:\/\/fertilizercanada.ca\/fr\/notre-priorite\/gerance\/certification-4b\/ontario\/#breadcrumb\",\"itemListElement\":[{\"@type\":\"ListItem\",\"position\":1,\"name\":\"Home\",\"item\":\"https:\/\/fertilizercanada.ca\/fr\/\"},{\"@type\":\"ListItem\",\"position\":2,\"name\":\"Notre priorit\u00e9\",\"item\":\"https:\/\/fertilizercanada.ca\/fr\/notre-priorite\/\"},{\"@type\":\"ListItem\",\"position\":3,\"name\":\"G\u00e9rance\",\"item\":\"https:\/\/fertilizercanada.ca\/fr\/notre-priorite\/gerance\/\"},{\"@type\":\"ListItem\",\"position\":4,\"name\":\"Certification 4B\",\"item\":\"https:\/\/fertilizercanada.ca\/fr\/notre-priorite\/gerance\/certification-4b\/\"},{\"@type\":\"ListItem\",\"position\":5,\"name\":\"Ontario\"}]},{\"@type\":\"WebSite\",\"@id\":\"https:\/\/fertilizercanada.ca\/#website\",\"url\":\"https:\/\/fertilizercanada.ca\/\",\"name\":\"Fertilizer Canada\",\"description\":\"Growing Stronger\",\"potentialAction\":[{\"@type\":\"SearchAction\",\"target\":{\"@type\":\"EntryPoint\",\"urlTemplate\":\"https:\/\/fertilizercanada.ca\/?s={search_term_string}\"},\"query-input\":{\"@type\":\"PropertyValueSpecification\",\"valueRequired\":true,\"valueName\":\"search_term_string\"}}],\"inLanguage\":\"fr-FR\"}]}<\/script>\n<!-- \/ Yoast SEO plugin. -->","yoast_head_json":{"title":"Ontario - Fertilizer Canada","robots":{"index":"index","follow":"follow","max-snippet":"max-snippet:-1","max-image-preview":"max-image-preview:large","max-video-preview":"max-video-preview:-1"},"canonical":"https:\/\/fertilizercanada.ca\/fr\/notre-priorite\/gerance\/certification-4b\/ontario\/","og_locale":"fr_FR","og_type":"article","og_title":"Ontario - Fertilizer Canada","og_description":"Le programme de certification 4B de l\u2019Ontario vient compl\u00e9ter un programme existant du m\u00eame nom dans l\u2019Ohio. Ensemble, les d\u00e9taillants","og_url":"https:\/\/fertilizercanada.ca\/fr\/notre-priorite\/gerance\/certification-4b\/ontario\/","og_site_name":"Fertilizer Canada","article_modified_time":"2024-12-20T19:31:55+00:00","og_image":[{"width":1920,"height":1280,"url":"https:\/\/fertilizercanada.ca\/wp-content\/uploads\/2020\/04\/4r-certification.jpg","type":"image\/jpeg"}],"twitter_card":"summary_large_image","twitter_site":"@FertilizerCA","twitter_misc":{"Dur\u00e9e de lecture estim\u00e9e":"3 minutes"},"schema":{"@context":"https:\/\/schema.org","@graph":[{"@type":"WebPage","@id":"https:\/\/fertilizercanada.ca\/fr\/notre-priorite\/gerance\/certification-4b\/ontario\/","url":"https:\/\/fertilizercanada.ca\/fr\/notre-priorite\/gerance\/certification-4b\/ontario\/","name":"Ontario - Fertilizer Canada","isPartOf":{"@id":"https:\/\/fertilizercanada.ca\/#website"},"primaryImageOfPage":{"@id":"https:\/\/fertilizercanada.ca\/fr\/notre-priorite\/gerance\/certification-4b\/ontario\/#primaryimage"},"image":{"@id":"https:\/\/fertilizercanada.ca\/fr\/notre-priorite\/gerance\/certification-4b\/ontario\/#primaryimage"},"thumbnailUrl":"https:\/\/fertilizercanada.ca\/wp-content\/uploads\/2020\/04\/4r-certification.jpg","datePublished":"2020-08-19T18:52:15+00:00","dateModified":"2024-12-20T19:31:55+00:00","breadcrumb":{"@id":"https:\/\/fertilizercanada.ca\/fr\/notre-priorite\/gerance\/certification-4b\/ontario\/#breadcrumb"},"inLanguage":"fr-FR","potentialAction":[{"@type":"ReadAction","target":["https:\/\/fertilizercanada.ca\/fr\/notre-priorite\/gerance\/certification-4b\/ontario\/"]}]},{"@type":"ImageObject","inLanguage":"fr-FR","@id":"https:\/\/fertilizercanada.ca\/fr\/notre-priorite\/gerance\/certification-4b\/ontario\/#primaryimage","url":"https:\/\/fertilizercanada.ca\/wp-content\/uploads\/2020\/04\/4r-certification.jpg","contentUrl":"https:\/\/fertilizercanada.ca\/wp-content\/uploads\/2020\/04\/4r-certification.jpg"},{"@type":"BreadcrumbList","@id":"https:\/\/fertilizercanada.ca\/fr\/notre-priorite\/gerance\/certification-4b\/ontario\/#breadcrumb","itemListElement":[{"@type":"ListItem","position":1,"name":"Home","item":"https:\/\/fertilizercanada.ca\/fr\/"},{"@type":"ListItem","position":2,"name":"Notre priorit\u00e9","item":"https:\/\/fertilizercanada.ca\/fr\/notre-priorite\/"},{"@type":"ListItem","position":3,"name":"G\u00e9rance","item":"https:\/\/fertilizercanada.ca\/fr\/notre-priorite\/gerance\/"},{"@type":"ListItem","position":4,"name":"Certification 4B","item":"https:\/\/fertilizercanada.ca\/fr\/notre-priorite\/gerance\/certification-4b\/"},{"@type":"ListItem","position":5,"name":"Ontario"}]},{"@type":"WebSite","@id":"https:\/\/fertilizercanada.ca\/#website","url":"https:\/\/fertilizercanada.ca\/","name":"Fertilizer Canada","description":"Growing Stronger","potentialAction":[{"@type":"SearchAction","target":{"@type":"EntryPoint","urlTemplate":"https:\/\/fertilizercanada.ca\/?s={search_term_string}"},"query-input":{"@type":"PropertyValueSpecification","valueRequired":true,"valueName":"search_term_string"}}],"inLanguage":"fr-FR"}]}},"_links":{"self":[{"href":"https:\/\/fertilizercanada.ca\/fr\/wp-json\/wp\/v2\/pages\/11306","targetHints":{"allow":["GET"]}}],"collection":[{"href":"https:\/\/fertilizercanada.ca\/fr\/wp-json\/wp\/v2\/pages"}],"about":[{"href":"https:\/\/fertilizercanada.ca\/fr\/wp-json\/wp\/v2\/types\/page"}],"author":[{"embeddable":true,"href":"https:\/\/fertilizercanada.ca\/fr\/wp-json\/wp\/v2\/users\/1"}],"replies":[{"embeddable":true,"href":"https:\/\/fertilizercanada.ca\/fr\/wp-json\/wp\/v2\/comments?post=11306"}],"version-history":[{"count":1,"href":"https:\/\/fertilizercanada.ca\/fr\/wp-json\/wp\/v2\/pages\/11306\/revisions"}],"predecessor-version":[{"id":18597,"href":"https:\/\/fertilizercanada.ca\/fr\/wp-json\/wp\/v2\/pages\/11306\/revisions\/18597"}],"up":[{"embeddable":true,"href":"https:\/\/fertilizercanada.ca\/fr\/wp-json\/wp\/v2\/pages\/11304"}],"wp:attachment":[{"href":"https:\/\/fertilizercanada.ca\/fr\/wp-json\/wp\/v2\/media?parent=11306"}],"curies":[{"name":"wp","href":"https:\/\/api.w.org\/{rel}","templated":true}]}}