{"id":11308,"date":"2020-08-19T15:00:24","date_gmt":"2020-08-19T19:00:24","guid":{"rendered":"https:\/\/fc2020.staging.baytek.ca\/?page_id=11308"},"modified":"2020-09-24T10:01:28","modified_gmt":"2020-09-24T14:01:28","slug":"ile-du-prince-edouard","status":"publish","type":"page","link":"https:\/\/fertilizercanada.ca\/fr\/notre-priorite\/gerance\/certification-4b\/ile-du-prince-edouard\/","title":{"rendered":"\u00cele-du-Prince-\u00c9douard"},"content":{"rendered":"\n<div class=\"wp-block-group alignfull hero\"><div class=\"wp-block-group__inner-container is-layout-flow wp-block-group-is-layout-flow\">\n<div class=\"wp-block-cover has-black-background-color has-background-dim\" style=\"background-image:url(https:\/\/fertilizercanada.ca\/wp-content\/uploads\/2020\/04\/4r-certification.jpg)\"><div class=\"wp-block-cover__inner-container is-layout-flow wp-block-cover-is-layout-flow\">\n\n<span class=\"breadcrumbs\">\n\t\t\t<span class=\"eyebrow crumb has-small-font-size\"><a class=\"has-white-color\" href=\"https:\/\/fertilizercanada.ca\/fr\/notre-priorite\/\">Notre priorit\u00e9<\/a><\/span>\n\t\t\t<span class=\"eyebrow crumb has-small-font-size\"><a class=\"has-white-color\" href=\"https:\/\/fertilizercanada.ca\/fr\/notre-priorite\/gerance\/\">G\u00e9rance<\/a><\/span>\n\t\t\t<span class=\"eyebrow crumb has-small-font-size\"><a class=\"has-white-color\" href=\"https:\/\/fertilizercanada.ca\/fr\/notre-priorite\/gerance\/certification-4b\/\">Certification 4B<\/a><\/span>\n\t<\/span>\n\n\n\n\n<h1 class=\"wp-block-heading\">\u00cele-du-Prince-\u00c9douard<\/h1>\n\n\n\n\n<\/div><\/div>\n<\/div><\/div>\n\n\n\n<div class=\"wp-block-group alignwide narrow\"><div class=\"wp-block-group__inner-container is-layout-flow wp-block-group-is-layout-flow\">\n<p class=\"has-extra-large-font-size\">Les normes de certification 4B de l\u2019\u00ce.-P.-\u00c9. ont \u00e9t\u00e9 \u00e9labor\u00e9es par un groupe de travail sur la certification et un comit\u00e9 directeur afin de cr\u00e9er un ensemble de normes repr\u00e9sentatives des voies pr\u00e9occupantes de l\u2019agriculture, du paysage et de la perte de nutriments de l\u2019\u00ce.-P.-\u00c9. Les normes refl\u00e8tent les meilleures donn\u00e9es scientifiques, technologiques et r\u00e9glementaires disponibles pour les conditions de l\u2019\u00ce.-P.-\u00c9. L\u2019objectif du programme \u00e0 l\u2019\u00ce.-P.-\u00c9. est de :<\/p>\n\n\n\n<ul class=\"extra-large-font wp-block-list\"><li>optimiser la disponibilit\u00e9 et l\u2019absorption des nutriments des cultures afin d\u2019am\u00e9liorer la production des cultures et la sant\u00e9 des sols;<\/li><li>cr\u00e9er des effets positifs \u00e0 long terme sur les plans d\u2019eau associ\u00e9s aux zones de production agricole, notamment la r\u00e9duction de la perte de nutriments dans les sources d\u2019eau souterraine et de surface pour aider \u00e0 respecter les normes de qualit\u00e9 de l\u2019eau;<\/li><li>encourager le partage de l\u2019information la plus \u00e0 jour sur les fa\u00e7ons de r\u00e9duire les \u00e9missions de gaz \u00e0 effet de serre \u00e0 la ferme;<\/li><li>aider le secteur agricole \u00e0 s\u2019adapter aux nouvelles recherches et technologies dans le domaine de la g\u00e9rance des nutriments.<\/li><\/ul>\n\n\n\n<p class=\"has-extra-large-font-size\">L\u2019\u00cele-du-Prince-\u00c9douard re\u00e7oit la totalit\u00e9 de son eau potable des eaux souterraines, ce qui rend cette r\u00e9gion unique par rapport aux autres. La planification durable de la gestion des nutriments est un aspect essentiel de la protection des sources d\u2019eau potable. La gestion ad\u00e9quate des nutriments des cultures offre des avantages \u00e9conomiques et environnementaux aux producteurs et au reste de la soci\u00e9t\u00e9. L\u2019utilisation efficace des nutriments provenant des engrais commerciaux, du fumier ou d\u2019autres sources r\u00e9duit les co\u00fbts des intrants pour la production v\u00e9g\u00e9tale et minimise le risque de pertes de nutriments dans les sources d\u2019eau souterraine et de surface. L\u2019industrie reconna\u00eet le potentiel de r\u00e9glementation, l\u2019importance de la g\u00e9rance environnementale et son r\u00f4le dans l\u2019utilisation appropri\u00e9e des engrais.<\/p>\n\n\n\n<h2 class=\"extra-medium-top-margin wp-block-heading\">Suivez ces \u00e9tapes pour obtenir la certification 4B \u00e0 l\u2019\u00ce.-P.-\u00c9.<\/h2>\n\n\n\n<h3 class=\"wp-block-heading\">1.&nbsp;Se renseigner sur la certification 4B<\/h3>\n\n\n\n<p class=\"has-extra-large-font-size\">La certification 4B est un programme volontaire con\u00e7u pour permettre aux d\u00e9taillants agricoles de l\u2019\u00cele-du-Prince-\u00c9douard d\u2019harmoniser leurs pratiques commerciales avec les principes de durabilit\u00e9 du programme G\u00e9rance des nutriments 4B, selon une v\u00e9rification par une tierce partie de 38 normes v\u00e9rifiables.<\/p>\n\n\n\n<div class=\"wp-block-columns card resource no-image no-excerpt is-layout-flex wp-container-core-columns-is-layout-1 wp-block-columns-is-layout-flex\">\n<div class=\"wp-block-column is-layout-flow wp-block-column-is-layout-flow\" style=\"flex-basis:60%\">\n<h4 class=\"has-green-color has-text-color h5 wp-block-heading\">Guide des normes de l\u2019\u00ce.-P.\u00c9.<\/h4>\n<\/div>\n\n\n\n<div class=\"wp-block-column is-layout-flow wp-block-column-is-layout-flow\" style=\"flex-basis:40%\"><\/div>\n<\/div>\n\n\n\n<h3 class=\"wp-block-heading\">2.&nbsp;Rassembler les renseignements n\u00e9cessaires \u00e0 la v\u00e9rification<\/h3>\n\n\n\n<p class=\"has-extra-large-font-size\">Les ressources ci-apr\u00e8s vous aideront \u00e0 organiser la v\u00e9rification de la certification 4B et \u00e0 obtenir la certification 4B.<\/p>\n\n\n\n<div class=\"wp-block-columns card resource no-image no-excerpt is-layout-flex wp-container-core-columns-is-layout-2 wp-block-columns-is-layout-flex\">\n<div class=\"wp-block-column is-layout-flow wp-block-column-is-layout-flow\" style=\"flex-basis:60%\">\n<h4 class=\"has-green-color has-text-color h5 wp-block-heading\">(lien \u00e0 venir)<\/h4>\n<\/div>\n\n\n\n<div class=\"wp-block-column is-layout-flow wp-block-column-is-layout-flow\" style=\"flex-basis:40%\"><\/div>\n<\/div>\n\n\n\n<p class=\"has-extra-large-font-size\"><em>Les documents \u00e0 l\u2019appui mentionn\u00e9s dans le sommaire seront fournis sur demande.<\/em><\/p>\n\n\n\n<h3 class=\"wp-block-heading\">3.&nbsp;Prendre rendez-vous pour la s\u00e9ance d\u2019encadrement pr\u00e9paratoire<\/h3>\n\n\n\n<p class=\"has-extra-large-font-size\">Fertilisants Canada et l\u2019Agri Chemical Standards Association (AWSA) ont fourni une s\u00e9ance d\u2019encadrement pr\u00e9paratoire gratuite d\u2019une demi-journ\u00e9e \u00e0 chaque entreprise de d\u00e9tail agricole de l\u2019\u00ce.-P.-\u00c9. La v\u00e9rification pr\u00e9alable est une s\u00e9ance de formation qui passe en revue les 38 normes de l\u2019\u00ce.\u2011P.\u2011\u00c9. pour s\u2019assurer que le d\u00e9taillant agricole est pr\u00eat et qu\u2019il r\u00e9ussit le mieux possible pendant sa v\u00e9rification compl\u00e8te de certification 4B.<\/p>\n\n\n\n<p class=\"has-extra-large-font-size\"><strong>Pour en savoir plus sur une s\u00e9ance d\u2019encadrement pr\u00e9paratoire \u00e0 la certification 4B, veuillez communiquer avec McKenzie :<\/strong><\/p>\n\n\n\n<p class=\"has-extra-large-font-size\"><a href=\"mailto:msmith@fertilizercanada.ca\" target=\"_blank\" rel=\"noreferrer noopener\">McKenzie Smith<\/a><\/p>\n\n\n\n<h3 class=\"wp-block-heading\">4.&nbsp;Prendre rendez-vous pour la v\u00e9rification<\/h3>\n\n\n\n<p class=\"has-extra-large-font-size\">Vous pouvez d\u00e8s aujourd\u2019hui prendre rendez-vous pour votre v\u00e9rification officielle \u2014 la derni\u00e8re \u00e9tape pour obtenir la certification 4B.<\/p>\n\n\n\n<div class=\"wp-block-columns card resource no-image no-excerpt is-layout-flex wp-container-core-columns-is-layout-3 wp-block-columns-is-layout-flex\">\n<div class=\"wp-block-column is-layout-flow wp-block-column-is-layout-flow\" style=\"flex-basis:60%\">\n<h4 class=\"has-green-color has-text-color h5 wp-block-heading\">Carte postale du v\u00e9rificateur (lien \u00e0 venir)<\/h4>\n<\/div>\n\n\n\n<div class=\"wp-block-column is-layout-flow wp-block-column-is-layout-flow\" style=\"flex-basis:40%\"><\/div>\n<\/div>\n\n\n\n<div class=\"wp-block-group extra-medium-top-margin\"><div class=\"wp-block-group__inner-container is-layout-flow wp-block-group-is-layout-flow\">\n<div class=\"wp-block-columns video-box\">\n\t<div class=\"wp-block-column is-vertically-aligned-top top-border\" style=\"flex-basis:40%\">\n\t\t<h4 class=\"has-text-align-left h5\">G\u00e9rance des nutriments 4B \u00e0 l&rsquo;\u00cele du-Prince-\u00c9douard (anglais seulement)<\/h4>\n\t\t<div class=\"wp-block-button open-popup-link\">\n\t\t\t<a class=\"wp-block-button__link has-text-color has-gold-color has-background has-white-background-color\" href=\"#gerance-des-nutriments-4b-a-lile-du-prince-edouard-anglais-seulement\">Voir la vid\u00e9o<\/a>\n\t\t<\/div>\n\t<\/div>\n\t<div class=\"wp-block-column\" style=\"flex-basis:60%\">\n\t\t<figure class=\"wp-block-image size-large open-popup-link video-wrapper\">\n\t\t\t<a href=\"#gerance-des-nutriments-4b-a-lile-du-prince-edouard-anglais-seulement\"><img decoding=\"async\" src=\"https:\/\/fertilizercanada.ca\/wp-content\/uploads\/2020\/04\/0@2x-1024x645.png\" \/><\/a>\n\t\t<\/figure>\n\t\t\t\t\t<div class=\"wp-block-group standard-modal video-modal mfp-hide\" id=\"gerance-des-nutriments-4b-a-lile-du-prince-edouard-anglais-seulement\">\n\t\t\t\t<div class=\"wp-block-group__inner-container\">\n\t\t\t\t\t<div class=\"wp-block-group wp-embed-aspect-16-9 wp-has-aspect-ratio\">\n\t\t\t\t\t\t<div class=\"wp-block-group__inner-container\">\n\t\t\t\t\t\t\t<iframe loading=\"lazy\" title=\"4R Nutrient Stewardship on Prince Edward Island\" width=\"500\" height=\"281\" src=\"https:\/\/www.youtube.com\/embed\/LanfdYQ7LD0?feature=oembed\" frameborder=\"0\" allow=\"accelerometer; autoplay; clipboard-write; encrypted-media; gyroscope; picture-in-picture; web-share\" referrerpolicy=\"strict-origin-when-cross-origin\" allowfullscreen><\/iframe>\t\t\t\t\t\t<\/div>\n\t\t\t\t\t<\/div>\n\t\t\t\t<\/div>\n\t\t\t<\/div>\n\t\t\t<\/div>\n<\/div>\n<\/div><\/div>\n<\/div><\/div>\n","protected":false},"excerpt":{"rendered":"<p>Les normes de certification 4B de l\u2019\u00ce.-P.-\u00c9. ont \u00e9t\u00e9 \u00e9labor\u00e9es par un groupe de travail sur la certification et un<\/p>\n","protected":false},"author":1,"featured_media":0,"parent":11304,"menu_order":0,"comment_status":"closed","ping_status":"closed","template":"","meta":{"footnotes":""},"class_list":["post-11308","page","type-page","status-publish","hentry"],"yoast_head":"<!-- This site is optimized with the Yoast SEO plugin v24.7 - https:\/\/yoast.com\/wordpress\/plugins\/seo\/ -->\n<title>\u00cele-du-Prince-\u00c9douard - Fertilizer Canada<\/title>\n<meta name=\"robots\" content=\"index, follow, max-snippet:-1, max-image-preview:large, max-video-preview:-1\" \/>\n<link rel=\"canonical\" href=\"https:\/\/fertilizercanada.ca\/fr\/notre-priorite\/gerance\/certification-4b\/ile-du-prince-edouard\/\" \/>\n<meta property=\"og:locale\" content=\"fr_FR\" \/>\n<meta property=\"og:type\" content=\"article\" \/>\n<meta property=\"og:title\" content=\"\u00cele-du-Prince-\u00c9douard - Fertilizer Canada\" \/>\n<meta property=\"og:description\" content=\"Les normes de certification 4B de l\u2019\u00ce.-P.-\u00c9. ont \u00e9t\u00e9 \u00e9labor\u00e9es par un groupe de travail sur la certification et un\" \/>\n<meta property=\"og:url\" content=\"https:\/\/fertilizercanada.ca\/fr\/notre-priorite\/gerance\/certification-4b\/ile-du-prince-edouard\/\" \/>\n<meta property=\"og:site_name\" content=\"Fertilizer Canada\" \/>\n<meta property=\"article:modified_time\" content=\"2020-09-24T14:01:28+00:00\" \/>\n<meta name=\"twitter:card\" content=\"summary_large_image\" \/>\n<meta name=\"twitter:site\" content=\"@FertilizerCA\" \/>\n<meta name=\"twitter:label1\" content=\"Dur\u00e9e de lecture estim\u00e9e\" \/>\n\t<meta name=\"twitter:data1\" content=\"3 minutes\" \/>\n<script type=\"application\/ld+json\" class=\"yoast-schema-graph\">{\"@context\":\"https:\/\/schema.org\",\"@graph\":[{\"@type\":\"WebPage\",\"@id\":\"https:\/\/fertilizercanada.ca\/fr\/notre-priorite\/gerance\/certification-4b\/ile-du-prince-edouard\/\",\"url\":\"https:\/\/fertilizercanada.ca\/fr\/notre-priorite\/gerance\/certification-4b\/ile-du-prince-edouard\/\",\"name\":\"\u00cele-du-Prince-\u00c9douard - Fertilizer Canada\",\"isPartOf\":{\"@id\":\"https:\/\/fertilizercanada.ca\/#website\"},\"datePublished\":\"2020-08-19T19:00:24+00:00\",\"dateModified\":\"2020-09-24T14:01:28+00:00\",\"breadcrumb\":{\"@id\":\"https:\/\/fertilizercanada.ca\/fr\/notre-priorite\/gerance\/certification-4b\/ile-du-prince-edouard\/#breadcrumb\"},\"inLanguage\":\"fr-FR\",\"potentialAction\":[{\"@type\":\"ReadAction\",\"target\":[\"https:\/\/fertilizercanada.ca\/fr\/notre-priorite\/gerance\/certification-4b\/ile-du-prince-edouard\/\"]}]},{\"@type\":\"BreadcrumbList\",\"@id\":\"https:\/\/fertilizercanada.ca\/fr\/notre-priorite\/gerance\/certification-4b\/ile-du-prince-edouard\/#breadcrumb\",\"itemListElement\":[{\"@type\":\"ListItem\",\"position\":1,\"name\":\"Home\",\"item\":\"https:\/\/fertilizercanada.ca\/fr\/\"},{\"@type\":\"ListItem\",\"position\":2,\"name\":\"Notre priorit\u00e9\",\"item\":\"https:\/\/fertilizercanada.ca\/fr\/notre-priorite\/\"},{\"@type\":\"ListItem\",\"position\":3,\"name\":\"G\u00e9rance\",\"item\":\"https:\/\/fertilizercanada.ca\/fr\/notre-priorite\/gerance\/\"},{\"@type\":\"ListItem\",\"position\":4,\"name\":\"Certification 4B\",\"item\":\"https:\/\/fertilizercanada.ca\/fr\/notre-priorite\/gerance\/certification-4b\/\"},{\"@type\":\"ListItem\",\"position\":5,\"name\":\"\u00cele-du-Prince-\u00c9douard\"}]},{\"@type\":\"WebSite\",\"@id\":\"https:\/\/fertilizercanada.ca\/#website\",\"url\":\"https:\/\/fertilizercanada.ca\/\",\"name\":\"Fertilizer Canada\",\"description\":\"Growing Stronger\",\"potentialAction\":[{\"@type\":\"SearchAction\",\"target\":{\"@type\":\"EntryPoint\",\"urlTemplate\":\"https:\/\/fertilizercanada.ca\/?s={search_term_string}\"},\"query-input\":{\"@type\":\"PropertyValueSpecification\",\"valueRequired\":true,\"valueName\":\"search_term_string\"}}],\"inLanguage\":\"fr-FR\"}]}<\/script>\n<!-- \/ Yoast SEO plugin. -->","yoast_head_json":{"title":"\u00cele-du-Prince-\u00c9douard - Fertilizer Canada","robots":{"index":"index","follow":"follow","max-snippet":"max-snippet:-1","max-image-preview":"max-image-preview:large","max-video-preview":"max-video-preview:-1"},"canonical":"https:\/\/fertilizercanada.ca\/fr\/notre-priorite\/gerance\/certification-4b\/ile-du-prince-edouard\/","og_locale":"fr_FR","og_type":"article","og_title":"\u00cele-du-Prince-\u00c9douard - Fertilizer Canada","og_description":"Les normes de certification 4B de l\u2019\u00ce.-P.-\u00c9. ont \u00e9t\u00e9 \u00e9labor\u00e9es par un groupe de travail sur la certification et un","og_url":"https:\/\/fertilizercanada.ca\/fr\/notre-priorite\/gerance\/certification-4b\/ile-du-prince-edouard\/","og_site_name":"Fertilizer Canada","article_modified_time":"2020-09-24T14:01:28+00:00","twitter_card":"summary_large_image","twitter_site":"@FertilizerCA","twitter_misc":{"Dur\u00e9e de lecture estim\u00e9e":"3 minutes"},"schema":{"@context":"https:\/\/schema.org","@graph":[{"@type":"WebPage","@id":"https:\/\/fertilizercanada.ca\/fr\/notre-priorite\/gerance\/certification-4b\/ile-du-prince-edouard\/","url":"https:\/\/fertilizercanada.ca\/fr\/notre-priorite\/gerance\/certification-4b\/ile-du-prince-edouard\/","name":"\u00cele-du-Prince-\u00c9douard - Fertilizer Canada","isPartOf":{"@id":"https:\/\/fertilizercanada.ca\/#website"},"datePublished":"2020-08-19T19:00:24+00:00","dateModified":"2020-09-24T14:01:28+00:00","breadcrumb":{"@id":"https:\/\/fertilizercanada.ca\/fr\/notre-priorite\/gerance\/certification-4b\/ile-du-prince-edouard\/#breadcrumb"},"inLanguage":"fr-FR","potentialAction":[{"@type":"ReadAction","target":["https:\/\/fertilizercanada.ca\/fr\/notre-priorite\/gerance\/certification-4b\/ile-du-prince-edouard\/"]}]},{"@type":"BreadcrumbList","@id":"https:\/\/fertilizercanada.ca\/fr\/notre-priorite\/gerance\/certification-4b\/ile-du-prince-edouard\/#breadcrumb","itemListElement":[{"@type":"ListItem","position":1,"name":"Home","item":"https:\/\/fertilizercanada.ca\/fr\/"},{"@type":"ListItem","position":2,"name":"Notre priorit\u00e9","item":"https:\/\/fertilizercanada.ca\/fr\/notre-priorite\/"},{"@type":"ListItem","position":3,"name":"G\u00e9rance","item":"https:\/\/fertilizercanada.ca\/fr\/notre-priorite\/gerance\/"},{"@type":"ListItem","position":4,"name":"Certification 4B","item":"https:\/\/fertilizercanada.ca\/fr\/notre-priorite\/gerance\/certification-4b\/"},{"@type":"ListItem","position":5,"name":"\u00cele-du-Prince-\u00c9douard"}]},{"@type":"WebSite","@id":"https:\/\/fertilizercanada.ca\/#website","url":"https:\/\/fertilizercanada.ca\/","name":"Fertilizer Canada","description":"Growing Stronger","potentialAction":[{"@type":"SearchAction","target":{"@type":"EntryPoint","urlTemplate":"https:\/\/fertilizercanada.ca\/?s={search_term_string}"},"query-input":{"@type":"PropertyValueSpecification","valueRequired":true,"valueName":"search_term_string"}}],"inLanguage":"fr-FR"}]}},"_links":{"self":[{"href":"https:\/\/fertilizercanada.ca\/fr\/wp-json\/wp\/v2\/pages\/11308","targetHints":{"allow":["GET"]}}],"collection":[{"href":"https:\/\/fertilizercanada.ca\/fr\/wp-json\/wp\/v2\/pages"}],"about":[{"href":"https:\/\/fertilizercanada.ca\/fr\/wp-json\/wp\/v2\/types\/page"}],"author":[{"embeddable":true,"href":"https:\/\/fertilizercanada.ca\/fr\/wp-json\/wp\/v2\/users\/1"}],"replies":[{"embeddable":true,"href":"https:\/\/fertilizercanada.ca\/fr\/wp-json\/wp\/v2\/comments?post=11308"}],"version-history":[{"count":0,"href":"https:\/\/fertilizercanada.ca\/fr\/wp-json\/wp\/v2\/pages\/11308\/revisions"}],"up":[{"embeddable":true,"href":"https:\/\/fertilizercanada.ca\/fr\/wp-json\/wp\/v2\/pages\/11304"}],"wp:attachment":[{"href":"https:\/\/fertilizercanada.ca\/fr\/wp-json\/wp\/v2\/media?parent=11308"}],"curies":[{"name":"wp","href":"https:\/\/api.w.org\/{rel}","templated":true}]}}