{"id":11313,"date":"2020-08-19T15:12:58","date_gmt":"2020-08-19T19:12:58","guid":{"rendered":"https:\/\/fc2020.staging.baytek.ca\/?page_id=11313"},"modified":"2020-08-19T15:13:00","modified_gmt":"2020-08-19T19:13:00","slug":"notre-priorite","status":"publish","type":"page","link":"https:\/\/fertilizercanada.ca\/fr\/notre-priorite\/","title":{"rendered":"Notre priorit\u00e9"},"content":{"rendered":"\n<div class=\"wp-block-group hero alignfull top-level\"><div class=\"wp-block-group__inner-container is-layout-flow wp-block-group-is-layout-flow\">\n<div class=\"wp-block-cover has-background-dim\" style=\"background-image:url(https:\/\/fertilizercanada.ca\/wp-content\/uploads\/2020\/04\/latest-bg-scaled.jpg)\"><div class=\"wp-block-cover__inner-container is-layout-flow wp-block-cover-is-layout-flow\">\n<h1 class=\"wp-block-heading\">Our Focus<\/h1>\n\n\n\n<p>We are&nbsp;a unified voice for the fertilizer industry. Fertilizer Canada is an industry association that represents the interests of wholesalers, farmers, transporters and first responders.<\/p>\n<\/div><\/div>\n<\/div><\/div>\n\n\n\n<div class=\"wp-block-group\"><div class=\"wp-block-group__inner-container is-layout-flow wp-block-group-is-layout-flow\">\n<div class=\"wp-block-group\"><div class=\"wp-block-group__inner-container is-layout-flow wp-block-group-is-layout-flow\">\n<div class=\"wp-block-columns is-layout-flex wp-container-core-columns-is-layout-9d6595d7 wp-block-columns-is-layout-flex\">\n<div class=\"wp-block-column is-layout-flow wp-block-column-is-layout-flow\">\n<div class=\"wp-block-group card linked-card no-padding\"><div class=\"wp-block-group__inner-container is-layout-flow wp-block-group-is-layout-flow\">\n<figure class=\"wp-block-image size-large\"><img loading=\"lazy\" decoding=\"async\" width=\"1024\" height=\"683\" src=\"https:\/\/fertilizercanada.ca\/wp-content\/uploads\/2020\/04\/stewardship-1-1024x683.jpg\" alt=\"\" class=\"wp-image-9539\" srcset=\"https:\/\/fertilizercanada.ca\/wp-content\/uploads\/2020\/04\/stewardship-1-1024x683.jpg 1024w, https:\/\/fertilizercanada.ca\/wp-content\/uploads\/2020\/04\/stewardship-1-300x200.jpg 300w, https:\/\/fertilizercanada.ca\/wp-content\/uploads\/2020\/04\/stewardship-1-768x513.jpg 768w, https:\/\/fertilizercanada.ca\/wp-content\/uploads\/2020\/04\/stewardship-1-800x534.jpg 800w, https:\/\/fertilizercanada.ca\/wp-content\/uploads\/2020\/04\/stewardship-1.jpg 1500w\" sizes=\"auto, (max-width: 1024px) 100vw, 1024px\" \/><\/figure>\n\n\n\n<div class=\"wp-block-group content\"><div class=\"wp-block-group__inner-container is-layout-flow wp-block-group-is-layout-flow\">\n<h4 class=\"wp-block-heading h5\">Gestion<\/h4>\n\n\n\n<p class=\"has-small-font-size\">Fertilisants Canada travaille avec tous les intervenants de l\u2019industrie pour faire avancer l\u2019\u00e9laboration et le d\u00e9ploiement des meilleures pratiques de g\u00e9rance environnementale des fertilisants en s\u2019appuyant sur des donn\u00e9es scientifiques.<\/p>\n\n\n\n<div class=\"wp-block-button view-more\"><a class=\"wp-block-button__link has-gold-color has-white-background-color has-text-color has-background wp-element-button\" href=\"\/fr\/notre-priorite\/gerance\/\">En savoir plus<\/a><\/div>\n<\/div><\/div>\n<\/div><\/div>\n<\/div>\n\n\n\n<div class=\"wp-block-column is-layout-flow wp-block-column-is-layout-flow\">\n<div class=\"wp-block-group card linked-card no-padding\"><div class=\"wp-block-group__inner-container is-layout-flow wp-block-group-is-layout-flow\">\n<figure class=\"wp-block-image size-large\"><img loading=\"lazy\" decoding=\"async\" width=\"1024\" height=\"683\" src=\"https:\/\/fertilizercanada.ca\/wp-content\/uploads\/2020\/04\/safety-security-1024x683.jpg\" alt=\"\" class=\"wp-image-9533\" srcset=\"https:\/\/fertilizercanada.ca\/wp-content\/uploads\/2020\/04\/safety-security-1024x683.jpg 1024w, https:\/\/fertilizercanada.ca\/wp-content\/uploads\/2020\/04\/safety-security-300x200.jpg 300w, https:\/\/fertilizercanada.ca\/wp-content\/uploads\/2020\/04\/safety-security-768x512.jpg 768w, https:\/\/fertilizercanada.ca\/wp-content\/uploads\/2020\/04\/safety-security-1536x1024.jpg 1536w, https:\/\/fertilizercanada.ca\/wp-content\/uploads\/2020\/04\/safety-security-800x534.jpg 800w, https:\/\/fertilizercanada.ca\/wp-content\/uploads\/2020\/04\/safety-security.jpg 1920w\" sizes=\"auto, (max-width: 1024px) 100vw, 1024px\" \/><\/figure>\n\n\n\n<div class=\"wp-block-group content\"><div class=\"wp-block-group__inner-container is-layout-flow wp-block-group-is-layout-flow\">\n<h4 class=\"wp-block-heading h5\">S\u00fbret\u00e9 et s\u00e9curit\u00e9<\/h4>\n\n\n\n<p class=\"has-small-font-size\">Au nom de l\u2019industrie, des agriculteurs et du public, Fertilisants Canada aide \u00e0 faire en sorte que les fertilisants soient entrepos\u00e9s, transport\u00e9s et \u00e9pandus avec un souci minutieux pour la s\u00e9curit\u00e9.<\/p>\n\n\n\n<div class=\"wp-block-button view-more\"><a class=\"wp-block-button__link has-gold-color has-white-background-color has-text-color has-background wp-element-button\" href=\"\/fr\/notre-priorite\/surete-et-securite\/\">En savoir plus<\/a><\/div>\n<\/div><\/div>\n<\/div><\/div>\n<\/div>\n\n\n\n<div class=\"wp-block-column is-layout-flow wp-block-column-is-layout-flow\">\n<div class=\"wp-block-group card linked-card no-padding\"><div class=\"wp-block-group__inner-container is-layout-flow wp-block-group-is-layout-flow\">\n<figure class=\"wp-block-image size-large\"><img loading=\"lazy\" decoding=\"async\" width=\"1024\" height=\"683\" src=\"https:\/\/fertilizercanada.ca\/wp-content\/uploads\/2020\/08\/advocacy-hero-1024x683.jpg\" alt=\"\" class=\"wp-image-11244\" srcset=\"https:\/\/fertilizercanada.ca\/wp-content\/uploads\/2020\/08\/advocacy-hero-1024x683.jpg 1024w, https:\/\/fertilizercanada.ca\/wp-content\/uploads\/2020\/08\/advocacy-hero-300x200.jpg 300w, https:\/\/fertilizercanada.ca\/wp-content\/uploads\/2020\/08\/advocacy-hero-768x512.jpg 768w, https:\/\/fertilizercanada.ca\/wp-content\/uploads\/2020\/08\/advocacy-hero-1536x1024.jpg 1536w, https:\/\/fertilizercanada.ca\/wp-content\/uploads\/2020\/08\/advocacy-hero-800x534.jpg 800w, https:\/\/fertilizercanada.ca\/wp-content\/uploads\/2020\/08\/advocacy-hero.jpg 1920w\" sizes=\"auto, (max-width: 1024px) 100vw, 1024px\" \/><\/figure>\n\n\n\n<div class=\"wp-block-group content\"><div class=\"wp-block-group__inner-container is-layout-flow wp-block-group-is-layout-flow\">\n<h4 class=\"wp-block-heading h5\">D\u00e9fense des int\u00e9r\u00eats<\/h4>\n\n\n\n<p class=\"has-small-font-size\">Pour accro\u00eetre la comp\u00e9titivit\u00e9 de l\u2019agriculture canadienne dans le monde, Fertilisants Canada est en liaison avec le gouvernement dans une vaste gamme de dossiers de politique d\u2019int\u00e9r\u00eat pour le secteur des fertilisants.<\/p>\n\n\n\n<div class=\"wp-block-button view-more\"><a class=\"wp-block-button__link has-gold-color has-white-background-color has-text-color has-background wp-element-button\" href=\"\/fr\/notre-priorite\/defense-des-interets\/\">En savoir plus<\/a><\/div>\n<\/div><\/div>\n<\/div><\/div>\n<\/div>\n<\/div>\n\n\n\n<div class=\"wp-block-columns is-layout-flex wp-container-core-columns-is-layout-9d6595d7 wp-block-columns-is-layout-flex\">\n<div class=\"wp-block-column is-layout-flow wp-block-column-is-layout-flow\">\n<div class=\"wp-block-group card linked-card no-padding\"><div class=\"wp-block-group__inner-container is-layout-flow wp-block-group-is-layout-flow\">\n<figure class=\"wp-block-image size-large\"><img loading=\"lazy\" decoding=\"async\" width=\"1024\" height=\"683\" src=\"https:\/\/fertilizercanada.ca\/wp-content\/uploads\/2020\/04\/our-members-1024x683.jpg\" alt=\"\" class=\"wp-image-9516\" srcset=\"https:\/\/fertilizercanada.ca\/wp-content\/uploads\/2020\/04\/our-members-1024x683.jpg 1024w, https:\/\/fertilizercanada.ca\/wp-content\/uploads\/2020\/04\/our-members-300x200.jpg 300w, https:\/\/fertilizercanada.ca\/wp-content\/uploads\/2020\/04\/our-members-768x512.jpg 768w, https:\/\/fertilizercanada.ca\/wp-content\/uploads\/2020\/04\/our-members-1536x1024.jpg 1536w, https:\/\/fertilizercanada.ca\/wp-content\/uploads\/2020\/04\/our-members-800x534.jpg 800w, https:\/\/fertilizercanada.ca\/wp-content\/uploads\/2020\/04\/our-members.jpg 1920w\" sizes=\"auto, (max-width: 1024px) 100vw, 1024px\" \/><\/figure>\n\n\n\n<div class=\"wp-block-group content\"><div class=\"wp-block-group__inner-container is-layout-flow wp-block-group-is-layout-flow\">\n<h4 class=\"wp-block-heading h5\">Adh\u00e9sion<\/h4>\n\n\n\n<p class=\"has-small-font-size\">Fertilisants Canada a pris l\u2019engagement de donner une grande valeur \u00e0 ses membres. Votre entreprise profitera d\u2019une vaste gamme de services assur\u00e9s par une \u00e9quipe de professionnels qui sont respect\u00e9s, et reconnus au Canada et dans l\u2019industrie internationale des fertilisants.<\/p>\n\n\n\n<div class=\"wp-block-button view-more\"><a class=\"wp-block-button__link has-gold-color has-white-background-color has-text-color has-background wp-element-button\" href=\"\/fr\/adhesion\/\">En savoir plus<\/a><\/div>\n<\/div><\/div>\n<\/div><\/div>\n<\/div>\n\n\n\n<div class=\"wp-block-column is-layout-flow wp-block-column-is-layout-flow\">\n<div class=\"wp-block-group card linked-card no-padding\"><div class=\"wp-block-group__inner-container is-layout-flow wp-block-group-is-layout-flow\"><\/div><\/div>\n<\/div>\n\n\n\n<div class=\"wp-block-column is-layout-flow wp-block-column-is-layout-flow\">\n<div class=\"wp-block-group card linked-card no-padding\"><div class=\"wp-block-group__inner-container is-layout-flow wp-block-group-is-layout-flow\">\n<figure class=\"wp-block-image size-large\"><img loading=\"lazy\" decoding=\"async\" width=\"1024\" height=\"683\" src=\"https:\/\/fertilizercanada.ca\/wp-content\/uploads\/2020\/04\/organizational-excellence-1024x683.jpg\" alt=\"\" class=\"wp-image-9513\" srcset=\"https:\/\/fertilizercanada.ca\/wp-content\/uploads\/2020\/04\/organizational-excellence-1024x683.jpg 1024w, https:\/\/fertilizercanada.ca\/wp-content\/uploads\/2020\/04\/organizational-excellence-300x200.jpg 300w, https:\/\/fertilizercanada.ca\/wp-content\/uploads\/2020\/04\/organizational-excellence-768x512.jpg 768w, https:\/\/fertilizercanada.ca\/wp-content\/uploads\/2020\/04\/organizational-excellence-1536x1024.jpg 1536w, https:\/\/fertilizercanada.ca\/wp-content\/uploads\/2020\/04\/organizational-excellence-800x534.jpg 800w, https:\/\/fertilizercanada.ca\/wp-content\/uploads\/2020\/04\/organizational-excellence.jpg 1920w\" sizes=\"auto, (max-width: 1024px) 100vw, 1024px\" \/><\/figure>\n\n\n\n<div class=\"wp-block-group content\"><div class=\"wp-block-group__inner-container is-layout-flow wp-block-group-is-layout-flow\">\n<h4 class=\"wp-block-heading h5\">Comit\u00e9s<\/h4>\n\n\n\n<p class=\"has-small-font-size\">Les comit\u00e9s sont une composante essentielle du succ\u00e8s de Fertilisants Canada. Lorsqu\u2019ils travaillent efficacement, nos comit\u00e9s fournissent des renseignements et des conseils pr\u00e9cieux au conseil d\u2019administration et au personnel, et peuvent aider \u00e0 atteindre efficacement les objectifs et la vision de l\u2019association.<\/p>\n\n\n\n<div class=\"wp-block-button view-more\"><a class=\"wp-block-button__link has-gold-color has-white-background-color has-text-color has-background wp-element-button\" href=\"\/fr\/notre-priorite\/comites\/\">En savoir plus<\/a><\/div>\n<\/div><\/div>\n<\/div><\/div>\n<\/div>\n<\/div>\n<\/div><\/div>\n<\/div><\/div>\n","protected":false},"excerpt":{"rendered":"","protected":false},"author":1,"featured_media":0,"parent":0,"menu_order":0,"comment_status":"closed","ping_status":"closed","template":"","meta":{"footnotes":""},"class_list":["post-11313","page","type-page","status-publish","hentry"],"yoast_head":"<!-- This site is optimized with the Yoast SEO plugin v27.4 - https:\/\/yoast.com\/product\/yoast-seo-wordpress\/ -->\n<title>Notre priorit\u00e9 - Fertilizer Canada<\/title>\n<meta name=\"robots\" content=\"index, follow, max-snippet:-1, max-image-preview:large, max-video-preview:-1\" \/>\n<link rel=\"canonical\" href=\"https:\/\/fertilizercanada.ca\/fr\/notre-priorite\/\" \/>\n<meta property=\"og:locale\" content=\"fr_FR\" \/>\n<meta property=\"og:type\" content=\"article\" \/>\n<meta property=\"og:title\" content=\"Notre priorit\u00e9 - Fertilizer Canada\" \/>\n<meta property=\"og:url\" content=\"https:\/\/fertilizercanada.ca\/fr\/notre-priorite\/\" \/>\n<meta property=\"og:site_name\" content=\"Fertilizer Canada\" \/>\n<meta property=\"article:modified_time\" content=\"2020-08-19T19:13:00+00:00\" \/>\n<meta name=\"twitter:card\" content=\"summary_large_image\" \/>\n<meta name=\"twitter:site\" content=\"@FertilizerCA\" \/>\n<script type=\"application\/ld+json\" class=\"yoast-schema-graph\">{\"@context\":\"https:\\\/\\\/schema.org\",\"@graph\":[{\"@type\":\"WebPage\",\"@id\":\"https:\\\/\\\/fertilizercanada.ca\\\/fr\\\/notre-priorite\\\/\",\"url\":\"https:\\\/\\\/fertilizercanada.ca\\\/fr\\\/notre-priorite\\\/\",\"name\":\"Notre priorit\u00e9 - Fertilizer Canada\",\"isPartOf\":{\"@id\":\"https:\\\/\\\/fertilizercanada.ca\\\/#website\"},\"datePublished\":\"2020-08-19T19:12:58+00:00\",\"dateModified\":\"2020-08-19T19:13:00+00:00\",\"breadcrumb\":{\"@id\":\"https:\\\/\\\/fertilizercanada.ca\\\/fr\\\/notre-priorite\\\/#breadcrumb\"},\"inLanguage\":\"fr-FR\",\"potentialAction\":[{\"@type\":\"ReadAction\",\"target\":[\"https:\\\/\\\/fertilizercanada.ca\\\/fr\\\/notre-priorite\\\/\"]}]},{\"@type\":\"BreadcrumbList\",\"@id\":\"https:\\\/\\\/fertilizercanada.ca\\\/fr\\\/notre-priorite\\\/#breadcrumb\",\"itemListElement\":[{\"@type\":\"ListItem\",\"position\":1,\"name\":\"Home\",\"item\":\"https:\\\/\\\/fertilizercanada.ca\\\/fr\\\/\"},{\"@type\":\"ListItem\",\"position\":2,\"name\":\"Notre priorit\u00e9\"}]},{\"@type\":\"WebSite\",\"@id\":\"https:\\\/\\\/fertilizercanada.ca\\\/#website\",\"url\":\"https:\\\/\\\/fertilizercanada.ca\\\/\",\"name\":\"Fertilizer Canada\",\"description\":\"Growing Stronger\",\"potentialAction\":[{\"@type\":\"SearchAction\",\"target\":{\"@type\":\"EntryPoint\",\"urlTemplate\":\"https:\\\/\\\/fertilizercanada.ca\\\/?s={search_term_string}\"},\"query-input\":{\"@type\":\"PropertyValueSpecification\",\"valueRequired\":true,\"valueName\":\"search_term_string\"}}],\"inLanguage\":\"fr-FR\"}]}<\/script>\n<!-- \/ Yoast SEO plugin. -->","yoast_head_json":{"title":"Notre priorit\u00e9 - Fertilizer Canada","robots":{"index":"index","follow":"follow","max-snippet":"max-snippet:-1","max-image-preview":"max-image-preview:large","max-video-preview":"max-video-preview:-1"},"canonical":"https:\/\/fertilizercanada.ca\/fr\/notre-priorite\/","og_locale":"fr_FR","og_type":"article","og_title":"Notre priorit\u00e9 - Fertilizer Canada","og_url":"https:\/\/fertilizercanada.ca\/fr\/notre-priorite\/","og_site_name":"Fertilizer Canada","article_modified_time":"2020-08-19T19:13:00+00:00","twitter_card":"summary_large_image","twitter_site":"@FertilizerCA","schema":{"@context":"https:\/\/schema.org","@graph":[{"@type":"WebPage","@id":"https:\/\/fertilizercanada.ca\/fr\/notre-priorite\/","url":"https:\/\/fertilizercanada.ca\/fr\/notre-priorite\/","name":"Notre priorit\u00e9 - Fertilizer Canada","isPartOf":{"@id":"https:\/\/fertilizercanada.ca\/#website"},"datePublished":"2020-08-19T19:12:58+00:00","dateModified":"2020-08-19T19:13:00+00:00","breadcrumb":{"@id":"https:\/\/fertilizercanada.ca\/fr\/notre-priorite\/#breadcrumb"},"inLanguage":"fr-FR","potentialAction":[{"@type":"ReadAction","target":["https:\/\/fertilizercanada.ca\/fr\/notre-priorite\/"]}]},{"@type":"BreadcrumbList","@id":"https:\/\/fertilizercanada.ca\/fr\/notre-priorite\/#breadcrumb","itemListElement":[{"@type":"ListItem","position":1,"name":"Home","item":"https:\/\/fertilizercanada.ca\/fr\/"},{"@type":"ListItem","position":2,"name":"Notre priorit\u00e9"}]},{"@type":"WebSite","@id":"https:\/\/fertilizercanada.ca\/#website","url":"https:\/\/fertilizercanada.ca\/","name":"Fertilizer Canada","description":"Growing Stronger","potentialAction":[{"@type":"SearchAction","target":{"@type":"EntryPoint","urlTemplate":"https:\/\/fertilizercanada.ca\/?s={search_term_string}"},"query-input":{"@type":"PropertyValueSpecification","valueRequired":true,"valueName":"search_term_string"}}],"inLanguage":"fr-FR"}]}},"_links":{"self":[{"href":"https:\/\/fertilizercanada.ca\/fr\/wp-json\/wp\/v2\/pages\/11313","targetHints":{"allow":["GET"]}}],"collection":[{"href":"https:\/\/fertilizercanada.ca\/fr\/wp-json\/wp\/v2\/pages"}],"about":[{"href":"https:\/\/fertilizercanada.ca\/fr\/wp-json\/wp\/v2\/types\/page"}],"author":[{"embeddable":true,"href":"https:\/\/fertilizercanada.ca\/fr\/wp-json\/wp\/v2\/users\/1"}],"replies":[{"embeddable":true,"href":"https:\/\/fertilizercanada.ca\/fr\/wp-json\/wp\/v2\/comments?post=11313"}],"version-history":[{"count":0,"href":"https:\/\/fertilizercanada.ca\/fr\/wp-json\/wp\/v2\/pages\/11313\/revisions"}],"wp:attachment":[{"href":"https:\/\/fertilizercanada.ca\/fr\/wp-json\/wp\/v2\/media?parent=11313"}],"curies":[{"name":"wp","href":"https:\/\/api.w.org\/{rel}","templated":true}]}}