{"id":11327,"date":"2020-08-19T16:35:25","date_gmt":"2020-08-19T20:35:25","guid":{"rendered":"https:\/\/fc2020.staging.baytek.ca\/?page_id=11327"},"modified":"2024-06-21T10:16:22","modified_gmt":"2024-06-21T14:16:22","slug":"gerance","status":"publish","type":"page","link":"https:\/\/fertilizercanada.ca\/fr\/notre-priorite\/gerance\/","title":{"rendered":"G\u00e9rance"},"content":{"rendered":"\n<div class=\"wp-block-group hero alignfull top-level\"><div class=\"wp-block-group__inner-container is-layout-flow wp-block-group-is-layout-flow\">\n<div class=\"wp-block-cover is-light\"><span aria-hidden=\"true\" class=\"wp-block-cover__background has-background-dim\"><\/span><img loading=\"lazy\" decoding=\"async\" width=\"1500\" height=\"1001\" class=\"wp-block-cover__image-background wp-image-9539\" src=\"https:\/\/fertilizercanada.ca\/wp-content\/uploads\/2020\/04\/stewardship-1.jpg\" data-object-fit=\"cover\" srcset=\"https:\/\/fertilizercanada.ca\/wp-content\/uploads\/2020\/04\/stewardship-1.jpg 1500w, https:\/\/fertilizercanada.ca\/wp-content\/uploads\/2020\/04\/stewardship-1-300x200.jpg 300w, https:\/\/fertilizercanada.ca\/wp-content\/uploads\/2020\/04\/stewardship-1-1024x683.jpg 1024w, https:\/\/fertilizercanada.ca\/wp-content\/uploads\/2020\/04\/stewardship-1-768x513.jpg 768w, https:\/\/fertilizercanada.ca\/wp-content\/uploads\/2020\/04\/stewardship-1-800x534.jpg 800w\" sizes=\"auto, (max-width: 1500px) 100vw, 1500px\" \/><div class=\"wp-block-cover__inner-container is-layout-flow wp-block-cover-is-layout-flow\">\n\n<span class=\"breadcrumbs\">\n\t\t\t<span class=\"eyebrow crumb has-small-font-size\"><a class=\"has-white-color\" href=\"https:\/\/fertilizercanada.ca\/fr\/notre-priorite\/\">Notre priorit\u00e9<\/a><\/span>\n\t<\/span>\n\n\n\n\n<h1 class=\"wp-block-heading\">Gestion<\/h1>\n\n\n\n<p>Promotion de l\u2019utilisation \u00e9cologique et durable de nos produits, pour m\u00e9riter ainsi l\u2019acceptation sociale de l\u2019industrie dont nous avons besoin pour fonctionner.<\/p>\n<\/div><\/div>\n<\/div><\/div>\n\n\n\n<div class=\"wp-block-group alignwide narrow\"><div class=\"wp-block-group__inner-container is-layout-flow wp-block-group-is-layout-flow\">\n<div class=\"wp-block-group\"><div class=\"wp-block-group__inner-container is-layout-flow wp-block-group-is-layout-flow\">\n<h2 class=\"wp-block-heading\">Le futur, c\u2019est l\u2019agriculture durable.<\/h2>\n\n\n\n<p class=\"has-extra-large-font-size\">Il est facile de mettre en \u0153uvre le gestion des nutriments&nbsp;4B (Bon produit, \u00e0 la bonne dose, au bon moment et au bon endroit).<\/p>\n\n\n\n<p class=\"has-extra-large-font-size\">Suivez le cours d\u2019apprentissage en ligne, officialisez votre engagement en ligne, v\u00e9rifiez que votre plan agricole est conforme aux principes du gestion des nutriments&nbsp;4B et soumettez vos acres pour qu\u2019ils soient pris en compte dans le cadre de l\u2019engagement du Canada envers l\u2019agriculture durable.<\/p>\n\n\n\n<div class=\"wp-block-button is-style-outline is-style-outline--1\"><a class=\"wp-block-button__link has-gold-color has-text-color wp-element-button\" href=\"\/fr\/notre-priorite\/gerance\/gerance-des-nutriments-4b\/\">Commencez d\u00e8s aujourd\u2019hui<\/a><\/div>\n<\/div><\/div>\n\n\n\n<div class=\"wp-block-group\"><div class=\"wp-block-group__inner-container is-layout-flow wp-block-group-is-layout-flow\">\n<div style=\"height:40px\" aria-hidden=\"true\" class=\"wp-block-spacer\"><\/div>\n\n\n\n<h2 class=\"wp-block-heading\" id=\"nutrient\">Qu\u2019est-ce que le gestion des nutriments 4B?<\/h2>\n\n\n\n<p class=\"has-extra-large-font-size\"> Les fertilisants sont un intrant important pour les agriculteurs. Ils fournissent des nutriments aux plantes qui ne sont pas facilement disponibles dans le sol, ce qui aide les agriculteurs \u00e0 favoriser la croissance des plantes et \u00e0 augmenter les rendements.<\/p>\n\n\n\n<p class=\"has-extra-large-font-size\">Le gestion des nutriments&nbsp;4B (Bon produit, bonne dose, bon moment, bon endroit) permet d\u2019informer le monde que les aliments ont \u00e9t\u00e9 cultiv\u00e9s de fa\u00e7on durable.<\/p>\n\n\n\n<p class=\"has-extra-large-font-size\">Le gestion des nutriments&nbsp;4B \u00e9tablit un \u00e9quilibre entre les objectifs des agriculteurs, de l\u2019industrie et du gouvernement visant \u00e0 am\u00e9liorer l\u2019\u00e9conomie \u00e0 la ferme, la productivit\u00e9 des cultures et l\u2019efficacit\u00e9 des fertilisant tout en \u00e9tant b\u00e9n\u00e9fique pour l\u2019environnement. Le futur, c\u2019est l\u2019agriculture durable. Dans bien des cas, cet avenir est d\u00e9j\u00e0 en cours. Commencez \u00e0 mettre en \u0153uvre du gestion des nutriments&nbsp;4B et consignez vos progr\u00e8s en ligne pour montrer comment nous sommes des chefs de file de l\u2019agriculture durable.<\/p>\n\n\n\n<div class=\"wp-block-button is-style-outline extra-top-margin is-style-outline--2\"><a class=\"wp-block-button__link has-gold-color has-text-color wp-element-button\" href=\"\/fr\/notre-priorite\/defense-des-interets\/campagne-whats-in-it-4r-me\/\">Campagne \u00ab What\u2019s in it 4R Me? \u00bb<\/a><\/div>\n<\/div><\/div>\n\n\n\n<h2 class=\"wp-block-heading extra-medium-top-margin\">Quels sont les principes 4B?<\/h2>\n\n\n\n<div class=\"wp-block-columns extra-medium-top-margin is-layout-flex wp-container-core-columns-is-layout-9d6595d7 wp-block-columns-is-layout-flex\">\n<div class=\"wp-block-column card brands circle is-layout-flow wp-block-column-is-layout-flow\">\n<figure class=\"wp-block-image size-large is-resized\"><img decoding=\"async\" src=\"https:\/\/fertilizercanada.ca\/wp-content\/uploads\/2020\/09\/bonne-source.svg\" alt=\"\" class=\"wp-image-11677\" style=\"width:68px;height:119px\"\/><\/figure>\n<\/div>\n\n\n\n<div class=\"wp-block-column card brands circle is-layout-flow wp-block-column-is-layout-flow\">\n<figure class=\"wp-block-image size-large\"><img decoding=\"async\" src=\"https:\/\/fertilizercanada.ca\/wp-content\/uploads\/2020\/09\/bon-moment.svg\" alt=\"\" class=\"wp-image-11673\"\/><\/figure>\n<\/div>\n\n\n\n<div class=\"wp-block-column card brands circle is-layout-flow wp-block-column-is-layout-flow\">\n<figure class=\"wp-block-image size-large\"><img decoding=\"async\" src=\"https:\/\/fertilizercanada.ca\/wp-content\/uploads\/2020\/09\/bonne-dose.svg\" alt=\"\" class=\"wp-image-11675\"\/><\/figure>\n<\/div>\n\n\n\n<div class=\"wp-block-column card brands circle is-layout-flow wp-block-column-is-layout-flow\">\n<figure class=\"wp-block-image size-large\"><img decoding=\"async\" src=\"https:\/\/fertilizercanada.ca\/wp-content\/uploads\/2020\/09\/bon-endroit.svg\" alt=\"\" class=\"wp-image-11671\"\/><\/figure>\n<\/div>\n<\/div>\n\n\n\n<div class=\"wp-block-columns has-2-columns is-layout-flex wp-container-core-columns-is-layout-9d6595d7 wp-block-columns-is-layout-flex\">\n<div class=\"wp-block-column is-layout-flow wp-block-column-is-layout-flow\">\n<h3 class=\"wp-block-heading\">Bon produit<\/h3>\n\n\n\n<ul class=\"wp-block-list\">\n<li>Choisir la source de nutriments appropri\u00e9e pour votre sol afin d\u2019assurer un apport \u00e9quilibr\u00e9 des \u00e9l\u00e9ments nutritifs pour v\u00e9g\u00e9taux essentiels, y compris les fertilisants granul\u00e9s ou liquides ou le fumier.<\/li>\n<\/ul>\n\n\n\n<h3 class=\"wp-block-heading\">Bonne dose<\/h3>\n\n\n\n<ul class=\"wp-block-list\">\n<li>Prendre en consid\u00e9ration la disponibilit\u00e9 des nutriments provenant de toutes les sources (p. ex. d\u00e9jections du b\u00e9tail, fertilisants commerciaux et azote atmosph\u00e9rique fix\u00e9 par les l\u00e9gumineuses).<\/li>\n\n\n\n<li>Analyser le sol chaque ann\u00e9e.<\/li>\n\n\n\n<li>Appliquer des nutriments pour r\u00e9pondre aux besoins des cultures tout en tenant compte des nutriments d\u00e9j\u00e0 pr\u00e9sents dans le sol.<\/li>\n\n\n\n<li> \u00c9talonner l\u2019\u00e9quipement d\u2019\u00e9pandage afin d\u2019appliquer la bonne dose. <\/li>\n<\/ul>\n<\/div>\n\n\n\n<div class=\"wp-block-column is-layout-flow wp-block-column-is-layout-flow\">\n<h3 class=\"wp-block-heading\">Bon moment<\/h3>\n\n\n\n<ul class=\"wp-block-list\">\n<li>\u00c9viter l\u2019application des fertilisants ou de fumier sur les sols couverts de neige ou encore gel\u00e9s.<\/li>\n\n\n\n<li>Effectuer la planification du gestion des nutriments chaque ann\u00e9e.<\/li>\n<\/ul>\n\n\n\n<h3 class=\"wp-block-heading\">Bon endroit<\/h3>\n\n\n\n<ul class=\"wp-block-list\">\n<li>Respecter la distance de recul recommand\u00e9e pour l\u2019application de nutriments \u00e0 proximit\u00e9 des cours d\u2019eau.<\/li>\n\n\n\n<li>Appliquer les nutriments sous la surface du sol o\u00f9 ils peuvent \u00eatre assimil\u00e9s par les racines en croissance lorsque les plantes en ont besoin.<\/li>\n<\/ul>\n<\/div>\n<\/div>\n\n\n\n<h2 class=\"wp-block-heading\">Avantages d\u00e9coulant du gestion des nutriments 4B<\/h2>\n\n\n\n<h3 class=\"wp-block-heading\">Am\u00e9liorer la productivit\u00e9 agricole<\/h3>\n\n\n\n<ul class=\"wp-block-list\">\n<li>L\u2019optimisation de la gestion des nutriments est une bonne pratique pour g\u00e9rer les fluctuations de prix des fertilisants et d\u2019autres produits, ainsi que le processus des r\u00e9coltes vendues.<\/li>\n\n\n\n<li>L\u2019augmentation des rendements culturaux est bien document\u00e9e gr\u00e2ce \u00e0 une meilleure gestion des cultures et du sol.<\/li>\n\n\n\n<li>Une plus grande efficacit\u00e9 des fertilisants contribue \u00e0 augmenter la quantit\u00e9 produite par acre pour chaque unit\u00e9 de nutriment appliqu\u00e9e, sans compromettre le potentiel de rendement.<\/li>\n<\/ul>\n\n\n\n<div class=\"wp-block-group\"><div class=\"wp-block-group__inner-container is-layout-flow wp-block-group-is-layout-flow\">\n<h3 class=\"wp-block-heading\">R\u00e9duire au minimum les impacts sur l\u2019environnement<\/h3>\n\n\n\n<ul class=\"wp-block-list\">\n<li>La gestion des nutriments contribue \u00e0 la pr\u00e9servation des \u00e9cosyst\u00e8mes naturels, et fait pousser une plus grande quantit\u00e9 sur une plus petite superficie.<\/li>\n\n\n\n<li>La r\u00e9tention des nutriments aux limites du champ et \u00e0 la zone racinaire des r\u00e9coltes permet de r\u00e9duire consid\u00e9rablement la quantit\u00e9 de nutriments qui n\u2019est pas absorb\u00e9e par les plants et qui est rejet\u00e9e dans l\u2019environnement sous forme de pollution.<\/li>\n<\/ul>\n<\/div><\/div>\n\n\n\n<div class=\"wp-block-group\"><div class=\"wp-block-group__inner-container is-layout-flow wp-block-group-is-layout-flow\">\n<div class=\"wp-block-columns video-box\">\n\t<div class=\"wp-block-column is-vertically-aligned-top top-border\" style=\"flex-basis:40%\">\n\t\t<h4 class=\"has-text-align-left h5\">Racines de croissance: nourrir le monde (anglais seulement)<\/h4>\n\t\t<div class=\"wp-block-button open-popup-link\">\n\t\t\t<a class=\"wp-block-button__link has-text-color has-gold-color has-background has-white-background-color\" href=\"#racines-de-croissance-nourrir-le-monde-anglais-seulement\">Voir la vid\u00e9o<\/a>\n\t\t<\/div>\n\t<\/div>\n\t<div class=\"wp-block-column\" style=\"flex-basis:60%\">\n\t\t<figure class=\"wp-block-image size-large open-popup-link video-wrapper\">\n\t\t\t<a href=\"#racines-de-croissance-nourrir-le-monde-anglais-seulement\"><img decoding=\"async\" src=\"https:\/\/fertilizercanada.ca\/wp-content\/uploads\/2020\/04\/partnerships-1024x683.jpg\" \/><\/a>\n\t\t<\/figure>\n\t\t\t\t\t<div class=\"wp-block-group standard-modal video-modal mfp-hide\" id=\"racines-de-croissance-nourrir-le-monde-anglais-seulement\">\n\t\t\t\t<div class=\"wp-block-group__inner-container\">\n\t\t\t\t\t<div class=\"wp-block-group wp-embed-aspect-16-9 wp-has-aspect-ratio\">\n\t\t\t\t\t\t<div class=\"wp-block-group__inner-container\">\n\t\t\t\t\t\t\t<iframe loading=\"lazy\" title=\"Roots for Growth: Feeding the World\" width=\"500\" height=\"281\" src=\"https:\/\/www.youtube.com\/embed\/x3Wx0-dRAYk?feature=oembed\" frameborder=\"0\" allow=\"accelerometer; autoplay; clipboard-write; encrypted-media; gyroscope; picture-in-picture; web-share\" referrerpolicy=\"strict-origin-when-cross-origin\" allowfullscreen><\/iframe>\t\t\t\t\t\t<\/div>\n\t\t\t\t\t<\/div>\n\t\t\t\t<\/div>\n\t\t\t<\/div>\n\t\t\t<\/div>\n<\/div>\n<\/div><\/div>\n\n\n\n<h2 class=\"wp-block-heading\">Durabilit\u00e9<\/h2>\n\n\n\n<p>La gestion des nutriments 4B favorise l\u2019atteinte d\u2019objectifs \u00e9conomiques, sociaux et environnementaux. Voici quelques-uns des objectifs communs des producteurs qui font la promotion de la nature durable de la gestion des nutriments fond\u00e9e 4B :<\/p>\n\n\n\n<div class=\"wp-block-group card with-icon\"><div class=\"wp-block-group__inner-container is-layout-flow wp-block-group-is-layout-flow\">\n<figure class=\"wp-block-image size-large\"><img loading=\"lazy\" decoding=\"async\" width=\"41\" height=\"41\" src=\"https:\/\/fertilizercanada.ca\/wp-content\/uploads\/\/2020\/05\/23-Billion-Icon.svg\" alt=\"\" class=\"wp-image-10506\"\/><\/figure>\n\n\n\n<h4 class=\"wp-block-heading h5 has-green-color has-text-color\">Buts \u00e9conomiques<\/h4>\n\n\n\n<ul class=\"wp-block-list\">\n<li>Am\u00e9liorer la stabilit\u00e9 du rendement et la qualit\u00e9 des aliments.<\/li>\n\n\n\n<li>Contribuer \u00e0 l\u2019am\u00e9lioration du d\u00e9veloppement \u00e9conomique r\u00e9gional.<\/li>\n\n\n\n<li>Am\u00e9liorer le b\u00e9n\u00e9fice net de l\u2019exploitation agricole.<\/li>\n<\/ul>\n<\/div><\/div>\n\n\n\n<div class=\"wp-block-group card with-icon\"><div class=\"wp-block-group__inner-container is-layout-flow wp-block-group-is-layout-flow\">\n<figure class=\"wp-block-image size-large\"><img loading=\"lazy\" decoding=\"async\" width=\"41\" height=\"32\" src=\"https:\/\/fertilizercanada.ca\/wp-content\/uploads\/\/2020\/05\/76000-Jobs-Icon-1.svg\" alt=\"\" class=\"wp-image-10521\"\/><\/figure>\n\n\n\n<h4 class=\"wp-block-heading h5 has-green-color has-text-color\">Objectifs sociaux<\/h4>\n\n\n\n<ul class=\"wp-block-list\">\n<li>Augmenter le revenu agricole.<\/li>\n\n\n\n<li>Am\u00e9liorer la qualit\u00e9 du logement, de l\u2019alimentation et de l\u2019\u00e9ducation de la famille du producteur agricole.<\/li>\n\n\n\n<li>Am\u00e9liorer la productivit\u00e9 du travail agricole gr\u00e2ce \u00e0 l\u2019utilisation appropri\u00e9e de technologies \u00e9mergentes qui accroissent l\u2019efficacit\u00e9 des travaux culturaux et r\u00e9duisent les co\u00fbts par unit\u00e9 r\u00e9colt\u00e9e.<\/li>\n\n\n\n<li>Am\u00e9liorer l\u2019acc\u00e8s \u00e0 des sources d\u2019information qui aident \u00e0 prendre les d\u00e9cisions relatives \u00e0 la gestion de la ferme.<\/li>\n<\/ul>\n<\/div><\/div>\n\n\n\n<div class=\"wp-block-group card with-icon\"><div class=\"wp-block-group__inner-container is-layout-flow wp-block-group-is-layout-flow\">\n<figure class=\"wp-block-image size-large\"><img loading=\"lazy\" decoding=\"async\" width=\"41\" height=\"33\" src=\"https:\/\/fertilizercanada.ca\/wp-content\/uploads\/\/2020\/05\/Environmental-Goals-Jobs.svg\" alt=\"\" class=\"wp-image-10518\"\/><\/figure>\n\n\n\n<h4 class=\"wp-block-heading h5 has-green-color has-text-color\">Objectifs environnementaux<\/h4>\n\n\n\n<ul class=\"wp-block-list\">\n<li>Maintenir ou r\u00e9duire la perte involontaire de nutriments dans l\u2019environnement.<\/li>\n\n\n\n<li>Att\u00e9nuer l\u2019\u00e9rosion des sols (particules de sol contenant des nutriments).<\/li>\n\n\n\n<li>R\u00e9duire les \u00e9missions volatiles d\u2019ammoniac (NH3).<\/li>\n\n\n\n<li>R\u00e9duire les pertes d\u2019oxyde nitreux (N20) et d\u2019azote mol\u00e9culaire (N2) par nitrification.<\/li>\n\n\n\n<li>R\u00e9duire la quantit\u00e9 d\u2019\u00e9nergie utilis\u00e9e par unit\u00e9 r\u00e9colt\u00e9e.<\/li>\n\n\n\n<li>Am\u00e9liorer le recyclage des nutriments des plantes contenus dans les r\u00e9sidus de culture et le fumier.<\/li>\n<\/ul>\n<\/div><\/div>\n\n\n\n<div class=\"wp-block-group media-text-group extra-large-top-margin\"><div class=\"wp-block-group__inner-container is-layout-flow wp-block-group-is-layout-flow\">\n<div class=\"empty-feature-wrapper\">\n\t<p>Sorry, no posts were found. Please check again later.<\/p>\n<\/div>\n<\/div><\/div>\n<\/div><\/div>\n","protected":false},"excerpt":{"rendered":"<p>Promotion de l\u2019utilisation \u00e9cologique et durable de nos produits, pour m\u00e9riter ainsi l\u2019acceptation sociale de l\u2019industrie dont nous avons besoin pour fonctionner.<\/p>\n","protected":false},"author":1,"featured_media":9540,"parent":11313,"menu_order":0,"comment_status":"closed","ping_status":"closed","template":"","meta":{"footnotes":""},"class_list":["post-11327","page","type-page","status-publish","has-post-thumbnail","hentry"],"yoast_head":"<!-- This site is optimized with the Yoast SEO plugin v27.4 - https:\/\/yoast.com\/product\/yoast-seo-wordpress\/ -->\n<title>G\u00e9rance - Fertilizer Canada<\/title>\n<meta name=\"robots\" content=\"index, follow, max-snippet:-1, max-image-preview:large, max-video-preview:-1\" \/>\n<link rel=\"canonical\" href=\"https:\/\/fertilizercanada.ca\/fr\/notre-priorite\/gerance\/\" \/>\n<meta property=\"og:locale\" content=\"fr_FR\" \/>\n<meta property=\"og:type\" content=\"article\" \/>\n<meta property=\"og:title\" content=\"G\u00e9rance - Fertilizer Canada\" \/>\n<meta property=\"og:description\" content=\"Promotion de l\u2019utilisation \u00e9cologique et durable de nos produits, pour m\u00e9riter ainsi l\u2019acceptation sociale de l\u2019industrie dont nous avons besoin pour fonctionner.\" \/>\n<meta property=\"og:url\" content=\"https:\/\/fertilizercanada.ca\/fr\/notre-priorite\/gerance\/\" \/>\n<meta property=\"og:site_name\" content=\"Fertilizer Canada\" \/>\n<meta property=\"article:modified_time\" content=\"2024-06-21T14:16:22+00:00\" \/>\n<meta property=\"og:image\" content=\"https:\/\/fertilizercanada.ca\/wp-content\/uploads\/2020\/04\/stewardship-1.jpg\" \/>\n\t<meta property=\"og:image:width\" content=\"1500\" \/>\n\t<meta property=\"og:image:height\" content=\"1001\" \/>\n\t<meta property=\"og:image:type\" content=\"image\/jpeg\" \/>\n<meta name=\"twitter:card\" content=\"summary_large_image\" \/>\n<meta name=\"twitter:site\" content=\"@FertilizerCA\" \/>\n<meta name=\"twitter:label1\" content=\"Dur\u00e9e de lecture estim\u00e9e\" \/>\n\t<meta name=\"twitter:data1\" content=\"6 minutes\" \/>\n<script type=\"application\/ld+json\" class=\"yoast-schema-graph\">{\"@context\":\"https:\\\/\\\/schema.org\",\"@graph\":[{\"@type\":\"WebPage\",\"@id\":\"https:\\\/\\\/fertilizercanada.ca\\\/fr\\\/notre-priorite\\\/gerance\\\/\",\"url\":\"https:\\\/\\\/fertilizercanada.ca\\\/fr\\\/notre-priorite\\\/gerance\\\/\",\"name\":\"G\u00e9rance - Fertilizer Canada\",\"isPartOf\":{\"@id\":\"https:\\\/\\\/fertilizercanada.ca\\\/#website\"},\"primaryImageOfPage\":{\"@id\":\"https:\\\/\\\/fertilizercanada.ca\\\/fr\\\/notre-priorite\\\/gerance\\\/#primaryimage\"},\"image\":{\"@id\":\"https:\\\/\\\/fertilizercanada.ca\\\/fr\\\/notre-priorite\\\/gerance\\\/#primaryimage\"},\"thumbnailUrl\":\"https:\\\/\\\/fertilizercanada.ca\\\/wp-content\\\/uploads\\\/2020\\\/04\\\/stewardship-1.jpg\",\"datePublished\":\"2020-08-19T20:35:25+00:00\",\"dateModified\":\"2024-06-21T14:16:22+00:00\",\"breadcrumb\":{\"@id\":\"https:\\\/\\\/fertilizercanada.ca\\\/fr\\\/notre-priorite\\\/gerance\\\/#breadcrumb\"},\"inLanguage\":\"fr-FR\",\"potentialAction\":[{\"@type\":\"ReadAction\",\"target\":[\"https:\\\/\\\/fertilizercanada.ca\\\/fr\\\/notre-priorite\\\/gerance\\\/\"]}]},{\"@type\":\"ImageObject\",\"inLanguage\":\"fr-FR\",\"@id\":\"https:\\\/\\\/fertilizercanada.ca\\\/fr\\\/notre-priorite\\\/gerance\\\/#primaryimage\",\"url\":\"https:\\\/\\\/fertilizercanada.ca\\\/wp-content\\\/uploads\\\/2020\\\/04\\\/stewardship-1.jpg\",\"contentUrl\":\"https:\\\/\\\/fertilizercanada.ca\\\/wp-content\\\/uploads\\\/2020\\\/04\\\/stewardship-1.jpg\",\"width\":1500,\"height\":1001},{\"@type\":\"BreadcrumbList\",\"@id\":\"https:\\\/\\\/fertilizercanada.ca\\\/fr\\\/notre-priorite\\\/gerance\\\/#breadcrumb\",\"itemListElement\":[{\"@type\":\"ListItem\",\"position\":1,\"name\":\"Home\",\"item\":\"https:\\\/\\\/fertilizercanada.ca\\\/fr\\\/\"},{\"@type\":\"ListItem\",\"position\":2,\"name\":\"Notre priorit\u00e9\",\"item\":\"https:\\\/\\\/fertilizercanada.ca\\\/fr\\\/notre-priorite\\\/\"},{\"@type\":\"ListItem\",\"position\":3,\"name\":\"G\u00e9rance\"}]},{\"@type\":\"WebSite\",\"@id\":\"https:\\\/\\\/fertilizercanada.ca\\\/#website\",\"url\":\"https:\\\/\\\/fertilizercanada.ca\\\/\",\"name\":\"Fertilizer Canada\",\"description\":\"Growing Stronger\",\"potentialAction\":[{\"@type\":\"SearchAction\",\"target\":{\"@type\":\"EntryPoint\",\"urlTemplate\":\"https:\\\/\\\/fertilizercanada.ca\\\/?s={search_term_string}\"},\"query-input\":{\"@type\":\"PropertyValueSpecification\",\"valueRequired\":true,\"valueName\":\"search_term_string\"}}],\"inLanguage\":\"fr-FR\"}]}<\/script>\n<!-- \/ Yoast SEO plugin. -->","yoast_head_json":{"title":"G\u00e9rance - Fertilizer Canada","robots":{"index":"index","follow":"follow","max-snippet":"max-snippet:-1","max-image-preview":"max-image-preview:large","max-video-preview":"max-video-preview:-1"},"canonical":"https:\/\/fertilizercanada.ca\/fr\/notre-priorite\/gerance\/","og_locale":"fr_FR","og_type":"article","og_title":"G\u00e9rance - Fertilizer Canada","og_description":"Promotion de l\u2019utilisation \u00e9cologique et durable de nos produits, pour m\u00e9riter ainsi l\u2019acceptation sociale de l\u2019industrie dont nous avons besoin pour fonctionner.","og_url":"https:\/\/fertilizercanada.ca\/fr\/notre-priorite\/gerance\/","og_site_name":"Fertilizer Canada","article_modified_time":"2024-06-21T14:16:22+00:00","og_image":[{"width":1500,"height":1001,"url":"https:\/\/fertilizercanada.ca\/wp-content\/uploads\/2020\/04\/stewardship-1.jpg","type":"image\/jpeg"}],"twitter_card":"summary_large_image","twitter_site":"@FertilizerCA","twitter_misc":{"Dur\u00e9e de lecture estim\u00e9e":"6 minutes"},"schema":{"@context":"https:\/\/schema.org","@graph":[{"@type":"WebPage","@id":"https:\/\/fertilizercanada.ca\/fr\/notre-priorite\/gerance\/","url":"https:\/\/fertilizercanada.ca\/fr\/notre-priorite\/gerance\/","name":"G\u00e9rance - Fertilizer Canada","isPartOf":{"@id":"https:\/\/fertilizercanada.ca\/#website"},"primaryImageOfPage":{"@id":"https:\/\/fertilizercanada.ca\/fr\/notre-priorite\/gerance\/#primaryimage"},"image":{"@id":"https:\/\/fertilizercanada.ca\/fr\/notre-priorite\/gerance\/#primaryimage"},"thumbnailUrl":"https:\/\/fertilizercanada.ca\/wp-content\/uploads\/2020\/04\/stewardship-1.jpg","datePublished":"2020-08-19T20:35:25+00:00","dateModified":"2024-06-21T14:16:22+00:00","breadcrumb":{"@id":"https:\/\/fertilizercanada.ca\/fr\/notre-priorite\/gerance\/#breadcrumb"},"inLanguage":"fr-FR","potentialAction":[{"@type":"ReadAction","target":["https:\/\/fertilizercanada.ca\/fr\/notre-priorite\/gerance\/"]}]},{"@type":"ImageObject","inLanguage":"fr-FR","@id":"https:\/\/fertilizercanada.ca\/fr\/notre-priorite\/gerance\/#primaryimage","url":"https:\/\/fertilizercanada.ca\/wp-content\/uploads\/2020\/04\/stewardship-1.jpg","contentUrl":"https:\/\/fertilizercanada.ca\/wp-content\/uploads\/2020\/04\/stewardship-1.jpg","width":1500,"height":1001},{"@type":"BreadcrumbList","@id":"https:\/\/fertilizercanada.ca\/fr\/notre-priorite\/gerance\/#breadcrumb","itemListElement":[{"@type":"ListItem","position":1,"name":"Home","item":"https:\/\/fertilizercanada.ca\/fr\/"},{"@type":"ListItem","position":2,"name":"Notre priorit\u00e9","item":"https:\/\/fertilizercanada.ca\/fr\/notre-priorite\/"},{"@type":"ListItem","position":3,"name":"G\u00e9rance"}]},{"@type":"WebSite","@id":"https:\/\/fertilizercanada.ca\/#website","url":"https:\/\/fertilizercanada.ca\/","name":"Fertilizer Canada","description":"Growing Stronger","potentialAction":[{"@type":"SearchAction","target":{"@type":"EntryPoint","urlTemplate":"https:\/\/fertilizercanada.ca\/?s={search_term_string}"},"query-input":{"@type":"PropertyValueSpecification","valueRequired":true,"valueName":"search_term_string"}}],"inLanguage":"fr-FR"}]}},"_links":{"self":[{"href":"https:\/\/fertilizercanada.ca\/fr\/wp-json\/wp\/v2\/pages\/11327","targetHints":{"allow":["GET"]}}],"collection":[{"href":"https:\/\/fertilizercanada.ca\/fr\/wp-json\/wp\/v2\/pages"}],"about":[{"href":"https:\/\/fertilizercanada.ca\/fr\/wp-json\/wp\/v2\/types\/page"}],"author":[{"embeddable":true,"href":"https:\/\/fertilizercanada.ca\/fr\/wp-json\/wp\/v2\/users\/1"}],"replies":[{"embeddable":true,"href":"https:\/\/fertilizercanada.ca\/fr\/wp-json\/wp\/v2\/comments?post=11327"}],"version-history":[{"count":0,"href":"https:\/\/fertilizercanada.ca\/fr\/wp-json\/wp\/v2\/pages\/11327\/revisions"}],"up":[{"embeddable":true,"href":"https:\/\/fertilizercanada.ca\/fr\/wp-json\/wp\/v2\/pages\/11313"}],"wp:featuredmedia":[{"embeddable":true,"href":"https:\/\/fertilizercanada.ca\/fr\/wp-json\/wp\/v2\/media\/9540"}],"wp:attachment":[{"href":"https:\/\/fertilizercanada.ca\/fr\/wp-json\/wp\/v2\/media?parent=11327"}],"curies":[{"name":"wp","href":"https:\/\/api.w.org\/{rel}","templated":true}]}}