{"id":11329,"date":"2020-08-19T16:38:47","date_gmt":"2020-08-19T20:38:47","guid":{"rendered":"https:\/\/fc2020.staging.baytek.ca\/?page_id=11329"},"modified":"2020-10-15T09:57:13","modified_gmt":"2020-10-15T13:57:13","slug":"application-de-gerance-des-nutriments-4b-dans-lensemble-du-canada","status":"publish","type":"page","link":"https:\/\/fertilizercanada.ca\/fr\/notre-priorite\/gerance\/application-de-gerance-des-nutriments-4b-dans-lensemble-du-canada\/","title":{"rendered":"Les 4B au Canada"},"content":{"rendered":"\n<div class=\"wp-block-group hero alignfull\"><div class=\"wp-block-group__inner-container is-layout-flow wp-block-group-is-layout-flow\">\n<div class=\"wp-block-cover has-black-background-color has-background-dim\" style=\"background-image:url(https:\/\/fertilizercanada.ca\/wp-content\/uploads\/2020\/04\/whats-in-it-4r-me.jpg)\"><div class=\"wp-block-cover__inner-container is-layout-flow wp-block-cover-is-layout-flow\">\n\n<span class=\"breadcrumbs\">\n\t\t\t<span class=\"eyebrow crumb has-small-font-size\"><a class=\"has-white-color\" href=\"https:\/\/fertilizercanada.ca\/fr\/notre-priorite\/\">Notre priorit\u00e9<\/a><\/span>\n\t\t\t<span class=\"eyebrow crumb has-small-font-size\"><a class=\"has-white-color\" href=\"https:\/\/fertilizercanada.ca\/fr\/notre-priorite\/gerance\/\">G\u00e9rance<\/a><\/span>\n\t<\/span>\n\n\n\n\n<h1 class=\"wp-block-heading\">Les 4B au Canada<\/h1>\n\n\n\n<p>La gestion des nutriments 4B a \u00e9t\u00e9 promue et appliqu\u00e9e partout au Canada dans le cadre d\u2019un certain nombre de programmes et d\u2019initiatives provinciaux et r\u00e9gionaux. <\/p>\n<\/div><\/div>\n<\/div><\/div>\n\n\n\n<div class=\"wp-block-group alignwide narrow\"><div class=\"wp-block-group__inner-container is-layout-flow wp-block-group-is-layout-flow\">\n<p>Il est actuellement utilis\u00e9 en Alberta, au Manitoba, en Ontario,Saskatchewan, au et \u00e0 l\u2019\u00cele\u2011du-Prince-\u00c9douard.<\/p>\n\n\n\n<p>Afin d\u2019assurer une fertilisation appropri\u00e9e et de b\u00e9n\u00e9ficier d\u2019une r\u00e9colte abondante et saine, les agriculteurs devraient adopter les principes 4B  : bonne produit, bonne dose, bon moment, bon endroit.<\/p>\n\n\n\n<p class=\"extra-medium-bottom-margin\">La diversit\u00e9 des sols au Canada a aid\u00e9 \u00e0 fa\u00e7onner les pratiques agricoles actuelles. Des projets nationaux contribuent \u00e0 souligner l\u2019importance d\u2019appliquer le programme Gestion des nutriments 4B dans les exploitations agricoles. Le programme\u2011cadre <em>Farming 4R Future<\/em> englobe des programmes provinciaux adapt\u00e9s \u00e0 chaque r\u00e9gion, qui visent \u00e0 enseigner aux agriculteurs quelles sont les pratiques qui conviennent le mieux aux conditions qui caract\u00e9risent leur exploitation.<\/p>\n\n\n\n<div class=\"wp-block-cover\" style=\"background-image:url(https:\/\/fertilizercanada.ca\/wp-content\/uploads\/2020\/05\/4rs-across-canada2.jpg);background-position:50.69124423963134% 61.59420289855072%;min-height:475px;aspect-ratio:unset;\"><div class=\"wp-block-cover__inner-container is-layout-flow wp-block-cover-is-layout-flow\">\n<p class=\"has-text-align-center has-large-font-size\"><\/p>\n<\/div><\/div>\n\n\n\n<p>Par exemple, une pratique recommand\u00e9e dans l\u2019Ouest canadien ne convient pas n\u00e9cessairement au Canada atlantique. Les facteurs environnementaux, tels que le type de sol, le climat, les cultures, les doses et la planification, varient consid\u00e9rablement d\u2019une r\u00e9gion \u00e0 l\u2019autre. C\u2019est la raison pour laquelle le programme <em>G\u00e9rance des nutriments 4B<\/em> pr\u00e9voit une gestion adapt\u00e9e \u00e0 chaque site et fond\u00e9e sur des principes scientifiques relatifs \u00e0 la terre, \u00e0 l\u2019air et \u00e0 l\u2019eau.<\/p>\n\n\n\n<p>L\u2019agriculture soul\u00e8ve un certain nombre de pr\u00e9occupations environnementales dans l\u2019ensemble du Canada, qu\u2019il s\u2019agisse de charges en phosphore excessives, des taux de nitrate dans l\u2019eau potable, de la conservation des sols, de la salinit\u00e9 et des \u00e9missions de gaz \u00e0 effet de serre. En tant que Canadiens, nous comprenons l\u2019importance des solutions environnementales durables, et l\u2019un des principaux avantages du programme <em>Gestion des nutriments 4B<\/em> est de r\u00e9duire les pr\u00e9occupations environnementales li\u00e9es \u00e0 l\u2019agriculture.<\/p>\n\n\n\n<div class=\"wp-block-columns extra-medium-top-margin is-layout-flex wp-container-core-columns-is-layout-9d6595d7 wp-block-columns-is-layout-flex\">\n<div class=\"wp-block-column is-layout-flow wp-block-column-is-layout-flow\">\n<div class=\"wp-block-group card linked-card internal\"><div class=\"wp-block-group__inner-container is-layout-flow wp-block-group-is-layout-flow\">\n<h2 class=\"has-green-color has-text-color h5 wp-block-heading\"><a href=\"\/our-focus\/stewardship\/4rs-across-canada\/national\/\">Nationa<\/a><a href=\"\/our-focus\/stewardship\/4rs-across-canada\/national\/\" target=\"_blank\" rel=\"noreferrer noopener\" aria-label=\"le (opens in a new tab)\">le<\/a><\/h2>\n<\/div><\/div>\n<\/div>\n\n\n\n<div class=\"wp-block-column is-layout-flow wp-block-column-is-layout-flow\">\n<div class=\"wp-block-group card linked-card internal\"><div class=\"wp-block-group__inner-container is-layout-flow wp-block-group-is-layout-flow\">\n<h2 class=\"has-green-color has-text-color h5 wp-block-heading\"><a href=\"\/our-focus\/stewardship\/4rs-across-canada\/alberta\/\" target=\"_blank\" rel=\"noreferrer noopener\" aria-label=\"Alberta (opens in a new tab)\">Alberta<\/a><\/h2>\n<\/div><\/div>\n<\/div>\n<\/div>\n\n\n\n<div class=\"wp-block-columns is-layout-flex wp-container-core-columns-is-layout-9d6595d7 wp-block-columns-is-layout-flex\">\n<div class=\"wp-block-column is-layout-flow wp-block-column-is-layout-flow\">\n<div class=\"wp-block-group card linked-card internal\"><div class=\"wp-block-group__inner-container is-layout-flow wp-block-group-is-layout-flow\">\n<h2 class=\"has-green-color has-text-color h5 wp-block-heading\"><a href=\"\/our-focus\/stewardship\/4rs-across-canada\/saskatchewan\/\" target=\"_blank\" rel=\"noreferrer noopener\" aria-label=\" (opens in a new tab)\">Saskatchewan<\/a><\/h2>\n<\/div><\/div>\n<\/div>\n\n\n\n<div class=\"wp-block-column is-layout-flow wp-block-column-is-layout-flow\">\n<div class=\"wp-block-group card linked-card internal\"><div class=\"wp-block-group__inner-container is-layout-flow wp-block-group-is-layout-flow\">\n<h2 class=\"has-green-color has-text-color h5 wp-block-heading\"><a href=\"\/our-focus\/stewardship\/4rs-across-canada\/manitoba\/\" target=\"_blank\" rel=\"noreferrer noopener\" aria-label=\" (opens in a new tab)\">Manitoba<\/a><\/h2>\n<\/div><\/div>\n<\/div>\n<\/div>\n\n\n\n<div class=\"wp-block-columns is-layout-flex wp-container-core-columns-is-layout-9d6595d7 wp-block-columns-is-layout-flex\">\n<div class=\"wp-block-column is-layout-flow wp-block-column-is-layout-flow\">\n<div class=\"wp-block-group card linked-card internal\"><div class=\"wp-block-group__inner-container is-layout-flow wp-block-group-is-layout-flow\">\n<h2 class=\"has-green-color has-text-color h5 wp-block-heading\"><a href=\"\/our-focus\/stewardship\/4rs-across-canada\/ontario\/\" target=\"_blank\" rel=\"noreferrer noopener\" aria-label=\" (opens in a new tab)\">Ontario<\/a><\/h2>\n<\/div><\/div>\n<\/div>\n\n\n\n<div class=\"wp-block-column is-layout-flow wp-block-column-is-layout-flow\">\n<div class=\"wp-block-group card linked-card internal\"><div class=\"wp-block-group__inner-container is-layout-flow wp-block-group-is-layout-flow\">\n<h2 class=\"has-green-color has-text-color h5 wp-block-heading\"><a href=\"\/our-focus\/stewardship\/4rs-across-canada\/quebec\/\" target=\"_blank\" rel=\"noreferrer noopener\" aria-label=\" (opens in a new tab)\">Qu\u00e9bec<\/a><\/h2>\n<\/div><\/div>\n<\/div>\n<\/div>\n\n\n\n<div class=\"wp-block-columns is-layout-flex wp-container-core-columns-is-layout-9d6595d7 wp-block-columns-is-layout-flex\">\n<div class=\"wp-block-column is-layout-flow wp-block-column-is-layout-flow\">\n<div class=\"wp-block-group card linked-card internal\"><div class=\"wp-block-group__inner-container is-layout-flow wp-block-group-is-layout-flow\">\n<h2 class=\"has-green-color has-text-color h5 wp-block-heading\"><a href=\"\/our-focus\/stewardship\/4rs-across-canada\/new-brunswick\/\" target=\"_blank\" rel=\"noreferrer noopener\" aria-label=\"Nouveau-Brunswick (opens in a new tab)\">Nouveau-Brunswick<\/a><\/h2>\n<\/div><\/div>\n<\/div>\n\n\n\n<div class=\"wp-block-column is-layout-flow wp-block-column-is-layout-flow\">\n<div class=\"wp-block-group card linked-card internal\"><div class=\"wp-block-group__inner-container is-layout-flow wp-block-group-is-layout-flow\">\n<h2 class=\"has-green-color has-text-color h5 wp-block-heading\"><a href=\"\/our-focus\/stewardship\/4rs-across-canada\/prince-edward-island\/\" target=\"_blank\" rel=\"noreferrer noopener\" aria-label=\"l\u2019\u00cele\u2011du-Prince-\u00c9douard (opens in a new tab)\">l\u2019\u00cele\u2011du-Prince-\u00c9douard<\/a> <\/h2>\n<\/div><\/div>\n<\/div>\n<\/div>\n<\/div><\/div>\n","protected":false},"excerpt":{"rendered":"<p>La g\u00e9rance des nutriments 4B a \u00e9t\u00e9 promue et appliqu\u00e9e partout au Canada dans le cadre d\u2019un certain nombre de programmes et d\u2019initiatives provinciaux et r\u00e9gionaux. La g\u00e9rance des nutriments 4B est actuellement pratiqu\u00e9e aux endroits suivants : l\u2019Alberta, le Manitoba, l\u2019Ontario, le Nouveau-Brunswick et l\u2019\u00cele-du-Prince-\u00c9douard.<\/p>\n","protected":false},"author":1,"featured_media":9418,"parent":11327,"menu_order":0,"comment_status":"closed","ping_status":"closed","template":"","meta":{"footnotes":""},"class_list":["post-11329","page","type-page","status-publish","has-post-thumbnail","hentry"],"yoast_head":"<!-- This site is optimized with the Yoast SEO plugin v27.4 - https:\/\/yoast.com\/product\/yoast-seo-wordpress\/ -->\n<title>Les 4B au Canada - Fertilizer Canada<\/title>\n<meta name=\"robots\" content=\"index, follow, max-snippet:-1, max-image-preview:large, max-video-preview:-1\" \/>\n<link rel=\"canonical\" href=\"https:\/\/fertilizercanada.ca\/fr\/notre-priorite\/gerance\/application-de-gerance-des-nutriments-4b-dans-lensemble-du-canada\/\" \/>\n<meta property=\"og:locale\" content=\"fr_FR\" \/>\n<meta property=\"og:type\" content=\"article\" \/>\n<meta property=\"og:title\" content=\"Les 4B au Canada - Fertilizer Canada\" \/>\n<meta property=\"og:description\" content=\"La g\u00e9rance des nutriments 4B a \u00e9t\u00e9 promue et appliqu\u00e9e partout au Canada dans le cadre d\u2019un certain nombre de programmes et d\u2019initiatives provinciaux et r\u00e9gionaux. La g\u00e9rance des nutriments 4B est actuellement pratiqu\u00e9e aux endroits suivants : l\u2019Alberta, le Manitoba, l\u2019Ontario, le Nouveau-Brunswick et l\u2019\u00cele-du-Prince-\u00c9douard.\" \/>\n<meta property=\"og:url\" content=\"https:\/\/fertilizercanada.ca\/fr\/notre-priorite\/gerance\/application-de-gerance-des-nutriments-4b-dans-lensemble-du-canada\/\" \/>\n<meta property=\"og:site_name\" content=\"Fertilizer Canada\" \/>\n<meta property=\"article:modified_time\" content=\"2020-10-15T13:57:13+00:00\" \/>\n<meta property=\"og:image\" content=\"https:\/\/fertilizercanada.ca\/wp-content\/uploads\/2020\/04\/4rs-across-canada.jpg\" \/>\n\t<meta property=\"og:image:width\" content=\"1920\" \/>\n\t<meta property=\"og:image:height\" content=\"1280\" \/>\n\t<meta property=\"og:image:type\" content=\"image\/jpeg\" \/>\n<meta name=\"twitter:card\" content=\"summary_large_image\" \/>\n<meta name=\"twitter:site\" content=\"@FertilizerCA\" \/>\n<meta name=\"twitter:label1\" content=\"Dur\u00e9e de lecture estim\u00e9e\" \/>\n\t<meta name=\"twitter:data1\" content=\"2 minutes\" \/>\n<script type=\"application\/ld+json\" class=\"yoast-schema-graph\">{\"@context\":\"https:\\\/\\\/schema.org\",\"@graph\":[{\"@type\":\"WebPage\",\"@id\":\"https:\\\/\\\/fertilizercanada.ca\\\/fr\\\/notre-priorite\\\/gerance\\\/application-de-gerance-des-nutriments-4b-dans-lensemble-du-canada\\\/\",\"url\":\"https:\\\/\\\/fertilizercanada.ca\\\/fr\\\/notre-priorite\\\/gerance\\\/application-de-gerance-des-nutriments-4b-dans-lensemble-du-canada\\\/\",\"name\":\"Les 4B au Canada - Fertilizer Canada\",\"isPartOf\":{\"@id\":\"https:\\\/\\\/fertilizercanada.ca\\\/#website\"},\"primaryImageOfPage\":{\"@id\":\"https:\\\/\\\/fertilizercanada.ca\\\/fr\\\/notre-priorite\\\/gerance\\\/application-de-gerance-des-nutriments-4b-dans-lensemble-du-canada\\\/#primaryimage\"},\"image\":{\"@id\":\"https:\\\/\\\/fertilizercanada.ca\\\/fr\\\/notre-priorite\\\/gerance\\\/application-de-gerance-des-nutriments-4b-dans-lensemble-du-canada\\\/#primaryimage\"},\"thumbnailUrl\":\"https:\\\/\\\/fertilizercanada.ca\\\/wp-content\\\/uploads\\\/2020\\\/04\\\/4rs-across-canada.jpg\",\"datePublished\":\"2020-08-19T20:38:47+00:00\",\"dateModified\":\"2020-10-15T13:57:13+00:00\",\"breadcrumb\":{\"@id\":\"https:\\\/\\\/fertilizercanada.ca\\\/fr\\\/notre-priorite\\\/gerance\\\/application-de-gerance-des-nutriments-4b-dans-lensemble-du-canada\\\/#breadcrumb\"},\"inLanguage\":\"fr-FR\",\"potentialAction\":[{\"@type\":\"ReadAction\",\"target\":[\"https:\\\/\\\/fertilizercanada.ca\\\/fr\\\/notre-priorite\\\/gerance\\\/application-de-gerance-des-nutriments-4b-dans-lensemble-du-canada\\\/\"]}]},{\"@type\":\"ImageObject\",\"inLanguage\":\"fr-FR\",\"@id\":\"https:\\\/\\\/fertilizercanada.ca\\\/fr\\\/notre-priorite\\\/gerance\\\/application-de-gerance-des-nutriments-4b-dans-lensemble-du-canada\\\/#primaryimage\",\"url\":\"https:\\\/\\\/fertilizercanada.ca\\\/wp-content\\\/uploads\\\/2020\\\/04\\\/4rs-across-canada.jpg\",\"contentUrl\":\"https:\\\/\\\/fertilizercanada.ca\\\/wp-content\\\/uploads\\\/2020\\\/04\\\/4rs-across-canada.jpg\",\"width\":1920,\"height\":1280},{\"@type\":\"BreadcrumbList\",\"@id\":\"https:\\\/\\\/fertilizercanada.ca\\\/fr\\\/notre-priorite\\\/gerance\\\/application-de-gerance-des-nutriments-4b-dans-lensemble-du-canada\\\/#breadcrumb\",\"itemListElement\":[{\"@type\":\"ListItem\",\"position\":1,\"name\":\"Home\",\"item\":\"https:\\\/\\\/fertilizercanada.ca\\\/fr\\\/\"},{\"@type\":\"ListItem\",\"position\":2,\"name\":\"Notre priorit\u00e9\",\"item\":\"https:\\\/\\\/fertilizercanada.ca\\\/fr\\\/notre-priorite\\\/\"},{\"@type\":\"ListItem\",\"position\":3,\"name\":\"G\u00e9rance\",\"item\":\"https:\\\/\\\/fertilizercanada.ca\\\/fr\\\/notre-priorite\\\/gerance\\\/\"},{\"@type\":\"ListItem\",\"position\":4,\"name\":\"Les 4B au Canada\"}]},{\"@type\":\"WebSite\",\"@id\":\"https:\\\/\\\/fertilizercanada.ca\\\/#website\",\"url\":\"https:\\\/\\\/fertilizercanada.ca\\\/\",\"name\":\"Fertilizer Canada\",\"description\":\"Growing Stronger\",\"potentialAction\":[{\"@type\":\"SearchAction\",\"target\":{\"@type\":\"EntryPoint\",\"urlTemplate\":\"https:\\\/\\\/fertilizercanada.ca\\\/?s={search_term_string}\"},\"query-input\":{\"@type\":\"PropertyValueSpecification\",\"valueRequired\":true,\"valueName\":\"search_term_string\"}}],\"inLanguage\":\"fr-FR\"}]}<\/script>\n<!-- \/ Yoast SEO plugin. -->","yoast_head_json":{"title":"Les 4B au Canada - Fertilizer Canada","robots":{"index":"index","follow":"follow","max-snippet":"max-snippet:-1","max-image-preview":"max-image-preview:large","max-video-preview":"max-video-preview:-1"},"canonical":"https:\/\/fertilizercanada.ca\/fr\/notre-priorite\/gerance\/application-de-gerance-des-nutriments-4b-dans-lensemble-du-canada\/","og_locale":"fr_FR","og_type":"article","og_title":"Les 4B au Canada - Fertilizer Canada","og_description":"La g\u00e9rance des nutriments 4B a \u00e9t\u00e9 promue et appliqu\u00e9e partout au Canada dans le cadre d\u2019un certain nombre de programmes et d\u2019initiatives provinciaux et r\u00e9gionaux. La g\u00e9rance des nutriments 4B est actuellement pratiqu\u00e9e aux endroits suivants : l\u2019Alberta, le Manitoba, l\u2019Ontario, le Nouveau-Brunswick et l\u2019\u00cele-du-Prince-\u00c9douard.","og_url":"https:\/\/fertilizercanada.ca\/fr\/notre-priorite\/gerance\/application-de-gerance-des-nutriments-4b-dans-lensemble-du-canada\/","og_site_name":"Fertilizer Canada","article_modified_time":"2020-10-15T13:57:13+00:00","og_image":[{"width":1920,"height":1280,"url":"https:\/\/fertilizercanada.ca\/wp-content\/uploads\/2020\/04\/4rs-across-canada.jpg","type":"image\/jpeg"}],"twitter_card":"summary_large_image","twitter_site":"@FertilizerCA","twitter_misc":{"Dur\u00e9e de lecture estim\u00e9e":"2 minutes"},"schema":{"@context":"https:\/\/schema.org","@graph":[{"@type":"WebPage","@id":"https:\/\/fertilizercanada.ca\/fr\/notre-priorite\/gerance\/application-de-gerance-des-nutriments-4b-dans-lensemble-du-canada\/","url":"https:\/\/fertilizercanada.ca\/fr\/notre-priorite\/gerance\/application-de-gerance-des-nutriments-4b-dans-lensemble-du-canada\/","name":"Les 4B au Canada - Fertilizer Canada","isPartOf":{"@id":"https:\/\/fertilizercanada.ca\/#website"},"primaryImageOfPage":{"@id":"https:\/\/fertilizercanada.ca\/fr\/notre-priorite\/gerance\/application-de-gerance-des-nutriments-4b-dans-lensemble-du-canada\/#primaryimage"},"image":{"@id":"https:\/\/fertilizercanada.ca\/fr\/notre-priorite\/gerance\/application-de-gerance-des-nutriments-4b-dans-lensemble-du-canada\/#primaryimage"},"thumbnailUrl":"https:\/\/fertilizercanada.ca\/wp-content\/uploads\/2020\/04\/4rs-across-canada.jpg","datePublished":"2020-08-19T20:38:47+00:00","dateModified":"2020-10-15T13:57:13+00:00","breadcrumb":{"@id":"https:\/\/fertilizercanada.ca\/fr\/notre-priorite\/gerance\/application-de-gerance-des-nutriments-4b-dans-lensemble-du-canada\/#breadcrumb"},"inLanguage":"fr-FR","potentialAction":[{"@type":"ReadAction","target":["https:\/\/fertilizercanada.ca\/fr\/notre-priorite\/gerance\/application-de-gerance-des-nutriments-4b-dans-lensemble-du-canada\/"]}]},{"@type":"ImageObject","inLanguage":"fr-FR","@id":"https:\/\/fertilizercanada.ca\/fr\/notre-priorite\/gerance\/application-de-gerance-des-nutriments-4b-dans-lensemble-du-canada\/#primaryimage","url":"https:\/\/fertilizercanada.ca\/wp-content\/uploads\/2020\/04\/4rs-across-canada.jpg","contentUrl":"https:\/\/fertilizercanada.ca\/wp-content\/uploads\/2020\/04\/4rs-across-canada.jpg","width":1920,"height":1280},{"@type":"BreadcrumbList","@id":"https:\/\/fertilizercanada.ca\/fr\/notre-priorite\/gerance\/application-de-gerance-des-nutriments-4b-dans-lensemble-du-canada\/#breadcrumb","itemListElement":[{"@type":"ListItem","position":1,"name":"Home","item":"https:\/\/fertilizercanada.ca\/fr\/"},{"@type":"ListItem","position":2,"name":"Notre priorit\u00e9","item":"https:\/\/fertilizercanada.ca\/fr\/notre-priorite\/"},{"@type":"ListItem","position":3,"name":"G\u00e9rance","item":"https:\/\/fertilizercanada.ca\/fr\/notre-priorite\/gerance\/"},{"@type":"ListItem","position":4,"name":"Les 4B au Canada"}]},{"@type":"WebSite","@id":"https:\/\/fertilizercanada.ca\/#website","url":"https:\/\/fertilizercanada.ca\/","name":"Fertilizer Canada","description":"Growing Stronger","potentialAction":[{"@type":"SearchAction","target":{"@type":"EntryPoint","urlTemplate":"https:\/\/fertilizercanada.ca\/?s={search_term_string}"},"query-input":{"@type":"PropertyValueSpecification","valueRequired":true,"valueName":"search_term_string"}}],"inLanguage":"fr-FR"}]}},"_links":{"self":[{"href":"https:\/\/fertilizercanada.ca\/fr\/wp-json\/wp\/v2\/pages\/11329","targetHints":{"allow":["GET"]}}],"collection":[{"href":"https:\/\/fertilizercanada.ca\/fr\/wp-json\/wp\/v2\/pages"}],"about":[{"href":"https:\/\/fertilizercanada.ca\/fr\/wp-json\/wp\/v2\/types\/page"}],"author":[{"embeddable":true,"href":"https:\/\/fertilizercanada.ca\/fr\/wp-json\/wp\/v2\/users\/1"}],"replies":[{"embeddable":true,"href":"https:\/\/fertilizercanada.ca\/fr\/wp-json\/wp\/v2\/comments?post=11329"}],"version-history":[{"count":0,"href":"https:\/\/fertilizercanada.ca\/fr\/wp-json\/wp\/v2\/pages\/11329\/revisions"}],"up":[{"embeddable":true,"href":"https:\/\/fertilizercanada.ca\/fr\/wp-json\/wp\/v2\/pages\/11327"}],"wp:featuredmedia":[{"embeddable":true,"href":"https:\/\/fertilizercanada.ca\/fr\/wp-json\/wp\/v2\/media\/9418"}],"wp:attachment":[{"href":"https:\/\/fertilizercanada.ca\/fr\/wp-json\/wp\/v2\/media?parent=11329"}],"curies":[{"name":"wp","href":"https:\/\/api.w.org\/{rel}","templated":true}]}}