{"id":11349,"date":"2020-08-19T17:34:28","date_gmt":"2020-08-19T21:34:28","guid":{"rendered":"https:\/\/fc2020.staging.baytek.ca\/?page_id=11349"},"modified":"2020-09-24T10:23:16","modified_gmt":"2020-09-24T14:23:16","slug":"climate-smart-agriculture","status":"publish","type":"page","link":"https:\/\/fertilizercanada.ca\/fr\/notre-priorite\/gerance\/climate-smart-agriculture\/","title":{"rendered":"Une agriculture respectueuse du climat"},"content":{"rendered":"\n<div class=\"wp-block-group alignfull hero\"><div class=\"wp-block-group__inner-container is-layout-flow wp-block-group-is-layout-flow\">\n<div class=\"wp-block-cover has-black-background-color has-background-dim\" style=\"background-image:url(https:\/\/fertilizercanada.ca\/wp-content\/uploads\/2020\/04\/climate-smart-agriculture.jpg)\"><div class=\"wp-block-cover__inner-container is-layout-flow wp-block-cover-is-layout-flow\">\n\n<span class=\"breadcrumbs\">\n\t\t\t<span class=\"eyebrow crumb has-small-font-size\"><a class=\"has-white-color\" href=\"https:\/\/fertilizercanada.ca\/fr\/notre-priorite\/\">Notre priorit\u00e9<\/a><\/span>\n\t\t\t<span class=\"eyebrow crumb has-small-font-size\"><a class=\"has-white-color\" href=\"https:\/\/fertilizercanada.ca\/fr\/notre-priorite\/gerance\/\">G\u00e9rance<\/a><\/span>\n\t<\/span>\n\n\n\n\n<h1 class=\"wp-block-heading\">Une agriculture respectueuse du climat<\/h1>\n\n\n\n<p>Fertilisants Canada a dirig\u00e9 et continue d\u2019appuyer au nom de nos membres l\u2019\u00e9laboration du Protocole de r\u00e9duction des \u00e9missions d\u2019oxyde nitreux (PREON) comme outil d\u2019utilisation efficiente et environnementalement responsable des fertilisants en Alberta et dans les autres provinces et territoires.<\/p>\n<\/div><\/div>\n<\/div><\/div>\n\n\n\n<div class=\"wp-block-group alignwide narrow\"><div class=\"wp-block-group__inner-container is-layout-flow wp-block-group-is-layout-flow\">\n<h2 class=\"wp-block-heading\">Protocole de r\u00e9duction des \u00e9missions d\u2019oxyde nitreux<\/h2>\n\n\n\n<p class=\"has-extra-large-font-size\">Fertilisants Canada a dirig\u00e9 et continue d\u2019appuyer, au nom de nos membres, l\u2019\u00e9laboration du Protocole de r\u00e9duction des \u00e9missions d\u2019oxyde nitreux (PREON) en tant qu\u2019outil servant \u00e0 assurer une utilisation responsable des engrais sur les plans environnemental et \u00e9conomique en Alberta et dans d\u2019autres provinces ou territoires.<\/p>\n\n\n\n<p class=\"has-extra-large-font-size\">L\u2019engrais azot\u00e9 est une source importante d\u2019\u00e9missions d\u2019oxyde nitreux, mais il constitue \u00e9galement le principal facteur de rendement des syst\u00e8mes modernes \u00e0 haute production. Gr\u00e2ce \u00e0 une s\u00e9lection rigoureuse des engrais azot\u00e9s, de la dose, de la planification et des pratiques d\u2019\u00e9pandage, les \u00e9missions d\u2019oxyde nitreux par unit\u00e9 de culture produite peuvent \u00eatre consid\u00e9rablement r\u00e9duites, de plus de la moiti\u00e9 dans certains cas. Les pratiques qui permettent de r\u00e9duire les \u00e9missions d\u2019oxyde nitreux ont \u00e9galement tendance \u00e0 augmenter l\u2019efficacit\u00e9 de l\u2019utilisation de l\u2019azote et le rendement \u00e9conomique des engrais.<\/p>\n\n\n\n<p class=\"has-extra-large-font-size\">Le PREON est un protocole scientifique visant \u00e0 satisfaire aux normes internationales, \u00e0 am\u00e9liorer la gestion de l\u2019azote dans les syst\u00e8mes de culture et \u00e0 \u00e9valuer la r\u00e9duction d\u2019oxyde nitreux d\u00e9coulant d\u2019une meilleure gestion de l\u2019azote. Le concept du PREON est simple et fond\u00e9 sur des donn\u00e9es que les agriculteurs ont d\u00e9j\u00e0 recueillies ou qu\u2019ils souhaitent recueillir afin d\u2019am\u00e9liorer l\u2019ensemble de leur syst\u00e8me de gestion de la ferme.<\/p>\n\n\n\n<p class=\"has-extra-large-font-size\">La gestion am\u00e9lior\u00e9e de l\u2019azote pr\u00e9vue dans le PREON est effectu\u00e9e sur la ferme gr\u00e2ce au programme <em>G\u00e9rance des nutriments 4B<\/em> (bonne source, bonne dose, bon moment, bon endroit\u00ae) qui constitue un programme scientifique solidement ancr\u00e9 dans l\u2019agriculture durable et qui vise \u00e0 \u00e9tablir un \u00e9quilibre entre les d\u00e9cisions relatives \u00e0 la gestion des nutriments dans un cadre d\u2019objectifs \u00e9conomiques, sociaux et environnementaux.<\/p>\n\n\n\n<p class=\"has-extra-large-font-size\">Le protocole a \u00e9t\u00e9 initialement approuv\u00e9 pour \u00eatre utilis\u00e9 dans le cadre de gestion des gaz \u00e0 effet de serre de l\u2019Alberta, comme un protocole sur la prestation de cr\u00e9dits carbone pour les grands \u00e9metteurs ultimes r\u00e9glement\u00e9s de l\u2019Alberta. Dans le syst\u00e8me de l\u2019Alberta, son principal objectif est de r\u00e9duire les \u00e9missions d\u2019oxyde nitreux \u00e0 la ferme de mani\u00e8re quantifiable, cr\u00e9dible et v\u00e9rifiable, ce qui permettrait aux agriculteurs de produire des cr\u00e9dits de carbone vendables sur le march\u00e9 de carbone r\u00e9glement\u00e9 de l\u2019Alberta.<\/p>\n\n\n\n<h2 class=\"extra-large-top-margin wp-block-heading\">Le protocole climato-intelligent 4R<\/h2>\n\n\n\n<p class=\"has-extra-large-font-size\">Le protocole 4R Climate-Smart est une solution scientifique facilement adaptable pour les producteurs canadiens afin d\u2019optimiser la gestion de l\u2019azote dans leurs syst\u00e8mes de culture et de d\u00e9montrer de mani\u00e8re quantifiable des r\u00e9ductions de carbone.<\/p>\n\n\n\n<p class=\"has-extra-large-font-size\">La mise en \u0153uvre du protocole 4R Climate-Smart, qui incorpore la gestion des nutriments 4R (bonne source au bon taux, au bon moment, au bon endroit\u00ae), augmente les performances \u00e9conomiques des producteurs tout en r\u00e9duisant les co\u00fbts d&rsquo;intrants par unit\u00e9 de rendement de culture produite.<\/p>\n\n\n\n<p class=\"has-extra-large-font-size\">Voir la strat\u00e9gie compl\u00e8te du protocole climato-intelligent 4R ici: <a href=\"https:\/\/fertilizercanada.ca\/wp-content\/uploads\/2018\/07\/National-NERP-Carbon-Strategy-2018_vf-1.pdf\">Vers une strat\u00e9gie nationale de gestion du carbone NERP<\/a><\/p>\n\n\n\n<div class=\"wp-block-group extra-medium-top-margin\"><div class=\"wp-block-group__inner-container is-layout-flow wp-block-group-is-layout-flow\">\n<div class=\"wp-block-columns video-box\">\n\t<div class=\"wp-block-column is-vertically-aligned-top top-border\" style=\"flex-basis:40%\">\n\t\t<h4 class=\"has-text-align-left h5\">Le protocole climato-intelligent 4R (anglais seulement)<\/h4>\n\t\t<div class=\"wp-block-button open-popup-link\">\n\t\t\t<a class=\"wp-block-button__link has-text-color has-gold-color has-background has-white-background-color\" href=\"#the-4r-climate-smart-protocol\">Voir la vid\u00e9o<\/a>\n\t\t<\/div>\n\t<\/div>\n\t<div class=\"wp-block-column\" style=\"flex-basis:60%\">\n\t\t<figure class=\"wp-block-image size-large open-popup-link video-wrapper\">\n\t\t\t<a href=\"#the-4r-climate-smart-protocol\"><img decoding=\"async\" src=\"https:\/\/fertilizercanada.ca\/wp-content\/uploads\/2020\/04\/Screen-Shot-2019-12-12-at-4.09.59-PM@2x-1-1024x645.png\" \/><\/a>\n\t\t<\/figure>\n\t\t\t\t\t<div class=\"wp-block-group standard-modal video-modal mfp-hide\" id=\"the-4r-climate-smart-protocol\">\n\t\t\t\t<div class=\"wp-block-group__inner-container\">\n\t\t\t\t\t<div class=\"wp-block-group wp-embed-aspect-16-9 wp-has-aspect-ratio\">\n\t\t\t\t\t\t<div class=\"wp-block-group__inner-container\">\n\t\t\t\t\t\t\t<a href=\"https:\/\/www.youtube.com\/watch?v=eD2SeH8IZZw\">https:\/\/www.youtube.com\/watch?v=eD2SeH8IZZw<\/a>\t\t\t\t\t\t<\/div>\n\t\t\t\t\t<\/div>\n\t\t\t\t<\/div>\n\t\t\t<\/div>\n\t\t\t<\/div>\n<\/div>\n<\/div><\/div>\n<\/div><\/div>\n","protected":false},"excerpt":{"rendered":"<p>Fertilisants Canada a dirig\u00e9 et continue d\u2019appuyer au nom de nos membres l\u2019\u00e9laboration du Protocole de r\u00e9duction des \u00e9missions d\u2019oxyde nitreux (PREON) comme outil d\u2019utilisation efficiente et environnementalement responsable des fertilisants en Alberta et dans les autres provinces et territoires.<\/p>\n","protected":false},"author":1,"featured_media":9432,"parent":11327,"menu_order":4,"comment_status":"closed","ping_status":"closed","template":"","meta":{"footnotes":""},"class_list":["post-11349","page","type-page","status-publish","has-post-thumbnail","hentry"],"yoast_head":"<!-- This site is optimized with the Yoast SEO plugin v27.4 - https:\/\/yoast.com\/product\/yoast-seo-wordpress\/ -->\n<title>Une agriculture respectueuse du climat - Fertilizer Canada<\/title>\n<meta name=\"robots\" content=\"index, follow, max-snippet:-1, max-image-preview:large, max-video-preview:-1\" \/>\n<link rel=\"canonical\" href=\"https:\/\/fertilizercanada.ca\/fr\/notre-priorite\/gerance\/climate-smart-agriculture\/\" \/>\n<meta property=\"og:locale\" content=\"fr_FR\" \/>\n<meta property=\"og:type\" content=\"article\" \/>\n<meta property=\"og:title\" content=\"Une agriculture respectueuse du climat - Fertilizer Canada\" \/>\n<meta property=\"og:description\" content=\"Fertilisants Canada a dirig\u00e9 et continue d\u2019appuyer au nom de nos membres l\u2019\u00e9laboration du Protocole de r\u00e9duction des \u00e9missions d\u2019oxyde nitreux (PREON) comme outil d\u2019utilisation efficiente et environnementalement responsable des fertilisants en Alberta et dans les autres provinces et territoires.\" \/>\n<meta property=\"og:url\" content=\"https:\/\/fertilizercanada.ca\/fr\/notre-priorite\/gerance\/climate-smart-agriculture\/\" \/>\n<meta property=\"og:site_name\" content=\"Fertilizer Canada\" \/>\n<meta property=\"article:modified_time\" content=\"2020-09-24T14:23:16+00:00\" \/>\n<meta property=\"og:image\" content=\"https:\/\/fertilizercanada.ca\/wp-content\/uploads\/2020\/04\/climate-smart-agriculture.jpg\" \/>\n\t<meta property=\"og:image:width\" content=\"1500\" \/>\n\t<meta property=\"og:image:height\" content=\"1001\" \/>\n\t<meta property=\"og:image:type\" content=\"image\/jpeg\" \/>\n<meta name=\"twitter:card\" content=\"summary_large_image\" \/>\n<meta name=\"twitter:site\" content=\"@FertilizerCA\" \/>\n<meta name=\"twitter:label1\" content=\"Dur\u00e9e de lecture estim\u00e9e\" \/>\n\t<meta name=\"twitter:data1\" content=\"3 minutes\" \/>\n<script type=\"application\/ld+json\" class=\"yoast-schema-graph\">{\"@context\":\"https:\\\/\\\/schema.org\",\"@graph\":[{\"@type\":\"WebPage\",\"@id\":\"https:\\\/\\\/fertilizercanada.ca\\\/fr\\\/notre-priorite\\\/gerance\\\/climate-smart-agriculture\\\/\",\"url\":\"https:\\\/\\\/fertilizercanada.ca\\\/fr\\\/notre-priorite\\\/gerance\\\/climate-smart-agriculture\\\/\",\"name\":\"Une agriculture respectueuse du climat - Fertilizer Canada\",\"isPartOf\":{\"@id\":\"https:\\\/\\\/fertilizercanada.ca\\\/#website\"},\"primaryImageOfPage\":{\"@id\":\"https:\\\/\\\/fertilizercanada.ca\\\/fr\\\/notre-priorite\\\/gerance\\\/climate-smart-agriculture\\\/#primaryimage\"},\"image\":{\"@id\":\"https:\\\/\\\/fertilizercanada.ca\\\/fr\\\/notre-priorite\\\/gerance\\\/climate-smart-agriculture\\\/#primaryimage\"},\"thumbnailUrl\":\"https:\\\/\\\/fertilizercanada.ca\\\/wp-content\\\/uploads\\\/2020\\\/04\\\/climate-smart-agriculture.jpg\",\"datePublished\":\"2020-08-19T21:34:28+00:00\",\"dateModified\":\"2020-09-24T14:23:16+00:00\",\"breadcrumb\":{\"@id\":\"https:\\\/\\\/fertilizercanada.ca\\\/fr\\\/notre-priorite\\\/gerance\\\/climate-smart-agriculture\\\/#breadcrumb\"},\"inLanguage\":\"fr-FR\",\"potentialAction\":[{\"@type\":\"ReadAction\",\"target\":[\"https:\\\/\\\/fertilizercanada.ca\\\/fr\\\/notre-priorite\\\/gerance\\\/climate-smart-agriculture\\\/\"]}]},{\"@type\":\"ImageObject\",\"inLanguage\":\"fr-FR\",\"@id\":\"https:\\\/\\\/fertilizercanada.ca\\\/fr\\\/notre-priorite\\\/gerance\\\/climate-smart-agriculture\\\/#primaryimage\",\"url\":\"https:\\\/\\\/fertilizercanada.ca\\\/wp-content\\\/uploads\\\/2020\\\/04\\\/climate-smart-agriculture.jpg\",\"contentUrl\":\"https:\\\/\\\/fertilizercanada.ca\\\/wp-content\\\/uploads\\\/2020\\\/04\\\/climate-smart-agriculture.jpg\",\"width\":1500,\"height\":1001},{\"@type\":\"BreadcrumbList\",\"@id\":\"https:\\\/\\\/fertilizercanada.ca\\\/fr\\\/notre-priorite\\\/gerance\\\/climate-smart-agriculture\\\/#breadcrumb\",\"itemListElement\":[{\"@type\":\"ListItem\",\"position\":1,\"name\":\"Home\",\"item\":\"https:\\\/\\\/fertilizercanada.ca\\\/fr\\\/\"},{\"@type\":\"ListItem\",\"position\":2,\"name\":\"Notre priorit\u00e9\",\"item\":\"https:\\\/\\\/fertilizercanada.ca\\\/fr\\\/notre-priorite\\\/\"},{\"@type\":\"ListItem\",\"position\":3,\"name\":\"G\u00e9rance\",\"item\":\"https:\\\/\\\/fertilizercanada.ca\\\/fr\\\/notre-priorite\\\/gerance\\\/\"},{\"@type\":\"ListItem\",\"position\":4,\"name\":\"Une agriculture respectueuse du climat\"}]},{\"@type\":\"WebSite\",\"@id\":\"https:\\\/\\\/fertilizercanada.ca\\\/#website\",\"url\":\"https:\\\/\\\/fertilizercanada.ca\\\/\",\"name\":\"Fertilizer Canada\",\"description\":\"Growing Stronger\",\"potentialAction\":[{\"@type\":\"SearchAction\",\"target\":{\"@type\":\"EntryPoint\",\"urlTemplate\":\"https:\\\/\\\/fertilizercanada.ca\\\/?s={search_term_string}\"},\"query-input\":{\"@type\":\"PropertyValueSpecification\",\"valueRequired\":true,\"valueName\":\"search_term_string\"}}],\"inLanguage\":\"fr-FR\"}]}<\/script>\n<!-- \/ Yoast SEO plugin. -->","yoast_head_json":{"title":"Une agriculture respectueuse du climat - Fertilizer Canada","robots":{"index":"index","follow":"follow","max-snippet":"max-snippet:-1","max-image-preview":"max-image-preview:large","max-video-preview":"max-video-preview:-1"},"canonical":"https:\/\/fertilizercanada.ca\/fr\/notre-priorite\/gerance\/climate-smart-agriculture\/","og_locale":"fr_FR","og_type":"article","og_title":"Une agriculture respectueuse du climat - Fertilizer Canada","og_description":"Fertilisants Canada a dirig\u00e9 et continue d\u2019appuyer au nom de nos membres l\u2019\u00e9laboration du Protocole de r\u00e9duction des \u00e9missions d\u2019oxyde nitreux (PREON) comme outil d\u2019utilisation efficiente et environnementalement responsable des fertilisants en Alberta et dans les autres provinces et territoires.","og_url":"https:\/\/fertilizercanada.ca\/fr\/notre-priorite\/gerance\/climate-smart-agriculture\/","og_site_name":"Fertilizer Canada","article_modified_time":"2020-09-24T14:23:16+00:00","og_image":[{"width":1500,"height":1001,"url":"https:\/\/fertilizercanada.ca\/wp-content\/uploads\/2020\/04\/climate-smart-agriculture.jpg","type":"image\/jpeg"}],"twitter_card":"summary_large_image","twitter_site":"@FertilizerCA","twitter_misc":{"Dur\u00e9e de lecture estim\u00e9e":"3 minutes"},"schema":{"@context":"https:\/\/schema.org","@graph":[{"@type":"WebPage","@id":"https:\/\/fertilizercanada.ca\/fr\/notre-priorite\/gerance\/climate-smart-agriculture\/","url":"https:\/\/fertilizercanada.ca\/fr\/notre-priorite\/gerance\/climate-smart-agriculture\/","name":"Une agriculture respectueuse du climat - Fertilizer Canada","isPartOf":{"@id":"https:\/\/fertilizercanada.ca\/#website"},"primaryImageOfPage":{"@id":"https:\/\/fertilizercanada.ca\/fr\/notre-priorite\/gerance\/climate-smart-agriculture\/#primaryimage"},"image":{"@id":"https:\/\/fertilizercanada.ca\/fr\/notre-priorite\/gerance\/climate-smart-agriculture\/#primaryimage"},"thumbnailUrl":"https:\/\/fertilizercanada.ca\/wp-content\/uploads\/2020\/04\/climate-smart-agriculture.jpg","datePublished":"2020-08-19T21:34:28+00:00","dateModified":"2020-09-24T14:23:16+00:00","breadcrumb":{"@id":"https:\/\/fertilizercanada.ca\/fr\/notre-priorite\/gerance\/climate-smart-agriculture\/#breadcrumb"},"inLanguage":"fr-FR","potentialAction":[{"@type":"ReadAction","target":["https:\/\/fertilizercanada.ca\/fr\/notre-priorite\/gerance\/climate-smart-agriculture\/"]}]},{"@type":"ImageObject","inLanguage":"fr-FR","@id":"https:\/\/fertilizercanada.ca\/fr\/notre-priorite\/gerance\/climate-smart-agriculture\/#primaryimage","url":"https:\/\/fertilizercanada.ca\/wp-content\/uploads\/2020\/04\/climate-smart-agriculture.jpg","contentUrl":"https:\/\/fertilizercanada.ca\/wp-content\/uploads\/2020\/04\/climate-smart-agriculture.jpg","width":1500,"height":1001},{"@type":"BreadcrumbList","@id":"https:\/\/fertilizercanada.ca\/fr\/notre-priorite\/gerance\/climate-smart-agriculture\/#breadcrumb","itemListElement":[{"@type":"ListItem","position":1,"name":"Home","item":"https:\/\/fertilizercanada.ca\/fr\/"},{"@type":"ListItem","position":2,"name":"Notre priorit\u00e9","item":"https:\/\/fertilizercanada.ca\/fr\/notre-priorite\/"},{"@type":"ListItem","position":3,"name":"G\u00e9rance","item":"https:\/\/fertilizercanada.ca\/fr\/notre-priorite\/gerance\/"},{"@type":"ListItem","position":4,"name":"Une agriculture respectueuse du climat"}]},{"@type":"WebSite","@id":"https:\/\/fertilizercanada.ca\/#website","url":"https:\/\/fertilizercanada.ca\/","name":"Fertilizer Canada","description":"Growing Stronger","potentialAction":[{"@type":"SearchAction","target":{"@type":"EntryPoint","urlTemplate":"https:\/\/fertilizercanada.ca\/?s={search_term_string}"},"query-input":{"@type":"PropertyValueSpecification","valueRequired":true,"valueName":"search_term_string"}}],"inLanguage":"fr-FR"}]}},"_links":{"self":[{"href":"https:\/\/fertilizercanada.ca\/fr\/wp-json\/wp\/v2\/pages\/11349","targetHints":{"allow":["GET"]}}],"collection":[{"href":"https:\/\/fertilizercanada.ca\/fr\/wp-json\/wp\/v2\/pages"}],"about":[{"href":"https:\/\/fertilizercanada.ca\/fr\/wp-json\/wp\/v2\/types\/page"}],"author":[{"embeddable":true,"href":"https:\/\/fertilizercanada.ca\/fr\/wp-json\/wp\/v2\/users\/1"}],"replies":[{"embeddable":true,"href":"https:\/\/fertilizercanada.ca\/fr\/wp-json\/wp\/v2\/comments?post=11349"}],"version-history":[{"count":0,"href":"https:\/\/fertilizercanada.ca\/fr\/wp-json\/wp\/v2\/pages\/11349\/revisions"}],"up":[{"embeddable":true,"href":"https:\/\/fertilizercanada.ca\/fr\/wp-json\/wp\/v2\/pages\/11327"}],"wp:featuredmedia":[{"embeddable":true,"href":"https:\/\/fertilizercanada.ca\/fr\/wp-json\/wp\/v2\/media\/9432"}],"wp:attachment":[{"href":"https:\/\/fertilizercanada.ca\/fr\/wp-json\/wp\/v2\/media?parent=11349"}],"curies":[{"name":"wp","href":"https:\/\/api.w.org\/{rel}","templated":true}]}}