{"id":11359,"date":"2020-08-19T20:07:19","date_gmt":"2020-08-20T00:07:19","guid":{"rendered":"https:\/\/fc2020.staging.baytek.ca\/?page_id=11359"},"modified":"2020-09-24T12:55:30","modified_gmt":"2020-09-24T16:55:30","slug":"nutriments-pour-la-vie","status":"publish","type":"page","link":"https:\/\/fertilizercanada.ca\/fr\/notre-priorite\/defense-des-interets\/nutriments-pour-la-vie\/","title":{"rendered":"Nutriments pour la vie"},"content":{"rendered":"\n<div class=\"wp-block-group hero alignfull\"><div class=\"wp-block-group__inner-container is-layout-flow wp-block-group-is-layout-flow\">\n<div class=\"wp-block-cover has-background-dim\" style=\"background-image:url(https:\/\/fertilizercanada.ca\/wp-content\/uploads\/2020\/04\/nutrients-for-life.jpg)\"><div class=\"wp-block-cover__inner-container is-layout-flow wp-block-cover-is-layout-flow\">\n\n<span class=\"breadcrumbs\">\n\t\t\t<span class=\"eyebrow crumb has-small-font-size\"><a class=\"has-white-color\" href=\"https:\/\/fertilizercanada.ca\/fr\/notre-priorite\/\">Notre priorit\u00e9<\/a><\/span>\n\t\t\t<span class=\"eyebrow crumb has-small-font-size\"><a class=\"has-white-color\" href=\"https:\/\/fertilizercanada.ca\/fr\/notre-priorite\/defense-des-interets\/\">D\u00e9fense des int\u00e9r\u00eats<\/a><\/span>\n\t<\/span>\n\n\n\n\n<h1 class=\"wp-block-heading\">Nutriments pour la vie<\/h1>\n\n\n\n<p>Un organisme de bienfaisance enregistr\u00e9 qui s&rsquo;engage \u00e0 apporter du mat\u00e9riel \u00e9ducatif en classe, en se concentrant sur la science du sol et la durabilit\u00e9 agricole.<\/p>\n<\/div><\/div>\n<\/div><\/div>\n\n\n\n<div class=\"wp-block-group alignwide narrow\"><div class=\"wp-block-group__inner-container is-layout-flow wp-block-group-is-layout-flow\">\n<h2 class=\"wp-block-heading\" id=\"overview\">Aper\u00e7u<\/h2>\n\n\n\n<p class=\"has-extra-large-font-size\">Fertilisant Canada est un fervent partisan de <a rel=\"noreferrer noopener\" aria-label=\"Nutrients for Life Foundation Canada (opens in a new tab)\" href=\"http:\/\/www.nutrientsforlife.ca\/\" target=\"_blank\">Nutrients for Life Foundation Canada<\/a>. Ensemble, des \u00e9ducateurs, des groupes communautaires, des scientifiques et des repr\u00e9sentants du secteur agricole produisent et distribuent du mat\u00e9riel p\u00e9dagogique pour r\u00e9pondre aux besoins des programmes scolaires du Canada avec un contenu scientifique de la plus haute qualit\u00e9.<\/p>\n\n\n\n<p class=\"has-extra-large-font-size\">Gr\u00e2ce \u00e0 ses ressources et programmes \u00e9ducatifs, Nutriments pour la vie aborde la s\u00e9curit\u00e9 alimentaire et la sant\u00e9 des sols en travaillant avec des \u00e9ducateurs canadiens pour s&rsquo;assurer que les ressources r\u00e9pondent aux besoins des enseignants et des \u00e9l\u00e8ves. Pour valider sa valeur p\u00e9dagogique, le mat\u00e9riel p\u00e9dagogique de la fondation a \u00e9t\u00e9 examin\u00e9 par le Smithsonian Institute, la plus grande organisation de recherche et complexe mus\u00e9al du monde.<\/p>\n\n\n\n<p class=\"has-extra-large-font-size\">Nutrients for Life soutient l&rsquo;utilisation durable des nutriments pour am\u00e9liorer la sant\u00e9 et la qualit\u00e9 de notre sol, am\u00e9liorer la production d&rsquo;aliments nutritifs et pr\u00e9server les espaces verts.<\/p>\n\n\n\n<div class=\"wp-block-columns extra-large-top-margin is-layout-flex wp-container-core-columns-is-layout-9d6595d7 wp-block-columns-is-layout-flex\">\n<div class=\"wp-block-column is-layout-flow wp-block-column-is-layout-flow\">\n<h2 class=\"wp-block-heading\" id=\"regional-managers\">Directeurs r\u00e9gionaux<\/h2>\n\n\n\n<p class=\"has-extra-large-font-size\">Les directeurs r\u00e9gionaux sont des personnes d\u00e9vou\u00e9es qui \u00e9duquent les \u00e9tudiants gr\u00e2ce \u00e0 un programme interactif qui aborde le r\u00f4le des \u00e9l\u00e9ments nutritifs des plantes dans les pratiques agricoles modernes et durables. Les gestionnaires r\u00e9gionaux adaptent, \u00e9laborent et maintiennent un programme d&rsquo;\u00e9tudes canadien fond\u00e9 sur la science et d&rsquo;autres mat\u00e9riels d&rsquo;apprentissage pour sensibiliser les \u00e9l\u00e8ves \u00e0 l&rsquo;importance de la sant\u00e9 des sols et de la durabilit\u00e9 agricole. Les gestionnaires r\u00e9gionaux ont \u00e9galement un impact sur les \u00e9coles et les communaut\u00e9s canadiennes en agissant comme centre de ressources de connaissances sur l&rsquo;utilisation des nutriments et la science derri\u00e8re la production alimentaire.<\/p>\n\n\n\n<div class=\"wp-block-button view-more\"><a class=\"wp-block-button__link has-text-color has-gold-color has-background has-white-background-color\" href=\"https:\/\/nutrientsforlife.ca\/site\/about-regional-managers\" target=\"_blank\" rel=\"noreferrer noopener\">En savoir plus<\/a><\/div>\n<\/div>\n\n\n\n<div class=\"wp-block-column is-layout-flow wp-block-column-is-layout-flow\">\n<div class=\"wp-block-cover\" style=\"background-image:url(https:\/\/fertilizercanada.ca\/wp-content\/uploads\/2020\/04\/regional-managers.jpg)\"><div class=\"wp-block-cover__inner-container is-layout-flow wp-block-cover-is-layout-flow\">\n<p class=\"has-text-align-center has-large-font-size\"><\/p>\n<\/div><\/div>\n<\/div>\n<\/div>\n\n\n\n<h2 class=\"extra-large-top-margin wp-block-heading\" id=\"gardens\">Jardins d&rsquo;apprentissage<\/h2>\n\n\n\n<p class=\"has-extra-large-font-size\">Les jardins d&rsquo;apprentissage sont des environnements \u00e9ducatifs en plein air o\u00f9 les \u00e9l\u00e8ves d\u00e9couvrent la science du sol et la durabilit\u00e9 agricole gr\u00e2ce \u00e0 la pratique pratique. Avec l&rsquo;apprentissage des jardins, les \u00e9l\u00e8ves explorent comment l&rsquo;agriculture moderne, le jardinage et la croissance des plantes jouent un r\u00f4le pr\u00e9cieux dans la production alimentaire, la sant\u00e9 et la durabilit\u00e9.<\/p>\n\n\n\n<p class=\"has-extra-large-font-size\">Les jardins d&rsquo;apprentissage ont l&rsquo;avantage suppl\u00e9mentaire de l&rsquo;activit\u00e9 physique, de la sensibilisation \u00e0 l&rsquo;environnement et des comp\u00e9tences d&rsquo;intendance et de la promotion de la collaboration, du travail d&rsquo;\u00e9quipe et du leadership dans la communaut\u00e9. Les jardins offrent \u00e9galement un apprentissage exp\u00e9rientiel li\u00e9 aux mati\u00e8res existantes du programme, telles que la chimie, la biologie, les math\u00e9matiques, les \u00e9tudes sociales et l&rsquo;histoire. Le jardinage donne vie \u00e0 ces sujets et aide les \u00e9l\u00e8ves \u00e0 d\u00e9couvrir comment ils s&rsquo;int\u00e8grent.<\/p>\n\n\n\n<p class=\"has-extra-large-font-size\">L\u2019int\u00e9gration des jardins d\u2019apprentissage dans le syst\u00e8me \u00e9ducatif canadien permet aux \u00e9l\u00e8ves et aux enseignants de se connecter avec la communaut\u00e9 environnante et de nourrir des citoyens engag\u00e9s passionn\u00e9s par l\u2019impact de la s\u00e9curit\u00e9 alimentaire et des probl\u00e8mes mondiaux gr\u00e2ce \u00e0 des possibilit\u00e9s d\u2019apprentissage efficaces et fond\u00e9es sur la science.<\/p>\n<\/div><\/div>\n","protected":false},"excerpt":{"rendered":"<p>Aper\u00e7u Fertilisant Canada est un fervent partisan de Nutrients for Life Foundation Canada. Ensemble, des \u00e9ducateurs, des groupes communautaires, des\u2026 <\/p>\n<p><div class=\"wp-block-button view-more\"><a class=\"wp-block-button__link has-text-color has-gold-color permalink\" href=\"https:\/\/fertilizercanada.ca\/fr\/notre-priorite\/defense-des-interets\/nutriments-pour-la-vie\/\">Read More<\/a><\/div><\/p>\n","protected":false},"author":1,"featured_media":9512,"parent":11311,"menu_order":0,"comment_status":"closed","ping_status":"closed","template":"","meta":{"footnotes":""},"class_list":["post-11359","page","type-page","status-publish","has-post-thumbnail","hentry"],"yoast_head":"<!-- This site is optimized with the Yoast SEO plugin v27.4 - https:\/\/yoast.com\/product\/yoast-seo-wordpress\/ -->\n<title>Nutriments pour la vie - Fertilizer Canada<\/title>\n<meta name=\"robots\" content=\"index, follow, max-snippet:-1, max-image-preview:large, max-video-preview:-1\" \/>\n<link rel=\"canonical\" href=\"https:\/\/fertilizercanada.ca\/fr\/notre-priorite\/defense-des-interets\/nutriments-pour-la-vie\/\" \/>\n<meta property=\"og:locale\" content=\"fr_FR\" \/>\n<meta property=\"og:type\" content=\"article\" \/>\n<meta property=\"og:title\" content=\"Nutriments pour la vie - Fertilizer Canada\" \/>\n<meta property=\"og:description\" content=\"Aper\u00e7u Fertilisant Canada est un fervent partisan de Nutrients for Life Foundation Canada. Ensemble, des \u00e9ducateurs, des groupes communautaires, des\u2026 Read More\" \/>\n<meta property=\"og:url\" content=\"https:\/\/fertilizercanada.ca\/fr\/notre-priorite\/defense-des-interets\/nutriments-pour-la-vie\/\" \/>\n<meta property=\"og:site_name\" content=\"Fertilizer Canada\" \/>\n<meta property=\"article:modified_time\" content=\"2020-09-24T16:55:30+00:00\" \/>\n<meta property=\"og:image\" content=\"https:\/\/fertilizercanada.ca\/wp-content\/uploads\/2020\/04\/nutrients-for-life.jpg\" \/>\n\t<meta property=\"og:image:width\" content=\"1920\" \/>\n\t<meta property=\"og:image:height\" content=\"1280\" \/>\n\t<meta property=\"og:image:type\" content=\"image\/jpeg\" \/>\n<meta name=\"twitter:card\" content=\"summary_large_image\" \/>\n<meta name=\"twitter:site\" content=\"@FertilizerCA\" \/>\n<meta name=\"twitter:label1\" content=\"Dur\u00e9e de lecture estim\u00e9e\" \/>\n\t<meta name=\"twitter:data1\" content=\"3 minutes\" \/>\n<script type=\"application\/ld+json\" class=\"yoast-schema-graph\">{\"@context\":\"https:\\\/\\\/schema.org\",\"@graph\":[{\"@type\":\"WebPage\",\"@id\":\"https:\\\/\\\/fertilizercanada.ca\\\/fr\\\/notre-priorite\\\/defense-des-interets\\\/nutriments-pour-la-vie\\\/\",\"url\":\"https:\\\/\\\/fertilizercanada.ca\\\/fr\\\/notre-priorite\\\/defense-des-interets\\\/nutriments-pour-la-vie\\\/\",\"name\":\"Nutriments pour la vie - Fertilizer Canada\",\"isPartOf\":{\"@id\":\"https:\\\/\\\/fertilizercanada.ca\\\/#website\"},\"primaryImageOfPage\":{\"@id\":\"https:\\\/\\\/fertilizercanada.ca\\\/fr\\\/notre-priorite\\\/defense-des-interets\\\/nutriments-pour-la-vie\\\/#primaryimage\"},\"image\":{\"@id\":\"https:\\\/\\\/fertilizercanada.ca\\\/fr\\\/notre-priorite\\\/defense-des-interets\\\/nutriments-pour-la-vie\\\/#primaryimage\"},\"thumbnailUrl\":\"https:\\\/\\\/fertilizercanada.ca\\\/wp-content\\\/uploads\\\/2020\\\/04\\\/nutrients-for-life.jpg\",\"datePublished\":\"2020-08-20T00:07:19+00:00\",\"dateModified\":\"2020-09-24T16:55:30+00:00\",\"breadcrumb\":{\"@id\":\"https:\\\/\\\/fertilizercanada.ca\\\/fr\\\/notre-priorite\\\/defense-des-interets\\\/nutriments-pour-la-vie\\\/#breadcrumb\"},\"inLanguage\":\"fr-FR\",\"potentialAction\":[{\"@type\":\"ReadAction\",\"target\":[\"https:\\\/\\\/fertilizercanada.ca\\\/fr\\\/notre-priorite\\\/defense-des-interets\\\/nutriments-pour-la-vie\\\/\"]}]},{\"@type\":\"ImageObject\",\"inLanguage\":\"fr-FR\",\"@id\":\"https:\\\/\\\/fertilizercanada.ca\\\/fr\\\/notre-priorite\\\/defense-des-interets\\\/nutriments-pour-la-vie\\\/#primaryimage\",\"url\":\"https:\\\/\\\/fertilizercanada.ca\\\/wp-content\\\/uploads\\\/2020\\\/04\\\/nutrients-for-life.jpg\",\"contentUrl\":\"https:\\\/\\\/fertilizercanada.ca\\\/wp-content\\\/uploads\\\/2020\\\/04\\\/nutrients-for-life.jpg\",\"width\":1920,\"height\":1280},{\"@type\":\"BreadcrumbList\",\"@id\":\"https:\\\/\\\/fertilizercanada.ca\\\/fr\\\/notre-priorite\\\/defense-des-interets\\\/nutriments-pour-la-vie\\\/#breadcrumb\",\"itemListElement\":[{\"@type\":\"ListItem\",\"position\":1,\"name\":\"Home\",\"item\":\"https:\\\/\\\/fertilizercanada.ca\\\/fr\\\/\"},{\"@type\":\"ListItem\",\"position\":2,\"name\":\"Notre priorit\u00e9\",\"item\":\"https:\\\/\\\/fertilizercanada.ca\\\/fr\\\/notre-priorite\\\/\"},{\"@type\":\"ListItem\",\"position\":3,\"name\":\"D\u00e9fense des int\u00e9r\u00eats\",\"item\":\"https:\\\/\\\/fertilizercanada.ca\\\/fr\\\/notre-priorite\\\/defense-des-interets\\\/\"},{\"@type\":\"ListItem\",\"position\":4,\"name\":\"Nutriments pour la vie\"}]},{\"@type\":\"WebSite\",\"@id\":\"https:\\\/\\\/fertilizercanada.ca\\\/#website\",\"url\":\"https:\\\/\\\/fertilizercanada.ca\\\/\",\"name\":\"Fertilizer Canada\",\"description\":\"Growing Stronger\",\"potentialAction\":[{\"@type\":\"SearchAction\",\"target\":{\"@type\":\"EntryPoint\",\"urlTemplate\":\"https:\\\/\\\/fertilizercanada.ca\\\/?s={search_term_string}\"},\"query-input\":{\"@type\":\"PropertyValueSpecification\",\"valueRequired\":true,\"valueName\":\"search_term_string\"}}],\"inLanguage\":\"fr-FR\"}]}<\/script>\n<!-- \/ Yoast SEO plugin. -->","yoast_head_json":{"title":"Nutriments pour la vie - Fertilizer Canada","robots":{"index":"index","follow":"follow","max-snippet":"max-snippet:-1","max-image-preview":"max-image-preview:large","max-video-preview":"max-video-preview:-1"},"canonical":"https:\/\/fertilizercanada.ca\/fr\/notre-priorite\/defense-des-interets\/nutriments-pour-la-vie\/","og_locale":"fr_FR","og_type":"article","og_title":"Nutriments pour la vie - Fertilizer Canada","og_description":"Aper\u00e7u Fertilisant Canada est un fervent partisan de Nutrients for Life Foundation Canada. Ensemble, des \u00e9ducateurs, des groupes communautaires, des\u2026 Read More","og_url":"https:\/\/fertilizercanada.ca\/fr\/notre-priorite\/defense-des-interets\/nutriments-pour-la-vie\/","og_site_name":"Fertilizer Canada","article_modified_time":"2020-09-24T16:55:30+00:00","og_image":[{"width":1920,"height":1280,"url":"https:\/\/fertilizercanada.ca\/wp-content\/uploads\/2020\/04\/nutrients-for-life.jpg","type":"image\/jpeg"}],"twitter_card":"summary_large_image","twitter_site":"@FertilizerCA","twitter_misc":{"Dur\u00e9e de lecture estim\u00e9e":"3 minutes"},"schema":{"@context":"https:\/\/schema.org","@graph":[{"@type":"WebPage","@id":"https:\/\/fertilizercanada.ca\/fr\/notre-priorite\/defense-des-interets\/nutriments-pour-la-vie\/","url":"https:\/\/fertilizercanada.ca\/fr\/notre-priorite\/defense-des-interets\/nutriments-pour-la-vie\/","name":"Nutriments pour la vie - Fertilizer Canada","isPartOf":{"@id":"https:\/\/fertilizercanada.ca\/#website"},"primaryImageOfPage":{"@id":"https:\/\/fertilizercanada.ca\/fr\/notre-priorite\/defense-des-interets\/nutriments-pour-la-vie\/#primaryimage"},"image":{"@id":"https:\/\/fertilizercanada.ca\/fr\/notre-priorite\/defense-des-interets\/nutriments-pour-la-vie\/#primaryimage"},"thumbnailUrl":"https:\/\/fertilizercanada.ca\/wp-content\/uploads\/2020\/04\/nutrients-for-life.jpg","datePublished":"2020-08-20T00:07:19+00:00","dateModified":"2020-09-24T16:55:30+00:00","breadcrumb":{"@id":"https:\/\/fertilizercanada.ca\/fr\/notre-priorite\/defense-des-interets\/nutriments-pour-la-vie\/#breadcrumb"},"inLanguage":"fr-FR","potentialAction":[{"@type":"ReadAction","target":["https:\/\/fertilizercanada.ca\/fr\/notre-priorite\/defense-des-interets\/nutriments-pour-la-vie\/"]}]},{"@type":"ImageObject","inLanguage":"fr-FR","@id":"https:\/\/fertilizercanada.ca\/fr\/notre-priorite\/defense-des-interets\/nutriments-pour-la-vie\/#primaryimage","url":"https:\/\/fertilizercanada.ca\/wp-content\/uploads\/2020\/04\/nutrients-for-life.jpg","contentUrl":"https:\/\/fertilizercanada.ca\/wp-content\/uploads\/2020\/04\/nutrients-for-life.jpg","width":1920,"height":1280},{"@type":"BreadcrumbList","@id":"https:\/\/fertilizercanada.ca\/fr\/notre-priorite\/defense-des-interets\/nutriments-pour-la-vie\/#breadcrumb","itemListElement":[{"@type":"ListItem","position":1,"name":"Home","item":"https:\/\/fertilizercanada.ca\/fr\/"},{"@type":"ListItem","position":2,"name":"Notre priorit\u00e9","item":"https:\/\/fertilizercanada.ca\/fr\/notre-priorite\/"},{"@type":"ListItem","position":3,"name":"D\u00e9fense des int\u00e9r\u00eats","item":"https:\/\/fertilizercanada.ca\/fr\/notre-priorite\/defense-des-interets\/"},{"@type":"ListItem","position":4,"name":"Nutriments pour la vie"}]},{"@type":"WebSite","@id":"https:\/\/fertilizercanada.ca\/#website","url":"https:\/\/fertilizercanada.ca\/","name":"Fertilizer Canada","description":"Growing Stronger","potentialAction":[{"@type":"SearchAction","target":{"@type":"EntryPoint","urlTemplate":"https:\/\/fertilizercanada.ca\/?s={search_term_string}"},"query-input":{"@type":"PropertyValueSpecification","valueRequired":true,"valueName":"search_term_string"}}],"inLanguage":"fr-FR"}]}},"_links":{"self":[{"href":"https:\/\/fertilizercanada.ca\/fr\/wp-json\/wp\/v2\/pages\/11359","targetHints":{"allow":["GET"]}}],"collection":[{"href":"https:\/\/fertilizercanada.ca\/fr\/wp-json\/wp\/v2\/pages"}],"about":[{"href":"https:\/\/fertilizercanada.ca\/fr\/wp-json\/wp\/v2\/types\/page"}],"author":[{"embeddable":true,"href":"https:\/\/fertilizercanada.ca\/fr\/wp-json\/wp\/v2\/users\/1"}],"replies":[{"embeddable":true,"href":"https:\/\/fertilizercanada.ca\/fr\/wp-json\/wp\/v2\/comments?post=11359"}],"version-history":[{"count":0,"href":"https:\/\/fertilizercanada.ca\/fr\/wp-json\/wp\/v2\/pages\/11359\/revisions"}],"up":[{"embeddable":true,"href":"https:\/\/fertilizercanada.ca\/fr\/wp-json\/wp\/v2\/pages\/11311"}],"wp:featuredmedia":[{"embeddable":true,"href":"https:\/\/fertilizercanada.ca\/fr\/wp-json\/wp\/v2\/media\/9512"}],"wp:attachment":[{"href":"https:\/\/fertilizercanada.ca\/fr\/wp-json\/wp\/v2\/media?parent=11359"}],"curies":[{"name":"wp","href":"https:\/\/api.w.org\/{rel}","templated":true}]}}