{"id":11369,"date":"2020-08-19T20:38:42","date_gmt":"2020-08-20T00:38:42","guid":{"rendered":"https:\/\/fc2020.staging.baytek.ca\/?page_id=11369"},"modified":"2025-01-17T11:58:26","modified_gmt":"2025-01-17T16:58:26","slug":"nouvelles-evenements","status":"publish","type":"page","link":"https:\/\/fertilizercanada.ca\/fr\/nouvelles-evenements\/","title":{"rendered":"Nouvelles &#038; \u00e9v\u00e8nements"},"content":{"rendered":"\n\n<div class=\"latest-news-slider\">\n\n\t\n\t\t\t<article itemscope itemtype=\"http:\/\/schema.org\/Article\" class=\"archive-item latest-item\">\n\t\t\t\t<div class=\"wp-block-group press hero alignfull no-margin has-background-wrapper\">\n\t\t\t\t\t<div class=\"wp-block-group__inner-container\">\n\t\t\t\t\t\t<div class=\"wp-block-group no-margin\">\n\t\t\t\t\t\t\t<div class=\"wp-block-group__inner-container\">\n\t\t\t\t\t\t\t\t<div class=\"wp-block-cover has-background-dim\"  style=\"background-image: url(https:\/\/fertilizercanada.ca\/wp-content\/themes\/fertilizer\/assets\/images\/placeholder.jpg)\">\n\t\t\t\t\t\t\t\t\t<div class=\"wp-block-cover__inner-container\">\n\t\t\t\t\t\t\t\t\t\t<h2 class=\"eyebrow category\"> Nouvelles <\/h2>\t\t\t\t\t\t\t\t\t\t<div class=\"title\">\n\t\t\t\t\t\t\t\t\t\t\t<h3 class=\"has-white-color\"><a href=\"https:\/\/fertilizercanada.ca\/fr\/news-events\/news\/enquete-sur-les-expeditions-dengrais-premier-et-deuxieme-trimestres-de-2025-2026\/\">Enqu\u00eate sur les exp\u00e9ditions d&rsquo;engrais, premier et deuxi\u00e8me trimestres de 2025-2026<\/a><\/h3>\n\t\t\t\t\t\t\t\t\t\t<\/div>\n\t\t\t\t\t\t\t\t\t\t<div class=\"archive-meta has-white-color\">\n\t\t\t\t\t\t\t\t\t\t\tBy <strong>Fertilisants Canada<\/strong> <span>&#8226;<\/span> mars 3, 2026\t\t\t\t\t\t\t\t\t\t<\/div>\n\t\t\t\t\t\t\t\t\t<\/div>\n\t\t\t\t\t\t\t\t<\/div>\n\t\t\t\t\t\t\t<\/div>\n\t\t\t\t\t\t<\/div>\n\t\t\t\t\t<\/div>\n\t\t\t\t<\/div>\n\t\t\t<\/article>\n\t\t\n\t\t\t<article itemscope itemtype=\"http:\/\/schema.org\/Article\" class=\"archive-item latest-item\">\n\t\t\t\t<div class=\"wp-block-group press hero alignfull no-margin has-background-wrapper\">\n\t\t\t\t\t<div class=\"wp-block-group__inner-container\">\n\t\t\t\t\t\t<div class=\"wp-block-group no-margin\">\n\t\t\t\t\t\t\t<div class=\"wp-block-group__inner-container\">\n\t\t\t\t\t\t\t\t<div class=\"wp-block-cover has-background-dim\"  style=\"background-image: url(https:\/\/fertilizercanada.ca\/wp-content\/themes\/fertilizer\/assets\/images\/placeholder.jpg)\">\n\t\t\t\t\t\t\t\t\t<div class=\"wp-block-cover__inner-container\">\n\t\t\t\t\t\t\t\t\t\t<h2 class=\"eyebrow category\"> Nouvelles <\/h2>\t\t\t\t\t\t\t\t\t\t<div class=\"title\">\n\t\t\t\t\t\t\t\t\t\t\t<h3 class=\"has-white-color\"><a href=\"https:\/\/fertilizercanada.ca\/fr\/news-events\/news\/selon-un-nouveau-rapport-le-canada-peut-reduire-les-emissions-de-gaz-a-effet-de-serre-liees-a-lutilisation-des-engrais-sans-mettre-a-risque-la-production-alimentaire\/\">Selon un nouveau rapport, le Canada peut r\u00e9duire les \u00e9missions de gaz \u00e0 effet de serre li\u00e9es \u00e0 l\u2019utilisation des engrais sans mettre \u00e0 risque la production alimentaire<\/a><\/h3>\n\t\t\t\t\t\t\t\t\t\t<\/div>\n\t\t\t\t\t\t\t\t\t\t<div class=\"archive-meta has-white-color\">\n\t\t\t\t\t\t\t\t\t\t\tBy <strong>Fertilisants Canada<\/strong> <span>&#8226;<\/span> septembre 7, 2022\t\t\t\t\t\t\t\t\t\t<\/div>\n\t\t\t\t\t\t\t\t\t<\/div>\n\t\t\t\t\t\t\t\t<\/div>\n\t\t\t\t\t\t\t<\/div>\n\t\t\t\t\t\t<\/div>\n\t\t\t\t\t<\/div>\n\t\t\t\t<\/div>\n\t\t\t<\/article>\n\t\t\n\t\t\t<article itemscope itemtype=\"http:\/\/schema.org\/Article\" class=\"archive-item latest-item\">\n\t\t\t\t<div class=\"wp-block-group press hero alignfull no-margin has-background-wrapper\">\n\t\t\t\t\t<div class=\"wp-block-group__inner-container\">\n\t\t\t\t\t\t<div class=\"wp-block-group no-margin\">\n\t\t\t\t\t\t\t<div class=\"wp-block-group__inner-container\">\n\t\t\t\t\t\t\t\t<div class=\"wp-block-cover has-background-dim\"  style=\"background-image: url(https:\/\/fertilizercanada.ca\/wp-content\/uploads\/2020\/05\/family-fields.jpg)\">\n\t\t\t\t\t\t\t\t\t<div class=\"wp-block-cover__inner-container\">\n\t\t\t\t\t\t\t\t\t\t<h2 class=\"eyebrow category\"> s\u00e9lectionn\u00e9e <\/h2>\t\t\t\t\t\t\t\t\t\t<div class=\"title\">\n\t\t\t\t\t\t\t\t\t\t\t<h3 class=\"has-white-color\"><a href=\"https:\/\/fertilizercanada.ca\/fr\/news-events\/news\/un-nouveau-rapport-signale-une-perte-potentielle-de-48-milliards-pour-les-agriculteurs-si-les-reductions-de-fertilisants-sont-imposees-aux-producteurs\/\">Un nouveau rapport signale une perte potentielle de 48 milliards $ pour les agriculteurs si les r\u00e9ductions de fertilisants sont impos\u00e9es aux producteurs<\/a><\/h3>\n\t\t\t\t\t\t\t\t\t\t<\/div>\n\t\t\t\t\t\t\t\t\t\t<div class=\"archive-meta has-white-color\">\n\t\t\t\t\t\t\t\t\t\t\tBy <strong>Fertilisants Canada<\/strong> <span>&#8226;<\/span> septembre 27, 2021\t\t\t\t\t\t\t\t\t\t<\/div>\n\t\t\t\t\t\t\t\t\t<\/div>\n\t\t\t\t\t\t\t\t<\/div>\n\t\t\t\t\t\t\t<\/div>\n\t\t\t\t\t\t<\/div>\n\t\t\t\t\t<\/div>\n\t\t\t\t<\/div>\n\t\t\t<\/article>\n\t\t<\/div>\n\n \n<div class=\"upcoming-events\">\n\t<h2 class=\"has-white-color eyebrow\">\u00c9v\u00e9nements \u00e0 venir<\/h2>\n\t\t<div class=\"wp-block-button view-more\">\n\t\t<a class=\"wp-block-button__link has-text-color has-gold-color\" href=\"\/fr\/nouvelles-evenements\/evenements\/\">Voir tous les \u00e9v\u00e8nements<\/a>\n\t<\/div>\n<\/div>\n\n\n\n\n\n<div class=\"wp-block-group\"><div class=\"wp-block-group__inner-container is-layout-flow wp-block-group-is-layout-flow\">\n<h1 class=\"wp-block-heading has-text-align-center h3\">Articles r\u00e9cents<\/h1>\n\n\n\n<p class=\"has-text-align-center\">Ne manquez aucun message &#8211; inscrivez-vous \u00e0 notre newsletter <a href=\"\/fr\/nouvelles-evenements\/abonnement-aux-communiques\/\">ici<\/a>.<\/p>\n<\/div><\/div>\n\n\n\n<div style=\"height:40px\" aria-hidden=\"true\" class=\"wp-block-spacer\"><\/div>\n\n\n\n\n<div class=\"wp-block-columns alignwide latest-articles\">\n\n\t\t\t<div class=\"wp-block-column\">\n\t\t\t\t<article itemscope itemtype=\"http:\/\/schema.org\/Article\" class=\"archive-item latest-item card linked-card no-padding\">\n\t\t\t\t\t<a href=\"https:\/\/fertilizercanada.ca\/fr\/news-events\/news\/enquete-sur-les-expeditions-dengrais-premier-et-deuxieme-trimestres-de-2025-2026\/\" class=\"wp-block-image size-large\">\n\t\t\t\t\t\t<figure class=\"wp-block-image size-large\">\t\t\t\n\t\t\t\t\t\t\t\t\t\t\t\t\t\t<img decoding=\"async\" src=\"\/wp-content\/themes\/fertilizer\/assets\/images\/placeholder.jpg\" class=\"attachment-post-thumbnail size-post-thumbnail wp-post-image\"\/>\n\t\t\t\t\t\t\t\t\t\t\t\t\t<\/figure>\n\t\t\t\t\t<\/a>\n\t\t\t\t\t<div class=\"content\">\n\t\t\t\t\t\t<h2 class=\"eyebrow category\"> Nouvelles <\/h2>\t\t\t\t\t\t<div class=\"title\">\n\t\t\t\t\t\t\t<h4 class=\"small\">Enqu\u00eate sur les exp\u00e9ditions d&rsquo;engrais, premier et deuxi\u00e8me trimestres de 2025-2026<\/h4>\n\t\t\t\t\t\t<\/div>\n\t\t\t\t\t\t<div class=\"archive-meta\">\n\t\t\t\t\t\t\tmars 3, 2026\t\t\t\t\t\t<\/div>\n\t\t\t\t\t<\/div>\n\t\t\t\t<\/article>\n\t\t\t<\/div>\n\t\t\t\t\t<div class=\"wp-block-column\">\n\t\t\t\t<article itemscope itemtype=\"http:\/\/schema.org\/Article\" class=\"archive-item latest-item card linked-card no-padding\">\n\t\t\t\t\t<a href=\"https:\/\/fertilizercanada.ca\/fr\/news-events\/news\/selon-un-nouveau-rapport-le-canada-peut-reduire-les-emissions-de-gaz-a-effet-de-serre-liees-a-lutilisation-des-engrais-sans-mettre-a-risque-la-production-alimentaire\/\" class=\"wp-block-image size-large\">\n\t\t\t\t\t\t<figure class=\"wp-block-image size-large\">\t\t\t\n\t\t\t\t\t\t\t\t\t\t\t\t\t\t<img decoding=\"async\" src=\"\/wp-content\/themes\/fertilizer\/assets\/images\/placeholder.jpg\" class=\"attachment-post-thumbnail size-post-thumbnail wp-post-image\"\/>\n\t\t\t\t\t\t\t\t\t\t\t\t\t<\/figure>\n\t\t\t\t\t<\/a>\n\t\t\t\t\t<div class=\"content\">\n\t\t\t\t\t\t<h2 class=\"eyebrow category\"> Nouvelles <\/h2>\t\t\t\t\t\t<div class=\"title\">\n\t\t\t\t\t\t\t<h4 class=\"small\">Selon un nouveau rapport, le Canada peut r\u00e9duire les \u00e9missions de gaz \u00e0 effet de serre li\u00e9es \u00e0 l\u2019utilisation des engrais sans mettre \u00e0 risque la production alimentaire<\/h4>\n\t\t\t\t\t\t<\/div>\n\t\t\t\t\t\t<div class=\"archive-meta\">\n\t\t\t\t\t\t\tseptembre 7, 2022\t\t\t\t\t\t<\/div>\n\t\t\t\t\t<\/div>\n\t\t\t\t<\/article>\n\t\t\t<\/div>\n\t\t\t\t\t<div class=\"wp-block-column\">\n\t\t\t\t<article itemscope itemtype=\"http:\/\/schema.org\/Article\" class=\"archive-item latest-item card linked-card no-padding\">\n\t\t\t\t\t<a href=\"https:\/\/fertilizercanada.ca\/fr\/news-events\/news\/un-nouveau-rapport-signale-une-perte-potentielle-de-48-milliards-pour-les-agriculteurs-si-les-reductions-de-fertilisants-sont-imposees-aux-producteurs\/\" class=\"wp-block-image size-large\">\n\t\t\t\t\t\t<figure class=\"wp-block-image size-large\">\t\t\t\n\t\t\t\t\t\t\t<img loading=\"lazy\" decoding=\"async\" width=\"400\" height=\"266\" src=\"https:\/\/fertilizercanada.ca\/wp-content\/uploads\/2020\/05\/family-fields.jpg\" class=\"attachment-archive-thumbnail size-archive-thumbnail wp-post-image\" alt=\"\" itemprop=\"image\" srcset=\"https:\/\/fertilizercanada.ca\/wp-content\/uploads\/2020\/05\/family-fields.jpg 400w, https:\/\/fertilizercanada.ca\/wp-content\/uploads\/2020\/05\/family-fields-300x200.jpg 300w\" sizes=\"auto, (max-width: 400px) 100vw, 400px\" \/>\t\t\t\t\t\t<\/figure>\n\t\t\t\t\t<\/a>\n\t\t\t\t\t<div class=\"content\">\n\t\t\t\t\t\t<h2 class=\"eyebrow category\"> s\u00e9lectionn\u00e9e <\/h2>\t\t\t\t\t\t<div class=\"title\">\n\t\t\t\t\t\t\t<h4 class=\"small\">Un nouveau rapport signale une perte potentielle de 48 milliards $ pour les agriculteurs si les r\u00e9ductions de fertilisants sont impos\u00e9es aux producteurs<\/h4>\n\t\t\t\t\t\t<\/div>\n\t\t\t\t\t\t<div class=\"archive-meta\">\n\t\t\t\t\t\t\tseptembre 27, 2021\t\t\t\t\t\t<\/div>\n\t\t\t\t\t<\/div>\n\t\t\t\t<\/article>\n\t\t\t<\/div>\n\t\t\t\t\t<div class=\"wp-block-column\">\n\t\t\t\t<article itemscope itemtype=\"http:\/\/schema.org\/Article\" class=\"archive-item latest-item card linked-card no-padding\">\n\t\t\t\t\t<a href=\"https:\/\/fertilizercanada.ca\/fr\/news-events\/news\/fertilisants-canada-nomme-sarah-fedorchuk-de-the-mosaic-company-au-poste-de-presidente-du-conseil-dadministration\/\" class=\"wp-block-image size-large\">\n\t\t\t\t\t\t<figure class=\"wp-block-image size-large\">\t\t\t\n\t\t\t\t\t\t\t<img loading=\"lazy\" decoding=\"async\" width=\"800\" height=\"534\" src=\"https:\/\/fertilizercanada.ca\/wp-content\/uploads\/2021\/08\/20141127GregHuszar9779-scaled-e1629222890747-800x534.jpg\" class=\"attachment-archive-thumbnail size-archive-thumbnail wp-post-image\" alt=\"\" itemprop=\"image\" \/>\t\t\t\t\t\t<\/figure>\n\t\t\t\t\t<\/a>\n\t\t\t\t\t<div class=\"content\">\n\t\t\t\t\t\t<h2 class=\"eyebrow category\"> s\u00e9lectionn\u00e9e <\/h2>\t\t\t\t\t\t<div class=\"title\">\n\t\t\t\t\t\t\t<h4 class=\"small\">Fertilisants Canada nomme Sarah Fedorchuk de The Mosaic Company au poste de pr\u00e9sidente du Conseil d\u2019administration<\/h4>\n\t\t\t\t\t\t<\/div>\n\t\t\t\t\t\t<div class=\"archive-meta\">\n\t\t\t\t\t\t\tao\u00fbt 18, 2021\t\t\t\t\t\t<\/div>\n\t\t\t\t\t<\/div>\n\t\t\t\t<\/article>\n\t\t\t<\/div>\n\t\t\n<\/div>\n\n\n\n\n\n<div class=\"wp-block-button is-style-outline aligncenter is-style-outline--1\"><a class=\"wp-block-button__link has-gold-color has-white-background-color has-text-color has-background wp-element-button\" href=\"\/fr\/nouvelles-evenements\/nouvelles\/\">Voir toutes les nouvelles<\/a><\/div>\n\n\n\n<div style=\"height:120px\" aria-hidden=\"true\" class=\"wp-block-spacer\"><\/div>\n\n\n\n<div class=\"wp-block-group\"><div class=\"wp-block-group__inner-container is-layout-flow wp-block-group-is-layout-flow\">\n<h3 class=\"wp-block-heading has-text-align-center\">Conf\u00e9rence annuelle<\/h3>\n\n\n\n<p class=\"has-text-align-center\">Notre prochaine conf\u00e9rence annuelle approche \u00e0 grands pas.<\/p>\n\n\n\n<div style=\"height:40px\" aria-hidden=\"true\" class=\"wp-block-spacer\"><\/div>\n<\/div><\/div>\n\n\n\n<div class=\"wp-block-group alignwide\"><div class=\"wp-block-group__inner-container is-layout-flow wp-block-group-is-layout-flow\">\n<div class=\"wp-block-media-text has-media-on-the-right is-stacked-on-mobile alignwide card no-padding\"><div class=\"wp-block-media-text__content\">\n<h5 class=\"wp-block-heading extra-top-margin\">Victoria, Colombie-Britannique<\/h5>\n\n\n\n<p class=\"has-small-font-size\">19 ao\u00fbt 2019 &#8211; 22 ao\u00fbt 2019<\/p>\n\n\n\n<p class=\"has-normal-font-size\">Fertilizer Canada a le plaisir d&rsquo;inviter ses membres \u00e0 notre 74e conf\u00e9rence annuelle et au Forum nord-am\u00e9ricain sur le transport des engrais (NAFTF) \u00e0 Victoria, en Colombie-Britannique, du 19 au 21 ao\u00fbt 2019.<\/p>\n\n\n\n<p class=\"has-normal-font-size\">En pr\u00e9sence de d\u00e9l\u00e9gu\u00e9s impliqu\u00e9s dans tous les aspects de l\u2019industrie des engrais et des secteurs connexes, la Conf\u00e9rence annuelle de Fertilisants Canada et la NAFTF offrent une chance de collaboration collective sur des sujets d\u2019actualit\u00e9 et des possibilit\u00e9s de croissance positive \u00e0 venir.<\/p>\n<\/div><figure class=\"wp-block-media-text__media\"><img loading=\"lazy\" decoding=\"async\" width=\"1024\" height=\"682\" src=\"https:\/\/fertilizercanada.ca\/wp-content\/uploads\/2020\/04\/annual-conference-1024x682.jpg\" alt=\"\" class=\"wp-image-9421 size-full\" srcset=\"https:\/\/fertilizercanada.ca\/wp-content\/uploads\/2020\/04\/annual-conference-1024x682.jpg 1024w, https:\/\/fertilizercanada.ca\/wp-content\/uploads\/2020\/04\/annual-conference-300x200.jpg 300w, https:\/\/fertilizercanada.ca\/wp-content\/uploads\/2020\/04\/annual-conference-768x512.jpg 768w, https:\/\/fertilizercanada.ca\/wp-content\/uploads\/2020\/04\/annual-conference-1536x1023.jpg 1536w, https:\/\/fertilizercanada.ca\/wp-content\/uploads\/2020\/04\/annual-conference-800x534.jpg 800w, https:\/\/fertilizercanada.ca\/wp-content\/uploads\/2020\/04\/annual-conference.jpg 1921w\" sizes=\"auto, (max-width: 1024px) 100vw, 1024px\" \/><\/figure><\/div>\n<\/div><\/div>\n","protected":false},"excerpt":{"rendered":"<p>Articles r\u00e9cents Ne manquez aucun message &#8211; inscrivez-vous \u00e0 notre newsletter ici. Conf\u00e9rence annuelle Notre prochaine conf\u00e9rence annuelle approche \u00e0\u2026 <\/p>\n<p><div class=\"wp-block-button view-more\"><a class=\"wp-block-button__link has-text-color has-gold-color permalink\" href=\"https:\/\/fertilizercanada.ca\/fr\/news-events\/news\/fertilisants-canada-nomme-sarah-fedorchuk-de-the-mosaic-company-au-poste-de-presidente-du-conseil-dadministration\/\">Read More<\/a><\/div><\/p>\n","protected":false},"author":1,"featured_media":18765,"parent":0,"menu_order":0,"comment_status":"closed","ping_status":"closed","template":"","meta":{"footnotes":""},"class_list":["post-11369","page","type-page","status-publish","has-post-thumbnail","hentry"],"yoast_head":"<!-- This site is optimized with the Yoast SEO plugin v24.7 - https:\/\/yoast.com\/wordpress\/plugins\/seo\/ -->\n<title>Nouvelles &amp; \u00e9v\u00e8nements - Fertilizer Canada<\/title>\n<meta name=\"robots\" content=\"index, follow, max-snippet:-1, max-image-preview:large, max-video-preview:-1\" \/>\n<link rel=\"canonical\" href=\"https:\/\/fertilizercanada.ca\/fr\/nouvelles-evenements\/\" \/>\n<meta property=\"og:locale\" content=\"fr_FR\" \/>\n<meta property=\"og:type\" content=\"article\" \/>\n<meta property=\"og:title\" content=\"Nouvelles &amp; \u00e9v\u00e8nements - Fertilizer Canada\" \/>\n<meta property=\"og:description\" content=\"Articles r\u00e9cents Ne manquez aucun message &#8211; inscrivez-vous \u00e0 notre newsletter ici. Conf\u00e9rence annuelle Notre prochaine conf\u00e9rence annuelle approche \u00e0\u2026 Read More\" \/>\n<meta property=\"og:url\" content=\"https:\/\/fertilizercanada.ca\/fr\/nouvelles-evenements\/\" \/>\n<meta property=\"og:site_name\" content=\"Fertilizer Canada\" \/>\n<meta property=\"article:modified_time\" content=\"2025-01-17T16:58:26+00:00\" \/>\n<meta property=\"og:image\" content=\"https:\/\/fertilizercanada.ca\/wp-content\/uploads\/2020\/04\/annual-conference-1024x682.jpg\" \/>\n<meta name=\"twitter:card\" content=\"summary_large_image\" \/>\n<meta name=\"twitter:site\" content=\"@FertilizerCA\" \/>\n<meta name=\"twitter:label1\" content=\"Dur\u00e9e de lecture estim\u00e9e\" \/>\n\t<meta name=\"twitter:data1\" content=\"1 minute\" \/>\n<script type=\"application\/ld+json\" class=\"yoast-schema-graph\">{\"@context\":\"https:\/\/schema.org\",\"@graph\":[{\"@type\":\"WebPage\",\"@id\":\"https:\/\/fertilizercanada.ca\/fr\/nouvelles-evenements\/\",\"url\":\"https:\/\/fertilizercanada.ca\/fr\/nouvelles-evenements\/\",\"name\":\"Nouvelles & \u00e9v\u00e8nements - Fertilizer Canada\",\"isPartOf\":{\"@id\":\"https:\/\/fertilizercanada.ca\/#website\"},\"primaryImageOfPage\":{\"@id\":\"https:\/\/fertilizercanada.ca\/fr\/nouvelles-evenements\/#primaryimage\"},\"image\":{\"@id\":\"https:\/\/fertilizercanada.ca\/fr\/nouvelles-evenements\/#primaryimage\"},\"thumbnailUrl\":\"https:\/\/fertilizercanada.ca\/wp-content\/uploads\/2025\/02\/image-1.jpeg\",\"datePublished\":\"2020-08-20T00:38:42+00:00\",\"dateModified\":\"2025-01-17T16:58:26+00:00\",\"breadcrumb\":{\"@id\":\"https:\/\/fertilizercanada.ca\/fr\/nouvelles-evenements\/#breadcrumb\"},\"inLanguage\":\"fr-FR\",\"potentialAction\":[{\"@type\":\"ReadAction\",\"target\":[\"https:\/\/fertilizercanada.ca\/fr\/nouvelles-evenements\/\"]}]},{\"@type\":\"ImageObject\",\"inLanguage\":\"fr-FR\",\"@id\":\"https:\/\/fertilizercanada.ca\/fr\/nouvelles-evenements\/#primaryimage\",\"url\":\"https:\/\/fertilizercanada.ca\/wp-content\/uploads\/2025\/02\/image-1.jpeg\",\"contentUrl\":\"https:\/\/fertilizercanada.ca\/wp-content\/uploads\/2025\/02\/image-1.jpeg\",\"width\":1024,\"height\":576},{\"@type\":\"BreadcrumbList\",\"@id\":\"https:\/\/fertilizercanada.ca\/fr\/nouvelles-evenements\/#breadcrumb\",\"itemListElement\":[{\"@type\":\"ListItem\",\"position\":1,\"name\":\"Home\",\"item\":\"https:\/\/fertilizercanada.ca\/fr\/\"},{\"@type\":\"ListItem\",\"position\":2,\"name\":\"Nouvelles &#038; \u00e9v\u00e8nements\"}]},{\"@type\":\"WebSite\",\"@id\":\"https:\/\/fertilizercanada.ca\/#website\",\"url\":\"https:\/\/fertilizercanada.ca\/\",\"name\":\"Fertilizer Canada\",\"description\":\"Growing Stronger\",\"potentialAction\":[{\"@type\":\"SearchAction\",\"target\":{\"@type\":\"EntryPoint\",\"urlTemplate\":\"https:\/\/fertilizercanada.ca\/?s={search_term_string}\"},\"query-input\":{\"@type\":\"PropertyValueSpecification\",\"valueRequired\":true,\"valueName\":\"search_term_string\"}}],\"inLanguage\":\"fr-FR\"}]}<\/script>\n<!-- \/ Yoast SEO plugin. -->","yoast_head_json":{"title":"Nouvelles & \u00e9v\u00e8nements - Fertilizer Canada","robots":{"index":"index","follow":"follow","max-snippet":"max-snippet:-1","max-image-preview":"max-image-preview:large","max-video-preview":"max-video-preview:-1"},"canonical":"https:\/\/fertilizercanada.ca\/fr\/nouvelles-evenements\/","og_locale":"fr_FR","og_type":"article","og_title":"Nouvelles & \u00e9v\u00e8nements - Fertilizer Canada","og_description":"Articles r\u00e9cents Ne manquez aucun message &#8211; inscrivez-vous \u00e0 notre newsletter ici. Conf\u00e9rence annuelle Notre prochaine conf\u00e9rence annuelle approche \u00e0\u2026 Read More","og_url":"https:\/\/fertilizercanada.ca\/fr\/nouvelles-evenements\/","og_site_name":"Fertilizer Canada","article_modified_time":"2025-01-17T16:58:26+00:00","og_image":[{"url":"https:\/\/fertilizercanada.ca\/wp-content\/uploads\/2020\/04\/annual-conference-1024x682.jpg","type":"","width":"","height":""}],"twitter_card":"summary_large_image","twitter_site":"@FertilizerCA","twitter_misc":{"Dur\u00e9e de lecture estim\u00e9e":"1 minute"},"schema":{"@context":"https:\/\/schema.org","@graph":[{"@type":"WebPage","@id":"https:\/\/fertilizercanada.ca\/fr\/nouvelles-evenements\/","url":"https:\/\/fertilizercanada.ca\/fr\/nouvelles-evenements\/","name":"Nouvelles & \u00e9v\u00e8nements - Fertilizer Canada","isPartOf":{"@id":"https:\/\/fertilizercanada.ca\/#website"},"primaryImageOfPage":{"@id":"https:\/\/fertilizercanada.ca\/fr\/nouvelles-evenements\/#primaryimage"},"image":{"@id":"https:\/\/fertilizercanada.ca\/fr\/nouvelles-evenements\/#primaryimage"},"thumbnailUrl":"https:\/\/fertilizercanada.ca\/wp-content\/uploads\/2025\/02\/image-1.jpeg","datePublished":"2020-08-20T00:38:42+00:00","dateModified":"2025-01-17T16:58:26+00:00","breadcrumb":{"@id":"https:\/\/fertilizercanada.ca\/fr\/nouvelles-evenements\/#breadcrumb"},"inLanguage":"fr-FR","potentialAction":[{"@type":"ReadAction","target":["https:\/\/fertilizercanada.ca\/fr\/nouvelles-evenements\/"]}]},{"@type":"ImageObject","inLanguage":"fr-FR","@id":"https:\/\/fertilizercanada.ca\/fr\/nouvelles-evenements\/#primaryimage","url":"https:\/\/fertilizercanada.ca\/wp-content\/uploads\/2025\/02\/image-1.jpeg","contentUrl":"https:\/\/fertilizercanada.ca\/wp-content\/uploads\/2025\/02\/image-1.jpeg","width":1024,"height":576},{"@type":"BreadcrumbList","@id":"https:\/\/fertilizercanada.ca\/fr\/nouvelles-evenements\/#breadcrumb","itemListElement":[{"@type":"ListItem","position":1,"name":"Home","item":"https:\/\/fertilizercanada.ca\/fr\/"},{"@type":"ListItem","position":2,"name":"Nouvelles &#038; \u00e9v\u00e8nements"}]},{"@type":"WebSite","@id":"https:\/\/fertilizercanada.ca\/#website","url":"https:\/\/fertilizercanada.ca\/","name":"Fertilizer Canada","description":"Growing Stronger","potentialAction":[{"@type":"SearchAction","target":{"@type":"EntryPoint","urlTemplate":"https:\/\/fertilizercanada.ca\/?s={search_term_string}"},"query-input":{"@type":"PropertyValueSpecification","valueRequired":true,"valueName":"search_term_string"}}],"inLanguage":"fr-FR"}]}},"_links":{"self":[{"href":"https:\/\/fertilizercanada.ca\/fr\/wp-json\/wp\/v2\/pages\/11369","targetHints":{"allow":["GET"]}}],"collection":[{"href":"https:\/\/fertilizercanada.ca\/fr\/wp-json\/wp\/v2\/pages"}],"about":[{"href":"https:\/\/fertilizercanada.ca\/fr\/wp-json\/wp\/v2\/types\/page"}],"author":[{"embeddable":true,"href":"https:\/\/fertilizercanada.ca\/fr\/wp-json\/wp\/v2\/users\/1"}],"replies":[{"embeddable":true,"href":"https:\/\/fertilizercanada.ca\/fr\/wp-json\/wp\/v2\/comments?post=11369"}],"version-history":[{"count":1,"href":"https:\/\/fertilizercanada.ca\/fr\/wp-json\/wp\/v2\/pages\/11369\/revisions"}],"predecessor-version":[{"id":18630,"href":"https:\/\/fertilizercanada.ca\/fr\/wp-json\/wp\/v2\/pages\/11369\/revisions\/18630"}],"wp:featuredmedia":[{"embeddable":true,"href":"https:\/\/fertilizercanada.ca\/fr\/wp-json\/wp\/v2\/media\/18765"}],"wp:attachment":[{"href":"https:\/\/fertilizercanada.ca\/fr\/wp-json\/wp\/v2\/media?parent=11369"}],"curies":[{"name":"wp","href":"https:\/\/api.w.org\/{rel}","templated":true}]}}