{"id":11377,"date":"2020-08-19T20:44:16","date_gmt":"2020-08-20T00:44:16","guid":{"rendered":"https:\/\/fc2020.staging.baytek.ca\/?page_id=11377"},"modified":"2020-09-24T15:07:29","modified_gmt":"2020-09-24T19:07:29","slug":"abonnement-aux-communiques","status":"publish","type":"page","link":"https:\/\/fertilizercanada.ca\/fr\/nouvelles-evenements\/abonnement-aux-communiques\/","title":{"rendered":"Abonnement aux communiqu\u00e9s"},"content":{"rendered":"\n<div class=\"wp-block-group hero alignfull short mail-signup\"><div class=\"wp-block-group__inner-container is-layout-flow wp-block-group-is-layout-flow\">\n<div class=\"wp-block-cover has-background-dim\" style=\"background-image:url(http:\/\/fertilizer-canada-2020:8888\/wp-content\/uploads\/2020\/03\/stewardship.jpg)\"><div class=\"wp-block-cover__inner-container is-layout-flow wp-block-cover-is-layout-flow\">\n\n<span class=\"breadcrumbs\">\n\t\t\t<span class=\"eyebrow crumb has-small-font-size\"><a class=\"has-white-color\" href=\"https:\/\/fertilizercanada.ca\/fr\/nouvelles-evenements\/\">Nouvelles &#038; \u00e9v\u00e8nements<\/a><\/span>\n\t<\/span>\n\n\n\n\n<h1 class=\"wp-block-heading\">Abonnement aux communiqu\u00e9s<\/h1>\n<\/div><\/div>\n<\/div><\/div>\n\n\n\n<div class=\"wp-block-group negative-margins alignwide narrow\"><div class=\"wp-block-group__inner-container is-layout-flow wp-block-group-is-layout-flow\">\n<div class=\"wp-block-group card extra-padding\"><div class=\"wp-block-group__inner-container is-layout-flow wp-block-group-is-layout-flow\">\n<p class=\"has-extra-large-font-size extra-bottom-margin\">Des nouvelles de l\u2019industrie des fertilisants directement dans votre bo\u00eete de courrier. L\u2019envoi de ce formulaire donne \u00e0 Fertilisants Canada le consentement n\u00e9cessaire pour continuer de vous envoyer des nouvelles et des communiqu\u00e9s \u00e0 votre adresse courriel.<\/p>\n\n\n\n<!-- Begin MailChimp Signup Form -->\n<div id=\"mc_embed_signup\">\n\t<form id=\"mc-embedded-subscribe-form\" class=\"validate\" action=\"\/\/fertilizercanada.us10.list-manage.com\/subscribe\/post?u=40244c110efda7acd9f8dbf0e&amp;id=d3fcb1ee0d\" method=\"post\" name=\"mc-embedded-subscribe-form\" novalidate=\"\" target=\"_blank\">\n\t\t<div id=\"mc_embed_signup_scroll\">\n\t\t\t<div class=\"mc-field-group\">\n\t\t\t\t<input id=\"mce-EMAIL\" class=\"required email\" name=\"EMAIL\" type=\"email\" value=\"\" placeholder=\"Adresse email (obligatoire)\" \/>\n\t\t\t<\/div>\n\n\t\t\t<div class=\"mc-field-group\">\n\t\t\t\t<input id=\"mce-FNAME\" class=\"required\" name=\"FNAME\" type=\"text\" value=\"\" placeholder=\"Pr\u00e9nom (obligatoire)\" \/>\n\t\t\t<\/div>\n\n\t\t\t<div class=\"mc-field-group\">\n\t\t\t\t<input id=\"mce-LNAME\" class=\"required\" name=\"LNAME\" type=\"text\" value=\"\" placeholder=\"Nom (obligatoire)\" \/>\n\t\t\t<\/div>\n\n\t\t\t<div class=\"mc-field-group\">\n\t\t\t\t\n\t\t\t\t<select id=\"mce-MMERGE3\" class=\"required\" name=\"MMERGE3\">\n\t\t\t\t\t<option value=\"\">Province (obligatoire)<\/option>\n\n\t\t\t\t\t\t\t\t\t\t<option value=\"Alberta\">Alberta<\/option>\n\t\t\t\t\t\t\t\t\t\t<option value=\"Colombie-Britannique\">Colombie-Britannique<\/option>\n\t\t\t\t\t\t\t\t\t\t<option value=\"Nouveau-Brunswick\">Nouveau-Brunswick<\/option>\n\t\t\t\t\t\t\t\t\t\t<option value=\"Nouvelle-\u00c9cosse\">Nouvelle-\u00c9cosse<\/option>\n\t\t\t\t\t\t\t\t\t\t<option value=\"Nunavut\">Nunavut<\/option>\n\t\t\t\t\t\t\t\t\t\t<option value=\"Ontario\">Ontario<\/option>\n\t\t\t\t\t\t\t\t\t\t<option value=\"Quebec\">Quebec<\/option>\n\t\t\t\t\t\t\t\t\t\t<option value=\"Saskatchewan\">Saskatchewan<\/option>\n\t\t\t\t\t\t\t\t\t\t<option value=\"Terre-Neuve-et-Labrador\">Terre-Neuve-et-Labrador<\/option>\n\t\t\t\t\t\t\t\t\t\t<option value=\"Territoires du Nord-Ouest\">Territoires du Nord-Ouest<\/option>\n\t\t\t\t\t\t\t\t\t\t<option value=\"Yukon\">Yukon<\/option>\n\t\t\t\t\t\t\t\t\t\t<option value=\"\u00cele-du-Prince-\u00c9douard\">\u00cele-du-Prince-\u00c9douard<\/option>\n\t\t\t\t\t\t\t\t\t<\/select>\n\t\t\t<\/div>\n\n\t\t\t<div id=\"mce-responses\" class=\"clear\">\n\t\t\t\t<div id=\"mce-error-response\" class=\"response\" style=\"display: none;\"><\/div>\n\t\t\t\t<div id=\"mce-success-response\" class=\"response\" style=\"display: none;\"><\/div>\n\t\t\t<\/div>\n\t\t\t<!-- real people should not fill this in and expect good things - do not remove this or risk form bot signups-->\n\t\t\t<div style=\"position: absolute; left: -5000px;\" aria-hidden=\"true\">\n\t\t\t\t<input tabindex=\"-1\" name=\"b_40244c110efda7acd9f8dbf0e_d3fcb1ee0d\" type=\"text\" value=\"\" \/>\n\t\t\t<\/div>\n\n\t\t\t<div class=\"clear\">\n\t\t\t\t<input id=\"mc-embedded-subscribe\" class=\"button\" name=\"subscribe\" type=\"submit\" value=\"S\u2019abonner\" \/>\n\t\t\t<\/div>\n\t\t<\/div>\n\t<\/form>\n<\/div>\n<!--End mc_embed_signup-->\n\n<\/div><\/div>\n<\/div><\/div>\n","protected":false},"excerpt":{"rendered":"<p>Des nouvelles de l\u2019industrie des fertilisants directement dans votre bo\u00eete de courrier. L\u2019envoi de ce formulaire donne \u00e0 Fertilisants Canada\u2026 <\/p>\n<p><div class=\"wp-block-button view-more\"><a class=\"wp-block-button__link has-text-color has-gold-color permalink\" href=\"https:\/\/fertilizercanada.ca\/fr\/nouvelles-evenements\/abonnement-aux-communiques\/\">Read More<\/a><\/div><\/p>\n","protected":false},"author":1,"featured_media":0,"parent":11369,"menu_order":0,"comment_status":"closed","ping_status":"closed","template":"","meta":{"footnotes":""},"class_list":["post-11377","page","type-page","status-publish","hentry"],"yoast_head":"<!-- This site is optimized with the Yoast SEO plugin v24.7 - https:\/\/yoast.com\/wordpress\/plugins\/seo\/ -->\n<title>Abonnement aux communiqu\u00e9s - Fertilizer Canada<\/title>\n<meta name=\"robots\" content=\"index, follow, max-snippet:-1, max-image-preview:large, max-video-preview:-1\" \/>\n<link rel=\"canonical\" href=\"https:\/\/fertilizercanada.ca\/fr\/nouvelles-evenements\/abonnement-aux-communiques\/\" \/>\n<meta property=\"og:locale\" content=\"fr_FR\" \/>\n<meta property=\"og:type\" content=\"article\" \/>\n<meta property=\"og:title\" content=\"Abonnement aux communiqu\u00e9s - Fertilizer Canada\" \/>\n<meta property=\"og:description\" content=\"Des nouvelles de l\u2019industrie des fertilisants directement dans votre bo\u00eete de courrier. L\u2019envoi de ce formulaire donne \u00e0 Fertilisants Canada\u2026 Read More\" \/>\n<meta property=\"og:url\" content=\"https:\/\/fertilizercanada.ca\/fr\/nouvelles-evenements\/abonnement-aux-communiques\/\" \/>\n<meta property=\"og:site_name\" content=\"Fertilizer Canada\" \/>\n<meta property=\"article:modified_time\" content=\"2020-09-24T19:07:29+00:00\" \/>\n<meta name=\"twitter:card\" content=\"summary_large_image\" \/>\n<meta name=\"twitter:site\" content=\"@FertilizerCA\" \/>\n<script type=\"application\/ld+json\" class=\"yoast-schema-graph\">{\"@context\":\"https:\/\/schema.org\",\"@graph\":[{\"@type\":\"WebPage\",\"@id\":\"https:\/\/fertilizercanada.ca\/fr\/nouvelles-evenements\/abonnement-aux-communiques\/\",\"url\":\"https:\/\/fertilizercanada.ca\/fr\/nouvelles-evenements\/abonnement-aux-communiques\/\",\"name\":\"Abonnement aux communiqu\u00e9s - Fertilizer Canada\",\"isPartOf\":{\"@id\":\"https:\/\/fertilizercanada.ca\/#website\"},\"datePublished\":\"2020-08-20T00:44:16+00:00\",\"dateModified\":\"2020-09-24T19:07:29+00:00\",\"breadcrumb\":{\"@id\":\"https:\/\/fertilizercanada.ca\/fr\/nouvelles-evenements\/abonnement-aux-communiques\/#breadcrumb\"},\"inLanguage\":\"fr-FR\",\"potentialAction\":[{\"@type\":\"ReadAction\",\"target\":[\"https:\/\/fertilizercanada.ca\/fr\/nouvelles-evenements\/abonnement-aux-communiques\/\"]}]},{\"@type\":\"BreadcrumbList\",\"@id\":\"https:\/\/fertilizercanada.ca\/fr\/nouvelles-evenements\/abonnement-aux-communiques\/#breadcrumb\",\"itemListElement\":[{\"@type\":\"ListItem\",\"position\":1,\"name\":\"Home\",\"item\":\"https:\/\/fertilizercanada.ca\/fr\/\"},{\"@type\":\"ListItem\",\"position\":2,\"name\":\"Nouvelles &#038; \u00e9v\u00e8nements\",\"item\":\"https:\/\/fertilizercanada.ca\/fr\/nouvelles-evenements\/\"},{\"@type\":\"ListItem\",\"position\":3,\"name\":\"Abonnement aux communiqu\u00e9s\"}]},{\"@type\":\"WebSite\",\"@id\":\"https:\/\/fertilizercanada.ca\/#website\",\"url\":\"https:\/\/fertilizercanada.ca\/\",\"name\":\"Fertilizer Canada\",\"description\":\"Growing Stronger\",\"potentialAction\":[{\"@type\":\"SearchAction\",\"target\":{\"@type\":\"EntryPoint\",\"urlTemplate\":\"https:\/\/fertilizercanada.ca\/?s={search_term_string}\"},\"query-input\":{\"@type\":\"PropertyValueSpecification\",\"valueRequired\":true,\"valueName\":\"search_term_string\"}}],\"inLanguage\":\"fr-FR\"}]}<\/script>\n<!-- \/ Yoast SEO plugin. -->","yoast_head_json":{"title":"Abonnement aux communiqu\u00e9s - Fertilizer Canada","robots":{"index":"index","follow":"follow","max-snippet":"max-snippet:-1","max-image-preview":"max-image-preview:large","max-video-preview":"max-video-preview:-1"},"canonical":"https:\/\/fertilizercanada.ca\/fr\/nouvelles-evenements\/abonnement-aux-communiques\/","og_locale":"fr_FR","og_type":"article","og_title":"Abonnement aux communiqu\u00e9s - Fertilizer Canada","og_description":"Des nouvelles de l\u2019industrie des fertilisants directement dans votre bo\u00eete de courrier. L\u2019envoi de ce formulaire donne \u00e0 Fertilisants Canada\u2026 Read More","og_url":"https:\/\/fertilizercanada.ca\/fr\/nouvelles-evenements\/abonnement-aux-communiques\/","og_site_name":"Fertilizer Canada","article_modified_time":"2020-09-24T19:07:29+00:00","twitter_card":"summary_large_image","twitter_site":"@FertilizerCA","schema":{"@context":"https:\/\/schema.org","@graph":[{"@type":"WebPage","@id":"https:\/\/fertilizercanada.ca\/fr\/nouvelles-evenements\/abonnement-aux-communiques\/","url":"https:\/\/fertilizercanada.ca\/fr\/nouvelles-evenements\/abonnement-aux-communiques\/","name":"Abonnement aux communiqu\u00e9s - Fertilizer Canada","isPartOf":{"@id":"https:\/\/fertilizercanada.ca\/#website"},"datePublished":"2020-08-20T00:44:16+00:00","dateModified":"2020-09-24T19:07:29+00:00","breadcrumb":{"@id":"https:\/\/fertilizercanada.ca\/fr\/nouvelles-evenements\/abonnement-aux-communiques\/#breadcrumb"},"inLanguage":"fr-FR","potentialAction":[{"@type":"ReadAction","target":["https:\/\/fertilizercanada.ca\/fr\/nouvelles-evenements\/abonnement-aux-communiques\/"]}]},{"@type":"BreadcrumbList","@id":"https:\/\/fertilizercanada.ca\/fr\/nouvelles-evenements\/abonnement-aux-communiques\/#breadcrumb","itemListElement":[{"@type":"ListItem","position":1,"name":"Home","item":"https:\/\/fertilizercanada.ca\/fr\/"},{"@type":"ListItem","position":2,"name":"Nouvelles &#038; \u00e9v\u00e8nements","item":"https:\/\/fertilizercanada.ca\/fr\/nouvelles-evenements\/"},{"@type":"ListItem","position":3,"name":"Abonnement aux communiqu\u00e9s"}]},{"@type":"WebSite","@id":"https:\/\/fertilizercanada.ca\/#website","url":"https:\/\/fertilizercanada.ca\/","name":"Fertilizer Canada","description":"Growing Stronger","potentialAction":[{"@type":"SearchAction","target":{"@type":"EntryPoint","urlTemplate":"https:\/\/fertilizercanada.ca\/?s={search_term_string}"},"query-input":{"@type":"PropertyValueSpecification","valueRequired":true,"valueName":"search_term_string"}}],"inLanguage":"fr-FR"}]}},"_links":{"self":[{"href":"https:\/\/fertilizercanada.ca\/fr\/wp-json\/wp\/v2\/pages\/11377","targetHints":{"allow":["GET"]}}],"collection":[{"href":"https:\/\/fertilizercanada.ca\/fr\/wp-json\/wp\/v2\/pages"}],"about":[{"href":"https:\/\/fertilizercanada.ca\/fr\/wp-json\/wp\/v2\/types\/page"}],"author":[{"embeddable":true,"href":"https:\/\/fertilizercanada.ca\/fr\/wp-json\/wp\/v2\/users\/1"}],"replies":[{"embeddable":true,"href":"https:\/\/fertilizercanada.ca\/fr\/wp-json\/wp\/v2\/comments?post=11377"}],"version-history":[{"count":0,"href":"https:\/\/fertilizercanada.ca\/fr\/wp-json\/wp\/v2\/pages\/11377\/revisions"}],"up":[{"embeddable":true,"href":"https:\/\/fertilizercanada.ca\/fr\/wp-json\/wp\/v2\/pages\/11369"}],"wp:attachment":[{"href":"https:\/\/fertilizercanada.ca\/fr\/wp-json\/wp\/v2\/media?parent=11377"}],"curies":[{"name":"wp","href":"https:\/\/api.w.org\/{rel}","templated":true}]}}