{"id":11381,"date":"2020-08-19T20:50:25","date_gmt":"2020-08-20T00:50:25","guid":{"rendered":"https:\/\/fc2020.staging.baytek.ca\/?page_id=11381"},"modified":"2025-09-02T15:01:13","modified_gmt":"2025-09-02T19:01:13","slug":"nitrate-dammonium","status":"publish","type":"page","link":"https:\/\/fertilizercanada.ca\/fr\/notre-priorite\/surete-et-securite\/codes-de-pratique\/nitrate-dammonium\/","title":{"rendered":"Nitrate d\u2019ammonium et nitrate d&rsquo;ammonium et de calcium"},"content":{"rendered":"\n<div class=\"wp-block-group alignfull hero\"><div class=\"wp-block-group__inner-container is-layout-flow wp-block-group-is-layout-flow\">\n<div class=\"wp-block-cover has-black-background-color has-background-dim\"><span aria-hidden=\"true\" class=\"wp-block-cover__background has-black-background-color has-background-dim-100 has-background-dim\"><\/span><img loading=\"lazy\" decoding=\"async\" width=\"1920\" height=\"1280\" class=\"wp-block-cover__image-background wp-image-9433\" alt=\"\" src=\"https:\/\/fertilizercanada.ca\/wp-content\/uploads\/2020\/04\/codes-of-practice.jpg\" data-object-fit=\"cover\" srcset=\"https:\/\/fertilizercanada.ca\/wp-content\/uploads\/2020\/04\/codes-of-practice.jpg 1920w, https:\/\/fertilizercanada.ca\/wp-content\/uploads\/2020\/04\/codes-of-practice-300x200.jpg 300w, https:\/\/fertilizercanada.ca\/wp-content\/uploads\/2020\/04\/codes-of-practice-1024x683.jpg 1024w, https:\/\/fertilizercanada.ca\/wp-content\/uploads\/2020\/04\/codes-of-practice-768x512.jpg 768w, https:\/\/fertilizercanada.ca\/wp-content\/uploads\/2020\/04\/codes-of-practice-1536x1024.jpg 1536w, https:\/\/fertilizercanada.ca\/wp-content\/uploads\/2020\/04\/codes-of-practice-800x534.jpg 800w\" sizes=\"auto, (max-width: 1920px) 100vw, 1920px\" \/><div class=\"wp-block-cover__inner-container is-layout-flow wp-block-cover-is-layout-flow\">\n\n<span class=\"breadcrumbs\">\n\t\t\t<span class=\"eyebrow crumb has-small-font-size\"><a class=\"has-white-color\" href=\"https:\/\/fertilizercanada.ca\/fr\/notre-priorite\/\">Notre priorit\u00e9<\/a><\/span>\n\t\t\t<span class=\"eyebrow crumb has-small-font-size\"><a class=\"has-white-color\" href=\"https:\/\/fertilizercanada.ca\/fr\/notre-priorite\/surete-et-securite\/\">S\u00fbret\u00e9 et s\u00e9curit\u00e9<\/a><\/span>\n\t\t\t<span class=\"eyebrow crumb has-small-font-size\"><a class=\"has-white-color\" href=\"https:\/\/fertilizercanada.ca\/fr\/notre-priorite\/surete-et-securite\/codes-de-pratique\/\">Codes de pratique<\/a><\/span>\n\t<\/span>\n\n\n\n\n<h1 class=\"wp-block-heading\">Nitrate d&rsquo;ammonium et nitrate d&rsquo;ammonium et de calcium<\/h1>\n\n\n\n<p>Le nitrate d\u2019ammonium est un engrais pr\u00e9cieux qui contribue \u00e0 la production d\u2019aliments sains pour les Canadiens, mais il faut le manipuler de fa\u00e7on responsable.<\/p>\n<\/div><\/div>\n<\/div><\/div>\n\n\n\n<div class=\"wp-block-group alignwide narrow\"><div class=\"wp-block-group__inner-container is-layout-flow wp-block-group-is-layout-flow\">\n<p class=\"has-extra-large-font-size\">Le Code de pratiques concernant l\u2019utilisation du nitrate d\u2019ammonium et nitrate d&rsquo;ammonium et de calcium \u00e0 des fins agricoles pr\u00e9sente les meilleures pratiques d\u2019entreposage et de manipulation s\u00e9curitaires de ces produits. Il a \u00e9t\u00e9 r\u00e9dig\u00e9 en \u00e9troite collaboration avec les repr\u00e9sentants de l\u2019industrie, et correspond \u00e0 la r\u00e9glementation f\u00e9d\u00e9rale en vigueur. Gr\u00e2ce \u00e0 ce code, les d\u00e9taillants agricoles qui vendent du nitrate d\u2019ammonium et du nitrate d\u2019ammonium et de calcium peuvent fournir \u00e0 leurs employ\u00e9s la formation et les renseignements n\u00e9cessaires pour se conformer aux exigences r\u00e9glementaires en mati\u00e8re de s\u00e9curit\u00e9 ainsi qu\u2019aux pratiques exemplaires de l\u2019industrie.<\/p>\n\n\n\n<h2 class=\"wp-block-heading extra-large-top-margin\">Audit du code du nitrate d&rsquo;ammonium et nitrate d&rsquo;ammonium et de calcium<\/h2>\n\n\n\n<div class=\"wp-block-button is-style-outline is-style-outline--1\"><a class=\"wp-block-button__link has-gold-color has-text-color wp-element-button\" href=\"\/fr\/notre-priorite\/surete-et-securite\/codes-de-pratique\/nitrate-dammonium\/audit-du-code-du-nitrate-dammonium\/\">Planifier un audit<\/a><\/div>\n\n\n\n<h2 class=\"wp-block-heading extra-large-top-margin\">Code de Pratique<\/h2>\n\n\n\n<div class=\"wp-block-columns card resource no-image no-excerpt is-layout-flex wp-container-core-columns-is-layout-1 wp-block-columns-is-layout-flex\">\n<div class=\"wp-block-column is-layout-flow wp-block-column-is-layout-flow\" style=\"flex-basis:60%\">\n<h4 class=\"wp-block-heading h5 has-green-color has-text-color\"><a href=\"https:\/\/acrobat.adobe.com\/id\/urn:aaid:sc:VA6C2:43baff8b-413f-45f9-b6a8-053b8bec47c1\">Nitrate d\u2019Ammonium et nitrate d&rsquo;ammonium et de calcium Code de Pratique<\/a><\/h4>\n<\/div>\n\n\n\n<div class=\"wp-block-column is-layout-flow wp-block-column-is-layout-flow\" style=\"flex-basis:40%\"><\/div>\n<\/div>\n\n\n\n<div class=\"wp-block-columns card resource no-image no-excerpt is-layout-flex wp-container-core-columns-is-layout-2 wp-block-columns-is-layout-flex\">\n<div class=\"wp-block-column is-layout-flow wp-block-column-is-layout-flow\" style=\"flex-basis:60%\">\n<h4 class=\"wp-block-heading h5 has-green-color has-text-color\"><a href=\"https:\/\/fertilizercanada.ca\/wp-content\/uploads\/2025\/05\/2023-Implementation-Guide_AN-and-CAN-Code_FR_FINAL.pdf\">Nitrate d&rsquo;ammonium et nitrate d&rsquo;ammonium et de calcium Guide de Mise En Oeuvre<\/a><\/h4>\n<\/div>\n\n\n\n<div class=\"wp-block-column is-layout-flow wp-block-column-is-layout-flow\" style=\"flex-basis:40%\"><\/div>\n<\/div>\n\n\n\n<div class=\"wp-block-columns card resource no-image no-excerpt is-layout-flex wp-container-core-columns-is-layout-3 wp-block-columns-is-layout-flex\">\n<div class=\"wp-block-column is-layout-flow wp-block-column-is-layout-flow\" style=\"flex-basis:60%\">\n<h4 class=\"wp-block-heading h5 has-green-color has-text-color\">Nitrate d\u2019Ammonium Code de Pratique Annexes<\/h4>\n<\/div>\n\n\n\n<div class=\"wp-block-column is-layout-flow wp-block-column-is-layout-flow\" style=\"flex-basis:40%\"><\/div>\n<\/div>\n\n\n\n<div class=\"wp-block-columns card resource no-image no-excerpt is-layout-flex wp-container-core-columns-is-layout-4 wp-block-columns-is-layout-flex\">\n<div class=\"wp-block-column is-layout-flow wp-block-column-is-layout-flow\" style=\"flex-basis:60%\">\n<h4 class=\"wp-block-heading h5 has-green-color has-text-color\">Nitrate d\u2019Ammonium Code de Pratique Annexes<\/h4>\n<\/div>\n\n\n\n<div class=\"wp-block-column is-layout-flow wp-block-column-is-layout-flow\" style=\"flex-basis:40%\"><\/div>\n<\/div>\n\n\n\n<h2 class=\"wp-block-heading\"><\/h2>\n\n\n\n<h2 class=\"wp-block-heading extra-large-top-margin\">Mises \u00e0 jour importantes<\/h2>\n\n\n\n<ul class=\"wp-block-list\">\n<li>24 janvier 2024: <strong>BULLETIN NO 02-2024<\/strong> <a href=\"https:\/\/fertilizercanada.ca\/wp-content\/uploads\/2024\/04\/Tech-Bulletin-01-2024_Ammonia-Code_TDGR-Part-17-Registration-Database_FINAL.pdf\">La partie 17 (Exigences en mati\u00e8re d\u2019enregistrement de site) du R\u00e8glement sur le transport des marchandises dangereuses entrera en vigueur le 25 octobre 2024<\/a><\/li>\n\n\n\n<li>28 juillet 2022: <strong>BULLETIN NO 02-2022<\/strong> <a href=\"https:\/\/fertilizercanada.ca\/wp-content\/uploads\/2022\/07\/Tech-Bulletin-02-2022_AN-CAN-Code_Explosives-Regulations-amendments_FINAL_FR.pdf\">ANC CODE DE PRATIQUE <\/a><\/li>\n\n\n\n<li>1er ao\u00fbt 2019 \u2013&nbsp;<a href=\"https:\/\/fertilizercanada.ca\/wp-content\/uploads\/2019\/08\/Bulletin-04-2019_tous-les-codes_R%c3%a8glement-sur-les-urgences-environnementales_aout-2019_finale.pdf\" target=\"_blank\" rel=\"noreferrer noopener\">TOUS LES CODES DE PRATIQUE BULLETIN NO 4 \u2013 2019<\/a><\/li>\n\n\n\n<li>5 juillet 2017 \u2013&nbsp;<a href=\"https:\/\/fertilizercanada.ca\/wp-content\/uploads\/2015\/07\/TB-02-2017_AN-Code_Alt-Insurance_5-July-2017_fr_final.pdf\" target=\"_blank\" rel=\"noreferrer noopener\">CODE DE PRATIQUE CONCERNANT LE NITRATE D\u2019AMMONIUM BULLETIN No 02-2017<\/a><\/li>\n<\/ul>\n<\/div><\/div>\n","protected":false},"excerpt":{"rendered":"<p>Le nitrate d\u2019ammonium est un engrais pr\u00e9cieux qui contribue \u00e0 la production d\u2019aliments sains pour les Canadiens, mais il faut le manipuler de fa\u00e7on responsable.<\/p>\n","protected":false},"author":1,"featured_media":11857,"parent":11271,"menu_order":0,"comment_status":"closed","ping_status":"closed","template":"","meta":{"footnotes":""},"class_list":["post-11381","page","type-page","status-publish","has-post-thumbnail","hentry"],"yoast_head":"<!-- This site is optimized with the Yoast SEO plugin v24.7 - https:\/\/yoast.com\/wordpress\/plugins\/seo\/ -->\n<title>Nitrate d\u2019ammonium et nitrate d&#039;ammonium et de calcium - Fertilizer Canada<\/title>\n<meta name=\"robots\" content=\"index, follow, max-snippet:-1, max-image-preview:large, max-video-preview:-1\" \/>\n<link rel=\"canonical\" href=\"https:\/\/fertilizercanada.ca\/fr\/notre-priorite\/surete-et-securite\/codes-de-pratique\/nitrate-dammonium\/\" \/>\n<meta property=\"og:locale\" content=\"fr_FR\" \/>\n<meta property=\"og:type\" content=\"article\" \/>\n<meta property=\"og:title\" content=\"Nitrate d\u2019ammonium et nitrate d&#039;ammonium et de calcium - Fertilizer Canada\" \/>\n<meta property=\"og:description\" content=\"Le nitrate d\u2019ammonium est un engrais pr\u00e9cieux qui contribue \u00e0 la production d\u2019aliments sains pour les Canadiens, mais il faut le manipuler de fa\u00e7on responsable.\" \/>\n<meta property=\"og:url\" content=\"https:\/\/fertilizercanada.ca\/fr\/notre-priorite\/surete-et-securite\/codes-de-pratique\/nitrate-dammonium\/\" \/>\n<meta property=\"og:site_name\" content=\"Fertilizer Canada\" \/>\n<meta property=\"article:modified_time\" content=\"2025-09-02T19:01:13+00:00\" \/>\n<meta property=\"og:image\" content=\"https:\/\/fertilizercanada.ca\/wp-content\/uploads\/2020\/09\/iStock-671709146.jpg\" \/>\n\t<meta property=\"og:image:width\" content=\"1183\" \/>\n\t<meta property=\"og:image:height\" content=\"887\" \/>\n\t<meta property=\"og:image:type\" content=\"image\/jpeg\" \/>\n<meta name=\"twitter:card\" content=\"summary_large_image\" \/>\n<meta name=\"twitter:site\" content=\"@FertilizerCA\" \/>\n<meta name=\"twitter:label1\" content=\"Dur\u00e9e de lecture estim\u00e9e\" \/>\n\t<meta name=\"twitter:data1\" content=\"2 minutes\" \/>\n<script type=\"application\/ld+json\" class=\"yoast-schema-graph\">{\"@context\":\"https:\/\/schema.org\",\"@graph\":[{\"@type\":\"WebPage\",\"@id\":\"https:\/\/fertilizercanada.ca\/fr\/notre-priorite\/surete-et-securite\/codes-de-pratique\/nitrate-dammonium\/\",\"url\":\"https:\/\/fertilizercanada.ca\/fr\/notre-priorite\/surete-et-securite\/codes-de-pratique\/nitrate-dammonium\/\",\"name\":\"Nitrate d\u2019ammonium et nitrate d'ammonium et de calcium - Fertilizer Canada\",\"isPartOf\":{\"@id\":\"https:\/\/fertilizercanada.ca\/#website\"},\"primaryImageOfPage\":{\"@id\":\"https:\/\/fertilizercanada.ca\/fr\/notre-priorite\/surete-et-securite\/codes-de-pratique\/nitrate-dammonium\/#primaryimage\"},\"image\":{\"@id\":\"https:\/\/fertilizercanada.ca\/fr\/notre-priorite\/surete-et-securite\/codes-de-pratique\/nitrate-dammonium\/#primaryimage\"},\"thumbnailUrl\":\"https:\/\/fertilizercanada.ca\/wp-content\/uploads\/2020\/09\/iStock-671709146.jpg\",\"datePublished\":\"2020-08-20T00:50:25+00:00\",\"dateModified\":\"2025-09-02T19:01:13+00:00\",\"breadcrumb\":{\"@id\":\"https:\/\/fertilizercanada.ca\/fr\/notre-priorite\/surete-et-securite\/codes-de-pratique\/nitrate-dammonium\/#breadcrumb\"},\"inLanguage\":\"fr-FR\",\"potentialAction\":[{\"@type\":\"ReadAction\",\"target\":[\"https:\/\/fertilizercanada.ca\/fr\/notre-priorite\/surete-et-securite\/codes-de-pratique\/nitrate-dammonium\/\"]}]},{\"@type\":\"ImageObject\",\"inLanguage\":\"fr-FR\",\"@id\":\"https:\/\/fertilizercanada.ca\/fr\/notre-priorite\/surete-et-securite\/codes-de-pratique\/nitrate-dammonium\/#primaryimage\",\"url\":\"https:\/\/fertilizercanada.ca\/wp-content\/uploads\/2020\/09\/iStock-671709146.jpg\",\"contentUrl\":\"https:\/\/fertilizercanada.ca\/wp-content\/uploads\/2020\/09\/iStock-671709146.jpg\",\"width\":1183,\"height\":887,\"caption\":\"Farmer hand hold plant chemical fertilizer over green backgound\"},{\"@type\":\"BreadcrumbList\",\"@id\":\"https:\/\/fertilizercanada.ca\/fr\/notre-priorite\/surete-et-securite\/codes-de-pratique\/nitrate-dammonium\/#breadcrumb\",\"itemListElement\":[{\"@type\":\"ListItem\",\"position\":1,\"name\":\"Home\",\"item\":\"https:\/\/fertilizercanada.ca\/fr\/\"},{\"@type\":\"ListItem\",\"position\":2,\"name\":\"Notre priorit\u00e9\",\"item\":\"https:\/\/fertilizercanada.ca\/fr\/notre-priorite\/\"},{\"@type\":\"ListItem\",\"position\":3,\"name\":\"S\u00fbret\u00e9 et s\u00e9curit\u00e9\",\"item\":\"https:\/\/fertilizercanada.ca\/fr\/notre-priorite\/surete-et-securite\/\"},{\"@type\":\"ListItem\",\"position\":4,\"name\":\"Codes de pratique\",\"item\":\"https:\/\/fertilizercanada.ca\/fr\/notre-priorite\/surete-et-securite\/codes-de-pratique\/\"},{\"@type\":\"ListItem\",\"position\":5,\"name\":\"Nitrate d\u2019ammonium et nitrate d&#8217;ammonium et de calcium\"}]},{\"@type\":\"WebSite\",\"@id\":\"https:\/\/fertilizercanada.ca\/#website\",\"url\":\"https:\/\/fertilizercanada.ca\/\",\"name\":\"Fertilizer Canada\",\"description\":\"Growing Stronger\",\"potentialAction\":[{\"@type\":\"SearchAction\",\"target\":{\"@type\":\"EntryPoint\",\"urlTemplate\":\"https:\/\/fertilizercanada.ca\/?s={search_term_string}\"},\"query-input\":{\"@type\":\"PropertyValueSpecification\",\"valueRequired\":true,\"valueName\":\"search_term_string\"}}],\"inLanguage\":\"fr-FR\"}]}<\/script>\n<!-- \/ Yoast SEO plugin. -->","yoast_head_json":{"title":"Nitrate d\u2019ammonium et nitrate d'ammonium et de calcium - Fertilizer Canada","robots":{"index":"index","follow":"follow","max-snippet":"max-snippet:-1","max-image-preview":"max-image-preview:large","max-video-preview":"max-video-preview:-1"},"canonical":"https:\/\/fertilizercanada.ca\/fr\/notre-priorite\/surete-et-securite\/codes-de-pratique\/nitrate-dammonium\/","og_locale":"fr_FR","og_type":"article","og_title":"Nitrate d\u2019ammonium et nitrate d'ammonium et de calcium - Fertilizer Canada","og_description":"Le nitrate d\u2019ammonium est un engrais pr\u00e9cieux qui contribue \u00e0 la production d\u2019aliments sains pour les Canadiens, mais il faut le manipuler de fa\u00e7on responsable.","og_url":"https:\/\/fertilizercanada.ca\/fr\/notre-priorite\/surete-et-securite\/codes-de-pratique\/nitrate-dammonium\/","og_site_name":"Fertilizer Canada","article_modified_time":"2025-09-02T19:01:13+00:00","og_image":[{"width":1183,"height":887,"url":"https:\/\/fertilizercanada.ca\/wp-content\/uploads\/2020\/09\/iStock-671709146.jpg","type":"image\/jpeg"}],"twitter_card":"summary_large_image","twitter_site":"@FertilizerCA","twitter_misc":{"Dur\u00e9e de lecture estim\u00e9e":"2 minutes"},"schema":{"@context":"https:\/\/schema.org","@graph":[{"@type":"WebPage","@id":"https:\/\/fertilizercanada.ca\/fr\/notre-priorite\/surete-et-securite\/codes-de-pratique\/nitrate-dammonium\/","url":"https:\/\/fertilizercanada.ca\/fr\/notre-priorite\/surete-et-securite\/codes-de-pratique\/nitrate-dammonium\/","name":"Nitrate d\u2019ammonium et nitrate d'ammonium et de calcium - Fertilizer Canada","isPartOf":{"@id":"https:\/\/fertilizercanada.ca\/#website"},"primaryImageOfPage":{"@id":"https:\/\/fertilizercanada.ca\/fr\/notre-priorite\/surete-et-securite\/codes-de-pratique\/nitrate-dammonium\/#primaryimage"},"image":{"@id":"https:\/\/fertilizercanada.ca\/fr\/notre-priorite\/surete-et-securite\/codes-de-pratique\/nitrate-dammonium\/#primaryimage"},"thumbnailUrl":"https:\/\/fertilizercanada.ca\/wp-content\/uploads\/2020\/09\/iStock-671709146.jpg","datePublished":"2020-08-20T00:50:25+00:00","dateModified":"2025-09-02T19:01:13+00:00","breadcrumb":{"@id":"https:\/\/fertilizercanada.ca\/fr\/notre-priorite\/surete-et-securite\/codes-de-pratique\/nitrate-dammonium\/#breadcrumb"},"inLanguage":"fr-FR","potentialAction":[{"@type":"ReadAction","target":["https:\/\/fertilizercanada.ca\/fr\/notre-priorite\/surete-et-securite\/codes-de-pratique\/nitrate-dammonium\/"]}]},{"@type":"ImageObject","inLanguage":"fr-FR","@id":"https:\/\/fertilizercanada.ca\/fr\/notre-priorite\/surete-et-securite\/codes-de-pratique\/nitrate-dammonium\/#primaryimage","url":"https:\/\/fertilizercanada.ca\/wp-content\/uploads\/2020\/09\/iStock-671709146.jpg","contentUrl":"https:\/\/fertilizercanada.ca\/wp-content\/uploads\/2020\/09\/iStock-671709146.jpg","width":1183,"height":887,"caption":"Farmer hand hold plant chemical fertilizer over green backgound"},{"@type":"BreadcrumbList","@id":"https:\/\/fertilizercanada.ca\/fr\/notre-priorite\/surete-et-securite\/codes-de-pratique\/nitrate-dammonium\/#breadcrumb","itemListElement":[{"@type":"ListItem","position":1,"name":"Home","item":"https:\/\/fertilizercanada.ca\/fr\/"},{"@type":"ListItem","position":2,"name":"Notre priorit\u00e9","item":"https:\/\/fertilizercanada.ca\/fr\/notre-priorite\/"},{"@type":"ListItem","position":3,"name":"S\u00fbret\u00e9 et s\u00e9curit\u00e9","item":"https:\/\/fertilizercanada.ca\/fr\/notre-priorite\/surete-et-securite\/"},{"@type":"ListItem","position":4,"name":"Codes de pratique","item":"https:\/\/fertilizercanada.ca\/fr\/notre-priorite\/surete-et-securite\/codes-de-pratique\/"},{"@type":"ListItem","position":5,"name":"Nitrate d\u2019ammonium et nitrate d&#8217;ammonium et de calcium"}]},{"@type":"WebSite","@id":"https:\/\/fertilizercanada.ca\/#website","url":"https:\/\/fertilizercanada.ca\/","name":"Fertilizer Canada","description":"Growing Stronger","potentialAction":[{"@type":"SearchAction","target":{"@type":"EntryPoint","urlTemplate":"https:\/\/fertilizercanada.ca\/?s={search_term_string}"},"query-input":{"@type":"PropertyValueSpecification","valueRequired":true,"valueName":"search_term_string"}}],"inLanguage":"fr-FR"}]}},"_links":{"self":[{"href":"https:\/\/fertilizercanada.ca\/fr\/wp-json\/wp\/v2\/pages\/11381","targetHints":{"allow":["GET"]}}],"collection":[{"href":"https:\/\/fertilizercanada.ca\/fr\/wp-json\/wp\/v2\/pages"}],"about":[{"href":"https:\/\/fertilizercanada.ca\/fr\/wp-json\/wp\/v2\/types\/page"}],"author":[{"embeddable":true,"href":"https:\/\/fertilizercanada.ca\/fr\/wp-json\/wp\/v2\/users\/1"}],"replies":[{"embeddable":true,"href":"https:\/\/fertilizercanada.ca\/fr\/wp-json\/wp\/v2\/comments?post=11381"}],"version-history":[{"count":11,"href":"https:\/\/fertilizercanada.ca\/fr\/wp-json\/wp\/v2\/pages\/11381\/revisions"}],"predecessor-version":[{"id":19188,"href":"https:\/\/fertilizercanada.ca\/fr\/wp-json\/wp\/v2\/pages\/11381\/revisions\/19188"}],"up":[{"embeddable":true,"href":"https:\/\/fertilizercanada.ca\/fr\/wp-json\/wp\/v2\/pages\/11271"}],"wp:featuredmedia":[{"embeddable":true,"href":"https:\/\/fertilizercanada.ca\/fr\/wp-json\/wp\/v2\/media\/11857"}],"wp:attachment":[{"href":"https:\/\/fertilizercanada.ca\/fr\/wp-json\/wp\/v2\/media?parent=11381"}],"curies":[{"name":"wp","href":"https:\/\/api.w.org\/{rel}","templated":true}]}}