{"id":11386,"date":"2020-08-19T21:05:21","date_gmt":"2020-08-20T01:05:21","guid":{"rendered":"https:\/\/fc2020.staging.baytek.ca\/?page_id=11386"},"modified":"2022-09-01T15:53:46","modified_gmt":"2022-09-01T19:53:46","slug":"ammonitrate-de-calcium-anc","status":"publish","type":"page","link":"https:\/\/fertilizercanada.ca\/fr\/notre-priorite\/surete-et-securite\/codes-de-pratique\/ammonitrate-de-calcium-anc\/","title":{"rendered":"Ammonitrate de calcium (ANC)"},"content":{"rendered":"\n<div class=\"wp-block-group alignfull hero\"><div class=\"wp-block-group__inner-container is-layout-flow wp-block-group-is-layout-flow\">\n<div class=\"wp-block-cover has-black-background-color has-background-dim\"><img loading=\"lazy\" decoding=\"async\" width=\"1920\" height=\"1280\" class=\"wp-block-cover__image-background wp-image-9434\" alt=\"\" src=\"https:\/\/fertilizercanada.ca\/wp-content\/uploads\/2020\/04\/codes-of-practice.jpg\" data-object-fit=\"cover\" srcset=\"https:\/\/fertilizercanada.ca\/wp-content\/uploads\/2020\/04\/codes-of-practice.jpg 1920w, https:\/\/fertilizercanada.ca\/wp-content\/uploads\/2020\/04\/codes-of-practice-300x200.jpg 300w, https:\/\/fertilizercanada.ca\/wp-content\/uploads\/2020\/04\/codes-of-practice-1024x683.jpg 1024w, https:\/\/fertilizercanada.ca\/wp-content\/uploads\/2020\/04\/codes-of-practice-768x512.jpg 768w, https:\/\/fertilizercanada.ca\/wp-content\/uploads\/2020\/04\/codes-of-practice-1536x1024.jpg 1536w, https:\/\/fertilizercanada.ca\/wp-content\/uploads\/2020\/04\/codes-of-practice-800x534.jpg 800w\" sizes=\"auto, (max-width: 1920px) 100vw, 1920px\" \/><div class=\"wp-block-cover__inner-container is-layout-flow wp-block-cover-is-layout-flow\">\n\n<span class=\"breadcrumbs\">\n\t\t\t<span class=\"eyebrow crumb has-small-font-size\"><a class=\"has-white-color\" href=\"https:\/\/fertilizercanada.ca\/fr\/notre-priorite\/\">Notre priorit\u00e9<\/a><\/span>\n\t\t\t<span class=\"eyebrow crumb has-small-font-size\"><a class=\"has-white-color\" href=\"https:\/\/fertilizercanada.ca\/fr\/notre-priorite\/surete-et-securite\/\">S\u00fbret\u00e9 et s\u00e9curit\u00e9<\/a><\/span>\n\t\t\t<span class=\"eyebrow crumb has-small-font-size\"><a class=\"has-white-color\" href=\"https:\/\/fertilizercanada.ca\/fr\/notre-priorite\/surete-et-securite\/codes-de-pratique\/\">Codes de pratique<\/a><\/span>\n\t<\/span>\n\n\n\n\n<h1 class=\"wp-block-heading\">Ammonitrate de calcium (ANC)<\/h1>\n\n\n\n<p>Pour garantir la s\u00e9curit\u00e9 des engrais, il faut des codes de pratiques normalis\u00e9s et un effort coordonn\u00e9 de toutes les parties prenantes de l&rsquo;industrie.<\/p>\n<\/div><\/div>\n<\/div><\/div>\n\n\n\n<div class=\"wp-block-group alignwide narrow\"><div class=\"wp-block-group__inner-container is-layout-flow wp-block-group-is-layout-flow\">\n<p class=\"has-extra-large-font-size\">Fertilisants Canada a \u00e9labor\u00e9 le Code de pratique concernant la s\u00e9curit\u00e9 du Ammonitrate de calcium utilis\u00e9 \u00e0 des fins agricoles (le Code NACC ou le Code) afin d\u2019instaurer des pratiques uniformes en mati\u00e8re de s\u00e9curit\u00e9 pour la manutention et l\u2019entreposage du ammonitrate de calcium (ANC) utilis\u00e9 au Canada. Ce Code a \u00e9t\u00e9 r\u00e9dig\u00e9 par des fabricants de fertilisants, des distributeurs et des d\u00e9taillants de produits agro-alimentaires, avec la collaboration des organismes gouvernementaux comp\u00e9tents.<\/p>\n\n\n\n<h2 class=\"wp-block-heading\">Code de pratique concernant la s\u00e9curit\u00e9<\/h2>\n\n\n\n<div class=\"wp-block-columns is-layout-flex wp-container-core-columns-is-layout-9d6595d7 wp-block-columns-is-layout-flex\">\n<div class=\"wp-block-column is-layout-flow wp-block-column-is-layout-flow\"><div>\n<div class=\"wp-block-columns card resource no-image no-excerpt\">\n\t<div class=\"wp-block-column\">\n\t\t<h4 class=\"has-green-color has-text-color h5\">CODE DE PRATIQUE CONCERNANT LA S\u00c9CURIT\u00c9<\/h4>\n\t<\/div>\n\t<div class=\"wp-block-column\">\n\t\t<div class=\"wp-block-button alignright\">\n\t\t\t<a class=\"wp-block-button__link has-text-color has-green-color has-background has-green-background-color\" href=\"https:\/\/fertilizercanada.ca\/wp-content\/uploads\/2019\/01\/Code-de-Practique-CAN-_JAN-2019-REV-0_V4_final.pdf\" target=\"__blank\" rel=\"noreferrer noopener\"><\/a>\n\t\t<\/div>\n\t<\/div>\n<\/div>\n<\/div>\n\n\n<div>\n<div class=\"wp-block-columns card resource no-image no-excerpt\">\n\t<div class=\"wp-block-column\">\n\t\t<h4 class=\"has-green-color has-text-color h5\">MODIFICATIONS ET CLARIFICATIONS<\/h4>\n\t<\/div>\n\t<div class=\"wp-block-column\">\n\t\t<div class=\"wp-block-button alignright\">\n\t\t\t<a class=\"wp-block-button__link has-text-color has-green-color has-background has-green-background-color\" href=\"https:\/\/fertilizercanada.ca\/wp-content\/uploads\/2020\/09\/Code-ANC-Resume-des-modifications_Mai-2018_final_clean.pdf\" target=\"__blank\" rel=\"noreferrer noopener\"><\/a>\n\t\t<\/div>\n\t<\/div>\n<\/div>\n<\/div>\n\n\n<div>\n<div class=\"wp-block-columns card resource no-image no-excerpt\">\n\t<div class=\"wp-block-column\">\n\t\t<h4 class=\"has-green-color has-text-color h5\">Ammonitrate de calcium Code De Pratique Bulletin \u2013 Janvier 2019<\/h4>\n\t<\/div>\n\t<div class=\"wp-block-column\">\n\t\t<div class=\"wp-block-button alignright\">\n\t\t\t<a class=\"wp-block-button__link has-text-color has-green-color has-background has-green-background-color\" href=\"https:\/\/fertilizercanada.ca\/wp-content\/uploads\/2019\/01\/TB-01-2019_Code-dANC_Plan-de-S\u00e9curit\u00e9_22-jan-2019_final.pdf\" target=\"__blank\" rel=\"noreferrer noopener\"><\/a>\n\t\t<\/div>\n\t<\/div>\n<\/div>\n<\/div>\n<\/div>\n\n\n\n<div class=\"wp-block-column is-layout-flow wp-block-column-is-layout-flow\"><div>\n<div class=\"wp-block-columns card resource no-image no-excerpt\">\n\t<div class=\"wp-block-column\">\n\t\t<h4 class=\"has-green-color has-text-color h5\">GUIDE DE MISE EN OEUVRE<\/h4>\n\t<\/div>\n\t<div class=\"wp-block-column\">\n\t\t<div class=\"wp-block-button alignright\">\n\t\t\t<a class=\"wp-block-button__link has-text-color has-green-color has-background has-green-background-color\" href=\"https:\/\/fertilizercanada.ca\/wp-content\/uploads\/2019\/01\/Guide-de-Mise-en-Oeuvre_ANC-SecurityCode_JAN-2019-REV-0_V4_final.pdf\" target=\"__blank\" rel=\"noreferrer noopener\"><\/a>\n\t\t<\/div>\n\t<\/div>\n<\/div>\n<\/div>\n\n\n<div>\n<div class=\"wp-block-columns card resource no-image no-excerpt\">\n\t<div class=\"wp-block-column\">\n\t\t<h4 class=\"has-green-color has-text-color h5\">ANNEXES<\/h4>\n\t<\/div>\n\t<div class=\"wp-block-column\">\n\t\t<div class=\"wp-block-button alignright\">\n\t\t\t<a class=\"wp-block-button__link has-text-color has-green-color has-background has-green-background-color\" href=\"https:\/\/fertilizercanada.ca\/wp-content\/uploads\/2019\/01\/ANNEXES_Code-ANC_JAN-2019_REV-0_V4_final.pdf\" target=\"__blank\" rel=\"noreferrer noopener\"><\/a>\n\t\t<\/div>\n\t<\/div>\n<\/div>\n<\/div>\n<\/div>\n<\/div>\n\n\n\n<h2 class=\"wp-block-heading\"><strong>P\u00e9riode de commentaires pour la r\u00e9vision de 2023 du Code de pratique de Fertilisants Canada sur le nitrate d\u2019ammonium et le nitrate d\u2019ammonium et de calcium<\/strong><\/h2>\n\n\n\n<p>Pour s\u2019adapter \u00e0 l\u2019\u00e9volution du secteur agricole et au nombre moindre de d\u00e9taillants demandant une accr\u00e9ditation en vertu du Code concernant le nitrate d\u2019ammonium, Fertilisants Canada s\u2019appr\u00eate \u00e0 fusionner les deux codes de pratique (nitrate d\u2019ammonium et nitrate d\u2019ammonium et de calcium) en un seul. Les sites d\u00e9j\u00e0 accr\u00e9dit\u00e9s en vertu des deux pr\u00e9c\u00e9dents codes demeureront admissibles sous le Code unifi\u00e9; toutefois, les fertilisants \u00e0 base de nitrate d\u2019ammonium feront l\u2019objet d\u2019exigences suppl\u00e9mentaires d\u00e9crites dans les protocoles du code afin de respecter les pratiques exemplaires pr\u00e9conis\u00e9es par la r\u00e9glementation et l\u2019industrie.<\/p>\n\n\n\n<p>Une p\u00e9riode de 30 jours est maintenant ouverte pour commenter les modifications propos\u00e9es aux protocoles du Code de 2015 sur le nitrate d\u2019ammonium et du Code de 2019 sur le nitrate d\u2019ammonium et de calcium. Nous vous invitons \u00e0 examiner les protocoles r\u00e9vis\u00e9s et \u00e0 envoyer vos commentaires d\u2019ici le 1er octobre 2022.<\/p>\n\n\n\n<p>[hyperlink in these supporting documents, I\u2019ll send the PDFs in the morning]:<\/p>\n\n\n\n<p><a href=\"https:\/\/fertilizercanada.ca\/wp-content\/uploads\/2022\/09\/2.-Summary-of-Changes_2023-AN-and-CAN-Code-of-Practice-Protocols_FR.pdf\">\u2022 Un tableau r\u00e9capitulatif r\u00e9sumant les changements les plus importants par rapport aux codes de 2015 et de 2019.<\/a><\/p>\n\n\n\n<p><a href=\"https:\/\/fertilizercanada.ca\/wp-content\/uploads\/2022\/09\/3.-2023-AN-and-CAN-Code-of-Practice_DRAFT-FOR-COMMENT_FR.pdf\">\u2022 Un document en \u00ab suivi des modifications \u00bb pr\u00e9sentant la comparaison d\u00e9taill\u00e9e de toutes les diff\u00e9rences entre les versions pr\u00e9c\u00e9dentes et la nouvelle.<\/a><\/p>\n\n\n\n<p><a href=\"https:\/\/fertilizercanada.ca\/fr\/ressources\/code-de-pratique-de-fertilisants-canada-concernant-le-nitrate-dammonium-et-le-nitrate-dammonium-et-de-calcium-texte-propose-pour-le-protocole-version-2023-fiche-de-commen\">\u2022\u00a0Une fiche de commentaires.<\/a><\/p>\n\n\n\n<h2 class=\"extra-large-top-margin wp-block-heading\">Documents<\/h2>\n\n\n\n<ul class=\"wp-block-list\"><li><a href=\"https:\/\/fertilizercanada.ca\/wp-content\/uploads\/2018\/07\/CAN_Storage_Brochure_Final_FR.pdf\">La brochure d\u2019information sur l\u2019emploi s\u00e9curitaire du Ammonitrate de calcium<\/a><\/li><\/ul>\n\n\n\n\n\n\n\n<p class=\"has-extra-large-font-size\"><strong> Important Updates <\/strong><\/p>\n\n\n\n<ul class=\"wp-block-list\"><li>28 juillet 2022: <strong>BULLETIN NO 02-2022<\/strong> <a href=\"https:\/\/fertilizercanada.ca\/wp-content\/uploads\/2022\/07\/Tech-Bulletin-02-2022_AN-CAN-Code_Explosives-Regulations-amendments_FINAL_FR.pdf\">ANC code de Pratique<\/a><\/li><\/ul>\n<\/div><\/div>\n\n\n\n\n","protected":false},"excerpt":{"rendered":"<p>Fertilisants Canada a \u00e9labor\u00e9 le Code de pratique concernant la s\u00e9curit\u00e9 du Ammonitrate de calcium utilis\u00e9 \u00e0 des fins agricoles<\/p>\n","protected":false},"author":1,"featured_media":11860,"parent":11271,"menu_order":0,"comment_status":"closed","ping_status":"closed","template":"","meta":{"footnotes":""},"class_list":["post-11386","page","type-page","status-publish","has-post-thumbnail","hentry"],"yoast_head":"<!-- This site is optimized with the Yoast SEO plugin v27.4 - https:\/\/yoast.com\/product\/yoast-seo-wordpress\/ -->\n<title>Ammonitrate de calcium (ANC) - Fertilizer Canada<\/title>\n<meta name=\"robots\" content=\"index, follow, max-snippet:-1, max-image-preview:large, max-video-preview:-1\" \/>\n<link rel=\"canonical\" href=\"https:\/\/fertilizercanada.ca\/fr\/notre-priorite\/surete-et-securite\/codes-de-pratique\/ammonitrate-de-calcium-anc\/\" \/>\n<meta property=\"og:locale\" content=\"fr_FR\" \/>\n<meta property=\"og:type\" content=\"article\" \/>\n<meta property=\"og:title\" content=\"Ammonitrate de calcium (ANC) - Fertilizer Canada\" \/>\n<meta property=\"og:description\" content=\"Fertilisants Canada a \u00e9labor\u00e9 le Code de pratique concernant la s\u00e9curit\u00e9 du Ammonitrate de calcium utilis\u00e9 \u00e0 des fins agricoles\" \/>\n<meta property=\"og:url\" content=\"https:\/\/fertilizercanada.ca\/fr\/notre-priorite\/surete-et-securite\/codes-de-pratique\/ammonitrate-de-calcium-anc\/\" \/>\n<meta property=\"og:site_name\" content=\"Fertilizer Canada\" \/>\n<meta property=\"article:modified_time\" content=\"2022-09-01T19:53:46+00:00\" \/>\n<meta property=\"og:image\" content=\"https:\/\/fertilizercanada.ca\/wp-content\/uploads\/2020\/09\/iStock-845520072.jpg\" \/>\n\t<meta property=\"og:image:width\" content=\"1258\" \/>\n\t<meta property=\"og:image:height\" content=\"833\" \/>\n\t<meta property=\"og:image:type\" content=\"image\/jpeg\" \/>\n<meta name=\"twitter:card\" content=\"summary_large_image\" \/>\n<meta name=\"twitter:site\" content=\"@FertilizerCA\" \/>\n<meta name=\"twitter:label1\" content=\"Dur\u00e9e de lecture estim\u00e9e\" \/>\n\t<meta name=\"twitter:data1\" content=\"2 minutes\" \/>\n<script type=\"application\/ld+json\" class=\"yoast-schema-graph\">{\"@context\":\"https:\\\/\\\/schema.org\",\"@graph\":[{\"@type\":\"WebPage\",\"@id\":\"https:\\\/\\\/fertilizercanada.ca\\\/fr\\\/notre-priorite\\\/surete-et-securite\\\/codes-de-pratique\\\/ammonitrate-de-calcium-anc\\\/\",\"url\":\"https:\\\/\\\/fertilizercanada.ca\\\/fr\\\/notre-priorite\\\/surete-et-securite\\\/codes-de-pratique\\\/ammonitrate-de-calcium-anc\\\/\",\"name\":\"Ammonitrate de calcium (ANC) - Fertilizer Canada\",\"isPartOf\":{\"@id\":\"https:\\\/\\\/fertilizercanada.ca\\\/#website\"},\"primaryImageOfPage\":{\"@id\":\"https:\\\/\\\/fertilizercanada.ca\\\/fr\\\/notre-priorite\\\/surete-et-securite\\\/codes-de-pratique\\\/ammonitrate-de-calcium-anc\\\/#primaryimage\"},\"image\":{\"@id\":\"https:\\\/\\\/fertilizercanada.ca\\\/fr\\\/notre-priorite\\\/surete-et-securite\\\/codes-de-pratique\\\/ammonitrate-de-calcium-anc\\\/#primaryimage\"},\"thumbnailUrl\":\"https:\\\/\\\/fertilizercanada.ca\\\/wp-content\\\/uploads\\\/2020\\\/09\\\/iStock-845520072.jpg\",\"datePublished\":\"2020-08-20T01:05:21+00:00\",\"dateModified\":\"2022-09-01T19:53:46+00:00\",\"breadcrumb\":{\"@id\":\"https:\\\/\\\/fertilizercanada.ca\\\/fr\\\/notre-priorite\\\/surete-et-securite\\\/codes-de-pratique\\\/ammonitrate-de-calcium-anc\\\/#breadcrumb\"},\"inLanguage\":\"fr-FR\",\"potentialAction\":[{\"@type\":\"ReadAction\",\"target\":[\"https:\\\/\\\/fertilizercanada.ca\\\/fr\\\/notre-priorite\\\/surete-et-securite\\\/codes-de-pratique\\\/ammonitrate-de-calcium-anc\\\/\"]}]},{\"@type\":\"ImageObject\",\"inLanguage\":\"fr-FR\",\"@id\":\"https:\\\/\\\/fertilizercanada.ca\\\/fr\\\/notre-priorite\\\/surete-et-securite\\\/codes-de-pratique\\\/ammonitrate-de-calcium-anc\\\/#primaryimage\",\"url\":\"https:\\\/\\\/fertilizercanada.ca\\\/wp-content\\\/uploads\\\/2020\\\/09\\\/iStock-845520072.jpg\",\"contentUrl\":\"https:\\\/\\\/fertilizercanada.ca\\\/wp-content\\\/uploads\\\/2020\\\/09\\\/iStock-845520072.jpg\",\"width\":1258,\"height\":833,\"caption\":\"Agricultural hand nurturing fertilizer plant growing step on soil in garden\"},{\"@type\":\"BreadcrumbList\",\"@id\":\"https:\\\/\\\/fertilizercanada.ca\\\/fr\\\/notre-priorite\\\/surete-et-securite\\\/codes-de-pratique\\\/ammonitrate-de-calcium-anc\\\/#breadcrumb\",\"itemListElement\":[{\"@type\":\"ListItem\",\"position\":1,\"name\":\"Home\",\"item\":\"https:\\\/\\\/fertilizercanada.ca\\\/fr\\\/\"},{\"@type\":\"ListItem\",\"position\":2,\"name\":\"Notre priorit\u00e9\",\"item\":\"https:\\\/\\\/fertilizercanada.ca\\\/fr\\\/notre-priorite\\\/\"},{\"@type\":\"ListItem\",\"position\":3,\"name\":\"S\u00fbret\u00e9 et s\u00e9curit\u00e9\",\"item\":\"https:\\\/\\\/fertilizercanada.ca\\\/fr\\\/notre-priorite\\\/surete-et-securite\\\/\"},{\"@type\":\"ListItem\",\"position\":4,\"name\":\"Codes de pratique\",\"item\":\"https:\\\/\\\/fertilizercanada.ca\\\/fr\\\/notre-priorite\\\/surete-et-securite\\\/codes-de-pratique\\\/\"},{\"@type\":\"ListItem\",\"position\":5,\"name\":\"Ammonitrate de calcium (ANC)\"}]},{\"@type\":\"WebSite\",\"@id\":\"https:\\\/\\\/fertilizercanada.ca\\\/#website\",\"url\":\"https:\\\/\\\/fertilizercanada.ca\\\/\",\"name\":\"Fertilizer Canada\",\"description\":\"Growing Stronger\",\"potentialAction\":[{\"@type\":\"SearchAction\",\"target\":{\"@type\":\"EntryPoint\",\"urlTemplate\":\"https:\\\/\\\/fertilizercanada.ca\\\/?s={search_term_string}\"},\"query-input\":{\"@type\":\"PropertyValueSpecification\",\"valueRequired\":true,\"valueName\":\"search_term_string\"}}],\"inLanguage\":\"fr-FR\"}]}<\/script>\n<!-- \/ Yoast SEO plugin. -->","yoast_head_json":{"title":"Ammonitrate de calcium (ANC) - Fertilizer Canada","robots":{"index":"index","follow":"follow","max-snippet":"max-snippet:-1","max-image-preview":"max-image-preview:large","max-video-preview":"max-video-preview:-1"},"canonical":"https:\/\/fertilizercanada.ca\/fr\/notre-priorite\/surete-et-securite\/codes-de-pratique\/ammonitrate-de-calcium-anc\/","og_locale":"fr_FR","og_type":"article","og_title":"Ammonitrate de calcium (ANC) - Fertilizer Canada","og_description":"Fertilisants Canada a \u00e9labor\u00e9 le Code de pratique concernant la s\u00e9curit\u00e9 du Ammonitrate de calcium utilis\u00e9 \u00e0 des fins agricoles","og_url":"https:\/\/fertilizercanada.ca\/fr\/notre-priorite\/surete-et-securite\/codes-de-pratique\/ammonitrate-de-calcium-anc\/","og_site_name":"Fertilizer Canada","article_modified_time":"2022-09-01T19:53:46+00:00","og_image":[{"width":1258,"height":833,"url":"https:\/\/fertilizercanada.ca\/wp-content\/uploads\/2020\/09\/iStock-845520072.jpg","type":"image\/jpeg"}],"twitter_card":"summary_large_image","twitter_site":"@FertilizerCA","twitter_misc":{"Dur\u00e9e de lecture estim\u00e9e":"2 minutes"},"schema":{"@context":"https:\/\/schema.org","@graph":[{"@type":"WebPage","@id":"https:\/\/fertilizercanada.ca\/fr\/notre-priorite\/surete-et-securite\/codes-de-pratique\/ammonitrate-de-calcium-anc\/","url":"https:\/\/fertilizercanada.ca\/fr\/notre-priorite\/surete-et-securite\/codes-de-pratique\/ammonitrate-de-calcium-anc\/","name":"Ammonitrate de calcium (ANC) - Fertilizer Canada","isPartOf":{"@id":"https:\/\/fertilizercanada.ca\/#website"},"primaryImageOfPage":{"@id":"https:\/\/fertilizercanada.ca\/fr\/notre-priorite\/surete-et-securite\/codes-de-pratique\/ammonitrate-de-calcium-anc\/#primaryimage"},"image":{"@id":"https:\/\/fertilizercanada.ca\/fr\/notre-priorite\/surete-et-securite\/codes-de-pratique\/ammonitrate-de-calcium-anc\/#primaryimage"},"thumbnailUrl":"https:\/\/fertilizercanada.ca\/wp-content\/uploads\/2020\/09\/iStock-845520072.jpg","datePublished":"2020-08-20T01:05:21+00:00","dateModified":"2022-09-01T19:53:46+00:00","breadcrumb":{"@id":"https:\/\/fertilizercanada.ca\/fr\/notre-priorite\/surete-et-securite\/codes-de-pratique\/ammonitrate-de-calcium-anc\/#breadcrumb"},"inLanguage":"fr-FR","potentialAction":[{"@type":"ReadAction","target":["https:\/\/fertilizercanada.ca\/fr\/notre-priorite\/surete-et-securite\/codes-de-pratique\/ammonitrate-de-calcium-anc\/"]}]},{"@type":"ImageObject","inLanguage":"fr-FR","@id":"https:\/\/fertilizercanada.ca\/fr\/notre-priorite\/surete-et-securite\/codes-de-pratique\/ammonitrate-de-calcium-anc\/#primaryimage","url":"https:\/\/fertilizercanada.ca\/wp-content\/uploads\/2020\/09\/iStock-845520072.jpg","contentUrl":"https:\/\/fertilizercanada.ca\/wp-content\/uploads\/2020\/09\/iStock-845520072.jpg","width":1258,"height":833,"caption":"Agricultural hand nurturing fertilizer plant growing step on soil in garden"},{"@type":"BreadcrumbList","@id":"https:\/\/fertilizercanada.ca\/fr\/notre-priorite\/surete-et-securite\/codes-de-pratique\/ammonitrate-de-calcium-anc\/#breadcrumb","itemListElement":[{"@type":"ListItem","position":1,"name":"Home","item":"https:\/\/fertilizercanada.ca\/fr\/"},{"@type":"ListItem","position":2,"name":"Notre priorit\u00e9","item":"https:\/\/fertilizercanada.ca\/fr\/notre-priorite\/"},{"@type":"ListItem","position":3,"name":"S\u00fbret\u00e9 et s\u00e9curit\u00e9","item":"https:\/\/fertilizercanada.ca\/fr\/notre-priorite\/surete-et-securite\/"},{"@type":"ListItem","position":4,"name":"Codes de pratique","item":"https:\/\/fertilizercanada.ca\/fr\/notre-priorite\/surete-et-securite\/codes-de-pratique\/"},{"@type":"ListItem","position":5,"name":"Ammonitrate de calcium (ANC)"}]},{"@type":"WebSite","@id":"https:\/\/fertilizercanada.ca\/#website","url":"https:\/\/fertilizercanada.ca\/","name":"Fertilizer Canada","description":"Growing Stronger","potentialAction":[{"@type":"SearchAction","target":{"@type":"EntryPoint","urlTemplate":"https:\/\/fertilizercanada.ca\/?s={search_term_string}"},"query-input":{"@type":"PropertyValueSpecification","valueRequired":true,"valueName":"search_term_string"}}],"inLanguage":"fr-FR"}]}},"_links":{"self":[{"href":"https:\/\/fertilizercanada.ca\/fr\/wp-json\/wp\/v2\/pages\/11386","targetHints":{"allow":["GET"]}}],"collection":[{"href":"https:\/\/fertilizercanada.ca\/fr\/wp-json\/wp\/v2\/pages"}],"about":[{"href":"https:\/\/fertilizercanada.ca\/fr\/wp-json\/wp\/v2\/types\/page"}],"author":[{"embeddable":true,"href":"https:\/\/fertilizercanada.ca\/fr\/wp-json\/wp\/v2\/users\/1"}],"replies":[{"embeddable":true,"href":"https:\/\/fertilizercanada.ca\/fr\/wp-json\/wp\/v2\/comments?post=11386"}],"version-history":[{"count":0,"href":"https:\/\/fertilizercanada.ca\/fr\/wp-json\/wp\/v2\/pages\/11386\/revisions"}],"up":[{"embeddable":true,"href":"https:\/\/fertilizercanada.ca\/fr\/wp-json\/wp\/v2\/pages\/11271"}],"wp:featuredmedia":[{"embeddable":true,"href":"https:\/\/fertilizercanada.ca\/fr\/wp-json\/wp\/v2\/media\/11860"}],"wp:attachment":[{"href":"https:\/\/fertilizercanada.ca\/fr\/wp-json\/wp\/v2\/media?parent=11386"}],"curies":[{"name":"wp","href":"https:\/\/api.w.org\/{rel}","templated":true}]}}