{"id":11645,"date":"2020-09-21T17:26:47","date_gmt":"2020-09-21T21:26:47","guid":{"rendered":"https:\/\/fc2020.staging.baytek.ca\/?page_id=11645"},"modified":"2020-09-21T17:31:06","modified_gmt":"2020-09-21T21:31:06","slug":"modalites","status":"publish","type":"page","link":"https:\/\/fertilizercanada.ca\/fr\/modalites\/","title":{"rendered":"Modalit\u00e9s"},"content":{"rendered":"\n<div class=\"wp-block-group hero alignfull top-level\"><div class=\"wp-block-group__inner-container is-layout-flow wp-block-group-is-layout-flow\">\n<div class=\"wp-block-cover has-black-background-color has-background-dim\" style=\"background-image:url(https:\/\/fertilizercanada.ca\/wp-content\/uploads\/2020\/04\/about-us-1.jpg)\"><div class=\"wp-block-cover__inner-container is-layout-flow wp-block-cover-is-layout-flow\">\n<h1 class=\"wp-block-heading\">Modalit\u00e9s<\/h1>\n\n\n\n<p>Notre politique de confidentialit\u00e9<\/p>\n<\/div><\/div>\n<\/div><\/div>\n\n\n\n<div class=\"wp-block-group alignwide narrow\"><div class=\"wp-block-group__inner-container is-layout-flow wp-block-group-is-layout-flow\">\n<p class=\"has-extra-large-font-size\">La Fertilisants Canada (ci-apr\u00e8s l\u2019\u00ab entreprise \u00bb ou \u00ab Fertilisants Canada \u00bb) s\u2019engage \u00e0 respecter et \u00e0 prot\u00e9ger vos renseignements personnels et la confidentialit\u00e9 de l\u2019information personnelle, commerciale et financi\u00e8re que vous nous aurez confi\u00e9s. Dans le cadre de ses politiques et pratiques de s\u00e9curit\u00e9, l\u2019Entreprise a pour principe de base de recueillir, d\u2019utiliser et de divulguer les renseignements personnels de fa\u00e7on appropri\u00e9e et responsable et conform\u00e9ment aux lois f\u00e9d\u00e9rales et provinciales.<\/p>\n\n\n\n<p class=\"has-extra-large-font-size\">La Politique de confidentialit\u00e9 suivante a \u00e9t\u00e9 \u00e9labor\u00e9e par l\u2019Entreprise pour divulguer la fa\u00e7on dont nous recueillons, manipulons, conservons et prot\u00e9geons vos renseignements personnels sur notre site Web. La politique s\u2019applique \u00e0 tous les sites Web d\u00e9tenus et g\u00e9r\u00e9s par l\u2019Entreprise. Veuillez lire attentivement la pr\u00e9sente politique avant d\u2019utiliser toute fonction de nos sites Web. Cette politique peut \u00eatre mise \u00e0 jour ou modifi\u00e9e de temps \u00e0 autre, et tout changement entrera en vigueur imm\u00e9diatement apr\u00e8s sa publication sur le site Web. Veuillez relire p\u00e9riodiquement cette politique pour examiner tout changement.<\/p>\n\n\n\n<p class=\"has-extra-large-font-size\">La pr\u00e9sente politique d\u00e9crit la fa\u00e7on dont l\u2019Entreprise recueillera, utilisera, prot\u00e9gera et divulguera vos renseignements personnels. Veuillez noter que cette politique s\u2019applique \u00e9galement \u00e0 l\u2019utilisation d\u2019Internet et des courriels par les clients et le personnel de l\u2019Entreprise.<\/p>\n\n\n\n<h2 class=\"wp-block-heading\">Qu\u2019est-ce qu\u2019un renseignement personnel?<\/h2>\n\n\n\n<p class=\"has-extra-large-font-size\">On entend par renseignement personnel tout renseignement permettant d\u2019identifier une personne ou gr\u00e2ce auquel il est possible de d\u00e9duire l\u2019identit\u00e9 d\u2019une personne, et qui nous est divulgu\u00e9 ou que nous cr\u00e9ons dans le contexte de notre relation avec cette personne. Veuillez noter que les renseignements personnels ne comprennent pas les renseignements qui ne concernent pas une personne identifi\u00e9e ni ne comprennent le nom, le titre, l\u2019adresse professionnelle ou le num\u00e9ro de t\u00e9l\u00e9phone professionnel (c.-\u00e0-d. les renseignements pouvant \u00eatre contenus sur une carte de visite) d\u2019une personne.<\/p>\n\n\n\n<p class=\"has-extra-large-font-size\">La politique relative \u00e0 la protection des renseignements personnels de l\u2019Entreprise est fond\u00e9e sur le Code type sur la protection des renseignements personnels de l\u2019Association canadienne de normalisation.<\/p>\n\n\n\n<h2 class=\"wp-block-heading\">Pourquoi l\u2019Entreprise recueille-t-elle des\nrenseignements personnels?<\/h2>\n\n\n\n<p class=\"has-extra-large-font-size\">Pour que l\u2019Entreprise puisse r\u00e9pondre \u00e0 ses besoins et aux besoins de ses clients et de son personnel, il est important qu\u2019elle dispose de renseignements exacts. L\u2019Entreprise peut recueillir des renseignements personnels pour&nbsp;:<\/p>\n\n\n\n<ul class=\"wp-block-list\"><li>\u00e9tablir votre identit\u00e9;<\/li><li>comprendre vos besoins en mati\u00e8re de produits, de services et de renseignements et d\u00e9terminer si ceux-ci sont appropri\u00e9s;<\/li><li>vous proposer des services et des renseignements et traiter les paiements de votre compte;<\/li><li>vous informer des nouveaux\nproduits, services et renseignements;<\/li><li>respecter les exigences\njuridiques.<\/li><\/ul>\n\n\n\n<h2 class=\"wp-block-heading\">Comment utiliserons-nous vos renseignements personnels?<\/h2>\n\n\n\n<p class=\"has-extra-large-font-size\">L\u2019Entreprise peut utiliser vos renseignements personnels pour&nbsp;:<\/p>\n\n\n\n<ul class=\"wp-block-list\"><li>g\u00e9rer et entretenir sa relation avec vous;<\/li><li>vous fournir de l\u2019information susceptible de vous int\u00e9resser;<\/li><li>respecter ses obligations juridiques, li\u00e9es \u00e0 la r\u00e9glementation et autres;<\/li><li>ex\u00e9cuter ses activit\u00e9s commerciales.<\/li><\/ul>\n\n\n\n<h2 class=\"wp-block-heading\">Dans quels cas vos renseignements personnels peuvent-ils \u00eatre divulgu\u00e9s?<\/h2>\n\n\n\n<p class=\"has-extra-large-font-size\">L\u2019Entreprise peut divulguer vos renseignements personnels pour&nbsp;:<\/p>\n\n\n\n<ul class=\"wp-block-list\"><li>autoriser la distribution de renseignements pr\u00e9sentant de l\u2019int\u00e9r\u00eat;<\/li><li>trouver des occasions d\u2019affaires et les concr\u00e9tiser.<\/li><\/ul>\n\n\n\n<h2 class=\"wp-block-heading\">Comment l\u2019Entreprise recueille-t-elle vos renseignements personnels?<\/h2>\n\n\n\n<p class=\"has-extra-large-font-size\">Nous recueillons vos renseignements personnels lorsque vous devenez client de l\u2019Entreprise et apr\u00e8s, lorsque nous communiquons avec vous. Par exemple, nous les recueillons dans le cadre de&nbsp;:<\/p>\n\n\n\n<ul class=\"wp-block-list\"><li>nos accords avec vous;<\/li><li>vos visites \u00e0 notre site Web.<\/li><\/ul>\n\n\n\n<h2 class=\"wp-block-heading\">Comment l\u2019Entreprise prot\u00e8ge-t-elle vos renseignements personnels?<\/h2>\n\n\n\n<p class=\"has-extra-large-font-size\">Nous avons mis en place des dispositifs de protection, des syst\u00e8mes de s\u00e9curit\u00e9 et des processus afin de prot\u00e9ger vos renseignements des acc\u00e8s, des divulgations, des utilisations et des modifications non autoris\u00e9s de vos renseignements, que ce soit sur place ou \u00e0 l\u2019ext\u00e9rieur. Sauf dans les cas qui suivent, nous ne divulguerons vos renseignements personnels \u00e0 aucun autre tiers. Nous ne vendons pas vos renseignements personnels.<\/p>\n\n\n\n<h2 class=\"wp-block-heading\">Combien de temps l\u2019Entreprise conserve-t-elle vos renseignements?<\/h2>\n\n\n\n<p class=\"has-extra-large-font-size\">Nous conservons vos renseignements aussi longtemps que n\u00e9cessaire aux fins pour lesquelles ils ont \u00e9t\u00e9 recueillis. Vos renseignements personnels seront d\u00e9truits lorsque nous n\u2019en aurons plus besoin et lorsque toutes les exigences juridiques auront \u00e9t\u00e9 respect\u00e9es.<\/p>\n\n\n\n<h2 class=\"wp-block-heading\">Avez-vous donn\u00e9 votre consentement?<\/h2>\n\n\n\n<p class=\"has-extra-large-font-size\">Dans certains cas, il se peut que nous devions divulguer vos renseignements personnels \u00e0 un fournisseur de services tiers tel qu\u2019un fournisseur de services Internet. Lorsque nous retenons les services d\u2019un tel fournisseur, nous nous assurons que ses normes de s\u00e9curit\u00e9 et de protection des renseignements personnels correspondent \u00e0 nos exigences. Si les locaux d\u2019un fournisseur de services tiers sont situ\u00e9s en dehors du Canada, le gouvernement, les tribunaux, les services de maintien de l\u2019ordre ou les organismes r\u00e9glementaires dans lesquels il se trouve pourraient \u00eatre en mesure d\u2019obtenir l\u2019autorisation de divulguer vos renseignements personnels conform\u00e9ment \u00e0 ses propres lois. En nous soumettant vos renseignements personnels, vous consentez \u00e0 ce que nous utilisions et divulguions ces renseignements personnels aux fins d\u00e9crites dans la pr\u00e9sente politique. Si nous souhaitons utiliser ou divulguer vos renseignements personnels pour d\u2019autres raisons que celles mentionn\u00e9es dans la pr\u00e9sente politique, nous obtiendrons d\u2019abord votre consentement expr\u00e8s.<\/p>\n\n\n\n<p class=\"has-extra-large-font-size\">Si vous pr\u00e9f\u00e9rez que nous n\u2019utilisions et ne divulguions pas vos renseignements personnels \u00e0 ces fins, vous pouvez nous en informer par \u00e9crit en tout temps. Sans cet avis \u00e9crit, nous consid\u00e9rerons que vous consentez \u00e0 ce que nous utilisions et divulguions vos renseignements personnels. Sachez cependant qu\u2019un tel avis de refus d\u2019utiliser ou de divulguer vos renseignements personnels \u00e0 certaines fins risque d\u2019influer sur notre capacit\u00e9 \u00e0 vous proposer certains produits et services. Veuillez noter qu\u2019il se peut, de temps \u00e0 autre, que nous soyons oblig\u00e9s de transmettre des renseignements personnels si la loi nous y oblige ou nous le permet.<\/p>\n\n\n\n<h2 class=\"wp-block-heading\">Comment avez-vous acc\u00e8s \u00e0 vos renseignements personnels?<\/h2>\n\n\n\n<p class=\"has-extra-large-font-size\">Vous avez acc\u00e8s \u00e0 vos renseignements personnels. Prenez cependant note que si vos renseignements sont combin\u00e9s aux renseignements d\u2019autres personnes (tel que sur les documents de la paie), vous n\u2019aurez pas acc\u00e8s \u00e0 ces renseignements \u00e0 moins que nous puissions extraire vos renseignements personnels. Si votre demande d\u2019acc\u00e8s \u00e0 vos renseignements personnels entra\u00eene des co\u00fbts importants en raison du temps et des ressources n\u00e9cessaires ou de la copie, il se peut que des frais vous soient imput\u00e9s.<\/p>\n\n\n\n<h2 class=\"wp-block-heading\">Notre site Web<\/h2>\n\n\n\n<p class=\"has-extra-large-font-size\">Chaque fois que vous consultez notre site Web, nous pouvons noter la date, l\u2019heure, le type de navigateur, le nom de votre fournisseur de service Internet, le site duquel vous venez, les pages demand\u00e9es, votre historique de navigation et votre adresse IP. Ces renseignements ne permettent g\u00e9n\u00e9ralement pas d\u2019identifier les utilisateurs personnellement. Nous utilisons ces renseignements pour notre registre de v\u00e9rification interne et la gestion de notre syst\u00e8me, ainsi que pour r\u00e9unir des donn\u00e9es d\u00e9mographiques sur notre base d\u2019utilisateurs. Ces renseignements peuvent \u00eatre partag\u00e9s avec des tiers afin de proposer des services \u00e0 des fins d\u2019utilisation globale. Si vous vous opposez \u00e0 cette collecte de renseignements, n\u2019utilisez pas nos pages Web et n\u2019y acc\u00e9dez pas. Notre site Web peut utiliser des \u00ab&nbsp;t\u00e9moins&nbsp;\u00bb. Un \u00ab&nbsp;t\u00e9moin&nbsp;\u00bb est une petite ligne de donn\u00e9es envoy\u00e9e \u00e0 votre navigateur Internet depuis un serveur Web et stock\u00e9e sur le disque dur de votre ordinateur. Les t\u00e9moins peuvent suivre la fa\u00e7on dont vous utilisez un site et les moments o\u00f9 vous l\u2019utilisez. Ils n\u2019endommagent pas votre syst\u00e8me et n\u2019identifient ni votre navigateur, ni vous personnellement. Si vous ne voulez pas recevoir de t\u00e9moin, utilisez les options pr\u00e9vues \u00e0 cette fin dans votre navigateur Web.<\/p>\n\n\n\n<h2 class=\"wp-block-heading\">Liens vers des sites Web tiers<\/h2>\n\n\n\n<p class=\"has-extra-large-font-size\">Fertilisants Canada fournit des liens vers des sites Web externes, exploit\u00e9s et tenus \u00e0 jour par des tiers, et Fertilisants Canada n\u2019est pas responsable de leur disponibilit\u00e9, de leur contenu, de leurs pratiques de protection des renseignements personnels ou de leur prestation de services. La pr\u00e9sente Politique sur la protection des renseignements personnels ne couvre pas les renseignements recueillis sur les sites li\u00e9s \u00e0 un site Web de Fertilisants Canada et, une fois que vous suivez un lien vers l\u2019autre site, vous \u00eates assujetti aux politiques sur la protection des renseignements personnels et la s\u00e9curit\u00e9 de ce nouveau site. Vous devez lire attentivement la politique de confidentialit\u00e9 d\u2019un site Web li\u00e9 avant de divulguer des renseignements personnels sur ce site.<\/p>\n\n\n\n<h2 class=\"wp-block-heading\">Modifications \u00e0 l\u2019\u00e9nonc\u00e9 de confidentialit\u00e9<\/h2>\n\n\n\n<p class=\"has-extra-large-font-size\">Fertilisants Canada se r\u00e9serve le droit d\u2019apporter des modifications mineures au pr\u00e9sent \u00e9nonc\u00e9 de confidentialit\u00e9 afin de mieux prot\u00e9ger les renseignements personnels. Si des modifications importantes sont apport\u00e9es, Fertilisants Canada affichera un avis \u00e0 cet effet sur son site Web.<\/p>\n\n\n\n<h2 class=\"wp-block-heading\">Avec qui devez-vous communiquer si vous avez des questions sur cette politique?<\/h2>\n\n\n\n<p class=\"has-extra-large-font-size\">Si vous avez des questions sur cette politique, ou si vous souhaitez consulter vos renseignements personnels, veuillez communiquer avec la personne suivante&nbsp;:<\/p>\n\n\n\n<p><strong>Attn&nbsp;: Agent de protection de la vie priv\u00e9e, Fertilisants Canada<\/strong><\/p>\n\n\n\n<p>350, rue Sparks<br \/>Bureau&nbsp;907<br \/>Ottawa (Ontario)<br \/>K1R 7S8<\/p>\n\n\n\n<p>T\u00e9l.&nbsp;: 613-230-2600<br \/>T\u00e9l\u00e9c. 613-230-5142<br \/>Courriel&nbsp;: <a href=\"mailto:info@fertilizercanada.ca\">info@fertilizercanada.ca<\/a><\/p>\n<\/div><\/div>\n","protected":false},"excerpt":{"rendered":"<p>La Fertilisants Canada (ci-apr\u00e8s l\u2019\u00ab entreprise \u00bb ou \u00ab Fertilisants Canada \u00bb) s\u2019engage \u00e0 respecter et \u00e0 prot\u00e9ger vos renseignements\u2026 <\/p>\n<p><div class=\"wp-block-button view-more\"><a class=\"wp-block-button__link has-text-color has-gold-color permalink\" href=\"https:\/\/fertilizercanada.ca\/fr\/modalites\/\">Read More<\/a><\/div><\/p>\n","protected":false},"author":1,"featured_media":0,"parent":0,"menu_order":0,"comment_status":"closed","ping_status":"closed","template":"","meta":{"footnotes":""},"class_list":["post-11645","page","type-page","status-publish","hentry"],"yoast_head":"<!-- This site is optimized with the Yoast SEO plugin v24.7 - https:\/\/yoast.com\/wordpress\/plugins\/seo\/ -->\n<title>Modalit\u00e9s - Fertilizer Canada<\/title>\n<meta name=\"robots\" content=\"index, follow, max-snippet:-1, max-image-preview:large, max-video-preview:-1\" \/>\n<link rel=\"canonical\" href=\"https:\/\/fertilizercanada.ca\/fr\/modalites\/\" \/>\n<meta property=\"og:locale\" content=\"fr_FR\" \/>\n<meta property=\"og:type\" content=\"article\" \/>\n<meta property=\"og:title\" content=\"Modalit\u00e9s - Fertilizer Canada\" \/>\n<meta property=\"og:description\" content=\"La Fertilisants Canada (ci-apr\u00e8s l\u2019\u00ab entreprise \u00bb ou \u00ab Fertilisants Canada \u00bb) s\u2019engage \u00e0 respecter et \u00e0 prot\u00e9ger vos renseignements\u2026 Read More\" \/>\n<meta property=\"og:url\" content=\"https:\/\/fertilizercanada.ca\/fr\/modalites\/\" \/>\n<meta property=\"og:site_name\" content=\"Fertilizer Canada\" \/>\n<meta property=\"article:modified_time\" content=\"2020-09-21T21:31:06+00:00\" \/>\n<meta name=\"twitter:card\" content=\"summary_large_image\" \/>\n<meta name=\"twitter:site\" content=\"@FertilizerCA\" \/>\n<meta name=\"twitter:label1\" content=\"Dur\u00e9e de lecture estim\u00e9e\" \/>\n\t<meta name=\"twitter:data1\" content=\"8 minutes\" \/>\n<script type=\"application\/ld+json\" class=\"yoast-schema-graph\">{\"@context\":\"https:\/\/schema.org\",\"@graph\":[{\"@type\":\"WebPage\",\"@id\":\"https:\/\/fertilizercanada.ca\/fr\/modalites\/\",\"url\":\"https:\/\/fertilizercanada.ca\/fr\/modalites\/\",\"name\":\"Modalit\u00e9s - Fertilizer Canada\",\"isPartOf\":{\"@id\":\"https:\/\/fertilizercanada.ca\/#website\"},\"datePublished\":\"2020-09-21T21:26:47+00:00\",\"dateModified\":\"2020-09-21T21:31:06+00:00\",\"breadcrumb\":{\"@id\":\"https:\/\/fertilizercanada.ca\/fr\/modalites\/#breadcrumb\"},\"inLanguage\":\"fr-FR\",\"potentialAction\":[{\"@type\":\"ReadAction\",\"target\":[\"https:\/\/fertilizercanada.ca\/fr\/modalites\/\"]}]},{\"@type\":\"BreadcrumbList\",\"@id\":\"https:\/\/fertilizercanada.ca\/fr\/modalites\/#breadcrumb\",\"itemListElement\":[{\"@type\":\"ListItem\",\"position\":1,\"name\":\"Home\",\"item\":\"https:\/\/fertilizercanada.ca\/fr\/\"},{\"@type\":\"ListItem\",\"position\":2,\"name\":\"Modalit\u00e9s\"}]},{\"@type\":\"WebSite\",\"@id\":\"https:\/\/fertilizercanada.ca\/#website\",\"url\":\"https:\/\/fertilizercanada.ca\/\",\"name\":\"Fertilizer Canada\",\"description\":\"Growing Stronger\",\"potentialAction\":[{\"@type\":\"SearchAction\",\"target\":{\"@type\":\"EntryPoint\",\"urlTemplate\":\"https:\/\/fertilizercanada.ca\/?s={search_term_string}\"},\"query-input\":{\"@type\":\"PropertyValueSpecification\",\"valueRequired\":true,\"valueName\":\"search_term_string\"}}],\"inLanguage\":\"fr-FR\"}]}<\/script>\n<!-- \/ Yoast SEO plugin. -->","yoast_head_json":{"title":"Modalit\u00e9s - Fertilizer Canada","robots":{"index":"index","follow":"follow","max-snippet":"max-snippet:-1","max-image-preview":"max-image-preview:large","max-video-preview":"max-video-preview:-1"},"canonical":"https:\/\/fertilizercanada.ca\/fr\/modalites\/","og_locale":"fr_FR","og_type":"article","og_title":"Modalit\u00e9s - Fertilizer Canada","og_description":"La Fertilisants Canada (ci-apr\u00e8s l\u2019\u00ab entreprise \u00bb ou \u00ab Fertilisants Canada \u00bb) s\u2019engage \u00e0 respecter et \u00e0 prot\u00e9ger vos renseignements\u2026 Read More","og_url":"https:\/\/fertilizercanada.ca\/fr\/modalites\/","og_site_name":"Fertilizer Canada","article_modified_time":"2020-09-21T21:31:06+00:00","twitter_card":"summary_large_image","twitter_site":"@FertilizerCA","twitter_misc":{"Dur\u00e9e de lecture estim\u00e9e":"8 minutes"},"schema":{"@context":"https:\/\/schema.org","@graph":[{"@type":"WebPage","@id":"https:\/\/fertilizercanada.ca\/fr\/modalites\/","url":"https:\/\/fertilizercanada.ca\/fr\/modalites\/","name":"Modalit\u00e9s - Fertilizer Canada","isPartOf":{"@id":"https:\/\/fertilizercanada.ca\/#website"},"datePublished":"2020-09-21T21:26:47+00:00","dateModified":"2020-09-21T21:31:06+00:00","breadcrumb":{"@id":"https:\/\/fertilizercanada.ca\/fr\/modalites\/#breadcrumb"},"inLanguage":"fr-FR","potentialAction":[{"@type":"ReadAction","target":["https:\/\/fertilizercanada.ca\/fr\/modalites\/"]}]},{"@type":"BreadcrumbList","@id":"https:\/\/fertilizercanada.ca\/fr\/modalites\/#breadcrumb","itemListElement":[{"@type":"ListItem","position":1,"name":"Home","item":"https:\/\/fertilizercanada.ca\/fr\/"},{"@type":"ListItem","position":2,"name":"Modalit\u00e9s"}]},{"@type":"WebSite","@id":"https:\/\/fertilizercanada.ca\/#website","url":"https:\/\/fertilizercanada.ca\/","name":"Fertilizer Canada","description":"Growing Stronger","potentialAction":[{"@type":"SearchAction","target":{"@type":"EntryPoint","urlTemplate":"https:\/\/fertilizercanada.ca\/?s={search_term_string}"},"query-input":{"@type":"PropertyValueSpecification","valueRequired":true,"valueName":"search_term_string"}}],"inLanguage":"fr-FR"}]}},"_links":{"self":[{"href":"https:\/\/fertilizercanada.ca\/fr\/wp-json\/wp\/v2\/pages\/11645","targetHints":{"allow":["GET"]}}],"collection":[{"href":"https:\/\/fertilizercanada.ca\/fr\/wp-json\/wp\/v2\/pages"}],"about":[{"href":"https:\/\/fertilizercanada.ca\/fr\/wp-json\/wp\/v2\/types\/page"}],"author":[{"embeddable":true,"href":"https:\/\/fertilizercanada.ca\/fr\/wp-json\/wp\/v2\/users\/1"}],"replies":[{"embeddable":true,"href":"https:\/\/fertilizercanada.ca\/fr\/wp-json\/wp\/v2\/comments?post=11645"}],"version-history":[{"count":0,"href":"https:\/\/fertilizercanada.ca\/fr\/wp-json\/wp\/v2\/pages\/11645\/revisions"}],"wp:attachment":[{"href":"https:\/\/fertilizercanada.ca\/fr\/wp-json\/wp\/v2\/media?parent=11645"}],"curies":[{"name":"wp","href":"https:\/\/api.w.org\/{rel}","templated":true}]}}