{"id":11807,"date":"2019-09-26T15:50:25","date_gmt":"2019-09-26T19:50:25","guid":{"rendered":"https:\/\/fc2020.staging.baytek.ca\/a-propos\/faqs\/"},"modified":"2020-09-24T13:28:28","modified_gmt":"2020-09-24T17:28:28","slug":"faqs","status":"publish","type":"page","link":"https:\/\/fertilizercanada.ca\/fr\/a-propos\/faqs\/","title":{"rendered":"FAQs"},"content":{"rendered":"\n<div class=\"wp-block-group hero alignfull\"><div class=\"wp-block-group__inner-container is-layout-flow wp-block-group-is-layout-flow\">\n<div class=\"wp-block-cover has-background-dim\" style=\"background-image:url(https:\/\/fertilizercanada.ca\/wp-content\/uploads\/2020\/04\/faqs.jpg)\"><div class=\"wp-block-cover__inner-container is-layout-flow wp-block-cover-is-layout-flow\">\n\n<span class=\"breadcrumbs\">\n\t\t\t<span class=\"eyebrow crumb has-small-font-size\"><a class=\"has-white-color\" href=\"https:\/\/fertilizercanada.ca\/fr\/a-propos\/\">\u00c0 propos<\/a><\/span>\n\t<\/span>\n\n\n\n\n<h1 class=\"wp-block-heading\">FAQs<\/h1>\n\n\n\n<p>Vous voulez en savoir plus sur les engrais et les engrais au Canada? Consultez nos questions fr\u00e9quemment pos\u00e9es pour trouver les r\u00e9ponses!<\/p>\n<\/div><\/div>\n<\/div><\/div>\n","protected":false},"excerpt":{"rendered":"","protected":false},"author":1,"featured_media":0,"parent":11286,"menu_order":0,"comment_status":"closed","ping_status":"closed","template":"templates\/pages\/faqs-archive.php","meta":{"footnotes":""},"class_list":["post-11807","page","type-page","status-publish","hentry"],"yoast_head":"<!-- This site is optimized with the Yoast SEO plugin v24.7 - https:\/\/yoast.com\/wordpress\/plugins\/seo\/ -->\n<title>FAQs - Fertilizer Canada<\/title>\n<meta name=\"robots\" content=\"index, follow, max-snippet:-1, max-image-preview:large, max-video-preview:-1\" \/>\n<link rel=\"canonical\" href=\"https:\/\/fertilizercanada.ca\/fr\/a-propos\/faqs\/\" \/>\n<meta property=\"og:locale\" content=\"fr_FR\" \/>\n<meta property=\"og:type\" content=\"article\" \/>\n<meta property=\"og:title\" content=\"FAQs - Fertilizer Canada\" \/>\n<meta property=\"og:url\" content=\"https:\/\/fertilizercanada.ca\/fr\/a-propos\/faqs\/\" \/>\n<meta property=\"og:site_name\" content=\"Fertilizer Canada\" \/>\n<meta property=\"article:modified_time\" content=\"2020-09-24T17:28:28+00:00\" \/>\n<meta name=\"twitter:card\" content=\"summary_large_image\" \/>\n<meta name=\"twitter:site\" content=\"@FertilizerCA\" \/>\n<script type=\"application\/ld+json\" class=\"yoast-schema-graph\">{\"@context\":\"https:\/\/schema.org\",\"@graph\":[{\"@type\":\"WebPage\",\"@id\":\"https:\/\/fertilizercanada.ca\/fr\/a-propos\/faqs\/\",\"url\":\"https:\/\/fertilizercanada.ca\/fr\/a-propos\/faqs\/\",\"name\":\"FAQs - Fertilizer Canada\",\"isPartOf\":{\"@id\":\"https:\/\/fertilizercanada.ca\/#website\"},\"datePublished\":\"2019-09-26T19:50:25+00:00\",\"dateModified\":\"2020-09-24T17:28:28+00:00\",\"breadcrumb\":{\"@id\":\"https:\/\/fertilizercanada.ca\/fr\/a-propos\/faqs\/#breadcrumb\"},\"inLanguage\":\"fr-FR\",\"potentialAction\":[{\"@type\":\"ReadAction\",\"target\":[\"https:\/\/fertilizercanada.ca\/fr\/a-propos\/faqs\/\"]}]},{\"@type\":\"BreadcrumbList\",\"@id\":\"https:\/\/fertilizercanada.ca\/fr\/a-propos\/faqs\/#breadcrumb\",\"itemListElement\":[{\"@type\":\"ListItem\",\"position\":1,\"name\":\"Home\",\"item\":\"https:\/\/fertilizercanada.ca\/fr\/\"},{\"@type\":\"ListItem\",\"position\":2,\"name\":\"\u00c0 propos\",\"item\":\"https:\/\/fertilizercanada.ca\/fr\/a-propos\/\"},{\"@type\":\"ListItem\",\"position\":3,\"name\":\"FAQs\"}]},{\"@type\":\"WebSite\",\"@id\":\"https:\/\/fertilizercanada.ca\/#website\",\"url\":\"https:\/\/fertilizercanada.ca\/\",\"name\":\"Fertilizer Canada\",\"description\":\"Growing Stronger\",\"potentialAction\":[{\"@type\":\"SearchAction\",\"target\":{\"@type\":\"EntryPoint\",\"urlTemplate\":\"https:\/\/fertilizercanada.ca\/?s={search_term_string}\"},\"query-input\":{\"@type\":\"PropertyValueSpecification\",\"valueRequired\":true,\"valueName\":\"search_term_string\"}}],\"inLanguage\":\"fr-FR\"}]}<\/script>\n<!-- \/ Yoast SEO plugin. -->","yoast_head_json":{"title":"FAQs - Fertilizer Canada","robots":{"index":"index","follow":"follow","max-snippet":"max-snippet:-1","max-image-preview":"max-image-preview:large","max-video-preview":"max-video-preview:-1"},"canonical":"https:\/\/fertilizercanada.ca\/fr\/a-propos\/faqs\/","og_locale":"fr_FR","og_type":"article","og_title":"FAQs - Fertilizer Canada","og_url":"https:\/\/fertilizercanada.ca\/fr\/a-propos\/faqs\/","og_site_name":"Fertilizer Canada","article_modified_time":"2020-09-24T17:28:28+00:00","twitter_card":"summary_large_image","twitter_site":"@FertilizerCA","schema":{"@context":"https:\/\/schema.org","@graph":[{"@type":"WebPage","@id":"https:\/\/fertilizercanada.ca\/fr\/a-propos\/faqs\/","url":"https:\/\/fertilizercanada.ca\/fr\/a-propos\/faqs\/","name":"FAQs - Fertilizer Canada","isPartOf":{"@id":"https:\/\/fertilizercanada.ca\/#website"},"datePublished":"2019-09-26T19:50:25+00:00","dateModified":"2020-09-24T17:28:28+00:00","breadcrumb":{"@id":"https:\/\/fertilizercanada.ca\/fr\/a-propos\/faqs\/#breadcrumb"},"inLanguage":"fr-FR","potentialAction":[{"@type":"ReadAction","target":["https:\/\/fertilizercanada.ca\/fr\/a-propos\/faqs\/"]}]},{"@type":"BreadcrumbList","@id":"https:\/\/fertilizercanada.ca\/fr\/a-propos\/faqs\/#breadcrumb","itemListElement":[{"@type":"ListItem","position":1,"name":"Home","item":"https:\/\/fertilizercanada.ca\/fr\/"},{"@type":"ListItem","position":2,"name":"\u00c0 propos","item":"https:\/\/fertilizercanada.ca\/fr\/a-propos\/"},{"@type":"ListItem","position":3,"name":"FAQs"}]},{"@type":"WebSite","@id":"https:\/\/fertilizercanada.ca\/#website","url":"https:\/\/fertilizercanada.ca\/","name":"Fertilizer Canada","description":"Growing Stronger","potentialAction":[{"@type":"SearchAction","target":{"@type":"EntryPoint","urlTemplate":"https:\/\/fertilizercanada.ca\/?s={search_term_string}"},"query-input":{"@type":"PropertyValueSpecification","valueRequired":true,"valueName":"search_term_string"}}],"inLanguage":"fr-FR"}]}},"_links":{"self":[{"href":"https:\/\/fertilizercanada.ca\/fr\/wp-json\/wp\/v2\/pages\/11807","targetHints":{"allow":["GET"]}}],"collection":[{"href":"https:\/\/fertilizercanada.ca\/fr\/wp-json\/wp\/v2\/pages"}],"about":[{"href":"https:\/\/fertilizercanada.ca\/fr\/wp-json\/wp\/v2\/types\/page"}],"author":[{"embeddable":true,"href":"https:\/\/fertilizercanada.ca\/fr\/wp-json\/wp\/v2\/users\/1"}],"replies":[{"embeddable":true,"href":"https:\/\/fertilizercanada.ca\/fr\/wp-json\/wp\/v2\/comments?post=11807"}],"version-history":[{"count":0,"href":"https:\/\/fertilizercanada.ca\/fr\/wp-json\/wp\/v2\/pages\/11807\/revisions"}],"up":[{"embeddable":true,"href":"https:\/\/fertilizercanada.ca\/fr\/wp-json\/wp\/v2\/pages\/11286"}],"wp:attachment":[{"href":"https:\/\/fertilizercanada.ca\/fr\/wp-json\/wp\/v2\/media?parent=11807"}],"curies":[{"name":"wp","href":"https:\/\/api.w.org\/{rel}","templated":true}]}}